{"id":1780,"date":"2022-03-29T13:15:28","date_gmt":"2022-03-29T16:15:28","guid":{"rendered":"https:\/\/cmcurionopolis.pa.gov.br\/?page_id=1780"},"modified":"2022-03-29T13:26:55","modified_gmt":"2022-03-29T16:26:55","slug":"tabela-de-remuneracoes","status":"publish","type":"page","link":"https:\/\/cmcurionopolis.pa.gov.br\/index.php\/tabela-de-remuneracoes\/","title":{"rendered":"Tabela de Remunera\u00e7\u00f5es"},"content":{"rendered":"\t\t<div data-elementor-type=\"wp-page\" data-elementor-id=\"1780\" class=\"elementor elementor-1780\">\n\t\t\t\t\t\t\t\t\t<section data-particle_enable=\"false\" data-particle-mobile-disabled=\"false\" class=\"elementor-section elementor-top-section elementor-element elementor-element-303f0e2 elementor-section-boxed elementor-section-height-default elementor-section-height-default\" data-id=\"303f0e2\" data-element_type=\"section\">\n\t\t\t\t\t\t<div class=\"elementor-container elementor-column-gap-default\">\n\t\t\t\t\t<div class=\"elementor-column elementor-col-100 elementor-top-column elementor-element elementor-element-e51b404\" data-id=\"e51b404\" data-element_type=\"column\">\n\t\t\t<div class=\"elementor-widget-wrap elementor-element-populated\">\n\t\t\t\t\t\t\t\t<div class=\"elementor-element elementor-element-fe3bf7f elementor-widget elementor-widget-text-editor\" data-id=\"fe3bf7f\" data-element_type=\"widget\" data-widget_type=\"text-editor.default\">\n\t\t\t\t<div class=\"elementor-widget-container\">\n\t\t\t\t\t\t\t<h3 style=\"text-align: center;\"><strong>Quadro de Cargos e Vencimentos de Provimento Efetivo da C\u00e2mara Municipal de Curion\u00f3polis\/PA<\/strong><\/h3><table class=\" aligncenter\" width=\"807\"><tbody><tr><td width=\"152\"><p><strong><em>C\u00f3digo<\/em><\/strong><\/p><\/td><td width=\"226\"><p><strong><em>Cargo<\/em><\/strong><\/p><\/td><td width=\"244\"><p><strong><em>Quantidade De Cargos<\/em><\/strong><\/p><\/td><td width=\"184\"><p><strong><em>Vencimento R$<\/em><\/strong><\/p><\/td><\/tr><tr><td width=\"152\"><p><strong><em>CMC \u2013 NA I<\/em><\/strong><\/p><\/td><td width=\"226\"><p><strong><em>Aux. Operacional<\/em><\/strong><\/p><\/td><td width=\"244\"><p><strong><em>04 (quatro)<\/em><\/strong><\/p><\/td><td width=\"184\"><p><strong><em>R$ 1.100,00<\/em><\/strong><\/p><\/td><\/tr><tr><td width=\"152\"><p><strong><em>CMC \u2013 NA I<\/em><\/strong><\/p><\/td><td width=\"226\"><p><strong><em>Recepcionista<\/em><\/strong><\/p><\/td><td width=\"244\"><p><strong><em>01 (um)<\/em><\/strong><\/p><\/td><td width=\"184\"><p><strong><em>R$ 1.100,00<\/em><\/strong><\/p><\/td><\/tr><tr><td width=\"152\"><p><strong><em>CMC \u2013 NA I<\/em><\/strong><\/p><\/td><td width=\"226\"><p><strong><em>Vigia<\/em><\/strong><\/p><\/td><td width=\"244\"><p><strong><em>04 (quatro)<\/em><\/strong><\/p><\/td><td width=\"184\"><p><strong><em>R$ 1.100,00<\/em><\/strong><\/p><\/td><\/tr><tr><td width=\"152\"><p><strong><em>CMC \u2013 NA I<\/em><\/strong><\/p><\/td><td width=\"226\"><p><strong><em>Aux. Administrativo<\/em><\/strong><\/p><\/td><td width=\"244\"><p><strong><em>04 (quatro)<\/em><\/strong><\/p><\/td><td width=\"184\"><p><strong><em>R$ 1.280,00<\/em><\/strong><\/p><\/td><\/tr><tr><td width=\"152\"><p><strong><em>CMC \u2013 NA II<\/em><\/strong><\/p><\/td><td width=\"226\"><p><strong><em>Motorista<\/em><\/strong><\/p><\/td><td width=\"244\"><p><strong><em>01 (um)<\/em><\/strong><\/p><\/td><td width=\"184\"><p><strong><em>R$ 1.500,00<\/em><\/strong><\/p><\/td><\/tr><tr><td width=\"152\"><p><strong><em>CMC \u2013 NA III<\/em><\/strong><\/p><\/td><td width=\"226\"><p><strong><em>T\u00e9cnico Legislativo<\/em><\/strong><\/p><\/td><td width=\"244\"><p><strong><em>01 (um)<\/em><\/strong><\/p><\/td><td width=\"184\"><p><strong><em>R$ 2.34<\/em><\/strong><strong><em>0,00<\/em><\/strong><\/p><\/td><\/tr><tr><td colspan=\"2\" width=\"378\"><p><strong><em>TOTAL<\/em><\/strong><\/p><\/td><td width=\"244\"><p><strong><em>15 (quinze)<\/em><\/strong><\/p><\/td><td width=\"184\"><p><strong><em>\u00a0<\/em><\/strong><\/p><\/td><\/tr><\/tbody><\/table><p style=\"text-align: center;\">\u00a0<\/p><p style=\"text-align: center;\">\u00a0<\/p><p style=\"text-align: center;\">\u00a0<\/p><h3 style=\"text-align: center;\"><strong><em>Quadro de Cargos e Vencimentos de Provimento em Comiss\u00e3o da C\u00e2mara Municipal de Curion\u00f3polis\/PA<\/em><\/strong><\/h3><table class=\" aligncenter\" style=\"height: 679px;\" width=\"802\"><tbody><tr><td width=\"186\"><p><strong><em>C\u00f3digo<\/em><\/strong><\/p><\/td><td width=\"280\"><p><strong><em>Cargo<\/em><\/strong><\/p><\/td><td width=\"129\"><p><strong><em>Quant. Cargos<\/em><\/strong><\/p><\/td><td width=\"208\"><p><strong><em>Vencimento R$<\/em><\/strong><\/p><\/td><td width=\"1\"><p>\u00a0<\/p><\/td><\/tr><tr><td width=\"186\"><p><strong><em>CMC \u2013 D.A.S. I<\/em><\/strong><\/p><\/td><td width=\"280\"><p><strong><em>Secretario de Apoio<\/em><\/strong><\/p><\/td><td width=\"129\"><p><strong><em>02 (dois)<\/em><\/strong><\/p><\/td><td width=\"208\"><p><strong><em>R$\u00a0\u00a0\u00a0\u00a0\u00a0 1.100,00 <\/em><\/strong><\/p><\/td><td width=\"1\"><p>\u00a0<\/p><\/td><\/tr><tr><td width=\"186\"><p><strong><em>CMC \u2013 D.A.S II<\/em><\/strong><\/p><\/td><td width=\"280\"><p><strong><em>Assessor Parlamentar<\/em><\/strong><\/p><\/td><td width=\"129\"><p><strong><em>06 (seis)<\/em><\/strong><\/p><\/td><td width=\"208\"><p><strong><em>R$\u00a0\u00a0\u00a0\u00a0\u00a0 1.250,00 <\/em><\/strong><\/p><\/td><td width=\"1\"><p>\u00a0<\/p><\/td><\/tr><tr><td width=\"186\"><p><strong><em>CMC \u2013 D.A.S. III<\/em><\/strong><\/p><\/td><td width=\"280\"><p><strong><em>Assistente Legislativo<\/em><\/strong><\/p><\/td><td width=\"129\"><p><strong><em>05 (cinco)<\/em><\/strong><\/p><\/td><td width=\"208\"><p><strong><em>R$\u00a0\u00a0\u00a0\u00a0\u00a0 1.500,00 <\/em><\/strong><\/p><\/td><td width=\"1\"><p>\u00a0<\/p><\/td><\/tr><tr><td width=\"186\"><p><strong><em>CMC \u2013 DAS II<\/em><\/strong><\/p><\/td><td width=\"280\"><p><strong><em>Secret\u00e1rio Legislativo<\/em><\/strong><\/p><\/td><td width=\"129\"><p><strong><em>02 (dois)<\/em><\/strong><\/p><\/td><td width=\"208\"><p><strong><em>R$\u00a0\u00a0\u00a0\u00a0\u00a0 2.500,00 <\/em><\/strong><\/p><\/td><td width=\"1\"><p>\u00a0<\/p><\/td><\/tr><tr><td width=\"186\"><p><strong><em>CMC \u2013 DAS III<\/em><\/strong><\/p><\/td><td width=\"280\"><p><strong><em>Assessor Legislativo<\/em><\/strong><\/p><\/td><td width=\"129\"><p><strong><em>13 (treze)<\/em><\/strong><\/p><\/td><td width=\"208\"><p><strong><em>R$\u00a0\u00a0\u00a0\u00a0\u00a0 3.590,00 <\/em><\/strong><\/p><\/td><td width=\"1\"><p>\u00a0<\/p><\/td><\/tr><tr><td width=\"186\"><p><strong><em>CMC \u2013 DAS IV<\/em><\/strong><\/p><\/td><td width=\"280\"><p><strong><em>Diretor Financeiro<\/em><\/strong><\/p><\/td><td width=\"129\"><p><strong><em>01 (um)<\/em><\/strong><\/p><\/td><td width=\"208\"><p><strong><em>R$\u00a0\u00a0\u00a0\u00a0\u00a0 4.500,00<\/em><\/strong><\/p><\/td><td width=\"1\"><p>\u00a0<\/p><\/td><\/tr><tr><td width=\"186\"><p><strong><em>CMC \u2013 DAS IV<\/em><\/strong><\/p><\/td><td width=\"280\"><p><strong><em>Controlador Interno<\/em><\/strong><\/p><\/td><td width=\"129\"><p><strong><em>01 (um)<\/em><\/strong><\/p><\/td><td width=\"208\"><p><strong><em>R$\u00a0\u00a0\u00a0\u00a0\u00a0 5.200,00<\/em><\/strong><\/p><\/td><td width=\"1\"><p>\u00a0<\/p><\/td><\/tr><tr><td width=\"186\"><p><strong><em>CMC \u2013 DAS IV<\/em><\/strong><\/p><\/td><td width=\"280\"><p><strong><em>Diretor Legislativo<\/em><\/strong><\/p><\/td><td width=\"129\"><p><strong><em>01 (um)<\/em><\/strong><\/p><\/td><td width=\"208\"><p><strong><em>R$\u00a0\u00a0\u00a0\u00a0\u00a0 4.500,00<\/em><\/strong><\/p><\/td><td width=\"1\"><p>\u00a0<\/p><\/td><\/tr><tr><td width=\"186\"><p><strong><em>CMC \u2013 DAS IV<\/em><\/strong><\/p><\/td><td width=\"280\"><p><strong><em>Chefe de Gabinete<\/em><\/strong><\/p><\/td><td width=\"129\"><p><strong><em>01 (um)<\/em><\/strong><\/p><\/td><td width=\"208\"><p><strong><em>R$\u00a0\u00a0\u00a0\u00a0\u00a0 5.200,00<\/em><\/strong><\/p><\/td><td width=\"1\"><p>\u00a0<\/p><\/td><\/tr><tr><td colspan=\"2\" width=\"466\"><p><strong><em>TOTAL<\/em><\/strong><\/p><\/td><td colspan=\"3\" width=\"338\"><p><strong><em>32 (trinta e dois) Cargos<\/em><\/strong><\/p><\/td><\/tr><\/tbody><\/table><p style=\"text-align: center;\">\u00a0<\/p>\t\t\t\t\t\t<\/div>\n\t\t\t\t<\/div>\n\t\t\t\t\t<\/div>\n\t\t<\/div>\n\t\t\t\t\t\t\t<\/div>\n\t\t<\/section>\n\t\t\t\t\t\t\t<\/div>\n\t\t","protected":false},"excerpt":{"rendered":"<p>Quadro de Cargos e Vencimentos de Provimento Efetivo da C\u00e2mara Municipal de Curion\u00f3polis\/PA C\u00f3digo Cargo Quantidade De Cargos Vencimento R$ CMC \u2013 NA I Aux. Operacional 04 (quatro) R$ 1.100,00 [&hellip;]<\/p>\n","protected":false},"author":1,"featured_media":0,"parent":0,"menu_order":0,"comment_status":"closed","ping_status":"closed","template":"","meta":[],"_links":{"self":[{"href":"https:\/\/cmcurionopolis.pa.gov.br\/index.php\/wp-json\/wp\/v2\/pages\/1780"}],"collection":[{"href":"https:\/\/cmcurionopolis.pa.gov.br\/index.php\/wp-json\/wp\/v2\/pages"}],"about":[{"href":"https:\/\/cmcurionopolis.pa.gov.br\/index.php\/wp-json\/wp\/v2\/types\/page"}],"author":[{"embeddable":true,"href":"https:\/\/cmcurionopolis.pa.gov.br\/index.php\/wp-json\/wp\/v2\/users\/1"}],"replies":[{"embeddable":true,"href":"https:\/\/cmcurionopolis.pa.gov.br\/index.php\/wp-json\/wp\/v2\/comments?post=1780"}],"version-history":[{"count":19,"href":"https:\/\/cmcurionopolis.pa.gov.br\/index.php\/wp-json\/wp\/v2\/pages\/1780\/revisions"}],"predecessor-version":[{"id":1803,"href":"https:\/\/cmcurionopolis.pa.gov.br\/index.php\/wp-json\/wp\/v2\/pages\/1780\/revisions\/1803"}],"wp:attachment":[{"href":"https:\/\/cmcurionopolis.pa.gov.br\/index.php\/wp-json\/wp\/v2\/media?parent=1780"}],"curies":[{"name":"wp","href":"https:\/\/api.w.org\/{rel}","templated":true}]}}