{"id":2259,"date":"2022-05-11T16:23:34","date_gmt":"2022-05-11T19:23:34","guid":{"rendered":"https:\/\/cmcurionopolis.pa.gov.br\/?page_id=2259"},"modified":"2024-04-29T10:01:43","modified_gmt":"2024-04-29T13:01:43","slug":"adriana-gomes-da-silva-vereadora","status":"publish","type":"page","link":"https:\/\/cmcurionopolis.pa.gov.br\/index.php\/adriana-gomes-da-silva-vereadora\/","title":{"rendered":"Adriana Gomes da Silva &#8211; Vereadora"},"content":{"rendered":"\t\t<div data-elementor-type=\"wp-page\" data-elementor-id=\"2259\" class=\"elementor elementor-2259\">\n\t\t\t\t\t\t\t\t\t<section data-particle_enable=\"false\" data-particle-mobile-disabled=\"false\" class=\"elementor-section elementor-top-section elementor-element elementor-element-1e8c933 elementor-section-boxed elementor-section-height-default elementor-section-height-default\" data-id=\"1e8c933\" data-element_type=\"section\">\n\t\t\t\t\t\t<div class=\"elementor-container elementor-column-gap-default\">\n\t\t\t\t\t<div class=\"elementor-column elementor-col-33 elementor-top-column elementor-element elementor-element-1a3d790d\" data-id=\"1a3d790d\" data-element_type=\"column\">\n\t\t\t<div class=\"elementor-widget-wrap elementor-element-populated\">\n\t\t\t\t\t\t\t\t<div class=\"elementor-element elementor-element-18161049 elementor-widget elementor-widget-image\" data-id=\"18161049\" data-element_type=\"widget\" data-widget_type=\"image.default\">\n\t\t\t\t<div class=\"elementor-widget-container\">\n\t\t\t\t\t\t\t\t\t\t\t\t\t\t\t<img decoding=\"async\" src=\"https:\/\/cmcurionopolis.pa.gov.br\/wp-content\/uploads\/2022\/05\/WhatsApp-Image-2022-05-11-at-15.38.17-1.jpeg\" title=\"WhatsApp Image 2022-05-11 at 15.38.17 (1)\" alt=\"WhatsApp Image 2022-05-11 at 15.38.17 (1)\" \/>\t\t\t\t\t\t\t\t\t\t\t\t\t\t\t<\/div>\n\t\t\t\t<\/div>\n\t\t\t\t\t<\/div>\n\t\t<\/div>\n\t\t\t\t<div class=\"elementor-column elementor-col-66 elementor-top-column elementor-element elementor-element-5970a744\" data-id=\"5970a744\" data-element_type=\"column\">\n\t\t\t<div class=\"elementor-widget-wrap elementor-element-populated\">\n\t\t\t\t\t\t\t\t<div class=\"elementor-element elementor-element-655ad3ca elementor-view-framed elementor-position-left elementor-shape-circle elementor-mobile-position-top elementor-vertical-align-top elementor-widget elementor-widget-icon-box\" data-id=\"655ad3ca\" data-element_type=\"widget\" data-widget_type=\"icon-box.default\">\n\t\t\t\t<div class=\"elementor-widget-container\">\n\t\t\t\t\t<div class=\"elementor-icon-box-wrapper\">\n\t\t\t\t\t\t<div class=\"elementor-icon-box-icon\">\n\t\t\t\t<span class=\"elementor-icon elementor-animation-\" >\n\t\t\t\t<i aria-hidden=\"true\" class=\"fab fa-whatsapp\"><\/i>\t\t\t\t<\/span>\n\t\t\t<\/div>\n\t\t\t\t\t\t<div class=\"elementor-icon-box-content\">\n\t\t\t\t<h4 class=\"elementor-icon-box-title\">\n\t\t\t\t\t<span  >\n\t\t\t\t\t\tContato\t\t\t\t\t<\/span>\n\t\t\t\t<\/h4>\n\t\t\t\t\t\t\t\t\t<p class=\"elementor-icon-box-description\">\n\t\t\t\t\t\tZap: 94 99204 1920\t\t\t\t\t<\/p>\n\t\t\t\t\t\t\t<\/div>\n\t\t<\/div>\n\t\t\t\t<\/div>\n\t\t\t\t<\/div>\n\t\t\t\t<div class=\"elementor-element elementor-element-66f6b0a3 elementor-view-framed elementor-position-left elementor-shape-circle elementor-mobile-position-top elementor-vertical-align-top elementor-widget elementor-widget-icon-box\" data-id=\"66f6b0a3\" data-element_type=\"widget\" data-widget_type=\"icon-box.default\">\n\t\t\t\t<div class=\"elementor-widget-container\">\n\t\t\t\t\t<div class=\"elementor-icon-box-wrapper\">\n\t\t\t\t\t\t<div class=\"elementor-icon-box-icon\">\n\t\t\t\t<span class=\"elementor-icon elementor-animation-\" >\n\t\t\t\t<i aria-hidden=\"true\" class=\"fas fa-mail-bulk\"><\/i>\t\t\t\t<\/span>\n\t\t\t<\/div>\n\t\t\t\t\t\t<div class=\"elementor-icon-box-content\">\n\t\t\t\t<h4 class=\"elementor-icon-box-title\">\n\t\t\t\t\t<span  >\n\t\t\t\t\t\tEnviar email para\t\t\t\t\t<\/span>\n\t\t\t\t<\/h4>\n\t\t\t\t\t\t\t\t\t<p class=\"elementor-icon-box-description\">\n\t\t\t\t\t\tEmail: Ver.adrianagomes@cmcurionopolis.pa.gov.br\t\t\t\t\t<\/p>\n\t\t\t\t\t\t\t<\/div>\n\t\t<\/div>\n\t\t\t\t<\/div>\n\t\t\t\t<\/div>\n\t\t\t\t<div class=\"elementor-element elementor-element-4eeae01f elementor-view-framed elementor-position-left elementor-shape-circle elementor-mobile-position-top elementor-vertical-align-top elementor-widget elementor-widget-icon-box\" data-id=\"4eeae01f\" data-element_type=\"widget\" data-widget_type=\"icon-box.default\">\n\t\t\t\t<div class=\"elementor-widget-container\">\n\t\t\t\t\t<div class=\"elementor-icon-box-wrapper\">\n\t\t\t\t\t\t<div class=\"elementor-icon-box-icon\">\n\t\t\t\t<span class=\"elementor-icon elementor-animation-\" >\n\t\t\t\t<i aria-hidden=\"true\" class=\"fas fa-tags\"><\/i>\t\t\t\t<\/span>\n\t\t\t<\/div>\n\t\t\t\t\t\t<div class=\"elementor-icon-box-content\">\n\t\t\t\t<h4 class=\"elementor-icon-box-title\">\n\t\t\t\t\t<span  >\n\t\t\t\t\t\tPartido\t\t\t\t\t<\/span>\n\t\t\t\t<\/h4>\n\t\t\t\t\t\t\t\t\t<p class=\"elementor-icon-box-description\">\n\t\t\t\t\t\tREPUBLICANO\t\t\t\t\t<\/p>\n\t\t\t\t\t\t\t<\/div>\n\t\t<\/div>\n\t\t\t\t<\/div>\n\t\t\t\t<\/div>\n\t\t\t\t\t<\/div>\n\t\t<\/div>\n\t\t\t\t\t\t\t<\/div>\n\t\t<\/section>\n\t\t\t\t<section data-particle_enable=\"false\" data-particle-mobile-disabled=\"false\" class=\"elementor-section elementor-top-section elementor-element elementor-element-61e1a3e5 elementor-section-boxed elementor-section-height-default elementor-section-height-default\" data-id=\"61e1a3e5\" data-element_type=\"section\">\n\t\t\t\t\t\t<div class=\"elementor-container elementor-column-gap-default\">\n\t\t\t\t\t<div class=\"elementor-column elementor-col-100 elementor-top-column elementor-element elementor-element-21de5ade\" data-id=\"21de5ade\" data-element_type=\"column\">\n\t\t\t<div class=\"elementor-widget-wrap elementor-element-populated\">\n\t\t\t\t\t\t\t\t<div class=\"elementor-element elementor-element-1f0bd373 elementor-widget elementor-widget-text-editor\" data-id=\"1f0bd373\" data-element_type=\"widget\" data-widget_type=\"text-editor.default\">\n\t\t\t\t<div class=\"elementor-widget-container\">\n\t\t\t\t\t\t\t<p>Compete ao vereador elaborar as leis municipais e fiscalizar a atua\u00e7\u00e3o do Executivo. S\u00e3o os vereadores que prop\u00f5em, discutem e aprovam as leis a serem aplicadas no munic\u00edpio. Tamb\u00e9m \u00e9 dever do vereador acompanhar as a\u00e7\u00f5es do Executivo, verificando se est\u00e3o sendo cumpridas as metas de governo e se est\u00e3o sendo atendidas as normas legais. Cada vereador \u00e9 eleito de forma direta, pelo voto, tornando-se um representante da popula\u00e7\u00e3o. Por isso, deve propor projetos que estejam de acordo com os interesses e o bem-estar do povo. Al\u00e9m das vota\u00e7\u00f5es, os vereadores tamb\u00e9m t\u00eam o poder e o dever de fiscalizar a administra\u00e7\u00e3o, cuidando da aplica\u00e7\u00e3o dos recursos e observando o or\u00e7amento.<\/p>\t\t\t\t\t\t<\/div>\n\t\t\t\t<\/div>\n\t\t\t\t\t<\/div>\n\t\t<\/div>\n\t\t\t\t\t\t\t<\/div>\n\t\t<\/section>\n\t\t\t\t<section data-particle_enable=\"false\" data-particle-mobile-disabled=\"false\" class=\"elementor-section elementor-top-section elementor-element elementor-element-a832538 elementor-section-boxed elementor-section-height-default elementor-section-height-default\" data-id=\"a832538\" data-element_type=\"section\">\n\t\t\t\t\t\t<div class=\"elementor-container elementor-column-gap-default\">\n\t\t\t\t\t<div class=\"elementor-column elementor-col-100 elementor-top-column elementor-element elementor-element-eede43d\" data-id=\"eede43d\" data-element_type=\"column\">\n\t\t\t<div class=\"elementor-widget-wrap elementor-element-populated\">\n\t\t\t\t\t\t\t\t<div class=\"elementor-element elementor-element-3f3b514 elementor-widget elementor-widget-text-editor\" data-id=\"3f3b514\" data-element_type=\"widget\" data-widget_type=\"text-editor.default\">\n\t\t\t\t<div class=\"elementor-widget-container\">\n\t\t\t\t\t\t\t<p>Biografia:<\/p><div class=\"col-md-7 col-sm-12 col-xs-12\"><div class=\"dvg-painel-info-etiqueta\"><div class=\"text\"><h3 class=\"ng-binding\">ADRIANA GOMES DA SILVA<\/h3><p>NOME COMPLETO<\/p><\/div><\/div><\/div><div class=\"col-md-5 col-sm-12 col-xs-12\"><div class=\"dvg-painel-info-etiqueta\"><div class=\"icon\">\u00a0<\/div><div class=\"text\"><h3 class=\"ng-binding\">23\/10\/1986<\/h3><p>DATA DE NASCIMENTO<\/p><\/div><\/div><\/div><div class=\"col-md-7 col-sm-12 col-xs-12\"><div class=\"dvg-painel-info-etiqueta\"><div class=\"icon\">\u00a0<\/div><div class=\"text\"><h3 class=\"\" data-ng-show=\"resultData.descricaoSexo === 'FEM.'\">Feminino<\/h3><p>G\u00caNERO<\/p><\/div><\/div><\/div><div class=\"col-md-5 col-sm-12 col-xs-12\"><div class=\"dvg-painel-info-etiqueta\"><div class=\"icon\">\u00a0<\/div><div class=\"text\"><h3 class=\"ng-binding\">BRANCA<\/h3><p>COR \/ RA\u00c7A<\/p><\/div><\/div><\/div><div class=\"col-md-7 col-sm-12 col-xs-12\"><div class=\"dvg-painel-info-etiqueta\"><div class=\"icon\">\u00a0<\/div><div class=\"text\"><h3 class=\"ng-binding\">Solteiro(a)<\/h3><p>ESTADO CIVIL<\/p><\/div><\/div><\/div><div class=\"col-md-5 col-sm-12 col-xs-12\"><div class=\"dvg-painel-info-etiqueta\"><div class=\"icon\">\u00a0<\/div><div class=\"text\"><h3 class=\"ng-binding\">Brasileira nata \/ PA-MARAB\u00c1<\/h3><p>NACIONALIDADE \/ NATURALIDADE<\/p><\/div><\/div><\/div><div class=\"col-md-7 col-sm-12 col-xs-12\"><div class=\"dvg-painel-info-etiqueta\"><div class=\"icon\">\u00a0<\/div><div class=\"text\"><h3 class=\"ng-binding\">Superior completo<\/h3><p>GRAU DE INSTRU\u00c7\u00c3O<\/p><\/div><\/div><\/div><div class=\"col-md-5 col-sm-12 col-xs-12\"><div class=\"dvg-painel-info-etiqueta\"><div class=\"icon\">\u00a0<\/div><div class=\"text\"><h3 class=\"ng-binding\">Assistente Social<\/h3><p>OCUPA\u00c7\u00c3O<\/p><\/div><\/div><\/div><div class=\"col-md-7 col-sm-12 col-xs-12\"><div class=\"dvg-painel-info-etiqueta\"><div class=\"icon\">\u00a0<\/div><div class=\"text\"><h3 class=\"ng-binding ng-scope\" data-ng-if=\"resultData.nomeColigacao != '**'\">UNI\u00c3O BRASIL<\/h3><p><span class=\"ng-binding ng-scope\" data-ng-if=\"resultData.descricaoTipoDrap != '**'\">PARTIDO ISOLADO<\/span><\/p><\/div><\/div><\/div><div class=\"col-md-5 col-sm-12 col-xs-12\"><div class=\"dvg-painel-info-etiqueta\"><div class=\"icon\">\u00a0<\/div><div class=\"text\">\u00a0<\/div><\/div><\/div>\t\t\t\t\t\t<\/div>\n\t\t\t\t<\/div>\n\t\t\t\t\t<\/div>\n\t\t<\/div>\n\t\t\t\t\t\t\t<\/div>\n\t\t<\/section>\n\t\t\t\t\t\t\t<\/div>\n\t\t","protected":false},"excerpt":{"rendered":"<p>Contato Zap: 94 99204 1920 Enviar email para Email: Ver.adrianagomes@cmcurionopolis.pa.gov.br Partido REPUBLICANO Compete ao vereador elaborar as leis municipais e fiscalizar a atua\u00e7\u00e3o do Executivo. S\u00e3o os vereadores que prop\u00f5em, [&hellip;]<\/p>\n","protected":false},"author":1,"featured_media":0,"parent":0,"menu_order":0,"comment_status":"closed","ping_status":"closed","template":"","meta":[],"_links":{"self":[{"href":"https:\/\/cmcurionopolis.pa.gov.br\/index.php\/wp-json\/wp\/v2\/pages\/2259"}],"collection":[{"href":"https:\/\/cmcurionopolis.pa.gov.br\/index.php\/wp-json\/wp\/v2\/pages"}],"about":[{"href":"https:\/\/cmcurionopolis.pa.gov.br\/index.php\/wp-json\/wp\/v2\/types\/page"}],"author":[{"embeddable":true,"href":"https:\/\/cmcurionopolis.pa.gov.br\/index.php\/wp-json\/wp\/v2\/users\/1"}],"replies":[{"embeddable":true,"href":"https:\/\/cmcurionopolis.pa.gov.br\/index.php\/wp-json\/wp\/v2\/comments?post=2259"}],"version-history":[{"count":19,"href":"https:\/\/cmcurionopolis.pa.gov.br\/index.php\/wp-json\/wp\/v2\/pages\/2259\/revisions"}],"predecessor-version":[{"id":5525,"href":"https:\/\/cmcurionopolis.pa.gov.br\/index.php\/wp-json\/wp\/v2\/pages\/2259\/revisions\/5525"}],"wp:attachment":[{"href":"https:\/\/cmcurionopolis.pa.gov.br\/index.php\/wp-json\/wp\/v2\/media?parent=2259"}],"curies":[{"name":"wp","href":"https:\/\/api.w.org\/{rel}","templated":true}]}}