{"id":2322,"date":"2022-05-11T16:58:34","date_gmt":"2022-05-11T19:58:34","guid":{"rendered":"https:\/\/cmcurionopolis.pa.gov.br\/?page_id=2322"},"modified":"2025-01-25T20:01:11","modified_gmt":"2025-01-25T23:01:11","slug":"francisco-aderbal-de-oliveira-veriador","status":"publish","type":"page","link":"https:\/\/cmcurionopolis.pa.gov.br\/index.php\/francisco-aderbal-de-oliveira-veriador\/","title":{"rendered":"Francisco Aderbal de Oliveira &#8211; Vereador"},"content":{"rendered":"\t\t<div data-elementor-type=\"wp-page\" data-elementor-id=\"2322\" class=\"elementor elementor-2322\">\n\t\t\t\t\t\t\t\t\t<section data-particle_enable=\"false\" data-particle-mobile-disabled=\"false\" class=\"elementor-section elementor-top-section elementor-element elementor-element-7f54aa3c elementor-section-boxed elementor-section-height-default elementor-section-height-default\" data-id=\"7f54aa3c\" data-element_type=\"section\">\n\t\t\t\t\t\t<div class=\"elementor-container elementor-column-gap-default\">\n\t\t\t\t\t<div class=\"elementor-column elementor-col-33 elementor-top-column elementor-element elementor-element-330d441f\" data-id=\"330d441f\" data-element_type=\"column\">\n\t\t\t<div class=\"elementor-widget-wrap elementor-element-populated\">\n\t\t\t\t\t\t\t\t<div class=\"elementor-element elementor-element-57a04091 elementor-widget elementor-widget-image\" data-id=\"57a04091\" data-element_type=\"widget\" data-widget_type=\"image.default\">\n\t\t\t\t<div class=\"elementor-widget-container\">\n\t\t\t\t\t\t\t\t\t\t\t\t\t\t\t<img decoding=\"async\" src=\"https:\/\/cmcurionopolis.pa.gov.br\/wp-content\/uploads\/2025\/01\/F05.png\" title=\"F05\" alt=\"F05\" \/>\t\t\t\t\t\t\t\t\t\t\t\t\t\t\t<\/div>\n\t\t\t\t<\/div>\n\t\t\t\t\t<\/div>\n\t\t<\/div>\n\t\t\t\t<div class=\"elementor-column elementor-col-66 elementor-top-column elementor-element elementor-element-3fdb6813\" data-id=\"3fdb6813\" data-element_type=\"column\">\n\t\t\t<div class=\"elementor-widget-wrap elementor-element-populated\">\n\t\t\t\t\t\t\t\t<div class=\"elementor-element elementor-element-3c1ae37f elementor-view-framed elementor-position-left elementor-shape-circle elementor-mobile-position-top elementor-vertical-align-top elementor-widget elementor-widget-icon-box\" data-id=\"3c1ae37f\" data-element_type=\"widget\" data-widget_type=\"icon-box.default\">\n\t\t\t\t<div class=\"elementor-widget-container\">\n\t\t\t\t\t<div class=\"elementor-icon-box-wrapper\">\n\t\t\t\t\t\t<div class=\"elementor-icon-box-icon\">\n\t\t\t\t<span class=\"elementor-icon elementor-animation-\" >\n\t\t\t\t<i aria-hidden=\"true\" class=\"fab fa-whatsapp\"><\/i>\t\t\t\t<\/span>\n\t\t\t<\/div>\n\t\t\t\t\t\t<div class=\"elementor-icon-box-content\">\n\t\t\t\t<h4 class=\"elementor-icon-box-title\">\n\t\t\t\t\t<span  >\n\t\t\t\t\t\tContato\t\t\t\t\t<\/span>\n\t\t\t\t<\/h4>\n\t\t\t\t\t\t\t\t\t<p class=\"elementor-icon-box-description\">\n\t\t\t\t\t\tZap: 94 99148 4743\t\t\t\t\t<\/p>\n\t\t\t\t\t\t\t<\/div>\n\t\t<\/div>\n\t\t\t\t<\/div>\n\t\t\t\t<\/div>\n\t\t\t\t<div class=\"elementor-element elementor-element-73f7a56e elementor-view-framed elementor-position-left elementor-shape-circle elementor-mobile-position-top elementor-vertical-align-top elementor-widget elementor-widget-icon-box\" data-id=\"73f7a56e\" data-element_type=\"widget\" data-widget_type=\"icon-box.default\">\n\t\t\t\t<div class=\"elementor-widget-container\">\n\t\t\t\t\t<div class=\"elementor-icon-box-wrapper\">\n\t\t\t\t\t\t<div class=\"elementor-icon-box-icon\">\n\t\t\t\t<span class=\"elementor-icon elementor-animation-\" >\n\t\t\t\t<i aria-hidden=\"true\" class=\"fas fa-mail-bulk\"><\/i>\t\t\t\t<\/span>\n\t\t\t<\/div>\n\t\t\t\t\t\t<div class=\"elementor-icon-box-content\">\n\t\t\t\t<h4 class=\"elementor-icon-box-title\">\n\t\t\t\t\t<span  >\n\t\t\t\t\t\tEnviar email para\t\t\t\t\t<\/span>\n\t\t\t\t<\/h4>\n\t\t\t\t\t\t\t\t\t<p class=\"elementor-icon-box-description\">\n\t\t\t\t\t\tEmail: faderbal@outlook.com<br>ver.fransciscoaderbal@cmcurionopolis.pa.gov.br\t\t\t\t\t<\/p>\n\t\t\t\t\t\t\t<\/div>\n\t\t<\/div>\n\t\t\t\t<\/div>\n\t\t\t\t<\/div>\n\t\t\t\t<div class=\"elementor-element elementor-element-12dbdf46 elementor-view-framed elementor-position-left elementor-shape-circle elementor-mobile-position-top elementor-vertical-align-top elementor-widget elementor-widget-icon-box\" data-id=\"12dbdf46\" data-element_type=\"widget\" data-widget_type=\"icon-box.default\">\n\t\t\t\t<div class=\"elementor-widget-container\">\n\t\t\t\t\t<div class=\"elementor-icon-box-wrapper\">\n\t\t\t\t\t\t<div class=\"elementor-icon-box-icon\">\n\t\t\t\t<span class=\"elementor-icon elementor-animation-\" >\n\t\t\t\t<i aria-hidden=\"true\" class=\"fas fa-tags\"><\/i>\t\t\t\t<\/span>\n\t\t\t<\/div>\n\t\t\t\t\t\t<div class=\"elementor-icon-box-content\">\n\t\t\t\t<h4 class=\"elementor-icon-box-title\">\n\t\t\t\t\t<span  >\n\t\t\t\t\t\tPartido\t\t\t\t\t<\/span>\n\t\t\t\t<\/h4>\n\t\t\t\t\t\t\t\t\t<p class=\"elementor-icon-box-description\">\n\t\t\t\t\t\tProgressistas\t\t\t\t\t<\/p>\n\t\t\t\t\t\t\t<\/div>\n\t\t<\/div>\n\t\t\t\t<\/div>\n\t\t\t\t<\/div>\n\t\t\t\t\t<\/div>\n\t\t<\/div>\n\t\t\t\t\t\t\t<\/div>\n\t\t<\/section>\n\t\t\t\t<section data-particle_enable=\"false\" data-particle-mobile-disabled=\"false\" class=\"elementor-section elementor-top-section elementor-element elementor-element-748a3070 elementor-section-boxed elementor-section-height-default elementor-section-height-default\" data-id=\"748a3070\" data-element_type=\"section\">\n\t\t\t\t\t\t<div class=\"elementor-container elementor-column-gap-default\">\n\t\t\t\t\t<div class=\"elementor-column elementor-col-100 elementor-top-column elementor-element elementor-element-6396c80\" data-id=\"6396c80\" data-element_type=\"column\">\n\t\t\t<div class=\"elementor-widget-wrap elementor-element-populated\">\n\t\t\t\t\t\t\t\t<div class=\"elementor-element elementor-element-355ba27 elementor-widget elementor-widget-text-editor\" data-id=\"355ba27\" data-element_type=\"widget\" data-widget_type=\"text-editor.default\">\n\t\t\t\t<div class=\"elementor-widget-container\">\n\t\t\t\t\t\t\t<p>Compete ao vereador elaborar as leis municipais e fiscalizar a atua\u00e7\u00e3o do Executivo. S\u00e3o os vereadores que prop\u00f5em, discutem e aprovam as leis a serem aplicadas no munic\u00edpio. Tamb\u00e9m \u00e9 dever do vereador acompanhar as a\u00e7\u00f5es do Executivo, verificando se est\u00e3o sendo cumpridas as metas de governo e se est\u00e3o sendo atendidas as normas legais. Cada vereador \u00e9 eleito de forma direta, pelo voto, tornando-se um representante da popula\u00e7\u00e3o. Por isso, deve propor projetos que estejam de acordo com os interesses e o bem-estar do povo. Al\u00e9m das vota\u00e7\u00f5es, os vereadores tamb\u00e9m t\u00eam o poder e o dever de fiscalizar a administra\u00e7\u00e3o, cuidando da aplica\u00e7\u00e3o dos recursos e observando o or\u00e7amento.<\/p>\t\t\t\t\t\t<\/div>\n\t\t\t\t<\/div>\n\t\t\t\t\t<\/div>\n\t\t<\/div>\n\t\t\t\t\t\t\t<\/div>\n\t\t<\/section>\n\t\t\t\t<section data-particle_enable=\"false\" data-particle-mobile-disabled=\"false\" class=\"elementor-section elementor-top-section elementor-element elementor-element-a7a6aa0 elementor-section-boxed elementor-section-height-default elementor-section-height-default\" data-id=\"a7a6aa0\" data-element_type=\"section\">\n\t\t\t\t\t\t<div class=\"elementor-container elementor-column-gap-default\">\n\t\t\t\t\t<div class=\"elementor-column elementor-col-100 elementor-top-column elementor-element elementor-element-a2614bd\" data-id=\"a2614bd\" data-element_type=\"column\">\n\t\t\t<div class=\"elementor-widget-wrap elementor-element-populated\">\n\t\t\t\t\t\t\t\t<div class=\"elementor-element elementor-element-a2e11ba elementor-widget elementor-widget-text-editor\" data-id=\"a2e11ba\" data-element_type=\"widget\" data-widget_type=\"text-editor.default\">\n\t\t\t\t<div class=\"elementor-widget-container\">\n\t\t\t\t\t\t\t<p>Biografia:<\/p><div class=\"col-md-7 col-sm-12 col-xs-12\"><div class=\"dvg-painel-info-etiqueta\"><div class=\"text\"><h3 class=\"ng-binding\">FRANCISCO ADERBAL DE OLIVEIRA<\/h3>NOME COMPLETO<\/div><\/div><\/div><div class=\"col-md-5 col-sm-12 col-xs-12\"><div class=\"dvg-painel-info-etiqueta\"><div class=\"icon\">\u00a0<\/div><div class=\"text\"><h3 class=\"ng-binding\">09\/08\/1963<\/h3>DATA DE NASCIMENTO<\/div><\/div><\/div><div class=\"col-md-7 col-sm-12 col-xs-12\"><div class=\"dvg-painel-info-etiqueta\"><div class=\"icon\">\u00a0<\/div><div class=\"text\"><h3 class=\"\" data-ng-show=\"resultData.descricaoSexo === 'MASC.'\">Masculino<\/h3>G\u00caNERO<\/div><\/div><\/div><div class=\"col-md-5 col-sm-12 col-xs-12\"><div class=\"dvg-painel-info-etiqueta\"><div class=\"icon\">\u00a0<\/div><div class=\"text\"><h3 class=\"ng-binding\">PARDA<\/h3>COR \/ RA\u00c7A<\/div><\/div><\/div><div class=\"col-md-7 col-sm-12 col-xs-12\"><div class=\"dvg-painel-info-etiqueta\"><div class=\"icon\">\u00a0<\/div><div class=\"text\"><h3 class=\"ng-binding\">Casado(a)<\/h3>ESTADO CIVIL<\/div><\/div><\/div><div class=\"col-md-5 col-sm-12 col-xs-12\"><div class=\"dvg-painel-info-etiqueta\"><div class=\"icon\">\u00a0<\/div><div class=\"text\"><h3 class=\"ng-binding\">Brasileira nata \/ CE-IGUATU<\/h3>NACIONALIDADE \/ NATURALIDADE<\/div><\/div><\/div><div class=\"col-md-7 col-sm-12 col-xs-12\"><div class=\"dvg-painel-info-etiqueta\"><div class=\"icon\">\u00a0<\/div><div class=\"text\"><h3 class=\"ng-binding\">Ensino Fundamental completo<\/h3>GRAU DE INSTRU\u00c7\u00c3O<\/div><\/div><\/div><div class=\"col-md-5 col-sm-12 col-xs-12\"><div class=\"dvg-painel-info-etiqueta\"><div class=\"icon\">\u00a0<\/div><div class=\"text\"><h3 class=\"ng-binding\">Vereador<\/h3>OCUPA\u00c7\u00c3O<\/div><\/div><\/div><div class=\"col-md-7 col-sm-12 col-xs-12\"><div class=\"dvg-painel-info-etiqueta\"><div class=\"icon\">\u00a0<\/div><div class=\"text\"><h3 class=\"ng-binding ng-scope\" data-ng-if=\"resultData.nomeColigacao != '**'\">DEM<\/h3><span class=\"ng-binding ng-scope\" data-ng-if=\"resultData.descricaoTipoDrap != '**'\">PARTIDO ISOLADO<\/span><\/div><\/div><\/div><div class=\"col-md-5 col-sm-12 col-xs-12\"><div class=\"dvg-painel-info-etiqueta\"><div class=\"icon\">\u00a0<\/div><\/div><\/div>\t\t\t\t\t\t<\/div>\n\t\t\t\t<\/div>\n\t\t\t\t\t<\/div>\n\t\t<\/div>\n\t\t\t\t\t\t\t<\/div>\n\t\t<\/section>\n\t\t\t\t\t\t\t<\/div>\n\t\t","protected":false},"excerpt":{"rendered":"<p>Contato Zap: 94 99148 4743 Enviar email para Email: faderbal@outlook.comver.fransciscoaderbal@cmcurionopolis.pa.gov.br Partido Progressistas Compete ao vereador elaborar as leis municipais e fiscalizar a atua\u00e7\u00e3o do Executivo. S\u00e3o os vereadores que prop\u00f5em, [&hellip;]<\/p>\n","protected":false},"author":1,"featured_media":0,"parent":0,"menu_order":0,"comment_status":"closed","ping_status":"closed","template":"","meta":[],"_links":{"self":[{"href":"https:\/\/cmcurionopolis.pa.gov.br\/index.php\/wp-json\/wp\/v2\/pages\/2322"}],"collection":[{"href":"https:\/\/cmcurionopolis.pa.gov.br\/index.php\/wp-json\/wp\/v2\/pages"}],"about":[{"href":"https:\/\/cmcurionopolis.pa.gov.br\/index.php\/wp-json\/wp\/v2\/types\/page"}],"author":[{"embeddable":true,"href":"https:\/\/cmcurionopolis.pa.gov.br\/index.php\/wp-json\/wp\/v2\/users\/1"}],"replies":[{"embeddable":true,"href":"https:\/\/cmcurionopolis.pa.gov.br\/index.php\/wp-json\/wp\/v2\/comments?post=2322"}],"version-history":[{"count":19,"href":"https:\/\/cmcurionopolis.pa.gov.br\/index.php\/wp-json\/wp\/v2\/pages\/2322\/revisions"}],"predecessor-version":[{"id":6172,"href":"https:\/\/cmcurionopolis.pa.gov.br\/index.php\/wp-json\/wp\/v2\/pages\/2322\/revisions\/6172"}],"wp:attachment":[{"href":"https:\/\/cmcurionopolis.pa.gov.br\/index.php\/wp-json\/wp\/v2\/media?parent=2322"}],"curies":[{"name":"wp","href":"https:\/\/api.w.org\/{rel}","templated":true}]}}