{"id":2389,"date":"2022-05-11T17:27:31","date_gmt":"2022-05-11T20:27:31","guid":{"rendered":"https:\/\/cmcurionopolis.pa.gov.br\/?page_id=2389"},"modified":"2025-01-25T19:53:17","modified_gmt":"2025-01-25T22:53:17","slug":"magno-araujo-santos-presidente","status":"publish","type":"page","link":"https:\/\/cmcurionopolis.pa.gov.br\/index.php\/magno-araujo-santos-presidente\/","title":{"rendered":"Magno Ara\u00fajo Santos &#8211; Presidente"},"content":{"rendered":"\t\t<div data-elementor-type=\"wp-page\" data-elementor-id=\"2389\" class=\"elementor elementor-2389\">\n\t\t\t\t\t\t\t\t\t<section data-particle_enable=\"false\" data-particle-mobile-disabled=\"false\" class=\"elementor-section elementor-top-section elementor-element elementor-element-40153f3a elementor-section-boxed elementor-section-height-default elementor-section-height-default\" data-id=\"40153f3a\" data-element_type=\"section\">\n\t\t\t\t\t\t<div class=\"elementor-container elementor-column-gap-default\">\n\t\t\t\t\t<div class=\"elementor-column elementor-col-33 elementor-top-column elementor-element elementor-element-1a2dda5f\" data-id=\"1a2dda5f\" data-element_type=\"column\">\n\t\t\t<div class=\"elementor-widget-wrap elementor-element-populated\">\n\t\t\t\t\t\t\t\t<div class=\"elementor-element elementor-element-5eb04f21 elementor-widget elementor-widget-image\" data-id=\"5eb04f21\" data-element_type=\"widget\" data-widget_type=\"image.default\">\n\t\t\t\t<div class=\"elementor-widget-container\">\n\t\t\t\t\t\t\t\t\t\t\t\t\t\t\t<img decoding=\"async\" src=\"https:\/\/cmcurionopolis.pa.gov.br\/wp-content\/uploads\/2025\/01\/F01.png\" title=\"F01\" alt=\"F01\" \/>\t\t\t\t\t\t\t\t\t\t\t\t\t\t\t<\/div>\n\t\t\t\t<\/div>\n\t\t\t\t\t<\/div>\n\t\t<\/div>\n\t\t\t\t<div class=\"elementor-column elementor-col-66 elementor-top-column elementor-element elementor-element-2cb935ae\" data-id=\"2cb935ae\" data-element_type=\"column\">\n\t\t\t<div class=\"elementor-widget-wrap elementor-element-populated\">\n\t\t\t\t\t\t\t\t<div class=\"elementor-element elementor-element-516130ed elementor-view-framed elementor-position-left elementor-shape-circle elementor-mobile-position-top elementor-vertical-align-top elementor-widget elementor-widget-icon-box\" data-id=\"516130ed\" data-element_type=\"widget\" data-widget_type=\"icon-box.default\">\n\t\t\t\t<div class=\"elementor-widget-container\">\n\t\t\t\t\t<div class=\"elementor-icon-box-wrapper\">\n\t\t\t\t\t\t<div class=\"elementor-icon-box-icon\">\n\t\t\t\t<span class=\"elementor-icon elementor-animation-\" >\n\t\t\t\t<i aria-hidden=\"true\" class=\"fab fa-whatsapp\"><\/i>\t\t\t\t<\/span>\n\t\t\t<\/div>\n\t\t\t\t\t\t<div class=\"elementor-icon-box-content\">\n\t\t\t\t<h4 class=\"elementor-icon-box-title\">\n\t\t\t\t\t<span  >\n\t\t\t\t\t\tContato\t\t\t\t\t<\/span>\n\t\t\t\t<\/h4>\n\t\t\t\t\t\t\t\t\t<p class=\"elementor-icon-box-description\">\n\t\t\t\t\t\tZap: 94 99291 5770\t\t\t\t\t<\/p>\n\t\t\t\t\t\t\t<\/div>\n\t\t<\/div>\n\t\t\t\t<\/div>\n\t\t\t\t<\/div>\n\t\t\t\t<div class=\"elementor-element elementor-element-7bd989be elementor-view-framed elementor-position-left elementor-shape-circle elementor-mobile-position-top elementor-vertical-align-top elementor-widget elementor-widget-icon-box\" data-id=\"7bd989be\" data-element_type=\"widget\" data-widget_type=\"icon-box.default\">\n\t\t\t\t<div class=\"elementor-widget-container\">\n\t\t\t\t\t<div class=\"elementor-icon-box-wrapper\">\n\t\t\t\t\t\t<div class=\"elementor-icon-box-icon\">\n\t\t\t\t<span class=\"elementor-icon elementor-animation-\" >\n\t\t\t\t<i aria-hidden=\"true\" class=\"fas fa-mail-bulk\"><\/i>\t\t\t\t<\/span>\n\t\t\t<\/div>\n\t\t\t\t\t\t<div class=\"elementor-icon-box-content\">\n\t\t\t\t<h4 class=\"elementor-icon-box-title\">\n\t\t\t\t\t<span  >\n\t\t\t\t\t\tEnviar email para\t\t\t\t\t<\/span>\n\t\t\t\t<\/h4>\n\t\t\t\t\t\t\t\t\t<p class=\"elementor-icon-box-description\">\n\t\t\t\t\t\tEmail: cooperalt-magno@hotmail.com;<br>ver.magnosantos@cmcurionopolis.pa.gov.br\t\t\t\t\t<\/p>\n\t\t\t\t\t\t\t<\/div>\n\t\t<\/div>\n\t\t\t\t<\/div>\n\t\t\t\t<\/div>\n\t\t\t\t<div class=\"elementor-element elementor-element-3fa1e500 elementor-view-framed elementor-position-left elementor-shape-circle elementor-mobile-position-top elementor-vertical-align-top elementor-widget elementor-widget-icon-box\" data-id=\"3fa1e500\" data-element_type=\"widget\" data-widget_type=\"icon-box.default\">\n\t\t\t\t<div class=\"elementor-widget-container\">\n\t\t\t\t\t<div class=\"elementor-icon-box-wrapper\">\n\t\t\t\t\t\t<div class=\"elementor-icon-box-icon\">\n\t\t\t\t<span class=\"elementor-icon elementor-animation-\" >\n\t\t\t\t<i aria-hidden=\"true\" class=\"fas fa-tags\"><\/i>\t\t\t\t<\/span>\n\t\t\t<\/div>\n\t\t\t\t\t\t<div class=\"elementor-icon-box-content\">\n\t\t\t\t<h4 class=\"elementor-icon-box-title\">\n\t\t\t\t\t<span  >\n\t\t\t\t\t\tPartido\t\t\t\t\t<\/span>\n\t\t\t\t<\/h4>\n\t\t\t\t\t\t\t\t\t<p class=\"elementor-icon-box-description\">\n\t\t\t\t\t\tMDB\t\t\t\t\t<\/p>\n\t\t\t\t\t\t\t<\/div>\n\t\t<\/div>\n\t\t\t\t<\/div>\n\t\t\t\t<\/div>\n\t\t\t\t\t<\/div>\n\t\t<\/div>\n\t\t\t\t\t\t\t<\/div>\n\t\t<\/section>\n\t\t\t\t<section data-particle_enable=\"false\" data-particle-mobile-disabled=\"false\" class=\"elementor-section elementor-top-section elementor-element elementor-element-68d55983 elementor-section-boxed elementor-section-height-default elementor-section-height-default\" data-id=\"68d55983\" data-element_type=\"section\">\n\t\t\t\t\t\t<div class=\"elementor-container elementor-column-gap-default\">\n\t\t\t\t\t<div class=\"elementor-column elementor-col-100 elementor-top-column elementor-element elementor-element-5d0a4633\" data-id=\"5d0a4633\" data-element_type=\"column\">\n\t\t\t<div class=\"elementor-widget-wrap elementor-element-populated\">\n\t\t\t\t\t\t\t\t<div class=\"elementor-element elementor-element-6098fbfd elementor-widget elementor-widget-text-editor\" data-id=\"6098fbfd\" data-element_type=\"widget\" data-widget_type=\"text-editor.default\">\n\t\t\t\t<div class=\"elementor-widget-container\">\n\t\t\t\t\t\t\t<p>Compete ao vereador elaborar as leis municipais e fiscalizar a atua\u00e7\u00e3o do Executivo. S\u00e3o os vereadores que prop\u00f5em, discutem e aprovam as leis a serem aplicadas no munic\u00edpio. Tamb\u00e9m \u00e9 dever do vereador acompanhar as a\u00e7\u00f5es do Executivo, verificando se est\u00e3o sendo cumpridas as metas de governo e se est\u00e3o sendo atendidas as normas legais. Cada vereador \u00e9 eleito de forma direta, pelo voto, tornando-se um representante da popula\u00e7\u00e3o. Por isso, deve propor projetos que estejam de acordo com os interesses e o bem-estar do povo. Al\u00e9m das vota\u00e7\u00f5es, os vereadores tamb\u00e9m t\u00eam o poder e o dever de fiscalizar a administra\u00e7\u00e3o, cuidando da aplica\u00e7\u00e3o dos recursos e observando o or\u00e7amento.<\/p>\t\t\t\t\t\t<\/div>\n\t\t\t\t<\/div>\n\t\t\t\t\t<\/div>\n\t\t<\/div>\n\t\t\t\t\t\t\t<\/div>\n\t\t<\/section>\n\t\t\t\t<section data-particle_enable=\"false\" data-particle-mobile-disabled=\"false\" class=\"elementor-section elementor-top-section elementor-element elementor-element-c2768fc elementor-section-boxed elementor-section-height-default elementor-section-height-default\" data-id=\"c2768fc\" data-element_type=\"section\">\n\t\t\t\t\t\t<div class=\"elementor-container elementor-column-gap-default\">\n\t\t\t\t\t<div class=\"elementor-column elementor-col-100 elementor-top-column elementor-element elementor-element-f9ea31c\" data-id=\"f9ea31c\" data-element_type=\"column\">\n\t\t\t<div class=\"elementor-widget-wrap elementor-element-populated\">\n\t\t\t\t\t\t\t\t<div class=\"elementor-element elementor-element-4ffb479 elementor-widget elementor-widget-text-editor\" data-id=\"4ffb479\" data-element_type=\"widget\" data-widget_type=\"text-editor.default\">\n\t\t\t\t<div class=\"elementor-widget-container\">\n\t\t\t\t\t\t\t<p>Biografia:<\/p><div class=\"col-md-7 col-sm-12 col-xs-12\"><div class=\"dvg-painel-info-etiqueta\"><div class=\"text\"><h3 class=\"ng-binding\">MAGNO ARAUJO SANTOS<\/h3>NOME COMPLETO<\/div><\/div><\/div><div class=\"col-md-5 col-sm-12 col-xs-12\"><div class=\"dvg-painel-info-etiqueta\"><div class=\"icon\">\u00a0<\/div><div class=\"text\"><h3 class=\"ng-binding\">07\/08\/1982<\/h3>DATA DE NASCIMENTO<\/div><\/div><\/div><div class=\"col-md-7 col-sm-12 col-xs-12\"><div class=\"dvg-painel-info-etiqueta\"><div class=\"icon\">\u00a0<\/div><div class=\"text\"><h3 class=\"\" data-ng-show=\"resultData.descricaoSexo === 'MASC.'\">Masculino<\/h3>G\u00caNERO<\/div><\/div><\/div><div class=\"col-md-5 col-sm-12 col-xs-12\"><div class=\"dvg-painel-info-etiqueta\"><div class=\"icon\">\u00a0<\/div><div class=\"text\"><h3 class=\"ng-binding\">PARDA<\/h3>COR \/ RA\u00c7A<\/div><\/div><\/div><div class=\"col-md-7 col-sm-12 col-xs-12\"><div class=\"dvg-painel-info-etiqueta\"><div class=\"icon\">\u00a0<\/div><div class=\"text\"><h3 class=\"ng-binding\">Casado(a)<\/h3>ESTADO CIVIL<\/div><\/div><\/div><div class=\"col-md-5 col-sm-12 col-xs-12\"><div class=\"dvg-painel-info-etiqueta\"><div class=\"icon\">\u00a0<\/div><div class=\"text\"><h3 class=\"ng-binding\">Brasileira nata \/ MA-IMPERATRIZ<\/h3>NACIONALIDADE \/ NATURALIDADE<\/div><\/div><\/div><div class=\"col-md-7 col-sm-12 col-xs-12\"><div class=\"dvg-painel-info-etiqueta\"><div class=\"icon\">\u00a0<\/div><div class=\"text\"><h3 class=\"ng-binding\">Ensino M\u00e9dio completo<\/h3>GRAU DE INSTRU\u00c7\u00c3O<\/div><\/div><\/div><div class=\"col-md-5 col-sm-12 col-xs-12\"><div class=\"dvg-painel-info-etiqueta\"><div class=\"icon\">\u00a0<\/div><div class=\"text\"><h3 class=\"ng-binding\">Vereador<\/h3>OCUPA\u00c7\u00c3O<\/div><\/div><\/div><div class=\"col-md-7 col-sm-12 col-xs-12\"><div class=\"dvg-painel-info-etiqueta\"><div class=\"icon\">\u00a0<\/div><div class=\"text\"><h3 class=\"ng-binding ng-scope\" data-ng-if=\"resultData.nomeColigacao != '**'\">MDB<\/h3><span class=\"ng-binding ng-scope\" data-ng-if=\"resultData.descricaoTipoDrap != '**'\">PARTIDO ISOLADO<\/span><\/div><\/div><\/div>\t\t\t\t\t\t<\/div>\n\t\t\t\t<\/div>\n\t\t\t\t\t<\/div>\n\t\t<\/div>\n\t\t\t\t\t\t\t<\/div>\n\t\t<\/section>\n\t\t\t\t\t\t\t<\/div>\n\t\t","protected":false},"excerpt":{"rendered":"<p>Contato Zap: 94 99291 5770 Enviar email para Email: cooperalt-magno@hotmail.com;ver.magnosantos@cmcurionopolis.pa.gov.br Partido MDB Compete ao vereador elaborar as leis municipais e fiscalizar a atua\u00e7\u00e3o do Executivo. S\u00e3o os vereadores que prop\u00f5em, [&hellip;]<\/p>\n","protected":false},"author":1,"featured_media":0,"parent":0,"menu_order":0,"comment_status":"closed","ping_status":"closed","template":"","meta":[],"_links":{"self":[{"href":"https:\/\/cmcurionopolis.pa.gov.br\/index.php\/wp-json\/wp\/v2\/pages\/2389"}],"collection":[{"href":"https:\/\/cmcurionopolis.pa.gov.br\/index.php\/wp-json\/wp\/v2\/pages"}],"about":[{"href":"https:\/\/cmcurionopolis.pa.gov.br\/index.php\/wp-json\/wp\/v2\/types\/page"}],"author":[{"embeddable":true,"href":"https:\/\/cmcurionopolis.pa.gov.br\/index.php\/wp-json\/wp\/v2\/users\/1"}],"replies":[{"embeddable":true,"href":"https:\/\/cmcurionopolis.pa.gov.br\/index.php\/wp-json\/wp\/v2\/comments?post=2389"}],"version-history":[{"count":22,"href":"https:\/\/cmcurionopolis.pa.gov.br\/index.php\/wp-json\/wp\/v2\/pages\/2389\/revisions"}],"predecessor-version":[{"id":6156,"href":"https:\/\/cmcurionopolis.pa.gov.br\/index.php\/wp-json\/wp\/v2\/pages\/2389\/revisions\/6156"}],"wp:attachment":[{"href":"https:\/\/cmcurionopolis.pa.gov.br\/index.php\/wp-json\/wp\/v2\/media?parent=2389"}],"curies":[{"name":"wp","href":"https:\/\/api.w.org\/{rel}","templated":true}]}}