{"id":2595,"date":"2022-05-12T17:30:33","date_gmt":"2022-05-12T20:30:33","guid":{"rendered":"https:\/\/cmcurionopolis.pa.gov.br\/?page_id=2595"},"modified":"2022-11-01T15:48:53","modified_gmt":"2022-11-01T18:48:53","slug":"unidades-organizacionais","status":"publish","type":"page","link":"https:\/\/cmcurionopolis.pa.gov.br\/index.php\/unidades-organizacionais\/","title":{"rendered":"Unidades Organizacionais e suas Compet\u00eancias"},"content":{"rendered":"\t\t<div data-elementor-type=\"wp-page\" data-elementor-id=\"2595\" class=\"elementor elementor-2595\">\n\t\t\t\t\t\t\t\t\t<section data-particle_enable=\"false\" data-particle-mobile-disabled=\"false\" class=\"elementor-section elementor-top-section elementor-element elementor-element-61d0aaa elementor-section-boxed elementor-section-height-default elementor-section-height-default\" data-id=\"61d0aaa\" data-element_type=\"section\">\n\t\t\t\t\t\t<div class=\"elementor-container elementor-column-gap-default\">\n\t\t\t\t\t<div class=\"elementor-column elementor-col-25 elementor-top-column elementor-element elementor-element-eed6eea\" data-id=\"eed6eea\" data-element_type=\"column\">\n\t\t\t<div class=\"elementor-widget-wrap elementor-element-populated\">\n\t\t\t\t\t\t\t\t<div class=\"elementor-element elementor-element-495e6d9 eael-infobox-content-align-center eael-infobox-icon-bg-shape-none eael-infobox-icon-hover-bg-shape-none elementor-widget elementor-widget-eael-info-box\" data-id=\"495e6d9\" data-element_type=\"widget\" data-widget_type=\"eael-info-box.default\">\n\t\t\t\t<div class=\"elementor-widget-container\">\n\t\t\t                    <div class=\"eael-infobox\">\n                    <div class=\"infobox-icon eael-icon-only\">\n\n            \n                            <div class=\"infobox-icon-wrap\">\n                    <i aria-hidden=\"true\" class=\"fas fa-building\"><\/i>                <\/div>\n            \n            \n        <\/div>\n            <div class=\"infobox-content eael-icon-only\">\n                            <h4 class=\"title\">C\u00e2mara municipal <\/h4>\n                                                                        <p><p>Veja as informa\u00e7\u00f5es clicando no bot\u00e3o a baixo.<\/p><\/p>\n                                                <div class=\"infobox-button\">\n            <a class=\"eael-infobox-button\" href=\"https:\/\/cmcurionopolis.pa.gov.br\/index.php\/a-camara\/\">\n                                                            <i aria-hidden=\"true\" class=\"eael_infobox_button_icon_left fas fa-arrow-alt-circle-right\"><\/i>                                                    <span class=\"infobox-button-text\">Acessar<\/span>\n                            <\/a>\n        <\/div>\n                                    <\/div>\n    <\/div>\t\t<\/div>\n\t\t\t\t<\/div>\n\t\t\t\t\t<\/div>\n\t\t<\/div>\n\t\t\t\t<div class=\"elementor-column elementor-col-25 elementor-top-column elementor-element elementor-element-5b08f75\" data-id=\"5b08f75\" data-element_type=\"column\">\n\t\t\t<div class=\"elementor-widget-wrap elementor-element-populated\">\n\t\t\t\t\t\t\t\t<div class=\"elementor-element elementor-element-2057a1f eael-infobox-content-align-center eael-infobox-icon-bg-shape-none eael-infobox-icon-hover-bg-shape-none elementor-widget elementor-widget-eael-info-box\" data-id=\"2057a1f\" data-element_type=\"widget\" data-widget_type=\"eael-info-box.default\">\n\t\t\t\t<div class=\"elementor-widget-container\">\n\t\t\t                    <div class=\"eael-infobox\">\n                    <div class=\"infobox-icon eael-icon-only\">\n\n            \n                            <div class=\"infobox-icon-wrap\">\n                    <i aria-hidden=\"true\" class=\"fas fa-chart-pie\"><\/i>                <\/div>\n            \n            \n        <\/div>\n            <div class=\"infobox-content eael-icon-only\">\n                            <h4 class=\"title\">Mesa diretora <\/h4>\n                                                                        <p><p>Veja as informa\u00e7\u00f5es clicando no bot\u00e3o a baixo.<\/p><\/p>\n                                                <div class=\"infobox-button\">\n            <a class=\"eael-infobox-button\" href=\"https:\/\/cmcurionopolis.pa.gov.br\/index.php\/mesa-diretora-3\">\n                                                            <i aria-hidden=\"true\" class=\"eael_infobox_button_icon_left fas fa-arrow-alt-circle-right\"><\/i>                                                    <span class=\"infobox-button-text\">Acessar<\/span>\n                            <\/a>\n        <\/div>\n                                    <\/div>\n    <\/div>\t\t<\/div>\n\t\t\t\t<\/div>\n\t\t\t\t\t<\/div>\n\t\t<\/div>\n\t\t\t\t<div class=\"elementor-column elementor-col-25 elementor-top-column elementor-element elementor-element-21fe74e\" data-id=\"21fe74e\" data-element_type=\"column\">\n\t\t\t<div class=\"elementor-widget-wrap elementor-element-populated\">\n\t\t\t\t\t\t\t\t<div class=\"elementor-element elementor-element-127acce eael-infobox-content-align-center eael-infobox-icon-bg-shape-none eael-infobox-icon-hover-bg-shape-none elementor-widget elementor-widget-eael-info-box\" data-id=\"127acce\" data-element_type=\"widget\" data-widget_type=\"eael-info-box.default\">\n\t\t\t\t<div class=\"elementor-widget-container\">\n\t\t\t                    <div class=\"eael-infobox\">\n                    <div class=\"infobox-icon eael-icon-only\">\n\n            \n                            <div class=\"infobox-icon-wrap\">\n                    <i aria-hidden=\"true\" class=\"fas fa-house-user\"><\/i>                <\/div>\n            \n            \n        <\/div>\n            <div class=\"infobox-content eael-icon-only\">\n                            <h4 class=\"title\">Plen\u00e1rio<\/h4>\n                                                                        <p><p>Veja as informa\u00e7\u00f5es clicando no bot\u00e3o a baixo.<\/p><\/p>\n                                                <div class=\"infobox-button\">\n            <a class=\"eael-infobox-button\" href=\"https:\/\/cmcurionopolis.pa.gov.br\/index.php\/plenario\">\n                                                            <i aria-hidden=\"true\" class=\"eael_infobox_button_icon_left fas fa-arrow-alt-circle-right\"><\/i>                                                    <span class=\"infobox-button-text\">Acessar<\/span>\n                            <\/a>\n        <\/div>\n                                    <\/div>\n    <\/div>\t\t<\/div>\n\t\t\t\t<\/div>\n\t\t\t\t\t<\/div>\n\t\t<\/div>\n\t\t\t\t<div class=\"elementor-column elementor-col-25 elementor-top-column elementor-element elementor-element-dc4f2bb\" data-id=\"dc4f2bb\" data-element_type=\"column\">\n\t\t\t<div class=\"elementor-widget-wrap elementor-element-populated\">\n\t\t\t\t\t\t\t\t<div class=\"elementor-element elementor-element-5699471 eael-infobox-content-align-center eael-infobox-icon-bg-shape-none eael-infobox-icon-hover-bg-shape-none elementor-widget elementor-widget-eael-info-box\" data-id=\"5699471\" data-element_type=\"widget\" data-widget_type=\"eael-info-box.default\">\n\t\t\t\t<div class=\"elementor-widget-container\">\n\t\t\t                    <div class=\"eael-infobox\">\n                    <div class=\"infobox-icon eael-icon-only\">\n\n            \n                            <div class=\"infobox-icon-wrap\">\n                    <i aria-hidden=\"true\" class=\"fas fa-layer-group\"><\/i>                <\/div>\n            \n            \n        <\/div>\n            <div class=\"infobox-content eael-icon-only\">\n                            <h4 class=\"title\">Comiss\u00f5es<\/h4>\n                                                                        <p><p>Veja as informa\u00e7\u00f5es clicando no bot\u00e3o a baixo.<\/p><\/p>\n                                                <div class=\"infobox-button\">\n            <a class=\"eael-infobox-button\" href=\"https:\/\/cmcurionopolis.pa.gov.br\/index.php\/comissoes\/\">\n                                                            <i aria-hidden=\"true\" class=\"eael_infobox_button_icon_left fas fa-arrow-alt-circle-right\"><\/i>                                                    <span class=\"infobox-button-text\">Acessar<\/span>\n                            <\/a>\n        <\/div>\n                                    <\/div>\n    <\/div>\t\t<\/div>\n\t\t\t\t<\/div>\n\t\t\t\t\t<\/div>\n\t\t<\/div>\n\t\t\t\t\t\t\t<\/div>\n\t\t<\/section>\n\t\t\t\t<section data-particle_enable=\"false\" data-particle-mobile-disabled=\"false\" class=\"elementor-section elementor-top-section elementor-element elementor-element-3406035 elementor-section-boxed elementor-section-height-default elementor-section-height-default\" data-id=\"3406035\" data-element_type=\"section\">\n\t\t\t\t\t\t<div class=\"elementor-container elementor-column-gap-default\">\n\t\t\t\t\t<div class=\"elementor-column elementor-col-25 elementor-top-column elementor-element elementor-element-0075c6f\" data-id=\"0075c6f\" data-element_type=\"column\">\n\t\t\t<div class=\"elementor-widget-wrap elementor-element-populated\">\n\t\t\t\t\t\t\t\t<div class=\"elementor-element elementor-element-882c6f7 eael-infobox-content-align-center eael-infobox-icon-bg-shape-none eael-infobox-icon-hover-bg-shape-none elementor-widget elementor-widget-eael-info-box\" data-id=\"882c6f7\" data-element_type=\"widget\" data-widget_type=\"eael-info-box.default\">\n\t\t\t\t<div class=\"elementor-widget-container\">\n\t\t\t                    <div class=\"eael-infobox\">\n                    <div class=\"infobox-icon eael-icon-only\">\n\n            \n                            <div class=\"infobox-icon-wrap\">\n                    <i aria-hidden=\"true\" class=\"fas fa-male\"><\/i>                <\/div>\n            \n            \n        <\/div>\n            <div class=\"infobox-content eael-icon-only\">\n                            <h4 class=\"title\">Presidente <\/h4>\n                                                                        <p><p>Veja as informa\u00e7\u00f5es clicando no bot\u00e3o a baixo.<\/p><\/p>\n                                                <div class=\"infobox-button\">\n            <a class=\"eael-infobox-button\" href=\"https:\/\/cmcurionopolis.pa.gov.br\/index.php\/presidente\">\n                                                            <i aria-hidden=\"true\" class=\"eael_infobox_button_icon_left fas fa-arrow-alt-circle-right\"><\/i>                                                    <span class=\"infobox-button-text\">Acessar<\/span>\n                            <\/a>\n        <\/div>\n                                    <\/div>\n    <\/div>\t\t<\/div>\n\t\t\t\t<\/div>\n\t\t\t\t\t<\/div>\n\t\t<\/div>\n\t\t\t\t<div class=\"elementor-column elementor-col-25 elementor-top-column elementor-element elementor-element-801a601\" data-id=\"801a601\" data-element_type=\"column\">\n\t\t\t<div class=\"elementor-widget-wrap elementor-element-populated\">\n\t\t\t\t\t\t\t\t<div class=\"elementor-element elementor-element-79b8eee eael-infobox-content-align-center eael-infobox-icon-bg-shape-none eael-infobox-icon-hover-bg-shape-none elementor-widget elementor-widget-eael-info-box\" data-id=\"79b8eee\" data-element_type=\"widget\" data-widget_type=\"eael-info-box.default\">\n\t\t\t\t<div class=\"elementor-widget-container\">\n\t\t\t                    <div class=\"eael-infobox\">\n                    <div class=\"infobox-icon eael-icon-only\">\n\n            \n                            <div class=\"infobox-icon-wrap\">\n                    <i aria-hidden=\"true\" class=\"far fa-address-card\"><\/i>                <\/div>\n            \n            \n        <\/div>\n            <div class=\"infobox-content eael-icon-only\">\n                            <h4 class=\"title\">Controle interno<\/h4>\n                                                                        <p><p>Veja as informa\u00e7\u00f5es clicando no bot\u00e3o a baixo.<\/p><\/p>\n                                                <div class=\"infobox-button\">\n            <a class=\"eael-infobox-button\" href=\"https:\/\/cmcurionopolis.pa.gov.br\/index.php\/controle-interno\">\n                                                            <i aria-hidden=\"true\" class=\"eael_infobox_button_icon_left fas fa-arrow-alt-circle-right\"><\/i>                                                    <span class=\"infobox-button-text\">Acessar<\/span>\n                            <\/a>\n        <\/div>\n                                    <\/div>\n    <\/div>\t\t<\/div>\n\t\t\t\t<\/div>\n\t\t\t\t\t<\/div>\n\t\t<\/div>\n\t\t\t\t<div class=\"elementor-column elementor-col-25 elementor-top-column elementor-element elementor-element-8340808\" data-id=\"8340808\" data-element_type=\"column\">\n\t\t\t<div class=\"elementor-widget-wrap elementor-element-populated\">\n\t\t\t\t\t\t\t\t<div class=\"elementor-element elementor-element-ba5682e eael-infobox-content-align-center eael-infobox-icon-bg-shape-none eael-infobox-icon-hover-bg-shape-none elementor-widget elementor-widget-eael-info-box\" data-id=\"ba5682e\" data-element_type=\"widget\" data-widget_type=\"eael-info-box.default\">\n\t\t\t\t<div class=\"elementor-widget-container\">\n\t\t\t                    <div class=\"eael-infobox\">\n                    <div class=\"infobox-icon eael-icon-only\">\n\n            \n                            <div class=\"infobox-icon-wrap\">\n                    <i aria-hidden=\"true\" class=\"fas fa-money-bill-alt\"><\/i>                <\/div>\n            \n            \n        <\/div>\n            <div class=\"infobox-content eael-icon-only\">\n                            <h4 class=\"title\">Departamento financeiro<\/h4>\n                                                                        <p><p>Veja as informa\u00e7\u00f5es clicando no bot\u00e3o a baixo.<\/p><\/p>\n                                                <div class=\"infobox-button\">\n            <a class=\"eael-infobox-button\" href=\"https:\/\/cmcurionopolis.pa.gov.br\/index.php\/departamento-financeiro\">\n                                                            <i aria-hidden=\"true\" class=\"eael_infobox_button_icon_left fas fa-arrow-alt-circle-right\"><\/i>                                                    <span class=\"infobox-button-text\">Acessar<\/span>\n                            <\/a>\n        <\/div>\n                                    <\/div>\n    <\/div>\t\t<\/div>\n\t\t\t\t<\/div>\n\t\t\t\t\t<\/div>\n\t\t<\/div>\n\t\t\t\t<div class=\"elementor-column elementor-col-25 elementor-top-column elementor-element elementor-element-bbaf0a3\" data-id=\"bbaf0a3\" data-element_type=\"column\">\n\t\t\t<div class=\"elementor-widget-wrap elementor-element-populated\">\n\t\t\t\t\t\t\t\t<div class=\"elementor-element elementor-element-faf196d eael-infobox-content-align-center eael-infobox-icon-bg-shape-none eael-infobox-icon-hover-bg-shape-none elementor-widget elementor-widget-eael-info-box\" data-id=\"faf196d\" data-element_type=\"widget\" data-widget_type=\"eael-info-box.default\">\n\t\t\t\t<div class=\"elementor-widget-container\">\n\t\t\t                    <div class=\"eael-infobox\">\n                    <div class=\"infobox-icon eael-icon-only\">\n\n            \n                            <div class=\"infobox-icon-wrap\">\n                    <i aria-hidden=\"true\" class=\"fas fa-balance-scale\"><\/i>                <\/div>\n            \n            \n        <\/div>\n            <div class=\"infobox-content eael-icon-only\">\n                            <h4 class=\"title\">Procuradora Geral do Legislativo<\/h4>\n                                                                        <p><p>Veja as informa\u00e7\u00f5es clicando no bot\u00e3o a baixo.<\/p><\/p>\n                                                <div class=\"infobox-button\">\n            <a class=\"eael-infobox-button\" href=\"https:\/\/cmcurionopolis.pa.gov.br\/index.php\/assessoria-juridica\">\n                                                            <i aria-hidden=\"true\" class=\"eael_infobox_button_icon_left fas fa-arrow-alt-circle-right\"><\/i>                                                    <span class=\"infobox-button-text\">Acessar<\/span>\n                            <\/a>\n        <\/div>\n                                    <\/div>\n    <\/div>\t\t<\/div>\n\t\t\t\t<\/div>\n\t\t\t\t\t<\/div>\n\t\t<\/div>\n\t\t\t\t\t\t\t<\/div>\n\t\t<\/section>\n\t\t\t\t<section data-particle_enable=\"false\" data-particle-mobile-disabled=\"false\" class=\"elementor-section elementor-top-section elementor-element elementor-element-282be39 elementor-section-boxed elementor-section-height-default elementor-section-height-default\" data-id=\"282be39\" data-element_type=\"section\">\n\t\t\t\t\t\t<div class=\"elementor-container elementor-column-gap-default\">\n\t\t\t\t\t<div class=\"elementor-column elementor-col-33 elementor-top-column elementor-element elementor-element-5a895e3\" data-id=\"5a895e3\" data-element_type=\"column\">\n\t\t\t<div class=\"elementor-widget-wrap elementor-element-populated\">\n\t\t\t\t\t\t\t\t<div class=\"elementor-element elementor-element-baa1d43 eael-infobox-content-align-center eael-infobox-icon-bg-shape-none eael-infobox-icon-hover-bg-shape-none elementor-widget elementor-widget-eael-info-box\" data-id=\"baa1d43\" data-element_type=\"widget\" data-widget_type=\"eael-info-box.default\">\n\t\t\t\t<div class=\"elementor-widget-container\">\n\t\t\t                    <div class=\"eael-infobox\">\n                    <div class=\"infobox-icon eael-icon-only\">\n\n            \n                            <div class=\"infobox-icon-wrap\">\n                    <i aria-hidden=\"true\" class=\"far fa-copy\"><\/i>                <\/div>\n            \n            \n        <\/div>\n            <div class=\"infobox-content eael-icon-only\">\n                            <h4 class=\"title\">Departamento legislativo <\/h4>\n                                                                        <p><p>Veja as informa\u00e7\u00f5es clicando no bot\u00e3o a baixo.<\/p><\/p>\n                                                <div class=\"infobox-button\">\n            <a class=\"eael-infobox-button\" href=\"https:\/\/cmcurionopolis.pa.gov.br\/index.php\/departamento-legislativo\">\n                                                            <i aria-hidden=\"true\" class=\"eael_infobox_button_icon_left fas fa-arrow-alt-circle-right\"><\/i>                                                    <span class=\"infobox-button-text\">Acessar<\/span>\n                            <\/a>\n        <\/div>\n                                    <\/div>\n    <\/div>\t\t<\/div>\n\t\t\t\t<\/div>\n\t\t\t\t\t<\/div>\n\t\t<\/div>\n\t\t\t\t<div class=\"elementor-column elementor-col-33 elementor-top-column elementor-element elementor-element-fa85203\" data-id=\"fa85203\" data-element_type=\"column\">\n\t\t\t<div class=\"elementor-widget-wrap elementor-element-populated\">\n\t\t\t\t\t\t\t\t<div class=\"elementor-element elementor-element-aaeb6dd eael-infobox-content-align-center eael-infobox-icon-bg-shape-none eael-infobox-icon-hover-bg-shape-none elementor-widget elementor-widget-eael-info-box\" data-id=\"aaeb6dd\" data-element_type=\"widget\" data-widget_type=\"eael-info-box.default\">\n\t\t\t\t<div class=\"elementor-widget-container\">\n\t\t\t                    <div class=\"eael-infobox\">\n                    <div class=\"infobox-icon eael-icon-only\">\n\n            \n                            <div class=\"infobox-icon-wrap\">\n                    <i aria-hidden=\"true\" class=\"fas fa-laptop-house\"><\/i>                <\/div>\n            \n            \n        <\/div>\n            <div class=\"infobox-content eael-icon-only\">\n                            <h4 class=\"title\">Gabinete da presid\u00eancia<\/h4>\n                                                                        <p><p>Veja as informa\u00e7\u00f5es clicando no bot\u00e3o a baixo.<\/p><\/p>\n                                                <div class=\"infobox-button\">\n            <a class=\"eael-infobox-button\" href=\"https:\/\/cmcurionopolis.pa.gov.br\/index.php\/gabinete-da-presidencia\">\n                                                            <i aria-hidden=\"true\" class=\"eael_infobox_button_icon_left fas fa-arrow-alt-circle-right\"><\/i>                                                    <span class=\"infobox-button-text\">Acessar<\/span>\n                            <\/a>\n        <\/div>\n                                    <\/div>\n    <\/div>\t\t<\/div>\n\t\t\t\t<\/div>\n\t\t\t\t\t<\/div>\n\t\t<\/div>\n\t\t\t\t<div class=\"elementor-column elementor-col-33 elementor-top-column elementor-element elementor-element-201ad4e\" data-id=\"201ad4e\" data-element_type=\"column\">\n\t\t\t<div class=\"elementor-widget-wrap\">\n\t\t\t\t\t\t\t\t\t<\/div>\n\t\t<\/div>\n\t\t\t\t\t\t\t<\/div>\n\t\t<\/section>\n\t\t\t\t\t\t\t<\/div>\n\t\t","protected":false},"excerpt":{"rendered":"<p>C\u00e2mara municipal Veja as informa\u00e7\u00f5es clicando no bot\u00e3o a baixo. Acessar Mesa diretora Veja as informa\u00e7\u00f5es clicando no bot\u00e3o a baixo. Acessar Plen\u00e1rio Veja as informa\u00e7\u00f5es clicando no bot\u00e3o a [&hellip;]<\/p>\n","protected":false},"author":1,"featured_media":0,"parent":0,"menu_order":0,"comment_status":"closed","ping_status":"closed","template":"","meta":[],"_links":{"self":[{"href":"https:\/\/cmcurionopolis.pa.gov.br\/index.php\/wp-json\/wp\/v2\/pages\/2595"}],"collection":[{"href":"https:\/\/cmcurionopolis.pa.gov.br\/index.php\/wp-json\/wp\/v2\/pages"}],"about":[{"href":"https:\/\/cmcurionopolis.pa.gov.br\/index.php\/wp-json\/wp\/v2\/types\/page"}],"author":[{"embeddable":true,"href":"https:\/\/cmcurionopolis.pa.gov.br\/index.php\/wp-json\/wp\/v2\/users\/1"}],"replies":[{"embeddable":true,"href":"https:\/\/cmcurionopolis.pa.gov.br\/index.php\/wp-json\/wp\/v2\/comments?post=2595"}],"version-history":[{"count":56,"href":"https:\/\/cmcurionopolis.pa.gov.br\/index.php\/wp-json\/wp\/v2\/pages\/2595\/revisions"}],"predecessor-version":[{"id":3468,"href":"https:\/\/cmcurionopolis.pa.gov.br\/index.php\/wp-json\/wp\/v2\/pages\/2595\/revisions\/3468"}],"wp:attachment":[{"href":"https:\/\/cmcurionopolis.pa.gov.br\/index.php\/wp-json\/wp\/v2\/media?parent=2595"}],"curies":[{"name":"wp","href":"https:\/\/api.w.org\/{rel}","templated":true}]}}