{"id":2769,"date":"2022-05-13T16:15:58","date_gmt":"2022-05-13T19:15:58","guid":{"rendered":"https:\/\/cmcurionopolis.pa.gov.br\/?page_id=2769"},"modified":"2025-06-06T11:26:11","modified_gmt":"2025-06-06T14:26:11","slug":"plenario","status":"publish","type":"page","link":"https:\/\/cmcurionopolis.pa.gov.br\/index.php\/plenario\/","title":{"rendered":"Plen\u00e1rio"},"content":{"rendered":"\t\t<div data-elementor-type=\"wp-page\" data-elementor-id=\"2769\" class=\"elementor elementor-2769\">\n\t\t\t\t\t\t\t\t\t<section data-particle_enable=\"false\" data-particle-mobile-disabled=\"false\" class=\"elementor-section elementor-top-section elementor-element elementor-element-5ca99fb5 elementor-section-boxed elementor-section-height-default elementor-section-height-default\" data-id=\"5ca99fb5\" data-element_type=\"section\">\n\t\t\t\t\t\t<div class=\"elementor-container elementor-column-gap-default\">\n\t\t\t\t\t<div class=\"elementor-column elementor-col-50 elementor-top-column elementor-element elementor-element-46deac59\" data-id=\"46deac59\" data-element_type=\"column\">\n\t\t\t<div class=\"elementor-widget-wrap elementor-element-populated\">\n\t\t\t\t\t\t\t\t<div class=\"elementor-element elementor-element-607edfb2 elementor-widget elementor-widget-image\" data-id=\"607edfb2\" data-element_type=\"widget\" data-widget_type=\"image.default\">\n\t\t\t\t<div class=\"elementor-widget-container\">\n\t\t\t\t\t\t\t\t\t\t\t\t\t\t\t<img decoding=\"async\" width=\"457\" height=\"306\" src=\"https:\/\/cmcurionopolis.pa.gov.br\/wp-content\/uploads\/2022\/05\/Brasao_curionopolis.jpg\" class=\"attachment-meccarouselthumb size-meccarouselthumb\" alt=\"\" loading=\"lazy\" srcset=\"https:\/\/cmcurionopolis.pa.gov.br\/wp-content\/uploads\/2022\/05\/Brasao_curionopolis.jpg 457w, https:\/\/cmcurionopolis.pa.gov.br\/wp-content\/uploads\/2022\/05\/Brasao_curionopolis-300x201.jpg 300w, https:\/\/cmcurionopolis.pa.gov.br\/wp-content\/uploads\/2022\/05\/Brasao_curionopolis-50x33.jpg 50w, https:\/\/cmcurionopolis.pa.gov.br\/wp-content\/uploads\/2022\/05\/Brasao_curionopolis-100x67.jpg 100w\" sizes=\"(max-width: 457px) 100vw, 457px\" \/>\t\t\t\t\t\t\t\t\t\t\t\t\t\t\t<\/div>\n\t\t\t\t<\/div>\n\t\t\t\t\t<\/div>\n\t\t<\/div>\n\t\t\t\t<div class=\"elementor-column elementor-col-50 elementor-top-column elementor-element elementor-element-1b2e3397\" data-id=\"1b2e3397\" data-element_type=\"column\">\n\t\t\t<div class=\"elementor-widget-wrap elementor-element-populated\">\n\t\t\t\t\t\t\t\t<div class=\"elementor-element elementor-element-1fe7eebe elementor-position-left elementor-view-default elementor-mobile-position-top elementor-vertical-align-top elementor-widget elementor-widget-icon-box\" data-id=\"1fe7eebe\" data-element_type=\"widget\" data-widget_type=\"icon-box.default\">\n\t\t\t\t<div class=\"elementor-widget-container\">\n\t\t\t\t\t<div class=\"elementor-icon-box-wrapper\">\n\t\t\t\t\t\t<div class=\"elementor-icon-box-icon\">\n\t\t\t\t<span class=\"elementor-icon elementor-animation-\" >\n\t\t\t\t<i aria-hidden=\"true\" class=\"fas fa-street-view\"><\/i>\t\t\t\t<\/span>\n\t\t\t<\/div>\n\t\t\t\t\t\t<div class=\"elementor-icon-box-content\">\n\t\t\t\t<h6 class=\"elementor-icon-box-title\">\n\t\t\t\t\t<span  >\n\t\t\t\t\t\tQuem Comp\u00f5e o Plen\u00e1rio?<br><br><span style=\"color: rgb(0, 0, 0); font-family: Lato, sans-serif; font-size: 20px; font-weight: 300; white-space: normal;\">Os vereadores diplomados na 10\u00aa Legislatura foram<br><\/span><br><font color=\"#000000\" face=\"Lato, sans-serif\"><span style=\"font-size: 20px; font-weight: 300; white-space-collapse: collapse;\">Magno Santos<span style=\"text-wrap-mode: nowrap;\">&nbsp;-&nbsp;<\/span>MDB<span style=\"text-wrap-mode: nowrap;\">\t<\/span><\/span><\/font><div><\/div><div><font color=\"#000000\" face=\"Lato, sans-serif\"><span style=\"font-size: 20px; font-weight: 300; white-space-collapse: collapse;\">Adriana Gomes<span style=\"text-wrap-mode: nowrap;\">&nbsp;-&nbsp;<\/span>REPUBLICANOS<span style=\"text-wrap-mode: nowrap;\">\t<\/span><\/span><\/font><\/div><div><font color=\"#000000\" face=\"Lato, sans-serif\"><span style=\"font-size: 20px; font-weight: 300; white-space-collapse: collapse;\">Professora Nilde<span style=\"text-wrap-mode: nowrap;\">&nbsp;-&nbsp;<\/span>MDB<span style=\"text-wrap-mode: nowrap;\">\t\t<\/span><\/span><\/font><\/div><div><font color=\"#000000\" face=\"Lato, sans-serif\"><span style=\"font-size: 20px; font-weight: 300; white-space-collapse: collapse;\">Wilian do Ap<span style=\"text-wrap-mode: nowrap;\">&nbsp;-&nbsp;<\/span>MDB<span style=\"text-wrap-mode: nowrap;\">\t\t<\/span><\/span><\/font><\/div><div><font color=\"#000000\" face=\"Lato, sans-serif\"><span style=\"font-size: 20px; font-weight: 300; white-space-collapse: collapse;\">Aderbal da Padaria<span style=\"text-wrap-mode: nowrap;\">&nbsp;-&nbsp;<\/span>PP<span style=\"text-wrap-mode: nowrap;\">\t\t<\/span><\/span><\/font><\/div><div><font color=\"#000000\" face=\"Lato, sans-serif\"><span style=\"font-size: 20px; font-weight: 300; white-space-collapse: collapse;\">Junior do Tr\u00e2nsito<span style=\"text-wrap-mode: nowrap;\">&nbsp;-&nbsp;<\/span>MDB<span style=\"text-wrap-mode: nowrap;\">\t\t<\/span><\/span><\/font><\/div><div><font color=\"#000000\" face=\"Lato, sans-serif\"><span style=\"font-size: 20px; font-weight: 300; white-space-collapse: collapse;\">Edilei Lopes<span style=\"text-wrap-mode: nowrap;\">&nbsp;-&nbsp;<\/span>MDB<span style=\"text-wrap-mode: nowrap;\">\t\t<\/span><\/span><\/font><\/div><div><font color=\"#000000\" face=\"Lato, sans-serif\"><span style=\"font-size: 20px; font-weight: 300; white-space-collapse: collapse;\">Alexandre Santos<span style=\"text-wrap-mode: nowrap;\">&nbsp;-&nbsp;<\/span>PP - LICENCIADO<span style=\"text-wrap-mode: nowrap;\"><\/span><\/span><\/font><\/div><div><font color=\"#000000\" face=\"Lato, sans-serif\"><span style=\"font-size: 20px; font-weight: 300; white-space-collapse: collapse;\">Marly da Graffit<span style=\"text-wrap-mode: nowrap;\">&nbsp;-&nbsp;<\/span>PP<span style=\"text-wrap-mode: nowrap;\">\t\t<\/span><\/span><\/font><\/div><div><font color=\"#000000\" face=\"Lato, sans-serif\"><span style=\"font-size: 20px; font-weight: 300; white-space-collapse: collapse;\">Ziel Oliveira<span style=\"text-wrap-mode: nowrap;\">&nbsp;-&nbsp;<\/span>REPUBLICANOS<span style=\"text-wrap-mode: nowrap;\">\t\t<\/span><\/span><\/font><\/div><div><font color=\"#000000\" face=\"Lato, sans-serif\"><span style=\"font-size: 20px; font-weight: 300; white-space-collapse: collapse;\">Paulo Higino<span style=\"text-wrap-mode: nowrap;\">&nbsp;-&nbsp;<\/span>REPUBLICANOS<br>Junior da Mariona - PP<br><br><span style=\"text-wrap-mode: nowrap;\">\t<\/span><\/span><\/font><\/div>\t\t\t\t\t<\/span>\n\t\t\t\t<\/h6>\n\t\t\t\t\t\t\t<\/div>\n\t\t<\/div>\n\t\t\t\t<\/div>\n\t\t\t\t<\/div>\n\t\t\t\t\t<\/div>\n\t\t<\/div>\n\t\t\t\t\t\t\t<\/div>\n\t\t<\/section>\n\t\t\t\t<section data-particle_enable=\"false\" data-particle-mobile-disabled=\"false\" class=\"elementor-section elementor-top-section elementor-element elementor-element-8e716cd elementor-section-boxed elementor-section-height-default elementor-section-height-default\" data-id=\"8e716cd\" data-element_type=\"section\">\n\t\t\t\t\t\t<div class=\"elementor-container elementor-column-gap-default\">\n\t\t\t\t\t<div class=\"elementor-column elementor-col-100 elementor-top-column elementor-element elementor-element-3d08a101\" data-id=\"3d08a101\" data-element_type=\"column\">\n\t\t\t<div class=\"elementor-widget-wrap elementor-element-populated\">\n\t\t\t\t\t\t\t\t<div class=\"elementor-element elementor-element-5b9c3a93 elementor-widget elementor-widget-text-editor\" data-id=\"5b9c3a93\" data-element_type=\"widget\" data-widget_type=\"text-editor.default\">\n\t\t\t\t<div class=\"elementor-widget-container\">\n\t\t\t\t\t\t\t<p><!-- wp:paragraph --><\/p>\n<p><b>Compet\u00eancia:\u00a0<\/b><span style=\"color: #565656; font-family: 'Fira Sans', Arial, sans-serif; font-weight: var( --e-global-typography-text-font-weight ); font-size: 1rem;\">O Plen\u00e1rio \u00e9 formado pelos Vereadores, sendo o \u00f3rg\u00e3o m\u00e1ximo do Poder Legislativo Municipal. Suas decis\u00f5es s\u00e3o quase sempre tomadas em maioria, mas em algumas situa\u00e7\u00f5es \u00e9 preciso o qu\u00f3rum de 2\/3 dos votos para aprova\u00e7\u00e3o da mat\u00e9ria.<\/span><\/p>\n<p><!-- \/wp:paragraph --> <!-- wp:paragraph --><\/p>\n<p>\u00a0<\/p>\n<p><!-- \/wp:paragraph --><\/p>\t\t\t\t\t\t<\/div>\n\t\t\t\t<\/div>\n\t\t\t\t\t<\/div>\n\t\t<\/div>\n\t\t\t\t\t\t\t<\/div>\n\t\t<\/section>\n\t\t\t\t\t\t\t<\/div>\n\t\t","protected":false},"excerpt":{"rendered":"<p>Quem Comp\u00f5e o Plen\u00e1rio? Os vereadores diplomados na 10\u00aa Legislatura foram Magno Santos&nbsp;&#8211;&nbsp;MDB Adriana Gomes&nbsp;&#8211;&nbsp;REPUBLICANOS Professora Nilde&nbsp;&#8211;&nbsp;MDB Wilian do Ap&nbsp;&#8211;&nbsp;MDB Aderbal da Padaria&nbsp;&#8211;&nbsp;PP Junior do Tr\u00e2nsito&nbsp;&#8211;&nbsp;MDB Edilei Lopes&nbsp;&#8211;&nbsp;MDB Alexandre Santos&nbsp;&#8211;&nbsp;PP [&hellip;]<\/p>\n","protected":false},"author":1,"featured_media":0,"parent":0,"menu_order":0,"comment_status":"closed","ping_status":"closed","template":"","meta":[],"_links":{"self":[{"href":"https:\/\/cmcurionopolis.pa.gov.br\/index.php\/wp-json\/wp\/v2\/pages\/2769"}],"collection":[{"href":"https:\/\/cmcurionopolis.pa.gov.br\/index.php\/wp-json\/wp\/v2\/pages"}],"about":[{"href":"https:\/\/cmcurionopolis.pa.gov.br\/index.php\/wp-json\/wp\/v2\/types\/page"}],"author":[{"embeddable":true,"href":"https:\/\/cmcurionopolis.pa.gov.br\/index.php\/wp-json\/wp\/v2\/users\/1"}],"replies":[{"embeddable":true,"href":"https:\/\/cmcurionopolis.pa.gov.br\/index.php\/wp-json\/wp\/v2\/comments?post=2769"}],"version-history":[{"count":13,"href":"https:\/\/cmcurionopolis.pa.gov.br\/index.php\/wp-json\/wp\/v2\/pages\/2769\/revisions"}],"predecessor-version":[{"id":6455,"href":"https:\/\/cmcurionopolis.pa.gov.br\/index.php\/wp-json\/wp\/v2\/pages\/2769\/revisions\/6455"}],"wp:attachment":[{"href":"https:\/\/cmcurionopolis.pa.gov.br\/index.php\/wp-json\/wp\/v2\/media?parent=2769"}],"curies":[{"name":"wp","href":"https:\/\/api.w.org\/{rel}","templated":true}]}}