{"id":2793,"date":"2022-05-13T16:24:47","date_gmt":"2022-05-13T19:24:47","guid":{"rendered":"https:\/\/cmcurionopolis.pa.gov.br\/?page_id=2793"},"modified":"2023-07-27T18:20:20","modified_gmt":"2023-07-27T21:20:20","slug":"controle-interno","status":"publish","type":"page","link":"https:\/\/cmcurionopolis.pa.gov.br\/index.php\/controle-interno\/","title":{"rendered":"Controle interno"},"content":{"rendered":"\t\t<div data-elementor-type=\"wp-page\" data-elementor-id=\"2793\" class=\"elementor elementor-2793\">\n\t\t\t\t\t\t\t\t\t<section data-particle_enable=\"false\" data-particle-mobile-disabled=\"false\" class=\"elementor-section elementor-top-section elementor-element elementor-element-41b37dfa elementor-section-boxed elementor-section-height-default elementor-section-height-default\" data-id=\"41b37dfa\" data-element_type=\"section\">\n\t\t\t\t\t\t<div class=\"elementor-container elementor-column-gap-default\">\n\t\t\t\t\t<div class=\"elementor-column elementor-col-50 elementor-top-column elementor-element elementor-element-4e6fbb52\" data-id=\"4e6fbb52\" data-element_type=\"column\">\n\t\t\t<div class=\"elementor-widget-wrap elementor-element-populated\">\n\t\t\t\t\t\t\t\t<div class=\"elementor-element elementor-element-573c3faa elementor-widget elementor-widget-image\" data-id=\"573c3faa\" data-element_type=\"widget\" data-widget_type=\"image.default\">\n\t\t\t\t<div class=\"elementor-widget-container\">\n\t\t\t\t\t\t\t\t\t\t\t\t\t\t\t<img decoding=\"async\" width=\"457\" height=\"306\" src=\"https:\/\/cmcurionopolis.pa.gov.br\/wp-content\/uploads\/2022\/05\/Brasao_curionopolis.jpg\" class=\"attachment-meccarouselthumb size-meccarouselthumb\" alt=\"\" loading=\"lazy\" srcset=\"https:\/\/cmcurionopolis.pa.gov.br\/wp-content\/uploads\/2022\/05\/Brasao_curionopolis.jpg 457w, https:\/\/cmcurionopolis.pa.gov.br\/wp-content\/uploads\/2022\/05\/Brasao_curionopolis-300x201.jpg 300w, https:\/\/cmcurionopolis.pa.gov.br\/wp-content\/uploads\/2022\/05\/Brasao_curionopolis-50x33.jpg 50w, https:\/\/cmcurionopolis.pa.gov.br\/wp-content\/uploads\/2022\/05\/Brasao_curionopolis-100x67.jpg 100w\" sizes=\"(max-width: 457px) 100vw, 457px\" \/>\t\t\t\t\t\t\t\t\t\t\t\t\t\t\t<\/div>\n\t\t\t\t<\/div>\n\t\t\t\t\t<\/div>\n\t\t<\/div>\n\t\t\t\t<div class=\"elementor-column elementor-col-50 elementor-top-column elementor-element elementor-element-41f91038\" data-id=\"41f91038\" data-element_type=\"column\">\n\t\t\t<div class=\"elementor-widget-wrap elementor-element-populated\">\n\t\t\t\t\t\t\t\t<div class=\"elementor-element elementor-element-3742f5ba elementor-position-left elementor-view-default elementor-mobile-position-top elementor-vertical-align-top elementor-widget elementor-widget-icon-box\" data-id=\"3742f5ba\" data-element_type=\"widget\" data-widget_type=\"icon-box.default\">\n\t\t\t\t<div class=\"elementor-widget-container\">\n\t\t\t\t\t<div class=\"elementor-icon-box-wrapper\">\n\t\t\t\t\t\t<div class=\"elementor-icon-box-icon\">\n\t\t\t\t<span class=\"elementor-icon elementor-animation-\" >\n\t\t\t\t<i aria-hidden=\"true\" class=\"fas fa-street-view\"><\/i>\t\t\t\t<\/span>\n\t\t\t<\/div>\n\t\t\t\t\t\t<div class=\"elementor-icon-box-content\">\n\t\t\t\t<h6 class=\"elementor-icon-box-title\">\n\t\t\t\t\t<span  >\n\t\t\t\t\t\tRespons\u00e1vel:\t\t\t\t\t<\/span>\n\t\t\t\t<\/h6>\n\t\t\t\t\t\t\t\t\t<p class=\"elementor-icon-box-description\">\n\t\t\t\t\t\t<span style=\"white-space: normal;\">&nbsp;<\/span><span style=\"font-weight: bolder; white-space: normal;\">LAURA CAROLINA OLIVEIRA PINTO NASCIMENTO<\/span>\t\t\t\t\t<\/p>\n\t\t\t\t\t\t\t<\/div>\n\t\t<\/div>\n\t\t\t\t<\/div>\n\t\t\t\t<\/div>\n\t\t\t\t<div class=\"elementor-element elementor-element-1cda91c1 elementor-position-left elementor-view-default elementor-mobile-position-top elementor-vertical-align-top elementor-widget elementor-widget-icon-box\" data-id=\"1cda91c1\" data-element_type=\"widget\" data-widget_type=\"icon-box.default\">\n\t\t\t\t<div class=\"elementor-widget-container\">\n\t\t\t\t\t<div class=\"elementor-icon-box-wrapper\">\n\t\t\t\t\t\t<div class=\"elementor-icon-box-icon\">\n\t\t\t\t<span class=\"elementor-icon elementor-animation-\" >\n\t\t\t\t<i aria-hidden=\"true\" class=\"fas fa-map-marked-alt\"><\/i>\t\t\t\t<\/span>\n\t\t\t<\/div>\n\t\t\t\t\t\t<div class=\"elementor-icon-box-content\">\n\t\t\t\t<h6 class=\"elementor-icon-box-title\">\n\t\t\t\t\t<span  >\n\t\t\t\t\t\tEndere\u00e7o:\t\t\t\t\t<\/span>\n\t\t\t\t<\/h6>\n\t\t\t\t\t\t\t\t\t<p class=\"elementor-icon-box-description\">\n\t\t\t\t\t\tAV. BRASIL N. 235\t\t\t\t\t<\/p>\n\t\t\t\t\t\t\t<\/div>\n\t\t<\/div>\n\t\t\t\t<\/div>\n\t\t\t\t<\/div>\n\t\t\t\t<div class=\"elementor-element elementor-element-76d0299 elementor-position-left elementor-view-default elementor-mobile-position-top elementor-vertical-align-top elementor-widget elementor-widget-icon-box\" data-id=\"76d0299\" data-element_type=\"widget\" data-widget_type=\"icon-box.default\">\n\t\t\t\t<div class=\"elementor-widget-container\">\n\t\t\t\t\t<div class=\"elementor-icon-box-wrapper\">\n\t\t\t\t\t\t<div class=\"elementor-icon-box-icon\">\n\t\t\t\t<span class=\"elementor-icon elementor-animation-\" >\n\t\t\t\t<i aria-hidden=\"true\" class=\"far fa-envelope\"><\/i>\t\t\t\t<\/span>\n\t\t\t<\/div>\n\t\t\t\t\t\t<div class=\"elementor-icon-box-content\">\n\t\t\t\t<h6 class=\"elementor-icon-box-title\">\n\t\t\t\t\t<span  >\n\t\t\t\t\t\tEmail:\t\t\t\t\t<\/span>\n\t\t\t\t<\/h6>\n\t\t\t\t\t\t\t\t\t<p class=\"elementor-icon-box-description\">\n\t\t\t\t\t\tcontroleinterno@cmcurionopolis.pa.gov.br\t\t\t\t\t<\/p>\n\t\t\t\t\t\t\t<\/div>\n\t\t<\/div>\n\t\t\t\t<\/div>\n\t\t\t\t<\/div>\n\t\t\t\t\t<\/div>\n\t\t<\/div>\n\t\t\t\t\t\t\t<\/div>\n\t\t<\/section>\n\t\t\t\t<section data-particle_enable=\"false\" data-particle-mobile-disabled=\"false\" class=\"elementor-section elementor-top-section elementor-element elementor-element-4d113b6f elementor-section-boxed elementor-section-height-default elementor-section-height-default\" data-id=\"4d113b6f\" data-element_type=\"section\">\n\t\t\t\t\t\t<div class=\"elementor-container elementor-column-gap-default\">\n\t\t\t\t\t<div class=\"elementor-column elementor-col-100 elementor-top-column elementor-element elementor-element-457b3ef3\" data-id=\"457b3ef3\" data-element_type=\"column\">\n\t\t\t<div class=\"elementor-widget-wrap elementor-element-populated\">\n\t\t\t\t\t\t\t\t<div class=\"elementor-element elementor-element-7c0d7cb4 elementor-widget elementor-widget-text-editor\" data-id=\"7c0d7cb4\" data-element_type=\"widget\" data-widget_type=\"text-editor.default\">\n\t\t\t\t<div class=\"elementor-widget-container\">\n\t\t\t\t\t\t\t<p><!-- wp:paragraph --><\/p><p><b>Compet\u00eancia<\/b><\/p><p><!-- \/wp:paragraph --> <!-- wp:paragraph --><\/p><p><!-- wp:paragraph --><\/p><p><strong>IV \u2013DEPARTAMENTODE CONTROLE INTERNO(DECIN)<\/strong><\/p><p><!-- \/wp:paragraph --> <!-- wp:paragraph --><\/p><p>Compete ao DECIN:<\/p><p><!-- \/wp:paragraph --> <!-- wp:paragraph --><\/p><p>a) realizar acompanhamento, levantamento e auditorias internas, com vistas a verificar a legalidade e legitimidade dos atos de gest\u00e3o dos respons\u00e1veis pela execu\u00e7\u00e3o or\u00e7ament\u00e1ria, financeira e patrimonial da C\u00e2mara Municipal de Curion\u00f3polis e avaliar seus resultados quanto \u00e0 economicidade, efici\u00eancia e efic\u00e1cia;<\/p><p><!-- \/wp:paragraph --> <!-- wp:paragraph --><\/p><p>b) avaliar o cumprimento das metas previstas no Plano Plurianual do Munic\u00edpio de Marab\u00e1 e na Lei de Diretrizes Or\u00e7ament\u00e1rias e no Or\u00e7amento Anual;<\/p><p><!-- \/wp:paragraph --> <!-- wp:paragraph --><\/p><p>c) avaliar e assinar os relat\u00f3rios de gest\u00e3o fiscal emitidos pela C\u00e2mara;<\/p><p><!-- \/wp:paragraph --> <!-- wp:paragraph --><\/p><p>d) certificar, na presta\u00e7\u00e3o de contas da C\u00e2mara, a gest\u00e3o dos respons\u00e1veis por bens e er\u00e1rios;<\/p><p><!-- \/wp:paragraph --> <!-- wp:paragraph --><\/p><p>e) orientar os gestores da administra\u00e7\u00e3o da C\u00e2mara no desempenho de suas fun\u00e7\u00f5es e responsabilidades;<\/p><p><!-- \/wp:paragraph --> <!-- wp:paragraph --><\/p><p>f) elaborar e submeter previamente ao Presidente da C\u00e2mara o plano anual de auditoria interna;<\/p><p><!-- \/wp:paragraph --> <!-- wp:paragraph --><\/p><p>g) emitir parecer quanto \u00e0 legalidade dos atos de admiss\u00e3o e exonera\u00e7\u00e3o de pessoal e dos atos de concess\u00e3o de di\u00e1rias a servidores e vereadores do Poder Legislativo;<\/p><p><!-- \/wp:paragraph --> <!-- wp:paragraph --><\/p><p>h) zelar pela qualidade e independ\u00eancia do sistema de controle interno;<\/p><p><!-- \/wp:paragraph --> <!-- wp:paragraph --><\/p><p>i) manter interc\u00e2mbio de dados e conhecimentos t\u00e9cnicos comunidades de controle interno de outros \u00f3rg\u00e3os da Administra\u00e7\u00e3o p\u00fablica;<\/p><p><!-- \/wp:paragraph --> <!-- wp:paragraph --><\/p><p>j) cientificar o Presidente da C\u00e2mara quando constatada ilegalidade ou irregularidades;<\/p><p><!-- \/wp:paragraph --> <!-- wp:paragraph --><\/p><p>k) executar os demais procedimentos inerentes \u00e0 sua finalidade; e<\/p><p><!-- \/wp:paragraph --> <!-- wp:paragraph --><\/p><p>l) atender a consultas e prestar assist\u00eancia de car\u00e1ter t\u00e9cnico ao Gabinete da Presid\u00eancia, Departamentos e Assessorias da C\u00e2mara Municipal, no desempenho de suas fun\u00e7\u00f5es e responsabilidades.<\/p><p><!-- \/wp:paragraph --><\/p><p><!-- \/wp:paragraph --><\/p>\t\t\t\t\t\t<\/div>\n\t\t\t\t<\/div>\n\t\t\t\t\t<\/div>\n\t\t<\/div>\n\t\t\t\t\t\t\t<\/div>\n\t\t<\/section>\n\t\t\t\t\t\t\t<\/div>\n\t\t","protected":false},"excerpt":{"rendered":"<p>Respons\u00e1vel: &nbsp;LAURA CAROLINA OLIVEIRA PINTO NASCIMENTO Endere\u00e7o: AV. BRASIL N. 235 Email: controleinterno@cmcurionopolis.pa.gov.br Compet\u00eancia IV \u2013DEPARTAMENTODE CONTROLE INTERNO(DECIN) Compete ao DECIN: a) realizar acompanhamento, levantamento e auditorias internas, com vistas [&hellip;]<\/p>\n","protected":false},"author":1,"featured_media":0,"parent":0,"menu_order":0,"comment_status":"closed","ping_status":"closed","template":"","meta":[],"_links":{"self":[{"href":"https:\/\/cmcurionopolis.pa.gov.br\/index.php\/wp-json\/wp\/v2\/pages\/2793"}],"collection":[{"href":"https:\/\/cmcurionopolis.pa.gov.br\/index.php\/wp-json\/wp\/v2\/pages"}],"about":[{"href":"https:\/\/cmcurionopolis.pa.gov.br\/index.php\/wp-json\/wp\/v2\/types\/page"}],"author":[{"embeddable":true,"href":"https:\/\/cmcurionopolis.pa.gov.br\/index.php\/wp-json\/wp\/v2\/users\/1"}],"replies":[{"embeddable":true,"href":"https:\/\/cmcurionopolis.pa.gov.br\/index.php\/wp-json\/wp\/v2\/comments?post=2793"}],"version-history":[{"count":10,"href":"https:\/\/cmcurionopolis.pa.gov.br\/index.php\/wp-json\/wp\/v2\/pages\/2793\/revisions"}],"predecessor-version":[{"id":4889,"href":"https:\/\/cmcurionopolis.pa.gov.br\/index.php\/wp-json\/wp\/v2\/pages\/2793\/revisions\/4889"}],"wp:attachment":[{"href":"https:\/\/cmcurionopolis.pa.gov.br\/index.php\/wp-json\/wp\/v2\/media?parent=2793"}],"curies":[{"name":"wp","href":"https:\/\/api.w.org\/{rel}","templated":true}]}}