{"id":2801,"date":"2022-05-13T16:30:25","date_gmt":"2022-05-13T19:30:25","guid":{"rendered":"https:\/\/cmcurionopolis.pa.gov.br\/?page_id=2801"},"modified":"2023-07-27T19:16:58","modified_gmt":"2023-07-27T22:16:58","slug":"departamento-financeiro","status":"publish","type":"page","link":"https:\/\/cmcurionopolis.pa.gov.br\/index.php\/departamento-financeiro\/","title":{"rendered":"Departamento financeiro"},"content":{"rendered":"\t\t<div data-elementor-type=\"wp-page\" data-elementor-id=\"2801\" class=\"elementor elementor-2801\">\n\t\t\t\t\t\t\t\t\t<section data-particle_enable=\"false\" data-particle-mobile-disabled=\"false\" class=\"elementor-section elementor-top-section elementor-element elementor-element-4ca67dd1 elementor-section-boxed elementor-section-height-default elementor-section-height-default\" data-id=\"4ca67dd1\" data-element_type=\"section\">\n\t\t\t\t\t\t<div class=\"elementor-container elementor-column-gap-default\">\n\t\t\t\t\t<div class=\"elementor-column elementor-col-50 elementor-top-column elementor-element elementor-element-6ee474cd\" data-id=\"6ee474cd\" data-element_type=\"column\">\n\t\t\t<div class=\"elementor-widget-wrap elementor-element-populated\">\n\t\t\t\t\t\t\t\t<div class=\"elementor-element elementor-element-c99cad6 elementor-widget elementor-widget-image\" data-id=\"c99cad6\" data-element_type=\"widget\" data-widget_type=\"image.default\">\n\t\t\t\t<div class=\"elementor-widget-container\">\n\t\t\t\t\t\t\t\t\t\t\t\t\t\t\t<img decoding=\"async\" width=\"457\" height=\"306\" src=\"https:\/\/cmcurionopolis.pa.gov.br\/wp-content\/uploads\/2022\/05\/Brasao_curionopolis.jpg\" class=\"attachment-meccarouselthumb size-meccarouselthumb\" alt=\"\" loading=\"lazy\" srcset=\"https:\/\/cmcurionopolis.pa.gov.br\/wp-content\/uploads\/2022\/05\/Brasao_curionopolis.jpg 457w, https:\/\/cmcurionopolis.pa.gov.br\/wp-content\/uploads\/2022\/05\/Brasao_curionopolis-300x201.jpg 300w, https:\/\/cmcurionopolis.pa.gov.br\/wp-content\/uploads\/2022\/05\/Brasao_curionopolis-50x33.jpg 50w, https:\/\/cmcurionopolis.pa.gov.br\/wp-content\/uploads\/2022\/05\/Brasao_curionopolis-100x67.jpg 100w\" sizes=\"(max-width: 457px) 100vw, 457px\" \/>\t\t\t\t\t\t\t\t\t\t\t\t\t\t\t<\/div>\n\t\t\t\t<\/div>\n\t\t\t\t\t<\/div>\n\t\t<\/div>\n\t\t\t\t<div class=\"elementor-column elementor-col-50 elementor-top-column elementor-element elementor-element-6df9e1\" data-id=\"6df9e1\" data-element_type=\"column\">\n\t\t\t<div class=\"elementor-widget-wrap elementor-element-populated\">\n\t\t\t\t\t\t\t\t<div class=\"elementor-element elementor-element-5e5b21e9 elementor-position-left elementor-view-default elementor-mobile-position-top elementor-vertical-align-top elementor-widget elementor-widget-icon-box\" data-id=\"5e5b21e9\" data-element_type=\"widget\" data-widget_type=\"icon-box.default\">\n\t\t\t\t<div class=\"elementor-widget-container\">\n\t\t\t\t\t<div class=\"elementor-icon-box-wrapper\">\n\t\t\t\t\t\t<div class=\"elementor-icon-box-icon\">\n\t\t\t\t<span class=\"elementor-icon elementor-animation-\" >\n\t\t\t\t<i aria-hidden=\"true\" class=\"fas fa-street-view\"><\/i>\t\t\t\t<\/span>\n\t\t\t<\/div>\n\t\t\t\t\t\t<div class=\"elementor-icon-box-content\">\n\t\t\t\t<h6 class=\"elementor-icon-box-title\">\n\t\t\t\t\t<span  >\n\t\t\t\t\t\tRespons\u00e1vel:\t\t\t\t\t<\/span>\n\t\t\t\t<\/h6>\n\t\t\t\t\t\t\t\t\t<p class=\"elementor-icon-box-description\">\n\t\t\t\t\t\t<span style=\"white-space: normal;\">&nbsp;<\/span><span style=\"font-weight: bolder; white-space: normal;\">ANA LUCIA HONORATO DE SOUSA<\/span>\t\t\t\t\t<\/p>\n\t\t\t\t\t\t\t<\/div>\n\t\t<\/div>\n\t\t\t\t<\/div>\n\t\t\t\t<\/div>\n\t\t\t\t<div class=\"elementor-element elementor-element-45591b5e elementor-position-left elementor-view-default elementor-mobile-position-top elementor-vertical-align-top elementor-widget elementor-widget-icon-box\" data-id=\"45591b5e\" data-element_type=\"widget\" data-widget_type=\"icon-box.default\">\n\t\t\t\t<div class=\"elementor-widget-container\">\n\t\t\t\t\t<div class=\"elementor-icon-box-wrapper\">\n\t\t\t\t\t\t<div class=\"elementor-icon-box-icon\">\n\t\t\t\t<span class=\"elementor-icon elementor-animation-\" >\n\t\t\t\t<i aria-hidden=\"true\" class=\"fas fa-map-marked-alt\"><\/i>\t\t\t\t<\/span>\n\t\t\t<\/div>\n\t\t\t\t\t\t<div class=\"elementor-icon-box-content\">\n\t\t\t\t<h6 class=\"elementor-icon-box-title\">\n\t\t\t\t\t<span  >\n\t\t\t\t\t\tEndere\u00e7o:\t\t\t\t\t<\/span>\n\t\t\t\t<\/h6>\n\t\t\t\t\t\t\t\t\t<p class=\"elementor-icon-box-description\">\n\t\t\t\t\t\tAV BRASIL N. 235 \t\t\t\t\t<\/p>\n\t\t\t\t\t\t\t<\/div>\n\t\t<\/div>\n\t\t\t\t<\/div>\n\t\t\t\t<\/div>\n\t\t\t\t<div class=\"elementor-element elementor-element-940795c elementor-position-left elementor-view-default elementor-mobile-position-top elementor-vertical-align-top elementor-widget elementor-widget-icon-box\" data-id=\"940795c\" data-element_type=\"widget\" data-widget_type=\"icon-box.default\">\n\t\t\t\t<div class=\"elementor-widget-container\">\n\t\t\t\t\t<div class=\"elementor-icon-box-wrapper\">\n\t\t\t\t\t\t<div class=\"elementor-icon-box-icon\">\n\t\t\t\t<span class=\"elementor-icon elementor-animation-\" >\n\t\t\t\t<i aria-hidden=\"true\" class=\"far fa-envelope\"><\/i>\t\t\t\t<\/span>\n\t\t\t<\/div>\n\t\t\t\t\t\t<div class=\"elementor-icon-box-content\">\n\t\t\t\t<h6 class=\"elementor-icon-box-title\">\n\t\t\t\t\t<span  >\n\t\t\t\t\t\tEMAIL:\t\t\t\t\t<\/span>\n\t\t\t\t<\/h6>\n\t\t\t\t\t\t\t\t\t<p class=\"elementor-icon-box-description\">\n\t\t\t\t\t\tfinanceiro@cmcurionopolis.pa.gov.br\t\t\t\t\t<\/p>\n\t\t\t\t\t\t\t<\/div>\n\t\t<\/div>\n\t\t\t\t<\/div>\n\t\t\t\t<\/div>\n\t\t\t\t\t<\/div>\n\t\t<\/div>\n\t\t\t\t\t\t\t<\/div>\n\t\t<\/section>\n\t\t\t\t<section data-particle_enable=\"false\" data-particle-mobile-disabled=\"false\" class=\"elementor-section elementor-top-section elementor-element elementor-element-45af210 elementor-section-boxed elementor-section-height-default elementor-section-height-default\" data-id=\"45af210\" data-element_type=\"section\">\n\t\t\t\t\t\t<div class=\"elementor-container elementor-column-gap-default\">\n\t\t\t\t\t<div class=\"elementor-column elementor-col-100 elementor-top-column elementor-element elementor-element-309af3\" data-id=\"309af3\" data-element_type=\"column\">\n\t\t\t<div class=\"elementor-widget-wrap elementor-element-populated\">\n\t\t\t\t\t\t\t\t<div class=\"elementor-element elementor-element-6abdbd34 elementor-widget elementor-widget-text-editor\" data-id=\"6abdbd34\" data-element_type=\"widget\" data-widget_type=\"text-editor.default\">\n\t\t\t\t<div class=\"elementor-widget-container\">\n\t\t\t\t\t\t\t<p><!-- wp:paragraph --><\/p><p><b>Compet\u00eancia<\/b><\/p><p><!-- \/wp:paragraph --> <!-- wp:paragraph --><\/p><p><!-- wp:paragraph --><\/p><p><strong>DEPARTAMENTO FINANCEIRO(DEFIN)<\/strong><\/p><p><!-- \/wp:paragraph --><!-- wp:paragraph --><\/p><p>Compete ao DEFIN:<\/p><p><!-- \/wp:paragraph --><!-- wp:paragraph --><\/p><p>a) elaborar, dentroda programa\u00e7\u00e3ode desembolsofinanceiro, a rela\u00e7\u00e3odos recursos a seremtransferidos doExecutivo para a C\u00e2mara;<\/p><p><!-- \/wp:paragraph --><!-- wp:paragraph --><\/p><p>b) receber, registrar e controlaronumer\u00e1rio transferidopeloExecutivo, mantendo-oemconta correntebanc\u00e1ria;<\/p><p><!-- \/wp:paragraph --><!-- wp:paragraph --><\/p><p>c) efetuaropagamentodas despesas,emitindoos empenhose as ordensde pagamento, e controlar osaldodas dota\u00e7\u00f5es or\u00e7ament\u00e1rias e banc\u00e1rio;<\/p><p><!-- \/wp:paragraph --><!-- wp:paragraph --><\/p><p>d) efetuarolan\u00e7amentoeexercerocontrole cont\u00e1bildas varia\u00e7\u00f5es de dota\u00e7\u00f5es or\u00e7ament\u00e1rias, dasdespesas edos demais atos sujeitos \u00e0 contabiliza\u00e7\u00e3o;<\/p><p><!-- \/wp:paragraph --><!-- wp:paragraph --><\/p><p>e)elaborare exercer o controle da execu\u00e7\u00e3o door\u00e7amento da C\u00e2mara;<\/p><p><!-- \/wp:paragraph --><!-- wp:paragraph --><\/p><p>f) propor a abertura de cr\u00e9ditos adicionais suplementares ou especiais;<\/p><p><!-- \/wp:paragraph --><!-- wp:paragraph --><\/p><p>g) elaborar os demonstrativos mensais, os balancetes, os balan\u00e7os e a presta\u00e7\u00e3ode contas da C\u00e2mara;e<\/p><p><!-- \/wp:paragraph --><!-- wp:paragraph --><\/p><p>h) elaborar relat\u00f3rios de gest\u00e3o fiscalem conjuntocomoDepartamento de Controle Interno.<\/p><p><!-- \/wp:paragraph --><\/p>\t\t\t\t\t\t<\/div>\n\t\t\t\t<\/div>\n\t\t\t\t\t<\/div>\n\t\t<\/div>\n\t\t\t\t\t\t\t<\/div>\n\t\t<\/section>\n\t\t\t\t\t\t\t<\/div>\n\t\t","protected":false},"excerpt":{"rendered":"<p>Respons\u00e1vel: &nbsp;ANA LUCIA HONORATO DE SOUSA Endere\u00e7o: AV BRASIL N. 235 EMAIL: financeiro@cmcurionopolis.pa.gov.br Compet\u00eancia DEPARTAMENTO FINANCEIRO(DEFIN) Compete ao DEFIN: a) elaborar, dentroda programa\u00e7\u00e3ode desembolsofinanceiro, a rela\u00e7\u00e3odos recursos a seremtransferidos doExecutivo [&hellip;]<\/p>\n","protected":false},"author":1,"featured_media":0,"parent":0,"menu_order":0,"comment_status":"closed","ping_status":"closed","template":"","meta":[],"_links":{"self":[{"href":"https:\/\/cmcurionopolis.pa.gov.br\/index.php\/wp-json\/wp\/v2\/pages\/2801"}],"collection":[{"href":"https:\/\/cmcurionopolis.pa.gov.br\/index.php\/wp-json\/wp\/v2\/pages"}],"about":[{"href":"https:\/\/cmcurionopolis.pa.gov.br\/index.php\/wp-json\/wp\/v2\/types\/page"}],"author":[{"embeddable":true,"href":"https:\/\/cmcurionopolis.pa.gov.br\/index.php\/wp-json\/wp\/v2\/users\/1"}],"replies":[{"embeddable":true,"href":"https:\/\/cmcurionopolis.pa.gov.br\/index.php\/wp-json\/wp\/v2\/comments?post=2801"}],"version-history":[{"count":10,"href":"https:\/\/cmcurionopolis.pa.gov.br\/index.php\/wp-json\/wp\/v2\/pages\/2801\/revisions"}],"predecessor-version":[{"id":4892,"href":"https:\/\/cmcurionopolis.pa.gov.br\/index.php\/wp-json\/wp\/v2\/pages\/2801\/revisions\/4892"}],"wp:attachment":[{"href":"https:\/\/cmcurionopolis.pa.gov.br\/index.php\/wp-json\/wp\/v2\/media?parent=2801"}],"curies":[{"name":"wp","href":"https:\/\/api.w.org\/{rel}","templated":true}]}}