{"id":2817,"date":"2022-05-13T16:36:49","date_gmt":"2022-05-13T19:36:49","guid":{"rendered":"https:\/\/cmcurionopolis.pa.gov.br\/?page_id=2817"},"modified":"2023-07-27T19:18:07","modified_gmt":"2023-07-27T22:18:07","slug":"departamento-legislativo","status":"publish","type":"page","link":"https:\/\/cmcurionopolis.pa.gov.br\/index.php\/departamento-legislativo\/","title":{"rendered":"Departamento legislativo"},"content":{"rendered":"\t\t<div data-elementor-type=\"wp-page\" data-elementor-id=\"2817\" class=\"elementor elementor-2817\">\n\t\t\t\t\t\t\t\t\t<section data-particle_enable=\"false\" data-particle-mobile-disabled=\"false\" class=\"elementor-section elementor-top-section elementor-element elementor-element-707a5342 elementor-section-boxed elementor-section-height-default elementor-section-height-default\" data-id=\"707a5342\" data-element_type=\"section\">\n\t\t\t\t\t\t<div class=\"elementor-container elementor-column-gap-default\">\n\t\t\t\t\t<div class=\"elementor-column elementor-col-50 elementor-top-column elementor-element elementor-element-27f3e392\" data-id=\"27f3e392\" data-element_type=\"column\">\n\t\t\t<div class=\"elementor-widget-wrap elementor-element-populated\">\n\t\t\t\t\t\t\t\t<div class=\"elementor-element elementor-element-46442abd elementor-widget elementor-widget-image\" data-id=\"46442abd\" data-element_type=\"widget\" data-widget_type=\"image.default\">\n\t\t\t\t<div class=\"elementor-widget-container\">\n\t\t\t\t\t\t\t\t\t\t\t\t\t\t\t<img decoding=\"async\" width=\"457\" height=\"306\" src=\"https:\/\/cmcurionopolis.pa.gov.br\/wp-content\/uploads\/2022\/05\/Brasao_curionopolis.jpg\" class=\"attachment-meccarouselthumb size-meccarouselthumb\" alt=\"\" loading=\"lazy\" srcset=\"https:\/\/cmcurionopolis.pa.gov.br\/wp-content\/uploads\/2022\/05\/Brasao_curionopolis.jpg 457w, https:\/\/cmcurionopolis.pa.gov.br\/wp-content\/uploads\/2022\/05\/Brasao_curionopolis-300x201.jpg 300w, https:\/\/cmcurionopolis.pa.gov.br\/wp-content\/uploads\/2022\/05\/Brasao_curionopolis-50x33.jpg 50w, https:\/\/cmcurionopolis.pa.gov.br\/wp-content\/uploads\/2022\/05\/Brasao_curionopolis-100x67.jpg 100w\" sizes=\"(max-width: 457px) 100vw, 457px\" \/>\t\t\t\t\t\t\t\t\t\t\t\t\t\t\t<\/div>\n\t\t\t\t<\/div>\n\t\t\t\t\t<\/div>\n\t\t<\/div>\n\t\t\t\t<div class=\"elementor-column elementor-col-50 elementor-top-column elementor-element elementor-element-5a221564\" data-id=\"5a221564\" data-element_type=\"column\">\n\t\t\t<div class=\"elementor-widget-wrap elementor-element-populated\">\n\t\t\t\t\t\t\t\t<div class=\"elementor-element elementor-element-41859cf9 elementor-position-left elementor-view-default elementor-mobile-position-top elementor-vertical-align-top elementor-widget elementor-widget-icon-box\" data-id=\"41859cf9\" data-element_type=\"widget\" data-widget_type=\"icon-box.default\">\n\t\t\t\t<div class=\"elementor-widget-container\">\n\t\t\t\t\t<div class=\"elementor-icon-box-wrapper\">\n\t\t\t\t\t\t<div class=\"elementor-icon-box-icon\">\n\t\t\t\t<span class=\"elementor-icon elementor-animation-\" >\n\t\t\t\t<i aria-hidden=\"true\" class=\"fas fa-street-view\"><\/i>\t\t\t\t<\/span>\n\t\t\t<\/div>\n\t\t\t\t\t\t<div class=\"elementor-icon-box-content\">\n\t\t\t\t<h6 class=\"elementor-icon-box-title\">\n\t\t\t\t\t<span  >\n\t\t\t\t\t\tRespons\u00e1vel:\t\t\t\t\t<\/span>\n\t\t\t\t<\/h6>\n\t\t\t\t\t\t\t\t\t<p class=\"elementor-icon-box-description\">\n\t\t\t\t\t\t<span style=\"font-weight: bolder; white-space: normal;\">JOS\u00c9 VANDERLEI BARBOSA<\/span>\t\t\t\t\t<\/p>\n\t\t\t\t\t\t\t<\/div>\n\t\t<\/div>\n\t\t\t\t<\/div>\n\t\t\t\t<\/div>\n\t\t\t\t<div class=\"elementor-element elementor-element-2ff67296 elementor-position-left elementor-view-default elementor-mobile-position-top elementor-vertical-align-top elementor-widget elementor-widget-icon-box\" data-id=\"2ff67296\" data-element_type=\"widget\" data-widget_type=\"icon-box.default\">\n\t\t\t\t<div class=\"elementor-widget-container\">\n\t\t\t\t\t<div class=\"elementor-icon-box-wrapper\">\n\t\t\t\t\t\t<div class=\"elementor-icon-box-icon\">\n\t\t\t\t<span class=\"elementor-icon elementor-animation-\" >\n\t\t\t\t<i aria-hidden=\"true\" class=\"fas fa-map-marked-alt\"><\/i>\t\t\t\t<\/span>\n\t\t\t<\/div>\n\t\t\t\t\t\t<div class=\"elementor-icon-box-content\">\n\t\t\t\t<h6 class=\"elementor-icon-box-title\">\n\t\t\t\t\t<span  >\n\t\t\t\t\t\tEndere\u00e7o:\t\t\t\t\t<\/span>\n\t\t\t\t<\/h6>\n\t\t\t\t\t\t\t\t\t<p class=\"elementor-icon-box-description\">\n\t\t\t\t\t\tAV. BRASIL N. 235\t\t\t\t\t<\/p>\n\t\t\t\t\t\t\t<\/div>\n\t\t<\/div>\n\t\t\t\t<\/div>\n\t\t\t\t<\/div>\n\t\t\t\t<div class=\"elementor-element elementor-element-64e7726 elementor-position-left elementor-view-default elementor-mobile-position-top elementor-vertical-align-top elementor-widget elementor-widget-icon-box\" data-id=\"64e7726\" data-element_type=\"widget\" data-widget_type=\"icon-box.default\">\n\t\t\t\t<div class=\"elementor-widget-container\">\n\t\t\t\t\t<div class=\"elementor-icon-box-wrapper\">\n\t\t\t\t\t\t<div class=\"elementor-icon-box-icon\">\n\t\t\t\t<span class=\"elementor-icon elementor-animation-\" >\n\t\t\t\t<i aria-hidden=\"true\" class=\"fas fa-map-marked-alt\"><\/i>\t\t\t\t<\/span>\n\t\t\t<\/div>\n\t\t\t\t\t\t<div class=\"elementor-icon-box-content\">\n\t\t\t\t<h6 class=\"elementor-icon-box-title\">\n\t\t\t\t\t<span  >\n\t\t\t\t\t\tEMAIL\t\t\t\t\t<\/span>\n\t\t\t\t<\/h6>\n\t\t\t\t\t\t\t\t\t<p class=\"elementor-icon-box-description\">\n\t\t\t\t\t\tDepartamentoLegislativo@cmcurionopolis.pa.gov.br\t\t\t\t\t<\/p>\n\t\t\t\t\t\t\t<\/div>\n\t\t<\/div>\n\t\t\t\t<\/div>\n\t\t\t\t<\/div>\n\t\t\t\t\t<\/div>\n\t\t<\/div>\n\t\t\t\t\t\t\t<\/div>\n\t\t<\/section>\n\t\t\t\t<section data-particle_enable=\"false\" data-particle-mobile-disabled=\"false\" class=\"elementor-section elementor-top-section elementor-element elementor-element-3228d554 elementor-section-boxed elementor-section-height-default elementor-section-height-default\" data-id=\"3228d554\" data-element_type=\"section\">\n\t\t\t\t\t\t<div class=\"elementor-container elementor-column-gap-default\">\n\t\t\t\t\t<div class=\"elementor-column elementor-col-100 elementor-top-column elementor-element elementor-element-61fe88d2\" data-id=\"61fe88d2\" data-element_type=\"column\">\n\t\t\t<div class=\"elementor-widget-wrap elementor-element-populated\">\n\t\t\t\t\t\t\t\t<div class=\"elementor-element elementor-element-3f249d7b elementor-widget elementor-widget-text-editor\" data-id=\"3f249d7b\" data-element_type=\"widget\" data-widget_type=\"text-editor.default\">\n\t\t\t\t<div class=\"elementor-widget-container\">\n\t\t\t\t\t\t\t<p><!-- wp:paragraph --><\/p>\n<p><b>Compet\u00eancia:<\/b><\/p><ul style=\"margin-bottom: 10px; color: rgb(51, 51, 51); font-family: &quot;Open Sans&quot;, sans-serif, Tahoma, Verdana, Arial; font-size: 14px;\"><li style=\"text-align: justify;\"><span style=\"font-size: 12px;\"><span style=\"font-family: verdana, geneva, sans-serif;\">Assistir \u00e0s reuni\u00f5es da C\u00e2mara e elaborar as respectivas Atas.<\/span><\/span><\/li><li style=\"text-align: justify;\"><span style=\"font-size: 12px;\"><span style=\"font-family: verdana, geneva, sans-serif;\">Atender aos Vereadores redigindo os materiais de expediente, tais como: Projetos de Lei, de Decretos Legislativos, de Resolu\u00e7\u00f5es, Requerimentos, Indica\u00e7\u00f5es e outras proposi\u00e7\u00f5es.<\/span><\/span><\/li><li style=\"text-align: justify;\"><span style=\"font-size: 12px;\"><span style=\"font-family: verdana, geneva, sans-serif;\">Executar procedimentos administrativos, sob a orienta\u00e7\u00e3o da chefia imediata.<\/span><\/span><\/li><li style=\"text-align: justify;\"><span style=\"font-size: 12px;\"><span style=\"font-family: verdana, geneva, sans-serif;\">Efetuar o registro de leis, decretos e portarias e outros atos.<\/span><\/span><\/li><li style=\"text-align: justify;\"><span style=\"font-size: 12px;\"><span style=\"font-family: verdana, geneva, sans-serif;\">Arquivar c\u00f3pia de documentos emitidos, colocando-os em pastas apropriadas para eventuais consultas e levantamento de informa\u00e7\u00f5es.<\/span><\/span><\/li><li style=\"text-align: justify;\"><span style=\"font-size: 12px;\"><span style=\"font-family: verdana, geneva, sans-serif;\">Auxiliar na elabora\u00e7\u00e3o de relat\u00f3rios e\/ou mapas estat\u00edsticos das atividades desenvolvidas pelo \u00f3rg\u00e3o.<\/span><\/span><\/li><li style=\"text-align: justify;\"><span style=\"font-size: 12px;\"><span style=\"font-family: verdana, geneva, sans-serif;\">Auxiliar na recep\u00e7\u00e3o ao p\u00fablico, efetuando a triagem para encaminhamento ao Presidente.<\/span><\/span><\/li><li style=\"text-align: justify;\"><span style=\"font-size: 12px;\"><span style=\"font-family: verdana, geneva, sans-serif;\">Executar planilhas, relat\u00f3rios e reda\u00e7\u00e3o de textos no computador.<\/span><\/span><\/li><li style=\"text-align: justify;\"><span style=\"font-size: 12px;\"><span style=\"font-family: verdana, geneva, sans-serif;\">Manusear os registros de leis, quando necess\u00e1rio.<\/span><\/span><\/li><li style=\"text-align: justify;\"><span style=\"font-size: 12px;\"><span style=\"font-family: verdana, geneva, sans-serif;\">Executar servi\u00e7os de digita\u00e7\u00e3o.<\/span><\/span><\/li><li style=\"text-align: justify;\"><span style=\"font-size: 12px;\"><span style=\"font-family: verdana, geneva, sans-serif;\">Executar os servi\u00e7os de reprodu\u00e7\u00e3o de documentos.<\/span><\/span><\/li><li style=\"text-align: justify;\"><span style=\"font-size: 12px;\"><span style=\"font-family: verdana, geneva, sans-serif;\">Atender e prestar informa\u00e7\u00f5es ao p\u00fablico nos assuntos referentes \u00e0 sua \u00e1rea de sua atua\u00e7\u00e3o.<\/span><\/span><\/li><li style=\"text-align: justify;\"><span style=\"font-size: 12px;\"><span style=\"font-family: verdana, geneva, sans-serif;\">Auxiliar na execu\u00e7\u00e3o dos servi\u00e7os administrativos de menor complexidade.<\/span><\/span><\/li><li style=\"text-align: justify;\"><span style=\"font-size: 12px;\"><span style=\"font-family: verdana, geneva, sans-serif;\">Controlar documentos e correspond\u00eancias recebidas e expedidas procedendo ao arquivamento ao final.<\/span><\/span><\/li><li style=\"text-align: justify;\"><span style=\"font-size: 12px;\"><span style=\"font-family: verdana, geneva, sans-serif;\">Auxiliar as Comiss\u00f5es Permanentes ou Tempor\u00e1rias no desempenho de suas fun\u00e7\u00f5es.<\/span><\/span><\/li><li style=\"text-align: justify;\"><span style=\"font-size: 12px;\"><span style=\"font-family: verdana, geneva, sans-serif;\">Solicitar aquisi\u00e7\u00e3o de material de consumo quando necess\u00e1rio.<\/span><\/span><\/li><li style=\"text-align: justify;\"><span style=\"font-size: 12px;\"><span style=\"font-family: verdana, geneva, sans-serif;\">Adotar as provid\u00eancias solicitadas pelos Vereadores ou determinadas pela Presid\u00eancia ou Diretoria Geral da C\u00e2mara junto \u00e0s reparti\u00e7\u00f5es p\u00fablicas municipais, estaduais e federais e apresentar os resultados obtidos.<\/span><\/span><\/li><li style=\"text-align: justify;\"><span style=\"font-size: 12px;\"><span style=\"font-family: verdana, geneva, sans-serif;\">Elaborar formul\u00e1rios pr\u00f3prios para controle de presen\u00e7a, inscri\u00e7\u00e3o de oradores, uso da tribuna livre, dentre outros.<\/span><\/span><\/li><li style=\"text-align: justify;\"><span style=\"font-size: 12px;\"><span style=\"font-family: verdana, geneva, sans-serif;\">Redigir a correspond\u00eancia oficial do Presidente e demais Vereadores.<\/span><\/span><\/li><li style=\"text-align: justify;\"><span style=\"font-size: 12px;\"><span style=\"font-family: verdana, geneva, sans-serif;\">Providenciar consultas junto a \u00f3rg\u00e3os competentes quanto a pesquisas sobre aspectos legislativos, sob o controle da Diretoria Geral.<\/span><\/span><\/li><li style=\"text-align: justify;\"><span style=\"font-size: 12px;\"><span style=\"font-family: verdana, geneva, sans-serif;\">Fazer o acompanhamento dos prazos de tramita\u00e7\u00e3o das proposi\u00e7\u00f5es, san\u00e7\u00e3o, publica\u00e7\u00e3o dos atos legais, respostas a pedidos de informa\u00e7\u00e3o, sob coordena\u00e7\u00e3o da Diretoria Geral.<\/span><\/span><\/li><li style=\"text-align: justify;\"><span style=\"font-size: 12px;\"><span style=\"font-family: verdana, geneva, sans-serif;\">Participar da elabora\u00e7\u00e3o da proposta or\u00e7ament\u00e1ria anual da C\u00e2mara Municipal, sob coordena\u00e7\u00e3o da Diretoria Geral.<\/span><\/span><\/li><li style=\"text-align: justify;\"><span style=\"font-size: 12px;\"><span style=\"font-family: verdana, geneva, sans-serif;\">Marcar entrevistas e reuni\u00f5es previamente determinadas pelo Presidente da C\u00e2mara.<\/span><\/span><\/li><li style=\"text-align: justify;\"><span style=\"font-size: 12px;\"><span style=\"font-family: verdana, geneva, sans-serif;\">Proceder \u00e0 instru\u00e7\u00e3o e organiza\u00e7\u00e3o dos processos administrativos envolvendo assuntos pertinentes \u00e0 C\u00e2mara, sob coordena\u00e7\u00e3o da Diretoria Geral.<\/span><\/span><\/li><li style=\"text-align: justify;\"><span style=\"font-size: 12px;\"><span style=\"font-family: verdana, geneva, sans-serif;\">Elaborar as pautas (roteiro) do Presidente nas sess\u00f5es ordin\u00e1rias, extraordin\u00e1rias e solenes.<\/span><\/span><\/li><li style=\"text-align: justify;\"><span style=\"font-size: 12px;\"><span style=\"font-family: verdana, geneva, sans-serif;\">Receber e conferir o material de consumo, equipamentos e material permanente adquirido pela C\u00e2mara.<\/span><\/span><\/li><li style=\"text-align: justify;\"><span style=\"font-size: 12px;\"><span style=\"font-family: verdana, geneva, sans-serif;\">Proceder \u00e0 etiqueta\u00e7\u00e3o dos m\u00f3veis e equipamentos de uso da C\u00e2mara.<\/span><\/span><\/li><li style=\"text-align: justify;\"><span style=\"font-size: 12px;\"><span style=\"font-family: verdana, geneva, sans-serif;\">Realizar, em conjunto da competente comiss\u00e3o, invent\u00e1rio dos m\u00f3veis e equipamentos, mantendo cadastro informatizado devidamente atualizado, inclusive com c\u00e1lculo de deprecia\u00e7\u00e3o.<\/span><\/span><\/li><li style=\"text-align: justify;\"><span style=\"font-size: 12px;\"><span style=\"font-family: verdana, geneva, sans-serif;\">Controlar a execu\u00e7\u00e3o dos servi\u00e7os de recebimento, confer\u00eancia, guardar, conserva\u00e7\u00e3o e distribui\u00e7\u00e3o de material.<\/span><\/span><\/li><li style=\"text-align: justify;\"><span style=\"font-size: 12px;\"><span style=\"font-family: verdana, geneva, sans-serif;\">Auxiliar na execu\u00e7\u00e3o de servi\u00e7os de reprodu\u00e7\u00e3o de documentos.<\/span><\/span><\/li><li style=\"text-align: justify;\"><span style=\"font-size: 12px;\"><span style=\"font-family: verdana, geneva, sans-serif;\">Ler, selecionar, registrar e arquivar quando forem o caso, sob orienta\u00e7\u00e3o da Diretoria Geral, publica\u00e7\u00f5es de interesse da C\u00e2mara.<\/span><\/span><\/li><li style=\"text-align: justify;\"><span style=\"font-size: 12px;\"><span style=\"font-family: verdana, geneva, sans-serif;\">Executar os servi\u00e7os relacionados com a organiza\u00e7\u00e3o e manuten\u00e7\u00e3o do almoxarifado da C\u00e2mara.<\/span><\/span><\/li><li style=\"text-align: justify;\"><span style=\"font-size: 12px;\"><span style=\"font-family: verdana, geneva, sans-serif;\">Executar servi\u00e7os de protocolo.<\/span><\/span><\/li><li style=\"text-align: justify;\"><span style=\"font-size: 12px;\"><span style=\"font-family: verdana, geneva, sans-serif;\">Executar outras tarefas correlatas.<\/span><\/span><\/li><li><\/li><\/ul>\n<p><!-- \/wp:paragraph --> <!-- wp:paragraph --><\/p>\n<p><\/p>\n<p><!-- \/wp:paragraph --><\/p>\t\t\t\t\t\t<\/div>\n\t\t\t\t<\/div>\n\t\t\t\t\t<\/div>\n\t\t<\/div>\n\t\t\t\t\t\t\t<\/div>\n\t\t<\/section>\n\t\t\t\t\t\t\t<\/div>\n\t\t","protected":false},"excerpt":{"rendered":"<p>Respons\u00e1vel: JOS\u00c9 VANDERLEI BARBOSA Endere\u00e7o: AV. BRASIL N. 235 EMAIL DepartamentoLegislativo@cmcurionopolis.pa.gov.br Compet\u00eancia: Assistir \u00e0s reuni\u00f5es da C\u00e2mara e elaborar as respectivas Atas. Atender aos Vereadores redigindo os materiais de expediente, [&hellip;]<\/p>\n","protected":false},"author":1,"featured_media":0,"parent":0,"menu_order":0,"comment_status":"closed","ping_status":"closed","template":"","meta":[],"_links":{"self":[{"href":"https:\/\/cmcurionopolis.pa.gov.br\/index.php\/wp-json\/wp\/v2\/pages\/2817"}],"collection":[{"href":"https:\/\/cmcurionopolis.pa.gov.br\/index.php\/wp-json\/wp\/v2\/pages"}],"about":[{"href":"https:\/\/cmcurionopolis.pa.gov.br\/index.php\/wp-json\/wp\/v2\/types\/page"}],"author":[{"embeddable":true,"href":"https:\/\/cmcurionopolis.pa.gov.br\/index.php\/wp-json\/wp\/v2\/users\/1"}],"replies":[{"embeddable":true,"href":"https:\/\/cmcurionopolis.pa.gov.br\/index.php\/wp-json\/wp\/v2\/comments?post=2817"}],"version-history":[{"count":10,"href":"https:\/\/cmcurionopolis.pa.gov.br\/index.php\/wp-json\/wp\/v2\/pages\/2817\/revisions"}],"predecessor-version":[{"id":4895,"href":"https:\/\/cmcurionopolis.pa.gov.br\/index.php\/wp-json\/wp\/v2\/pages\/2817\/revisions\/4895"}],"wp:attachment":[{"href":"https:\/\/cmcurionopolis.pa.gov.br\/index.php\/wp-json\/wp\/v2\/media?parent=2817"}],"curies":[{"name":"wp","href":"https:\/\/api.w.org\/{rel}","templated":true}]}}