{"id":2830,"date":"2022-05-13T16:57:44","date_gmt":"2022-05-13T19:57:44","guid":{"rendered":"https:\/\/cmcurionopolis.pa.gov.br\/?page_id=2830"},"modified":"2022-07-27T13:21:01","modified_gmt":"2022-07-27T16:21:01","slug":"servico-de-informacao-ao-cidadao","status":"publish","type":"page","link":"https:\/\/cmcurionopolis.pa.gov.br\/index.php\/servico-de-informacao-ao-cidadao\/","title":{"rendered":"SERVI\u00c7O DE INFORMA\u00c7\u00c3O AO CIDAD\u00c3O"},"content":{"rendered":"\t\t<div data-elementor-type=\"wp-page\" data-elementor-id=\"2830\" class=\"elementor elementor-2830\">\n\t\t\t\t\t\t\t\t\t<section data-particle_enable=\"false\" data-particle-mobile-disabled=\"false\" class=\"elementor-section elementor-top-section elementor-element elementor-element-76d189ce elementor-section-boxed elementor-section-height-default elementor-section-height-default\" data-id=\"76d189ce\" data-element_type=\"section\">\n\t\t\t\t\t\t<div class=\"elementor-container elementor-column-gap-default\">\n\t\t\t\t\t<div class=\"elementor-column elementor-col-100 elementor-top-column elementor-element elementor-element-5dbd820c\" data-id=\"5dbd820c\" data-element_type=\"column\">\n\t\t\t<div class=\"elementor-widget-wrap elementor-element-populated\">\n\t\t\t\t\t\t\t\t<div class=\"elementor-element elementor-element-7f836924 elementor-widget elementor-widget-text-editor\" data-id=\"7f836924\" data-element_type=\"widget\" data-widget_type=\"text-editor.default\">\n\t\t\t\t<div class=\"elementor-widget-container\">\n\t\t\t\t\t\t\t<!-- wp:paragraph -->\n<p><\/p>\n<!-- \/wp:paragraph -->\n\n<!-- wp:paragraph -->\n<p><\/p>\n<!-- \/wp:paragraph -->\t\t\t\t\t\t<\/div>\n\t\t\t\t<\/div>\n\t\t\t\t\t<\/div>\n\t\t<\/div>\n\t\t\t\t\t\t\t<\/div>\n\t\t<\/section>\n\t\t\t\t<section data-particle_enable=\"false\" data-particle-mobile-disabled=\"false\" class=\"elementor-section elementor-top-section elementor-element elementor-element-2a67d9b elementor-section-boxed elementor-section-height-default elementor-section-height-default\" data-id=\"2a67d9b\" data-element_type=\"section\">\n\t\t\t\t\t\t<div class=\"elementor-container elementor-column-gap-default\">\n\t\t\t\t\t<div class=\"elementor-column elementor-col-100 elementor-top-column elementor-element elementor-element-a0d32e1\" data-id=\"a0d32e1\" data-element_type=\"column\">\n\t\t\t<div class=\"elementor-widget-wrap elementor-element-populated\">\n\t\t\t\t\t\t\t\t<div class=\"elementor-element elementor-element-f849686 elementor-widget elementor-widget-heading\" data-id=\"f849686\" data-element_type=\"widget\" data-widget_type=\"heading.default\">\n\t\t\t\t<div class=\"elementor-widget-container\">\n\t\t\t<h2 class=\"elementor-heading-title elementor-size-default\">Pedido de Informa\u00e7\u00f5es \/\n\nFale Conosco<\/h2>\t\t<\/div>\n\t\t\t\t<\/div>\n\t\t\t\t\t<\/div>\n\t\t<\/div>\n\t\t\t\t\t\t\t<\/div>\n\t\t<\/section>\n\t\t\t\t<section data-particle_enable=\"false\" data-particle-mobile-disabled=\"false\" class=\"elementor-section elementor-top-section elementor-element elementor-element-1d22732 elementor-section-boxed elementor-section-height-default elementor-section-height-default\" data-id=\"1d22732\" data-element_type=\"section\">\n\t\t\t\t\t\t<div class=\"elementor-container elementor-column-gap-default\">\n\t\t\t\t\t<div class=\"elementor-column elementor-col-100 elementor-top-column elementor-element elementor-element-b431ecd\" data-id=\"b431ecd\" data-element_type=\"column\">\n\t\t\t<div class=\"elementor-widget-wrap elementor-element-populated\">\n\t\t\t\t\t\t\t\t<div class=\"elementor-element elementor-element-ff1c727 elementor-widget elementor-widget-text-editor\" data-id=\"ff1c727\" data-element_type=\"widget\" data-widget_type=\"text-editor.default\">\n\t\t\t\t<div class=\"elementor-widget-container\">\n\t\t\t\t\t\t\t<p>Nosso E-mail: CAMARADECURIONOPOLIS@GMAIL.COM<\/p>\n<p>FONE (94) 99136 3067<\/p>\n<p>RESPONSAVEL:&nbsp;<span style=\"font-weight: bold; color: var( --e-global-color-text ); font-family: var( --e-global-typography-text-font-family ), Sans-serif; font-size: 1rem;\">LAURA CAROLINA OLIVEIRA PINTO NASCIMENTO<\/span><\/p>\n<p><span style=\"color: var( --e-global-color-text ); font-family: var( --e-global-typography-text-font-family ), Sans-serif; font-size: 1rem;\"><b>SETOR: CONTROLADORIA\/OUVIDORIA<\/b><\/span><\/p>\n<p><span style=\"color: var( --e-global-color-text ); font-family: var( --e-global-typography-text-font-family ), Sans-serif; font-size: 1rem;\">HORARIO DE ATENDIMENTO:&nbsp; 8H \u00c1S 13H<\/span><\/p>\n<p><span style=\"color: var( --e-global-color-text ); font-family: var( --e-global-typography-text-font-family ), Sans-serif; font-size: 1rem;\">ENDERE\u00c7O:&nbsp;<\/span><span style=\"color: var( --e-global-color-text ); font-family: var( --e-global-typography-text-font-family ), Sans-serif; font-weight: var( --e-global-typography-text-font-weight ); font-size: 1rem;\">AV. BRASIL N. 235 &#8211; CENTRO &#8211; CURION\u00d3POLIS-PA<\/span><\/p>\n<section style=\"--flex-direction: initial; --flex-wrap: initial; --justify-content: initial; --align-items: initial; --align-content: initial; --gap: initial; --flex-basis: initial; --flex-grow: initial; --flex-shrink: initial; --order: initial; --align-self: initial; flex-direction: var(--flex-direction); flex-wrap: var(--flex-wrap); -webkit-box-pack: var(--justify-content); justify-content: var(--justify-content); -webkit-box-align: var(--align-items); align-items: var(--align-items); align-content: var(--align-content); gap: var(--gap); flex-basis: var(--flex-basis); -webkit-box-flex: var(--flex-grow); flex-grow: var(--flex-grow); flex-shrink: var(--flex-shrink); -webkit-box-ordinal-group: var(--order); order: var(--order); align-self: var(--align-self); --widgets-spacing: 20px;\" data-particle_enable=\"false\" data-particle-mobile-disabled=\"false\" data-id=\"4d113b6f\" data-element_type=\"section\">\n<div>\n<div style=\"--flex-direction: initial; --flex-wrap: initial; --justify-content: initial; --align-items: initial; --align-content: initial; --gap: initial; --flex-basis: initial; --flex-grow: initial; --flex-shrink: initial; --order: initial; --align-self: initial; flex-direction: var(--flex-direction); flex-wrap: var(--flex-wrap); -webkit-box-pack: var(--justify-content); justify-content: var(--justify-content); -webkit-box-align: var(--align-items); align-items: var(--align-items); align-content: var(--align-content); gap: var(--gap); flex-basis: var(--flex-basis); -webkit-box-flex: var(--flex-grow); flex-grow: var(--flex-grow); flex-shrink: var(--flex-shrink); -webkit-box-ordinal-group: var(--order); order: var(--order); align-self: var(--align-self); --widgets-spacing: 20px; width: 960px;\" data-id=\"457b3ef3\" data-element_type=\"column\">\n<div style=\"width: 960px;\">\n<div style=\"--flex-direction: initial; --flex-wrap: initial; --justify-content: initial; --align-items: initial; --align-content: initial; --gap: initial; --flex-basis: initial; --flex-grow: initial; --flex-shrink: initial; --order: initial; --align-self: initial; flex-direction: var(--flex-direction); flex-wrap: var(--flex-wrap); -webkit-box-pack: var(--justify-content); justify-content: var(--justify-content); -webkit-box-align: var(--align-items); align-items: var(--align-items); align-content: var(--align-content); gap: var(--gap); flex-basis: var(--flex-basis); -webkit-box-flex: var(--flex-grow); flex-grow: var(--flex-grow); flex-shrink: var(--flex-shrink); -webkit-box-ordinal-group: var(--order); order: var(--order); align-self: var(--align-self); --widgets-spacing: 20px; font-family: var( --e-global-typography-text-font-family ), Sans-serif; font-weight: var( --e-global-typography-text-font-weight ); width: 940px;\" data-id=\"7c0d7cb4\" data-element_type=\"widget\" data-widget_type=\"text-editor.default\">\n<div>\n<\/div>\n<\/div>\n<\/div>\n<\/div>\n<\/div>\n<\/section>\n<p><strong>Para mais Informa\u00e7\u00f5es clique no Link Abaixo:<\/strong><\/p>\t\t\t\t\t\t<\/div>\n\t\t\t\t<\/div>\n\t\t\t\t<div class=\"elementor-element elementor-element-cbea68b elementor-widget elementor-widget-button\" data-id=\"cbea68b\" data-element_type=\"widget\" data-widget_type=\"button.default\">\n\t\t\t\t<div class=\"elementor-widget-container\">\n\t\t\t\t\t<div class=\"elementor-button-wrapper\">\n\t\t\t<a href=\"https:\/\/forms.gle\/YPo21kN9PAiRuapb7\" class=\"elementor-button-link elementor-button elementor-size-sm\" role=\"button\">\n\t\t\t\t\t\t<span class=\"elementor-button-content-wrapper\">\n\t\t\t\t\t\t<span class=\"elementor-button-text\">Solicita\u00e7\u00f5es, Den\u00fancias, Sugest\u00f5es, Reclama\u00e7\u00f5es e Elogios <\/span>\n\t\t<\/span>\n\t\t\t\t\t<\/a>\n\t\t<\/div>\n\t\t\t\t<\/div>\n\t\t\t\t<\/div>\n\t\t\t\t<div class=\"elementor-element elementor-element-b53da0a elementor-widget elementor-widget-button\" data-id=\"b53da0a\" data-element_type=\"widget\" data-widget_type=\"button.default\">\n\t\t\t\t<div class=\"elementor-widget-container\">\n\t\t\t\t\t<div class=\"elementor-button-wrapper\">\n\t\t\t<a href=\"http:\/\/www.gdic.com.br\/modulo\/esic\/login\/4424588\" class=\"elementor-button-link elementor-button elementor-size-sm\" role=\"button\">\n\t\t\t\t\t\t<span class=\"elementor-button-content-wrapper\">\n\t\t\t\t\t\t<span class=\"elementor-button-text\">Servi\u00e7o de  Informa\u00e7\u00e3o ao Cidad\u00e3o (SIC)<\/span>\n\t\t<\/span>\n\t\t\t\t\t<\/a>\n\t\t<\/div>\n\t\t\t\t<\/div>\n\t\t\t\t<\/div>\n\t\t\t\t<div class=\"elementor-element elementor-element-ec413e3 elementor-widget elementor-widget-spacer\" data-id=\"ec413e3\" data-element_type=\"widget\" data-widget_type=\"spacer.default\">\n\t\t\t\t<div class=\"elementor-widget-container\">\n\t\t\t\t\t<div class=\"elementor-spacer\">\n\t\t\t<div class=\"elementor-spacer-inner\"><\/div>\n\t\t<\/div>\n\t\t\t\t<\/div>\n\t\t\t\t<\/div>\n\t\t\t\t\t<\/div>\n\t\t<\/div>\n\t\t\t\t\t\t\t<\/div>\n\t\t<\/section>\n\t\t\t\t<section data-particle_enable=\"false\" data-particle-mobile-disabled=\"false\" class=\"elementor-section elementor-top-section elementor-element elementor-element-29026198 elementor-section-boxed elementor-section-height-default elementor-section-height-default\" data-id=\"29026198\" data-element_type=\"section\">\n\t\t\t\t\t\t<div class=\"elementor-container elementor-column-gap-default\">\n\t\t\t\t\t<div class=\"elementor-column elementor-col-25 elementor-top-column elementor-element elementor-element-a162688\" data-id=\"a162688\" data-element_type=\"column\">\n\t\t\t<div class=\"elementor-widget-wrap elementor-element-populated\">\n\t\t\t\t\t\t\t\t<div class=\"elementor-element elementor-element-3b1f58c0 eael-team-align-eael-team-align-default elementor-widget elementor-widget-eael-team-member\" data-id=\"3b1f58c0\" data-element_type=\"widget\" data-widget_type=\"eael-team-member.default\">\n\t\t\t\t<div class=\"elementor-widget-container\">\n\t\t\t\n\n\t<div id=\"eael-team-member-3b1f58c0\" class=\"eael-team-item eael-team-members-centered \">\n\t\t<div class=\"eael-team-item-inner\">\n\t\t\t<div class=\"eael-team-image\">\n\t\t\t\t<figure>\n\t\t\t\t\t<img decoding=\"async\" src=\"https:\/\/cmcurionopolis.pa.gov.br\/wp-content\/uploads\/2022\/05\/email_curionopolis.jpg\" alt=\"\">\n\t\t\t\t<\/figure>\n\t\t\t\t\n\t\t\t\t\n\t\t\t<\/div>\n\n\t\t\t<div class=\"eael-team-content\">\n\t\t\t\t<h3 class=\"eael-team-member-name\">Email<\/h3>\n\t\t\t\t<h4 class=\"eael-team-member-position\">camaradecurionopolis@gmail.com<\/h4>\n\n\t\t\t\t\t\t\t\t\t\t\t\t\t\t\t<ul class=\"eael-team-member-social-profiles\">\n\t\t\t\t\t\t\t\t\t\t\t\t\t\t\t\t\t\t\t\t\t\t\t\t\t\t\t\t\t\t\t\t\t\t\t\t\t\t\t\t\t<li class=\"eael-team-member-social-link\">\n\t\t\t\t\t\t\t\t\t\t<a target=\"_blank\">\n\t\t\t\t\t\t\t\t\t\t\t\t\t\t\t\t\t\t\t\t\t\t\t<i aria-hidden=\"true\" class=\"fas fa-mail-bulk\"><\/i>\t\t\t\t\t\t\t\t\t\t\t\t\t\t\t\t\t\t\t\t\t<\/a>\n\t\t\t\t\t\t\t\t\t<\/li>\n\t\t\t\t\t\t\t\t\t\t\t\t\t\t\t\t\t\t\t\t\t<\/ul>\n\t\t\t\t\t\t\t\t\t\t<p class=\"eael-team-text\"><\/p>\n\t\t\t\t\t\t\t<\/div>\n\t\t<\/div>\n\t<\/div>\n\t\t\t<\/div>\n\t\t\t\t<\/div>\n\t\t\t\t\t<\/div>\n\t\t<\/div>\n\t\t\t\t<div class=\"elementor-column elementor-col-25 elementor-top-column elementor-element elementor-element-59b2f73d\" data-id=\"59b2f73d\" data-element_type=\"column\">\n\t\t\t<div class=\"elementor-widget-wrap elementor-element-populated\">\n\t\t\t\t\t\t\t\t<div class=\"elementor-element elementor-element-49f9b59e eael-team-align-eael-team-align-default elementor-widget elementor-widget-eael-team-member\" data-id=\"49f9b59e\" data-element_type=\"widget\" data-widget_type=\"eael-team-member.default\">\n\t\t\t\t<div class=\"elementor-widget-container\">\n\t\t\t\n\n\t<div id=\"eael-team-member-49f9b59e\" class=\"eael-team-item eael-team-members-centered \">\n\t\t<div class=\"eael-team-item-inner\">\n\t\t\t<div class=\"eael-team-image\">\n\t\t\t\t<figure>\n\t\t\t\t\t<img decoding=\"async\" src=\"https:\/\/cmcurionopolis.pa.gov.br\/wp-content\/uploads\/2022\/05\/Telefone_curionopolis.jpg\" alt=\"\">\n\t\t\t\t<\/figure>\n\t\t\t\t\n\t\t\t\t\n\t\t\t<\/div>\n\n\t\t\t<div class=\"eael-team-content\">\n\t\t\t\t<h3 class=\"eael-team-member-name\">Fone<\/h3>\n\t\t\t\t<h4 class=\"eael-team-member-position\">(94) 99136 3067<\/h4>\n\n\t\t\t\t\t\t\t\t\t\t\t\t\t\t\t<ul class=\"eael-team-member-social-profiles\">\n\t\t\t\t\t\t\t\t\t\t\t\t\t\t\t\t\t\t\t\t\t\t\t\t\t\t\t\t\t\t\t\t\t\t\t\t\t\t\t\t\t<li class=\"eael-team-member-social-link\">\n\t\t\t\t\t\t\t\t\t\t<a target=\"_blank\">\n\t\t\t\t\t\t\t\t\t\t\t\t\t\t\t\t\t\t\t\t\t\t\t<i aria-hidden=\"true\" class=\"fas fa-phone-square-alt\"><\/i>\t\t\t\t\t\t\t\t\t\t\t\t\t\t\t\t\t\t\t\t\t<\/a>\n\t\t\t\t\t\t\t\t\t<\/li>\n\t\t\t\t\t\t\t\t\t\t\t\t\t\t\t\t\t\t\t\t\t<\/ul>\n\t\t\t\t\t\t\t\t\t\t<p class=\"eael-team-text\"><\/p>\n\t\t\t\t\t\t\t<\/div>\n\t\t<\/div>\n\t<\/div>\n\t\t\t<\/div>\n\t\t\t\t<\/div>\n\t\t\t\t\t<\/div>\n\t\t<\/div>\n\t\t\t\t<div class=\"elementor-column elementor-col-25 elementor-top-column elementor-element elementor-element-9038873\" data-id=\"9038873\" data-element_type=\"column\">\n\t\t\t<div class=\"elementor-widget-wrap elementor-element-populated\">\n\t\t\t\t\t\t\t\t<div class=\"elementor-element elementor-element-7a166a7c eael-team-align-eael-team-align-default elementor-widget elementor-widget-eael-team-member\" data-id=\"7a166a7c\" data-element_type=\"widget\" data-widget_type=\"eael-team-member.default\">\n\t\t\t\t<div class=\"elementor-widget-container\">\n\t\t\t\n\n\t<div id=\"eael-team-member-7a166a7c\" class=\"eael-team-item eael-team-members-centered \">\n\t\t<div class=\"eael-team-item-inner\">\n\t\t\t<div class=\"eael-team-image\">\n\t\t\t\t<figure>\n\t\t\t\t\t<img decoding=\"async\" src=\"https:\/\/cmcurionopolis.pa.gov.br\/wp-content\/uploads\/2022\/05\/Localizacao_curionopolis.jpg\" alt=\"\">\n\t\t\t\t<\/figure>\n\t\t\t\t\n\t\t\t\t\n\t\t\t<\/div>\n\n\t\t\t<div class=\"eael-team-content\">\n\t\t\t\t<h3 class=\"eael-team-member-name\">Endere\u00e7o<\/h3>\n\t\t\t\t<h4 class=\"eael-team-member-position\">Avenida Brasil, 235, Curion\u00f3polis - PA<\/h4>\n\n\t\t\t\t\t\t\t\t\t\t\t\t\t\t\t<ul class=\"eael-team-member-social-profiles\">\n\t\t\t\t\t\t\t\t\t\t\t\t\t\t\t\t\t\t\t\t\t\t\t\t\t\t\t\t\t\t\t\t\t\t\t\t\t\t\t\t\t<li class=\"eael-team-member-social-link\">\n\t\t\t\t\t\t\t\t\t\t<a href=\"https:\/\/goo.gl\/maps\/XkexDWexgiaAfk7d9\" target=\"_blank\">\n\t\t\t\t\t\t\t\t\t\t\t\t\t\t\t\t\t\t\t\t\t\t\t<i aria-hidden=\"true\" class=\"fas fa-map-marker-alt\"><\/i>\t\t\t\t\t\t\t\t\t\t\t\t\t\t\t\t\t\t\t\t\t<\/a>\n\t\t\t\t\t\t\t\t\t<\/li>\n\t\t\t\t\t\t\t\t\t\t\t\t\t\t\t\t\t\t\t\t\t<\/ul>\n\t\t\t\t\t\t\t\t\t\t<p class=\"eael-team-text\"><\/p>\n\t\t\t\t\t\t\t<\/div>\n\t\t<\/div>\n\t<\/div>\n\t\t\t<\/div>\n\t\t\t\t<\/div>\n\t\t\t\t\t<\/div>\n\t\t<\/div>\n\t\t\t\t<div class=\"elementor-column elementor-col-25 elementor-top-column elementor-element elementor-element-72c18a01\" data-id=\"72c18a01\" data-element_type=\"column\">\n\t\t\t<div class=\"elementor-widget-wrap elementor-element-populated\">\n\t\t\t\t\t\t\t\t<div class=\"elementor-element elementor-element-6e3b647d eael-team-align-eael-team-align-default elementor-widget elementor-widget-eael-team-member\" data-id=\"6e3b647d\" data-element_type=\"widget\" data-widget_type=\"eael-team-member.default\">\n\t\t\t\t<div class=\"elementor-widget-container\">\n\t\t\t\n\n\t<div id=\"eael-team-member-6e3b647d\" class=\"eael-team-item eael-team-members-centered \">\n\t\t<div class=\"eael-team-item-inner\">\n\t\t\t<div class=\"eael-team-image\">\n\t\t\t\t<figure>\n\t\t\t\t\t<img decoding=\"async\" src=\"https:\/\/cmcurionopolis.pa.gov.br\/wp-content\/uploads\/2022\/05\/Horario.jpg\" alt=\"\">\n\t\t\t\t<\/figure>\n\t\t\t\t\n\t\t\t\t\n\t\t\t<\/div>\n\n\t\t\t<div class=\"eael-team-content\">\n\t\t\t\t<h3 class=\"eael-team-member-name\">Atendimento<\/h3>\n\t\t\t\t<h4 class=\"eael-team-member-position\">Nosso hor\u00e1rio de atendimento 08:00 as 13:00h<\/h4>\n\n\t\t\t\t\t\t\t\t\t\t\t\t\t\t\t<ul class=\"eael-team-member-social-profiles\">\n\t\t\t\t\t\t\t\t\t\t\t\t\t\t\t\t\t\t\t\t\t\t\t\t\t\t\t\t\t\t\t\t\t\t\t\t\t\t\t\t\t<li class=\"eael-team-member-social-link\">\n\t\t\t\t\t\t\t\t\t\t<a href=\"https:\/\/goo.gl\/maps\/XkexDWexgiaAfk7d9\" target=\"_blank\">\n\t\t\t\t\t\t\t\t\t\t\t\t\t\t\t\t\t\t\t\t\t\t\t<i aria-hidden=\"true\" class=\"fas fa-map-marker-alt\"><\/i>\t\t\t\t\t\t\t\t\t\t\t\t\t\t\t\t\t\t\t\t\t<\/a>\n\t\t\t\t\t\t\t\t\t<\/li>\n\t\t\t\t\t\t\t\t\t\t\t\t\t\t\t\t\t\t\t\t\t<\/ul>\n\t\t\t\t\t\t\t\t\t\t<p class=\"eael-team-text\"><\/p>\n\t\t\t\t\t\t\t<\/div>\n\t\t<\/div>\n\t<\/div>\n\t\t\t<\/div>\n\t\t\t\t<\/div>\n\t\t\t\t\t<\/div>\n\t\t<\/div>\n\t\t\t\t\t\t\t<\/div>\n\t\t<\/section>\n\t\t\t\t<section data-particle_enable=\"false\" data-particle-mobile-disabled=\"false\" class=\"elementor-section elementor-top-section elementor-element elementor-element-cff30f0 elementor-section-boxed elementor-section-height-default elementor-section-height-default\" data-id=\"cff30f0\" data-element_type=\"section\">\n\t\t\t\t\t\t<div class=\"elementor-container elementor-column-gap-default\">\n\t\t\t\t\t<div class=\"elementor-column elementor-col-100 elementor-top-column elementor-element elementor-element-f42a892\" data-id=\"f42a892\" data-element_type=\"column\">\n\t\t\t<div class=\"elementor-widget-wrap elementor-element-populated\">\n\t\t\t\t\t\t\t\t<div class=\"elementor-element elementor-element-92131d8 elementor-widget elementor-widget-google_maps\" data-id=\"92131d8\" data-element_type=\"widget\" data-widget_type=\"google_maps.default\">\n\t\t\t\t<div class=\"elementor-widget-container\">\n\t\t\t\t\t<div class=\"elementor-custom-embed\">\n\t\t\t<iframe frameborder=\"0\" scrolling=\"no\" marginheight=\"0\" marginwidth=\"0\"\n\t\t\t\t\tsrc=\"https:\/\/maps.google.com\/maps?q=c%C3%A2mara%20municipal%20de%20Curion%C3%B3polis&#038;t=m&#038;z=17&#038;output=embed&#038;iwloc=near\"\n\t\t\t\t\ttitle=\"c\u00e2mara municipal de Curion\u00f3polis\"\n\t\t\t\t\taria-label=\"c\u00e2mara municipal de Curion\u00f3polis\"\n\t\t\t><\/iframe>\n\t\t<\/div>\n\t\t\t\t<\/div>\n\t\t\t\t<\/div>\n\t\t\t\t\t<\/div>\n\t\t<\/div>\n\t\t\t\t\t\t\t<\/div>\n\t\t<\/section>\n\t\t\t\t\t\t\t<\/div>\n\t\t","protected":false},"excerpt":{"rendered":"<p>Pedido de Informa\u00e7\u00f5es \/ Fale Conosco Nosso E-mail: CAMARADECURIONOPOLIS@GMAIL.COM FONE (94) 99136 3067 RESPONSAVEL:&nbsp;LAURA CAROLINA OLIVEIRA PINTO NASCIMENTO SETOR: CONTROLADORIA\/OUVIDORIA HORARIO DE ATENDIMENTO:&nbsp; 8H \u00c1S 13H ENDERE\u00c7O:&nbsp;AV. BRASIL N. 235 [&hellip;]<\/p>\n","protected":false},"author":1,"featured_media":0,"parent":0,"menu_order":0,"comment_status":"closed","ping_status":"closed","template":"","meta":[],"_links":{"self":[{"href":"https:\/\/cmcurionopolis.pa.gov.br\/index.php\/wp-json\/wp\/v2\/pages\/2830"}],"collection":[{"href":"https:\/\/cmcurionopolis.pa.gov.br\/index.php\/wp-json\/wp\/v2\/pages"}],"about":[{"href":"https:\/\/cmcurionopolis.pa.gov.br\/index.php\/wp-json\/wp\/v2\/types\/page"}],"author":[{"embeddable":true,"href":"https:\/\/cmcurionopolis.pa.gov.br\/index.php\/wp-json\/wp\/v2\/users\/1"}],"replies":[{"embeddable":true,"href":"https:\/\/cmcurionopolis.pa.gov.br\/index.php\/wp-json\/wp\/v2\/comments?post=2830"}],"version-history":[{"count":12,"href":"https:\/\/cmcurionopolis.pa.gov.br\/index.php\/wp-json\/wp\/v2\/pages\/2830\/revisions"}],"predecessor-version":[{"id":3355,"href":"https:\/\/cmcurionopolis.pa.gov.br\/index.php\/wp-json\/wp\/v2\/pages\/2830\/revisions\/3355"}],"wp:attachment":[{"href":"https:\/\/cmcurionopolis.pa.gov.br\/index.php\/wp-json\/wp\/v2\/media?parent=2830"}],"curies":[{"name":"wp","href":"https:\/\/api.w.org\/{rel}","templated":true}]}}