{"id":2989,"date":"2022-05-15T21:30:37","date_gmt":"2022-05-16T00:30:37","guid":{"rendered":"https:\/\/cmcurionopolis.pa.gov.br\/?page_id=2989"},"modified":"2025-06-06T11:52:02","modified_gmt":"2025-06-06T14:52:02","slug":"osmazir-ferreira-vereador","status":"publish","type":"page","link":"https:\/\/cmcurionopolis.pa.gov.br\/index.php\/osmazir-ferreira-vereador\/","title":{"rendered":"Jocenilde Oliveira\u200b &#8211; Vereador"},"content":{"rendered":"\t\t<div data-elementor-type=\"wp-page\" data-elementor-id=\"2989\" class=\"elementor elementor-2989\">\n\t\t\t\t\t\t\t\t\t<section data-particle_enable=\"false\" data-particle-mobile-disabled=\"false\" class=\"elementor-section elementor-top-section elementor-element elementor-element-4707663 elementor-section-boxed elementor-section-height-default elementor-section-height-default\" data-id=\"4707663\" data-element_type=\"section\">\n\t\t\t\t\t\t<div class=\"elementor-container elementor-column-gap-default\">\n\t\t\t\t\t<div class=\"elementor-column elementor-col-100 elementor-top-column elementor-element elementor-element-2c9a07d\" data-id=\"2c9a07d\" data-element_type=\"column\">\n\t\t\t<div class=\"elementor-widget-wrap elementor-element-populated\">\n\t\t\t\t\t\t\t\t<div class=\"elementor-element elementor-element-c9efa82 elementor-widget elementor-widget-heading\" data-id=\"c9efa82\" data-element_type=\"widget\" data-widget_type=\"heading.default\">\n\t\t\t\t<div class=\"elementor-widget-container\">\n\t\t\t<h2 class=\"elementor-heading-title elementor-size-xl\">Jocenilde Oliveira - Vereadora<\/h2>\t\t<\/div>\n\t\t\t\t<\/div>\n\t\t\t\t\t<\/div>\n\t\t<\/div>\n\t\t\t\t\t\t\t<\/div>\n\t\t<\/section>\n\t\t\t\t<section data-particle_enable=\"false\" data-particle-mobile-disabled=\"false\" class=\"elementor-section elementor-top-section elementor-element elementor-element-164359f8 elementor-section-boxed elementor-section-height-default elementor-section-height-default\" data-id=\"164359f8\" data-element_type=\"section\">\n\t\t\t\t\t\t<div class=\"elementor-container elementor-column-gap-default\">\n\t\t\t\t\t<div class=\"elementor-column elementor-col-33 elementor-top-column elementor-element elementor-element-1dfa15dd\" data-id=\"1dfa15dd\" data-element_type=\"column\">\n\t\t\t<div class=\"elementor-widget-wrap elementor-element-populated\">\n\t\t\t\t\t\t\t\t<div class=\"elementor-element elementor-element-6714f4d4 elementor-widget elementor-widget-image\" data-id=\"6714f4d4\" data-element_type=\"widget\" data-widget_type=\"image.default\">\n\t\t\t\t<div class=\"elementor-widget-container\">\n\t\t\t\t\t\t\t\t\t\t\t\t\t\t\t<img decoding=\"async\" src=\"https:\/\/cmcurionopolis.pa.gov.br\/wp-content\/uploads\/2025\/01\/F11.png\" title=\"F11\" alt=\"F11\" \/>\t\t\t\t\t\t\t\t\t\t\t\t\t\t\t<\/div>\n\t\t\t\t<\/div>\n\t\t\t\t\t<\/div>\n\t\t<\/div>\n\t\t\t\t<div class=\"elementor-column elementor-col-66 elementor-top-column elementor-element elementor-element-5b3b05b5\" data-id=\"5b3b05b5\" data-element_type=\"column\">\n\t\t\t<div class=\"elementor-widget-wrap elementor-element-populated\">\n\t\t\t\t\t\t\t\t<div class=\"elementor-element elementor-element-18fe7c6e elementor-view-framed elementor-position-left elementor-shape-circle elementor-mobile-position-top elementor-vertical-align-top elementor-widget elementor-widget-icon-box\" data-id=\"18fe7c6e\" data-element_type=\"widget\" data-widget_type=\"icon-box.default\">\n\t\t\t\t<div class=\"elementor-widget-container\">\n\t\t\t\t\t<div class=\"elementor-icon-box-wrapper\">\n\t\t\t\t\t\t<div class=\"elementor-icon-box-icon\">\n\t\t\t\t<span class=\"elementor-icon elementor-animation-\" >\n\t\t\t\t<i aria-hidden=\"true\" class=\"fab fa-whatsapp\"><\/i>\t\t\t\t<\/span>\n\t\t\t<\/div>\n\t\t\t\t\t\t<div class=\"elementor-icon-box-content\">\n\t\t\t\t<h4 class=\"elementor-icon-box-title\">\n\t\t\t\t\t<span  >\n\t\t\t\t\t\tContato\t\t\t\t\t<\/span>\n\t\t\t\t<\/h4>\n\t\t\t\t\t\t\t\t\t<p class=\"elementor-icon-box-description\">\n\t\t\t\t\t\tZap: 94 99137-8249\t\t\t\t\t<\/p>\n\t\t\t\t\t\t\t<\/div>\n\t\t<\/div>\n\t\t\t\t<\/div>\n\t\t\t\t<\/div>\n\t\t\t\t<div class=\"elementor-element elementor-element-4470cc7b elementor-view-framed elementor-position-left elementor-shape-circle elementor-mobile-position-top elementor-vertical-align-top elementor-widget elementor-widget-icon-box\" data-id=\"4470cc7b\" data-element_type=\"widget\" data-widget_type=\"icon-box.default\">\n\t\t\t\t<div class=\"elementor-widget-container\">\n\t\t\t\t\t<div class=\"elementor-icon-box-wrapper\">\n\t\t\t\t\t\t<div class=\"elementor-icon-box-icon\">\n\t\t\t\t<span class=\"elementor-icon elementor-animation-\" >\n\t\t\t\t<i aria-hidden=\"true\" class=\"fas fa-mail-bulk\"><\/i>\t\t\t\t<\/span>\n\t\t\t<\/div>\n\t\t\t\t\t\t<div class=\"elementor-icon-box-content\">\n\t\t\t\t<h4 class=\"elementor-icon-box-title\">\n\t\t\t\t\t<span  >\n\t\t\t\t\t\tEnviar email para\t\t\t\t\t<\/span>\n\t\t\t\t<\/h4>\n\t\t\t\t\t\t\t\t\t<p class=\"elementor-icon-box-description\">\n\t\t\t\t\t\tEmail: ver.profnilde@cmcurionopolis.pa.gov.br\t\t\t\t\t<\/p>\n\t\t\t\t\t\t\t<\/div>\n\t\t<\/div>\n\t\t\t\t<\/div>\n\t\t\t\t<\/div>\n\t\t\t\t<div class=\"elementor-element elementor-element-68835ed0 elementor-view-framed elementor-position-left elementor-shape-circle elementor-mobile-position-top elementor-vertical-align-top elementor-widget elementor-widget-icon-box\" data-id=\"68835ed0\" data-element_type=\"widget\" data-widget_type=\"icon-box.default\">\n\t\t\t\t<div class=\"elementor-widget-container\">\n\t\t\t\t\t<div class=\"elementor-icon-box-wrapper\">\n\t\t\t\t\t\t<div class=\"elementor-icon-box-icon\">\n\t\t\t\t<span class=\"elementor-icon elementor-animation-\" >\n\t\t\t\t<i aria-hidden=\"true\" class=\"fas fa-tags\"><\/i>\t\t\t\t<\/span>\n\t\t\t<\/div>\n\t\t\t\t\t\t<div class=\"elementor-icon-box-content\">\n\t\t\t\t<h4 class=\"elementor-icon-box-title\">\n\t\t\t\t\t<span  >\n\t\t\t\t\t\tPartido\t\t\t\t\t<\/span>\n\t\t\t\t<\/h4>\n\t\t\t\t\t\t\t\t\t<p class=\"elementor-icon-box-description\">\n\t\t\t\t\t\tMDB\t\t\t\t\t<\/p>\n\t\t\t\t\t\t\t<\/div>\n\t\t<\/div>\n\t\t\t\t<\/div>\n\t\t\t\t<\/div>\n\t\t\t\t\t<\/div>\n\t\t<\/div>\n\t\t\t\t\t\t\t<\/div>\n\t\t<\/section>\n\t\t\t\t<section data-particle_enable=\"false\" data-particle-mobile-disabled=\"false\" class=\"elementor-section elementor-top-section elementor-element elementor-element-12ec7937 elementor-section-boxed elementor-section-height-default elementor-section-height-default\" data-id=\"12ec7937\" data-element_type=\"section\">\n\t\t\t\t\t\t<div class=\"elementor-container elementor-column-gap-default\">\n\t\t\t\t\t<div class=\"elementor-column elementor-col-100 elementor-top-column elementor-element elementor-element-1ab33925\" data-id=\"1ab33925\" data-element_type=\"column\">\n\t\t\t<div class=\"elementor-widget-wrap elementor-element-populated\">\n\t\t\t\t\t\t\t\t<div class=\"elementor-element elementor-element-16e47c22 elementor-widget elementor-widget-text-editor\" data-id=\"16e47c22\" data-element_type=\"widget\" data-widget_type=\"text-editor.default\">\n\t\t\t\t<div class=\"elementor-widget-container\">\n\t\t\t\t\t\t\t<p>Compete a vereadora elaborar as leis municipais e fiscalizar a atua\u00e7\u00e3o do Executivo. S\u00e3o os vereadores que prop\u00f5em, discutem e aprovam as leis a serem aplicadas no munic\u00edpio. Tamb\u00e9m \u00e9 dever do vereador acompanhar as a\u00e7\u00f5es do Executivo, verificando se est\u00e3o sendo cumpridas as metas de governo e se est\u00e3o sendo atendidas as normas legais. Cada vereador \u00e9 eleito de forma direta, pelo voto, tornando-se um representante da popula\u00e7\u00e3o. Por isso, deve propor projetos que estejam de acordo com os interesses e o bem-estar do povo.<br \/>Al\u00e9m das vota\u00e7\u00f5es, os vereadores tamb\u00e9m t\u00eam o poder e o dever de fiscalizar a administra\u00e7\u00e3o, cuidando da aplica\u00e7\u00e3o dos recursos e observando o or\u00e7amento.<\/p>\t\t\t\t\t\t<\/div>\n\t\t\t\t<\/div>\n\t\t\t\t\t<\/div>\n\t\t<\/div>\n\t\t\t\t\t\t\t<\/div>\n\t\t<\/section>\n\t\t\t\t<section data-particle_enable=\"false\" data-particle-mobile-disabled=\"false\" class=\"elementor-section elementor-top-section elementor-element elementor-element-85e44d2 elementor-section-boxed elementor-section-height-default elementor-section-height-default\" data-id=\"85e44d2\" data-element_type=\"section\">\n\t\t\t\t\t\t<div class=\"elementor-container elementor-column-gap-default\">\n\t\t\t\t\t<div class=\"elementor-column elementor-col-100 elementor-top-column elementor-element elementor-element-048afd9\" data-id=\"048afd9\" data-element_type=\"column\">\n\t\t\t<div class=\"elementor-widget-wrap elementor-element-populated\">\n\t\t\t\t\t\t\t\t<div class=\"elementor-element elementor-element-a43ef48 elementor-widget elementor-widget-text-editor\" data-id=\"a43ef48\" data-element_type=\"widget\" data-widget_type=\"text-editor.default\">\n\t\t\t\t<div class=\"elementor-widget-container\">\n\t\t\t\t\t\t\t<h1>Biografia<\/h1><div><div>Nome completo: Jocenilde Oliveira da Silva<\/div><div>Nome de urna: Professora Nilde<\/div><div>Data de nascimento: 8 de janeiro de 1968<\/div><div>Naturalidade: Curion\u00f3polis, Par\u00e1<\/div><div>G\u00eanero: Feminino<\/div><div>Estado civil: Casada<\/div><div>Cor\/ra\u00e7a: Parda<\/div><div>Grau de instru\u00e7\u00e3o: Superior completo<\/div><div>Partido: Movimento Democr\u00e1tico Brasileiro (MDB)<\/div><div>\u00a0<\/div><h1>Trajet\u00f3ria Pol\u00edtica<\/h1><div>A vereadora Jocenilde Oliveira da Silva, conhecida como Professora Nilde, \u00e9 uma figura atuante na pol\u00edtica de Curion\u00f3polis, Par\u00e1. Nascida em 8 de janeiro de 1968, ela \u00e9 natural de Curion\u00f3polis e possui forma\u00e7\u00e3o superior completa. Antes de ingressar na pol\u00edtica, dedicou-se \u00e0 educa\u00e7\u00e3o como professora do ensino fundamental.<\/div><div>Professora Nilde iniciou sua carreira pol\u00edtica ao ser eleita vereadora de Curion\u00f3polis nas elei\u00e7\u00f5es municipais de 2020 pelo Movimento Democr\u00e1tico Brasileiro (MDB), obtendo 471 votos. Durante seu primeiro mandato (2021\u20132024), destacou-se por sua atua\u00e7\u00e3o em prol da educa\u00e7\u00e3o e do desenvolvimento social do munic\u00edpio.<\/div><div>\u00a0<span style=\"font-size: 1rem;\">Em 2024, foi reeleita para a 10\u00aa Legislatura (2025\u20132028), novamente pelo MDB, com 769 votos, correspondendo a 5,71% dos votos v\u00e1lidos. Sua reelei\u00e7\u00e3o reflete o reconhecimento da comunidade pelo seu trabalho e comprometimento com as causas locais.<\/span><\/div><\/div>\t\t\t\t\t\t<\/div>\n\t\t\t\t<\/div>\n\t\t\t\t\t<\/div>\n\t\t<\/div>\n\t\t\t\t\t\t\t<\/div>\n\t\t<\/section>\n\t\t\t\t\t\t\t<\/div>\n\t\t","protected":false},"excerpt":{"rendered":"<p>Jocenilde Oliveira &#8211; Vereadora Contato Zap: 94 99137-8249 Enviar email para Email: ver.profnilde@cmcurionopolis.pa.gov.br Partido MDB Compete a vereadora elaborar as leis municipais e fiscalizar a atua\u00e7\u00e3o do Executivo. S\u00e3o os [&hellip;]<\/p>\n","protected":false},"author":1,"featured_media":0,"parent":0,"menu_order":0,"comment_status":"closed","ping_status":"closed","template":"","meta":[],"_links":{"self":[{"href":"https:\/\/cmcurionopolis.pa.gov.br\/index.php\/wp-json\/wp\/v2\/pages\/2989"}],"collection":[{"href":"https:\/\/cmcurionopolis.pa.gov.br\/index.php\/wp-json\/wp\/v2\/pages"}],"about":[{"href":"https:\/\/cmcurionopolis.pa.gov.br\/index.php\/wp-json\/wp\/v2\/types\/page"}],"author":[{"embeddable":true,"href":"https:\/\/cmcurionopolis.pa.gov.br\/index.php\/wp-json\/wp\/v2\/users\/1"}],"replies":[{"embeddable":true,"href":"https:\/\/cmcurionopolis.pa.gov.br\/index.php\/wp-json\/wp\/v2\/comments?post=2989"}],"version-history":[{"count":35,"href":"https:\/\/cmcurionopolis.pa.gov.br\/index.php\/wp-json\/wp\/v2\/pages\/2989\/revisions"}],"predecessor-version":[{"id":6470,"href":"https:\/\/cmcurionopolis.pa.gov.br\/index.php\/wp-json\/wp\/v2\/pages\/2989\/revisions\/6470"}],"wp:attachment":[{"href":"https:\/\/cmcurionopolis.pa.gov.br\/index.php\/wp-json\/wp\/v2\/media?parent=2989"}],"curies":[{"name":"wp","href":"https:\/\/api.w.org\/{rel}","templated":true}]}}