{"id":3002,"date":"2022-05-15T21:40:54","date_gmt":"2022-05-16T00:40:54","guid":{"rendered":"https:\/\/cmcurionopolis.pa.gov.br\/?page_id=3002"},"modified":"2024-04-29T10:03:03","modified_gmt":"2024-04-29T13:03:03","slug":"wilame-pedroza-vereador","status":"publish","type":"page","link":"https:\/\/cmcurionopolis.pa.gov.br\/index.php\/wilame-pedroza-vereador\/","title":{"rendered":"Wilame Pedroza\u200b &#8211; Vereador"},"content":{"rendered":"\t\t<div data-elementor-type=\"wp-page\" data-elementor-id=\"3002\" class=\"elementor elementor-3002\">\n\t\t\t\t\t\t\t\t\t<section data-particle_enable=\"false\" data-particle-mobile-disabled=\"false\" class=\"elementor-section elementor-top-section elementor-element elementor-element-50b82d46 elementor-section-boxed elementor-section-height-default elementor-section-height-default\" data-id=\"50b82d46\" data-element_type=\"section\">\n\t\t\t\t\t\t<div class=\"elementor-container elementor-column-gap-default\">\n\t\t\t\t\t<div class=\"elementor-column elementor-col-33 elementor-top-column elementor-element elementor-element-78c99863\" data-id=\"78c99863\" data-element_type=\"column\">\n\t\t\t<div class=\"elementor-widget-wrap elementor-element-populated\">\n\t\t\t\t\t\t\t\t<div class=\"elementor-element elementor-element-7a48850c elementor-widget elementor-widget-image\" data-id=\"7a48850c\" data-element_type=\"widget\" data-widget_type=\"image.default\">\n\t\t\t\t<div class=\"elementor-widget-container\">\n\t\t\t\t\t\t\t\t\t\t\t\t\t\t\t<img decoding=\"async\" src=\"https:\/\/cmcurionopolis.pa.gov.br\/wp-content\/uploads\/2022\/05\/WhatsApp-Image-2022-05-15-at-21.29.49-1.jpeg\" title=\"WhatsApp Image 2022-05-15 at 21.29.49 (1)\" alt=\"WhatsApp Image 2022-05-15 at 21.29.49 (1)\" \/>\t\t\t\t\t\t\t\t\t\t\t\t\t\t\t<\/div>\n\t\t\t\t<\/div>\n\t\t\t\t\t<\/div>\n\t\t<\/div>\n\t\t\t\t<div class=\"elementor-column elementor-col-66 elementor-top-column elementor-element elementor-element-789ff7d2\" data-id=\"789ff7d2\" data-element_type=\"column\">\n\t\t\t<div class=\"elementor-widget-wrap elementor-element-populated\">\n\t\t\t\t\t\t\t\t<div class=\"elementor-element elementor-element-7441f08a elementor-view-framed elementor-position-left elementor-shape-circle elementor-mobile-position-top elementor-vertical-align-top elementor-widget elementor-widget-icon-box\" data-id=\"7441f08a\" data-element_type=\"widget\" data-widget_type=\"icon-box.default\">\n\t\t\t\t<div class=\"elementor-widget-container\">\n\t\t\t\t\t<div class=\"elementor-icon-box-wrapper\">\n\t\t\t\t\t\t<div class=\"elementor-icon-box-icon\">\n\t\t\t\t<span class=\"elementor-icon elementor-animation-\" >\n\t\t\t\t<i aria-hidden=\"true\" class=\"fab fa-whatsapp\"><\/i>\t\t\t\t<\/span>\n\t\t\t<\/div>\n\t\t\t\t\t\t<div class=\"elementor-icon-box-content\">\n\t\t\t\t<h4 class=\"elementor-icon-box-title\">\n\t\t\t\t\t<span  >\n\t\t\t\t\t\tContato\t\t\t\t\t<\/span>\n\t\t\t\t<\/h4>\n\t\t\t\t\t\t\t\t\t<p class=\"elementor-icon-box-description\">\n\t\t\t\t\t\tZap: 94 99178 0622\t\t\t\t\t<\/p>\n\t\t\t\t\t\t\t<\/div>\n\t\t<\/div>\n\t\t\t\t<\/div>\n\t\t\t\t<\/div>\n\t\t\t\t<div class=\"elementor-element elementor-element-6438f0b0 elementor-view-framed elementor-position-left elementor-shape-circle elementor-mobile-position-top elementor-vertical-align-top elementor-widget elementor-widget-icon-box\" data-id=\"6438f0b0\" data-element_type=\"widget\" data-widget_type=\"icon-box.default\">\n\t\t\t\t<div class=\"elementor-widget-container\">\n\t\t\t\t\t<div class=\"elementor-icon-box-wrapper\">\n\t\t\t\t\t\t<div class=\"elementor-icon-box-icon\">\n\t\t\t\t<span class=\"elementor-icon elementor-animation-\" >\n\t\t\t\t<i aria-hidden=\"true\" class=\"fas fa-mail-bulk\"><\/i>\t\t\t\t<\/span>\n\t\t\t<\/div>\n\t\t\t\t\t\t<div class=\"elementor-icon-box-content\">\n\t\t\t\t<h4 class=\"elementor-icon-box-title\">\n\t\t\t\t\t<span  >\n\t\t\t\t\t\tEnviar email para\t\t\t\t\t<\/span>\n\t\t\t\t<\/h4>\n\t\t\t\t\t\t\t\t\t<p class=\"elementor-icon-box-description\">\n\t\t\t\t\t\tEmail: wilamepedroza10@gmail.com;<br>ver.williandoap@cmcurionopolis.pa.gov.br\t\t\t\t\t<\/p>\n\t\t\t\t\t\t\t<\/div>\n\t\t<\/div>\n\t\t\t\t<\/div>\n\t\t\t\t<\/div>\n\t\t\t\t<div class=\"elementor-element elementor-element-2085c04b elementor-view-framed elementor-position-left elementor-shape-circle elementor-mobile-position-top elementor-vertical-align-top elementor-widget elementor-widget-icon-box\" data-id=\"2085c04b\" data-element_type=\"widget\" data-widget_type=\"icon-box.default\">\n\t\t\t\t<div class=\"elementor-widget-container\">\n\t\t\t\t\t<div class=\"elementor-icon-box-wrapper\">\n\t\t\t\t\t\t<div class=\"elementor-icon-box-icon\">\n\t\t\t\t<span class=\"elementor-icon elementor-animation-\" >\n\t\t\t\t<i aria-hidden=\"true\" class=\"fas fa-tags\"><\/i>\t\t\t\t<\/span>\n\t\t\t<\/div>\n\t\t\t\t\t\t<div class=\"elementor-icon-box-content\">\n\t\t\t\t<h4 class=\"elementor-icon-box-title\">\n\t\t\t\t\t<span  >\n\t\t\t\t\t\tPartido\t\t\t\t\t<\/span>\n\t\t\t\t<\/h4>\n\t\t\t\t\t\t\t\t\t<p class=\"elementor-icon-box-description\">\n\t\t\t\t\t\tMDB\t\t\t\t\t<\/p>\n\t\t\t\t\t\t\t<\/div>\n\t\t<\/div>\n\t\t\t\t<\/div>\n\t\t\t\t<\/div>\n\t\t\t\t\t<\/div>\n\t\t<\/div>\n\t\t\t\t\t\t\t<\/div>\n\t\t<\/section>\n\t\t\t\t<section data-particle_enable=\"false\" data-particle-mobile-disabled=\"false\" class=\"elementor-section elementor-top-section elementor-element elementor-element-556ed860 elementor-section-boxed elementor-section-height-default elementor-section-height-default\" data-id=\"556ed860\" data-element_type=\"section\">\n\t\t\t\t\t\t<div class=\"elementor-container elementor-column-gap-default\">\n\t\t\t\t\t<div class=\"elementor-column elementor-col-100 elementor-top-column elementor-element elementor-element-1636aedb\" data-id=\"1636aedb\" data-element_type=\"column\">\n\t\t\t<div class=\"elementor-widget-wrap elementor-element-populated\">\n\t\t\t\t\t\t\t\t<div class=\"elementor-element elementor-element-74bb9844 elementor-widget elementor-widget-text-editor\" data-id=\"74bb9844\" data-element_type=\"widget\" data-widget_type=\"text-editor.default\">\n\t\t\t\t<div class=\"elementor-widget-container\">\n\t\t\t\t\t\t\t<p>Compete ao vereador elaborar as leis municipais e fiscalizar a atua\u00e7\u00e3o do Executivo. S\u00e3o os vereadores que prop\u00f5em, discutem e aprovam as leis a serem aplicadas no munic\u00edpio. Tamb\u00e9m \u00e9 dever do vereador acompanhar as a\u00e7\u00f5es do Executivo, verificando se est\u00e3o sendo cumpridas as metas de governo e se est\u00e3o sendo atendidas as normas legais. Cada vereador \u00e9 eleito de forma direta, pelo voto, tornando-se um representante da popula\u00e7\u00e3o. Por isso, deve propor projetos que estejam de acordo com os interesses e o bem-estar do povo.<br \/>Al\u00e9m das vota\u00e7\u00f5es, os vereadores tamb\u00e9m t\u00eam o poder e o dever de fiscalizar a administra\u00e7\u00e3o, cuidando da aplica\u00e7\u00e3o dos recursos e observando o or\u00e7amento.<\/p>\t\t\t\t\t\t<\/div>\n\t\t\t\t<\/div>\n\t\t\t\t\t<\/div>\n\t\t<\/div>\n\t\t\t\t\t\t\t<\/div>\n\t\t<\/section>\n\t\t\t\t<section data-particle_enable=\"false\" data-particle-mobile-disabled=\"false\" class=\"elementor-section elementor-top-section elementor-element elementor-element-9c212e4 elementor-section-boxed elementor-section-height-default elementor-section-height-default\" data-id=\"9c212e4\" data-element_type=\"section\">\n\t\t\t\t\t\t<div class=\"elementor-container elementor-column-gap-default\">\n\t\t\t\t\t<div class=\"elementor-column elementor-col-100 elementor-top-column elementor-element elementor-element-a32f654\" data-id=\"a32f654\" data-element_type=\"column\">\n\t\t\t<div class=\"elementor-widget-wrap elementor-element-populated\">\n\t\t\t\t\t\t\t\t<div class=\"elementor-element elementor-element-627422c elementor-widget elementor-widget-text-editor\" data-id=\"627422c\" data-element_type=\"widget\" data-widget_type=\"text-editor.default\">\n\t\t\t\t<div class=\"elementor-widget-container\">\n\t\t\t\t\t\t\t<p>Biografia:<\/p><div class=\"col-md-7 col-sm-12 col-xs-12\"><div class=\"dvg-painel-info-etiqueta\"><div class=\"text\"><h3 class=\"ng-binding\">WILAME PEDROZA SANTOS<\/h3>NOME COMPLETO<\/div><\/div><\/div><div class=\"col-md-5 col-sm-12 col-xs-12\"><div class=\"dvg-painel-info-etiqueta\"><div class=\"icon\">\u00a0<\/div><div class=\"text\"><h3 class=\"ng-binding\">27\/12\/1976<\/h3>DATA DE NASCIMENTO<\/div><\/div><\/div><div class=\"col-md-7 col-sm-12 col-xs-12\"><div class=\"dvg-painel-info-etiqueta\"><div class=\"icon\">\u00a0<\/div><div class=\"text\"><h3 class=\"\" data-ng-show=\"resultData.descricaoSexo === 'MASC.'\">Masculino<\/h3>G\u00caNERO<\/div><\/div><\/div><div class=\"col-md-5 col-sm-12 col-xs-12\"><div class=\"dvg-painel-info-etiqueta\"><div class=\"icon\">\u00a0<\/div><div class=\"text\"><h3 class=\"ng-binding\">PARDA<\/h3>COR \/ RA\u00c7A<\/div><\/div><\/div><div class=\"col-md-7 col-sm-12 col-xs-12\"><div class=\"dvg-painel-info-etiqueta\"><div class=\"icon\">\u00a0<\/div><div class=\"text\"><h3 class=\"ng-binding\">Solteiro(a)<\/h3>ESTADO CIVIL<\/div><\/div><\/div><div class=\"col-md-5 col-sm-12 col-xs-12\"><div class=\"dvg-painel-info-etiqueta\"><div class=\"icon\">\u00a0<\/div><div class=\"text\"><h3 class=\"ng-binding\">Brasileira nata \/ MA-VIT\u00d3RIA DO MEARIM<\/h3>NACIONALIDADE \/ NATURALIDADE<\/div><\/div><\/div><div class=\"col-md-7 col-sm-12 col-xs-12\"><div class=\"dvg-painel-info-etiqueta\"><div class=\"icon\">\u00a0<\/div><div class=\"text\"><h3 class=\"ng-binding\">Ensino M\u00e9dio completo<\/h3>GRAU DE INSTRU\u00c7\u00c3O<\/div><\/div><\/div><div class=\"col-md-5 col-sm-12 col-xs-12\"><div class=\"dvg-painel-info-etiqueta\"><div class=\"icon\">\u00a0<\/div><div class=\"text\"><h3 class=\"ng-binding\">Outros<\/h3>OCUPA\u00c7\u00c3O<\/div><\/div><\/div><div class=\"col-md-7 col-sm-12 col-xs-12\"><div class=\"dvg-painel-info-etiqueta\"><div class=\"icon\">\u00a0<\/div><div class=\"text\"><h3 class=\"ng-binding ng-scope\" data-ng-if=\"resultData.nomeColigacao != '**'\">PSDB<\/h3><span class=\"ng-binding ng-scope\" data-ng-if=\"resultData.descricaoTipoDrap != '**'\">PARTIDO ISOLADO<\/span><\/div><\/div><\/div>\t\t\t\t\t\t<\/div>\n\t\t\t\t<\/div>\n\t\t\t\t\t<\/div>\n\t\t<\/div>\n\t\t\t\t\t\t\t<\/div>\n\t\t<\/section>\n\t\t\t\t\t\t\t<\/div>\n\t\t","protected":false},"excerpt":{"rendered":"<p>Contato Zap: 94 99178 0622 Enviar email para Email: wilamepedroza10@gmail.com;ver.williandoap@cmcurionopolis.pa.gov.br Partido MDB Compete ao vereador elaborar as leis municipais e fiscalizar a atua\u00e7\u00e3o do Executivo. S\u00e3o os vereadores que prop\u00f5em, [&hellip;]<\/p>\n","protected":false},"author":1,"featured_media":0,"parent":0,"menu_order":0,"comment_status":"closed","ping_status":"closed","template":"","meta":[],"_links":{"self":[{"href":"https:\/\/cmcurionopolis.pa.gov.br\/index.php\/wp-json\/wp\/v2\/pages\/3002"}],"collection":[{"href":"https:\/\/cmcurionopolis.pa.gov.br\/index.php\/wp-json\/wp\/v2\/pages"}],"about":[{"href":"https:\/\/cmcurionopolis.pa.gov.br\/index.php\/wp-json\/wp\/v2\/types\/page"}],"author":[{"embeddable":true,"href":"https:\/\/cmcurionopolis.pa.gov.br\/index.php\/wp-json\/wp\/v2\/users\/1"}],"replies":[{"embeddable":true,"href":"https:\/\/cmcurionopolis.pa.gov.br\/index.php\/wp-json\/wp\/v2\/comments?post=3002"}],"version-history":[{"count":10,"href":"https:\/\/cmcurionopolis.pa.gov.br\/index.php\/wp-json\/wp\/v2\/pages\/3002\/revisions"}],"predecessor-version":[{"id":5531,"href":"https:\/\/cmcurionopolis.pa.gov.br\/index.php\/wp-json\/wp\/v2\/pages\/3002\/revisions\/5531"}],"wp:attachment":[{"href":"https:\/\/cmcurionopolis.pa.gov.br\/index.php\/wp-json\/wp\/v2\/media?parent=3002"}],"curies":[{"name":"wp","href":"https:\/\/api.w.org\/{rel}","templated":true}]}}