{"id":3013,"date":"2022-05-16T11:04:46","date_gmt":"2022-05-16T14:04:46","guid":{"rendered":"https:\/\/cmcurionopolis.pa.gov.br\/?page_id=3013"},"modified":"2022-05-16T11:07:13","modified_gmt":"2022-05-16T14:07:13","slug":"historia","status":"publish","type":"page","link":"https:\/\/cmcurionopolis.pa.gov.br\/index.php\/historia\/","title":{"rendered":"Hist\u00f3ria"},"content":{"rendered":"\t\t<div data-elementor-type=\"wp-page\" data-elementor-id=\"3013\" class=\"elementor elementor-3013\">\n\t\t\t\t\t\t\t\t\t<section data-particle_enable=\"false\" data-particle-mobile-disabled=\"false\" class=\"elementor-section elementor-top-section elementor-element elementor-element-8fc7a4b elementor-section-boxed elementor-section-height-default elementor-section-height-default\" data-id=\"8fc7a4b\" data-element_type=\"section\">\n\t\t\t\t\t\t<div class=\"elementor-container elementor-column-gap-default\">\n\t\t\t\t\t<div class=\"elementor-column elementor-col-100 elementor-top-column elementor-element elementor-element-b18fee8\" data-id=\"b18fee8\" data-element_type=\"column\">\n\t\t\t<div class=\"elementor-widget-wrap elementor-element-populated\">\n\t\t\t\t\t\t\t\t<div class=\"elementor-element elementor-element-9574a0d elementor-widget elementor-widget-image\" data-id=\"9574a0d\" data-element_type=\"widget\" data-widget_type=\"image.default\">\n\t\t\t\t<div class=\"elementor-widget-container\">\n\t\t\t\t\t\t\t\t\t\t\t\t\t\t\t<img decoding=\"async\" width=\"848\" height=\"536\" src=\"https:\/\/cmcurionopolis.pa.gov.br\/wp-content\/uploads\/2022\/05\/cidade_2_large.jpg\" class=\"attachment-large size-large\" alt=\"\" loading=\"lazy\" srcset=\"https:\/\/cmcurionopolis.pa.gov.br\/wp-content\/uploads\/2022\/05\/cidade_2_large.jpg 848w, https:\/\/cmcurionopolis.pa.gov.br\/wp-content\/uploads\/2022\/05\/cidade_2_large-300x190.jpg 300w, https:\/\/cmcurionopolis.pa.gov.br\/wp-content\/uploads\/2022\/05\/cidade_2_large-768x485.jpg 768w, https:\/\/cmcurionopolis.pa.gov.br\/wp-content\/uploads\/2022\/05\/cidade_2_large-50x32.jpg 50w, https:\/\/cmcurionopolis.pa.gov.br\/wp-content\/uploads\/2022\/05\/cidade_2_large-100x63.jpg 100w\" sizes=\"(max-width: 848px) 100vw, 848px\" \/>\t\t\t\t\t\t\t\t\t\t\t\t\t\t\t<\/div>\n\t\t\t\t<\/div>\n\t\t\t\t\t<\/div>\n\t\t<\/div>\n\t\t\t\t\t\t\t<\/div>\n\t\t<\/section>\n\t\t\t\t<section data-particle_enable=\"false\" data-particle-mobile-disabled=\"false\" class=\"elementor-section elementor-top-section elementor-element elementor-element-6eaf213 elementor-section-boxed elementor-section-height-default elementor-section-height-default\" data-id=\"6eaf213\" data-element_type=\"section\">\n\t\t\t\t\t\t<div class=\"elementor-container elementor-column-gap-default\">\n\t\t\t\t\t<div class=\"elementor-column elementor-col-100 elementor-top-column elementor-element elementor-element-ccf8bef\" data-id=\"ccf8bef\" data-element_type=\"column\">\n\t\t\t<div class=\"elementor-widget-wrap elementor-element-populated\">\n\t\t\t\t\t\t\t\t<div class=\"elementor-element elementor-element-19eb0f1 elementor-widget elementor-widget-text-editor\" data-id=\"19eb0f1\" data-element_type=\"widget\" data-widget_type=\"text-editor.default\">\n\t\t\t\t<div class=\"elementor-widget-container\">\n\t\t\t\t\t\t\t<p style=\"box-sizing: inherit; color: #212529; font-family: Raleway;\" data-raofz=\"16\"><span style=\"box-sizing: inherit; font-weight: bolder;\">INFORMA\u00c7\u00d5ES SOBRE O MUNIC\u00cdPIO<\/span><\/p><p style=\"box-sizing: inherit; color: #212529; font-family: Raleway;\" data-raofz=\"16\">C\u00d3DIGO DO IBGE:\u00a0<span style=\"box-sizing: inherit; font-weight: bolder;\">1502772<\/span><\/p><p style=\"box-sizing: inherit; color: #212529; font-family: Raleway;\" data-raofz=\"16\">POPULA\u00c7\u00c3O ESTIMADA (2017):\u00a0<span style=\"box-sizing: inherit; font-weight: bolder;\">17.453<\/span><\/p><p style=\"box-sizing: inherit; color: #212529; font-family: Raleway;\" data-raofz=\"16\">\u00c1REA DA UNIDADE TERRITORIAL (2016):<span style=\"box-sizing: inherit; font-weight: bolder;\">\u00a02.369,098 km\u00b2<\/span><\/p><p style=\"box-sizing: inherit; color: #212529; font-family: Raleway;\" data-raofz=\"16\"><a style=\"box-sizing: inherit; text-decoration-line: underline;\" role=\"link\" href=\"https:\/\/cidades.ibge.gov.br\/brasil\/pa\/curionopolis\/panorama\" data-raofz=\"16\">CLICK AQUI PARA ACESSAR TODOS OS DADOS.<\/a><\/p><p style=\"box-sizing: inherit; color: #212529; font-family: Raleway;\" data-raofz=\"16\">Curion\u00f3polis \u00e9 um munic\u00edpio do interior do Par\u00e1, localizado a 753 quil\u00f4metros da capital do Par\u00e1, Bel\u00e9m. Hoje sua economia se consolida na gera\u00e7\u00e3o de emprego dos projetos de minera\u00e7\u00e3o em implanta\u00e7\u00e3o. Do comercio sai outra fatia da encomia e mais gera\u00e7\u00e3o de emprego. O comercio se configura principalmente nos g\u00eaneros aliment\u00edcios, de vestu\u00e1rios, hotelaria, combust\u00edveis e servi\u00e7os diversos.<\/p><p style=\"box-sizing: inherit; color: #212529; font-family: Raleway;\" data-raofz=\"16\">Curion\u00f3polis \u00e9 um munic\u00edpio do interior do Par\u00e1, localizado a 753 quil\u00f4metros da capital do Par\u00e1, Bel\u00e9m. Hoje sua economia se consolida na gera\u00e7\u00e3o de emprego dos projetos de minera\u00e7\u00e3o em implanta\u00e7\u00e3o. Do comercio sai outra fatia da encomia e mais gera\u00e7\u00e3o de emprego. O comercio se configura principalmente nos g\u00eaneros aliment\u00edcios, de vestu\u00e1rios, hotelaria, combust\u00edveis e servi\u00e7os diversos.<\/p><p style=\"box-sizing: inherit; color: #212529; font-family: Raleway;\" data-raofz=\"16\">Cidade do interior Curion\u00f3polis tem uma cultura diversificada justificada por ser terra de imigrantes de v\u00e1rios estados, principalmente do Maranh\u00e3o de onde se originou mais de 60% desses imigrantes.<br style=\"box-sizing: inherit;\" \/>Do mesmo modo \u00e9 o gosto musical e a gastronomia. As principais datas comemorativas s\u00e3o o anivers\u00e1rio da cidade em 10 de maio e a prociss\u00e3o da Irm\u00e3 Adelaide, que ocorre 14 de abril. Anualmente como em todo pa\u00eds a cidade realiza o desfile de 7 de Setembro, as Festas Juninas e o Carnaval.<\/p>\t\t\t\t\t\t<\/div>\n\t\t\t\t<\/div>\n\t\t\t\t\t<\/div>\n\t\t<\/div>\n\t\t\t\t\t\t\t<\/div>\n\t\t<\/section>\n\t\t\t\t\t\t\t<\/div>\n\t\t","protected":false},"excerpt":{"rendered":"<p>INFORMA\u00c7\u00d5ES SOBRE O MUNIC\u00cdPIO C\u00d3DIGO DO IBGE:\u00a01502772 POPULA\u00c7\u00c3O ESTIMADA (2017):\u00a017.453 \u00c1REA DA UNIDADE TERRITORIAL (2016):\u00a02.369,098 km\u00b2 CLICK AQUI PARA ACESSAR TODOS OS DADOS. Curion\u00f3polis \u00e9 um munic\u00edpio do interior do [&hellip;]<\/p>\n","protected":false},"author":1,"featured_media":0,"parent":0,"menu_order":0,"comment_status":"closed","ping_status":"closed","template":"","meta":[],"_links":{"self":[{"href":"https:\/\/cmcurionopolis.pa.gov.br\/index.php\/wp-json\/wp\/v2\/pages\/3013"}],"collection":[{"href":"https:\/\/cmcurionopolis.pa.gov.br\/index.php\/wp-json\/wp\/v2\/pages"}],"about":[{"href":"https:\/\/cmcurionopolis.pa.gov.br\/index.php\/wp-json\/wp\/v2\/types\/page"}],"author":[{"embeddable":true,"href":"https:\/\/cmcurionopolis.pa.gov.br\/index.php\/wp-json\/wp\/v2\/users\/1"}],"replies":[{"embeddable":true,"href":"https:\/\/cmcurionopolis.pa.gov.br\/index.php\/wp-json\/wp\/v2\/comments?post=3013"}],"version-history":[{"count":7,"href":"https:\/\/cmcurionopolis.pa.gov.br\/index.php\/wp-json\/wp\/v2\/pages\/3013\/revisions"}],"predecessor-version":[{"id":3021,"href":"https:\/\/cmcurionopolis.pa.gov.br\/index.php\/wp-json\/wp\/v2\/pages\/3013\/revisions\/3021"}],"wp:attachment":[{"href":"https:\/\/cmcurionopolis.pa.gov.br\/index.php\/wp-json\/wp\/v2\/media?parent=3013"}],"curies":[{"name":"wp","href":"https:\/\/api.w.org\/{rel}","templated":true}]}}