{"id":3278,"date":"2022-07-26T11:25:44","date_gmt":"2022-07-26T14:25:44","guid":{"rendered":"https:\/\/cmcurionopolis.pa.gov.br\/?page_id=3278"},"modified":"2023-07-28T00:00:50","modified_gmt":"2023-07-28T03:00:50","slug":"mapa-do-site","status":"publish","type":"page","link":"https:\/\/cmcurionopolis.pa.gov.br\/index.php\/mapa-do-site\/","title":{"rendered":"Mapa do Site"},"content":{"rendered":"\t\t<div data-elementor-type=\"wp-page\" data-elementor-id=\"3278\" class=\"elementor elementor-3278\">\n\t\t\t\t\t\t\t\t\t<section data-particle_enable=\"false\" data-particle-mobile-disabled=\"false\" class=\"elementor-section elementor-top-section elementor-element elementor-element-93560b2 elementor-section-boxed elementor-section-height-default elementor-section-height-default\" data-id=\"93560b2\" data-element_type=\"section\">\n\t\t\t\t\t\t<div class=\"elementor-container elementor-column-gap-default\">\n\t\t\t\t\t<div class=\"elementor-column elementor-col-100 elementor-top-column elementor-element elementor-element-f45d2e0\" data-id=\"f45d2e0\" data-element_type=\"column\">\n\t\t\t<div class=\"elementor-widget-wrap elementor-element-populated\">\n\t\t\t\t\t\t\t\t<div class=\"elementor-element elementor-element-ebb9325 elementor-widget elementor-widget-heading\" data-id=\"ebb9325\" data-element_type=\"widget\" data-widget_type=\"heading.default\">\n\t\t\t\t<div class=\"elementor-widget-container\">\n\t\t\t<h2 class=\"elementor-heading-title elementor-size-default\">Mapa do Site<\/h2>\t\t<\/div>\n\t\t\t\t<\/div>\n\t\t\t\t<div class=\"elementor-element elementor-element-3a49c0c elementor-widget elementor-widget-text-editor\" data-id=\"3a49c0c\" data-element_type=\"widget\" data-widget_type=\"text-editor.default\">\n\t\t\t\t<div class=\"elementor-widget-container\">\n\t\t\t\t\t\t\t<p>Uma vis\u00e3o geral do conte\u00fado dispon\u00edvel no site.<\/p>\t\t\t\t\t\t<\/div>\n\t\t\t\t<\/div>\n\t\t\t\t\t<\/div>\n\t\t<\/div>\n\t\t\t\t\t\t\t<\/div>\n\t\t<\/section>\n\t\t\t\t<section data-particle_enable=\"false\" data-particle-mobile-disabled=\"false\" class=\"elementor-section elementor-top-section elementor-element elementor-element-5e2dd5b elementor-section-boxed elementor-section-height-default elementor-section-height-default\" data-id=\"5e2dd5b\" data-element_type=\"section\">\n\t\t\t\t\t\t<div class=\"elementor-container elementor-column-gap-default\">\n\t\t\t\t\t<div class=\"elementor-column elementor-col-100 elementor-top-column elementor-element elementor-element-5f7b959\" data-id=\"5f7b959\" data-element_type=\"column\">\n\t\t\t<div class=\"elementor-widget-wrap elementor-element-populated\">\n\t\t\t\t\t\t\t\t<div class=\"elementor-element elementor-element-14d452c elementor-widget elementor-widget-text-editor\" data-id=\"14d452c\" data-element_type=\"widget\" data-widget_type=\"text-editor.default\">\n\t\t\t\t<div class=\"elementor-widget-container\">\n\t\t\t\t\t\t\t<p><strong>In\u00edcio\u00a0<\/strong><\/p><ul><li><a href=\"https:\/\/cmcurionopolis.pa.gov.br\/index.php\/a-camara\/\">A C\u00e2mara<\/a><\/li><li><a href=\"https:\/\/cmcurionopolis.pa.gov.br\/index.php\/2023\/07\/27\/editais\/\">Editais e Avisos<\/a><\/li><li><a href=\"https:\/\/www.governotransparente.com.br\/transparencia\/44249588\/leismunicipais?datainfo=MTIwMjMwNzEyMjAwMFBQUA==&amp;clean=false\">Leis<\/a><\/li><li><a href=\"https:\/\/cmcurionopolis.pa.gov.br\/index.php\/atividades-legilativas\/\">Atividades Legislativas<\/a><\/li><li><a href=\"https:\/\/cmcurionopolis.pa.gov.br\/index.php\/transparencia\/\">Portal da Transpar\u00eancia<\/a><\/li><\/ul><p><strong>Portal do servidor<\/strong><\/p><ul><li><a href=\"http:\/\/www.rpmsolucoes.com.br\/wc\/login.aspx?CNPJ_INSTI=22938708000120\">Clique aqui para acessar<\/a><\/li><\/ul><p><strong>Concurso P\u00fablico<\/strong><\/p><ul><li><a href=\"https:\/\/cmcurionopolis.pa.gov.br\/index.php\/concursos-e-selecoes-publicas\/\">Clique aqui para acessar<\/a><\/li><\/ul><p><strong>Agenda<\/strong><\/p><ul><li><a href=\"https:\/\/cmcurionopolis.pa.gov.br\/index.php\/agenda-do-presidente-da-camara\/\">Clique aqui para acessar<\/a><\/li><\/ul><p><strong>Ouvidoria<\/strong><\/p><ul><li><a href=\"http:\/\/www.gdic.com.br\/modulo\/ouvidoria\/login\/4424588\">Clique aqui para acessar<\/a><\/li><\/ul><p><strong>Perguntas e contatos<\/strong><\/p><ul><li><a href=\"https:\/\/cmcurionopolis.pa.gov.br\/index.php\/perguntas-frequentes\/\">Perguntas Frequentes<\/a><\/li><li><a href=\"https:\/\/cmcurionopolis.pa.gov.br\/index.php\/servico-de-informacao-ao-cidadao\">Fale conosco<\/a><\/li><\/ul><p><strong>Not\u00edcias\u00a0<\/strong><\/p><ul><li><a href=\"https:\/\/cmcurionopolis.pa.gov.br\/index.php\/category\/noticias\/\">Clique aqui para acessar<\/a><\/li><\/ul><p><strong>Transmiss\u00f5es ao VIVO<\/strong><\/p><ul><li><a href=\"https:\/\/www.facebook.com\/camaramunicipaldecurionopolis\/videos\/?ref=page_internal\">Clique aqui para acessar<\/a><\/li><\/ul><p><strong>Parlamentares (Vereadores)<\/strong><\/p><ul><li><a href=\"https:\/\/cmcurionopolis.pa.gov.br\/index.php\/parlamentares\/\">Clique aqui para acessar<\/a><\/li><\/ul><p><strong>Informa\u00e7\u00f5es sobre o Munic\u00edpio<\/strong><\/p><ul><li><a href=\"https:\/\/cmcurionopolis.pa.gov.br\/index.php\/historia\">Nossa Hist\u00f3ria<\/a><\/li><li><a href=\"https:\/\/cmcurionopolis.pa.gov.br\/index.php\/simbolo-municipal\">S\u00edmbolo Municipal<\/a><\/li><li><a href=\"https:\/\/cmcurionopolis.pa.gov.br\/index.php\/cultura-e-turismo\">Cultura e turismo<\/a><\/li><li><a href=\"https:\/\/www.gdic.com.br\/modulo\/esic\/login\/4424588\">E-sic<\/a><\/li><li><a href=\"https:\/\/cmcurionopolis.pa.gov.br\/index.php\/licitacoes-e-contratos\/\">Licita\u00e7\u00f5es e Contratos<\/a><\/li><\/ul>\t\t\t\t\t\t<\/div>\n\t\t\t\t<\/div>\n\t\t\t\t\t<\/div>\n\t\t<\/div>\n\t\t\t\t\t\t\t<\/div>\n\t\t<\/section>\n\t\t\t\t\t\t\t<\/div>\n\t\t","protected":false},"excerpt":{"rendered":"<p>Mapa do Site Uma vis\u00e3o geral do conte\u00fado dispon\u00edvel no site. In\u00edcio\u00a0 A C\u00e2mara Editais e Avisos Leis Atividades Legislativas Portal da Transpar\u00eancia Portal do servidor Clique aqui para acessar [&hellip;]<\/p>\n","protected":false},"author":1,"featured_media":0,"parent":0,"menu_order":0,"comment_status":"closed","ping_status":"closed","template":"","meta":[],"_links":{"self":[{"href":"https:\/\/cmcurionopolis.pa.gov.br\/index.php\/wp-json\/wp\/v2\/pages\/3278"}],"collection":[{"href":"https:\/\/cmcurionopolis.pa.gov.br\/index.php\/wp-json\/wp\/v2\/pages"}],"about":[{"href":"https:\/\/cmcurionopolis.pa.gov.br\/index.php\/wp-json\/wp\/v2\/types\/page"}],"author":[{"embeddable":true,"href":"https:\/\/cmcurionopolis.pa.gov.br\/index.php\/wp-json\/wp\/v2\/users\/1"}],"replies":[{"embeddable":true,"href":"https:\/\/cmcurionopolis.pa.gov.br\/index.php\/wp-json\/wp\/v2\/comments?post=3278"}],"version-history":[{"count":15,"href":"https:\/\/cmcurionopolis.pa.gov.br\/index.php\/wp-json\/wp\/v2\/pages\/3278\/revisions"}],"predecessor-version":[{"id":4978,"href":"https:\/\/cmcurionopolis.pa.gov.br\/index.php\/wp-json\/wp\/v2\/pages\/3278\/revisions\/4978"}],"wp:attachment":[{"href":"https:\/\/cmcurionopolis.pa.gov.br\/index.php\/wp-json\/wp\/v2\/media?parent=3278"}],"curies":[{"name":"wp","href":"https:\/\/api.w.org\/{rel}","templated":true}]}}