{"id":3674,"date":"2023-03-07T17:01:48","date_gmt":"2023-03-07T20:01:48","guid":{"rendered":"https:\/\/cmcurionopolis.pa.gov.br\/?page_id=3674"},"modified":"2023-03-10T17:54:04","modified_gmt":"2023-03-10T20:54:04","slug":"atendimento-direto-caput-sic-fisico","status":"publish","type":"page","link":"https:\/\/cmcurionopolis.pa.gov.br\/index.php\/atendimento-direto-caput-sic-fisico\/","title":{"rendered":"ATENDIMENTO DIRETO CAPUT (SIC F\u00cdSICO)"},"content":{"rendered":"\t\t<div data-elementor-type=\"wp-page\" data-elementor-id=\"3674\" class=\"elementor elementor-3674\">\n\t\t\t\t\t\t\t\t\t<section data-particle_enable=\"false\" data-particle-mobile-disabled=\"false\" class=\"elementor-section elementor-top-section elementor-element elementor-element-f02d929 elementor-section-boxed elementor-section-height-default elementor-section-height-default\" data-id=\"f02d929\" data-element_type=\"section\">\n\t\t\t\t\t\t<div class=\"elementor-container elementor-column-gap-default\">\n\t\t\t\t\t<div class=\"elementor-column elementor-col-100 elementor-top-column elementor-element elementor-element-469bb6a\" data-id=\"469bb6a\" data-element_type=\"column\">\n\t\t\t<div class=\"elementor-widget-wrap elementor-element-populated\">\n\t\t\t\t\t\t\t\t<div class=\"elementor-element elementor-element-66b7070 elementor-widget elementor-widget-text-editor\" data-id=\"66b7070\" data-element_type=\"widget\" data-widget_type=\"text-editor.default\">\n\t\t\t\t<div class=\"elementor-widget-container\">\n\t\t\t\t\t\t\t<p><strong>CONTATO TELEF\u00d4NICO :&nbsp;&nbsp;<span style=\"color: #272727; font-family: Raleway; font-size: 14px; letter-spacing: 0.05em; text-align: center; text-transform: uppercase;\">(94) 99136 3067<\/span><\/strong><\/p>\n<p><strong>HORARIO DE ATENDIMENTO :&nbsp;<span style=\"color: #272727; font-family: Raleway; font-size: 14px; letter-spacing: 0.05em; text-align: center; text-transform: uppercase;\">NOSSO HOR\u00c1RIO DE ATENDIMENTO 08:00 AS 13:00H &#8211; DE SEGUNDA A SEXTA<\/span><\/strong><\/p>\n<p><strong>ENDERE\u00c7O:&nbsp;<span style=\"color: #272727; font-family: Raleway; font-size: 14px; letter-spacing: 0.05em; text-align: center; text-transform: uppercase;\">AVENIDA BRASIL, 235, CURION\u00d3POLIS &#8211; PA&nbsp;<\/span><\/strong><\/p>\t\t\t\t\t\t<\/div>\n\t\t\t\t<\/div>\n\t\t\t\t\t<\/div>\n\t\t<\/div>\n\t\t\t\t\t\t\t<\/div>\n\t\t<\/section>\n\t\t\t\t\t\t\t<\/div>\n\t\t","protected":false},"excerpt":{"rendered":"<p>CONTATO TELEF\u00d4NICO :&nbsp;&nbsp;(94) 99136 3067 HORARIO DE ATENDIMENTO :&nbsp;NOSSO HOR\u00c1RIO DE ATENDIMENTO 08:00 AS 13:00H &#8211; DE SEGUNDA A SEXTA ENDERE\u00c7O:&nbsp;AVENIDA BRASIL, 235, CURION\u00d3POLIS &#8211; PA&nbsp;<\/p>\n","protected":false},"author":1,"featured_media":0,"parent":0,"menu_order":0,"comment_status":"closed","ping_status":"closed","template":"","meta":[],"_links":{"self":[{"href":"https:\/\/cmcurionopolis.pa.gov.br\/index.php\/wp-json\/wp\/v2\/pages\/3674"}],"collection":[{"href":"https:\/\/cmcurionopolis.pa.gov.br\/index.php\/wp-json\/wp\/v2\/pages"}],"about":[{"href":"https:\/\/cmcurionopolis.pa.gov.br\/index.php\/wp-json\/wp\/v2\/types\/page"}],"author":[{"embeddable":true,"href":"https:\/\/cmcurionopolis.pa.gov.br\/index.php\/wp-json\/wp\/v2\/users\/1"}],"replies":[{"embeddable":true,"href":"https:\/\/cmcurionopolis.pa.gov.br\/index.php\/wp-json\/wp\/v2\/comments?post=3674"}],"version-history":[{"count":10,"href":"https:\/\/cmcurionopolis.pa.gov.br\/index.php\/wp-json\/wp\/v2\/pages\/3674\/revisions"}],"predecessor-version":[{"id":3704,"href":"https:\/\/cmcurionopolis.pa.gov.br\/index.php\/wp-json\/wp\/v2\/pages\/3674\/revisions\/3704"}],"wp:attachment":[{"href":"https:\/\/cmcurionopolis.pa.gov.br\/index.php\/wp-json\/wp\/v2\/media?parent=3674"}],"curies":[{"name":"wp","href":"https:\/\/api.w.org\/{rel}","templated":true}]}}