{"id":3738,"date":"2023-06-21T21:16:44","date_gmt":"2023-06-22T00:16:44","guid":{"rendered":"https:\/\/cmcurionopolis.pa.gov.br\/?page_id=3738"},"modified":"2025-10-26T22:44:39","modified_gmt":"2025-10-27T01:44:39","slug":"julgamento-das-contas-do-chefe-do-poder-executivo-pelo-poder-legislativo","status":"publish","type":"page","link":"https:\/\/cmcurionopolis.pa.gov.br\/index.php\/julgamento-das-contas-do-chefe-do-poder-executivo-pelo-poder-legislativo\/","title":{"rendered":"Julgamento das Contas do Chefe do Poder Executivo pelo Poder Legislativo"},"content":{"rendered":"\n<p class=\"has-black-color has-text-color\"><em>*** No Campo de&nbsp;<strong>Pesquisa&nbsp;<\/strong>o cidad\u00e3o pode&nbsp;pesquisar por<\/em><strong><em>&nbsp;Documento,&nbsp;Ementa\/Assunto, Ata da Sess\u00e3o de Julgamento, Data, Ano e Situa\u00e7\u00e3o.<\/em><\/strong><\/p>\n\n\n\n<p class=\"has-black-color has-text-color\"><em>*** Clicando nos campos mostrados abaixo o cidad\u00e3o pode ordenar em ordem alfab\u00e9tica ou num\u00e9rica a informa\u00e7\u00e3o<strong>&nbsp;<\/strong><\/em><strong><em><strong><em>Documento,&nbsp;Ementa\/Assunto, Ata da Sess\u00e3o de Julgamento, Data, Ano e Situa\u00e7\u00e3o<\/em><\/strong><\/em><\/strong>.<\/p>\n\n\n\n<p><em><strong>Downloads abaixo<\/strong><\/em>:<\/p>\n\n\n\n<div class=\"is-layout-flex wp-block-buttons\">\n<div class=\"wp-block-button\"><a class=\"wp-block-button__link has-white-color has-vivid-cyan-blue-background-color has-text-color has-background wp-element-button\" href=\"https:\/\/drive.google.com\/file\/d\/1vQMLjeLc0KPq_yccYP6makSksa4O58a8\/view?usp=sharing\">JSON<\/a><\/div>\n\n\n\n<div class=\"wp-block-button\"><a class=\"wp-block-button__link has-white-color has-vivid-green-cyan-background-color has-text-color has-background wp-element-button\" href=\"https:\/\/drive.google.com\/file\/d\/149gsdOrVifWIh9VaHPdbdPDGod3tf5a3\/view?usp=sharing\">CSV<\/a><\/div>\n<\/div>\n\n\n\n<table id=\"tablepress-1\" class=\"tablepress tablepress-id-1\">\n<thead>\n<tr class=\"row-1 odd\">\n\t<th class=\"column-1\">DOCUMENTO<\/th><th class=\"column-2\">EMENDA\/ASSUNTO<\/th><th class=\"column-3\">ATA DA SESS\u00c3O DO JULGAMENTO<\/th><th class=\"column-4\">DATA DO JULGAMENTO<\/th><th class=\"column-5\">SITUA\u00c7\u00c3O<\/th><th class=\"column-6\">ARQUIVO<\/th>\n<\/tr>\n<\/thead>\n<tbody class=\"row-hover\">\n<tr class=\"row-2 even\">\n\t<td class=\"column-1\">PARECER CONJUNTO N.017\/2025 - CFO- CJLR- CMC<\/td><td class=\"column-2\">Disp\u00f5e Sobre a Aprova\u00e7\u00e3o das Contas de Gest\u00e3o e Governo da Prefeitura Municipal de Curionopolis\/PA, referente ao Exercicio de 2023 de responsabilidade de Mariana  Azevedo Marquez Chamon, e d\u00e1 outras provid\u00eancias<\/td><td class=\"column-3\"><a href=\"https:\/\/www.governotransparente.com.br\/transparencia\/documentos\/44249588\/download\/759\">ATA 14\/2025 <\/a><\/td><td class=\"column-4\">2025<\/td><td class=\"column-5\">APROVADA<\/td><td class=\"column-6\"><a href=\"https:\/\/drive.google.com\/file\/d\/1QaeXuElQnhunjYNilxZB4npl1k-yXVal\/view?usp=sharing\">PARECER 17\/\/2025<\/a><\/td>\n<\/tr>\n<tr class=\"row-3 odd\">\n\t<td class=\"column-1\"><\/td><td class=\"column-2\"><\/td><td class=\"column-3\"><\/td><td class=\"column-4\">2024<\/td><td class=\"column-5\">DECLARAMOS que At\u00e9 a presente data, n\u00e3o houve julgamento das contas do Chefe do Poder Executivo referentes ao exerc\u00edcio financeiro de 2024 pelo Poder Legislativo Municipal.<br \/>\n<br \/>\nRessalta-se que esta declara\u00e7\u00e3o se refere especificamente \u00e0s contas do exerc\u00edcio de 2024<br \/>\n<br \/>\nAs referidas presta\u00e7\u00f5es de contas de governo ainda se encontram de posse do TCM-PA para<br \/>\nan\u00e1lise e emiss\u00e3o de parecer.<\/td><td class=\"column-6\"><a href=\"https:\/\/drive.google.com\/file\/d\/1bk2dF6PJPzSBzv-YSkj4t_AFWCF06ohi\/view?usp=sharing\">DECLARA\u00c7\u00c3O<\/a><\/td>\n<\/tr>\n<tr class=\"row-4 even\">\n\t<td class=\"column-1\">DECRETO LEGISLATIVO N.04\/2024<\/td><td class=\"column-2\">Disp\u00f5e Sobre a Aprova\u00e7\u00e3o das Contas de Gest\u00e3o e Governo da Prefeitura Municipal de Curionopolis\/PA, referente ao Exercicio de 2022 de responsabilidade de Mariana  Azevedo Marquez Chamon, e d\u00e1 outras provid\u00eancias<\/td><td class=\"column-3\"><a href=\"https:\/\/www.governotransparente.com.br\/transparencia\/documentos\/44249588\/download\/685\">ATA 25\/2024<\/a><\/td><td class=\"column-4\">2024<\/td><td class=\"column-5\">APROVADA<\/td><td class=\"column-6\"><a href=\"https:\/\/drive.google.com\/file\/d\/1ueLHqajv2WB4yoAadSYXbYOUQ0v44ler\/view?usp=sharing\">DECRETO LEGISLATIVO 04\/2024<\/a><\/td>\n<\/tr>\n<tr class=\"row-5 odd\">\n\t<td class=\"column-1\">DECRETO LEGISLATIVO N.03\/2024<\/td><td class=\"column-2\">Disp\u00f5e Sobre a Aprova\u00e7\u00e3o das Contas de Gest\u00e3o e Governo da Prefeitura Municipal de Curionopolis\/PA, referente ao Exercicio de 2021 de responsabilidade de Mariana  Azevedo Marquez Chamon, e d\u00e1 outras provid\u00eancias<\/td><td class=\"column-3\"><a href=\"https:\/\/www.governotransparente.com.br\/transparencia\/documentos\/44249588\/download\/685\">ATA 25\/2024<\/a><\/td><td class=\"column-4\">2024<\/td><td class=\"column-5\">APROVADA<\/td><td class=\"column-6\"><a href=\"https:\/\/drive.google.com\/file\/d\/1-lWtW8ZQ6rucXvRofaf5ClrKo8r4fKuh\/view?usp=sharing\">DECRETO LEGISLATIVO 03\/2024<\/a><\/td>\n<\/tr>\n<tr class=\"row-6 even\">\n\t<td class=\"column-1\">DECRETO LEGISLATIVO N.02\/2024<\/td><td class=\"column-2\">Disp\u00f5e Sobre a reprova\u00e7\u00e3o das Contas de Gest\u00e3o e Governo da Prefeitura Municipal de Curionopolis\/PA, referente ao Exercicio de 2008 (periodo de 01\/01\/2008 a 31\/06\/2008) de responsabilidade de Cassiano Bezzerra Viana, e d\u00e1 outras provid\u00eancias<\/td><td class=\"column-3\"><a href=\"https:\/\/drive.google.com\/file\/d\/1TDAmlA7NAvgFyC4vyxjs9RAicnPK7Yz4\/view?usp=sharing\">ATA 12\/2024<\/a><\/td><td class=\"column-4\">2024<\/td><td class=\"column-5\">REPROVADA<\/td><td class=\"column-6\"><a href=\"https:\/\/drive.google.com\/file\/d\/1qccMt_Z4_1gPyQGyxBmtb-A2ZnfzN8lN\/view?usp=sharing\">DECRETO LEGISLATIVO 02\/2024<\/a><\/td>\n<\/tr>\n<tr class=\"row-7 odd\">\n\t<td class=\"column-1\">DECRETO LEGISLATIVO N.01\/2024<\/td><td class=\"column-2\">Disp\u00f5e Sobre a Aprova\u00e7\u00e3o das Contas de Gest\u00e3o e Governo da Prefeitura Municipal de Curionopolis\/PA, referente ao Exercicio de 2008 (periodo de 01\/07\/2008 a 31\/12\/2008) de responsabilidade de Cassiano Bezzerra Viana, e d\u00e1 outras provid\u00eancias<\/td><td class=\"column-3\"><a href=\"https:\/\/drive.google.com\/file\/d\/1TDAmlA7NAvgFyC4vyxjs9RAicnPK7Yz4\/view?usp=sharing\">ATA 12\/2024<\/a><\/td><td class=\"column-4\">2024<\/td><td class=\"column-5\">APROVADA<\/td><td class=\"column-6\"><a href=\"https:\/\/drive.google.com\/file\/d\/1jxb4flPbILaND2v0jQ57jxQCiOdu10gD\/view?usp=sharing\">DECRETO LEGISLATIVO 01\/2024<\/a><\/td>\n<\/tr>\n<tr class=\"row-8 even\">\n\t<td class=\"column-1\"><\/td><td class=\"column-2\"><\/td><td class=\"column-3\">DECLARAMOS que nesse per\u00edodo essa casa legislativa n\u00e3o julgou a presta\u00e7\u00e3o de contas do poder EXECUTIVO<\/td><td class=\"column-4\">2023<\/td><td class=\"column-5\">As referidas presta\u00e7\u00f5es de contas de governo ainda se encontram de posse do TCM-PA para<br \/>\nan\u00e1lise e emiss\u00e3o de parecer.<\/td><td class=\"column-6\"><a href=\"https:\/\/drive.google.com\/file\/d\/1WVBvQ6CcN6sT8GZQVsb-3tF_6jmfhHSx\/view?usp=sharing\">DECLARA\u00c7\u00c3O<\/a><\/td>\n<\/tr>\n<tr class=\"row-9 odd\">\n\t<td class=\"column-1\">-<\/td><td class=\"column-2\">-<\/td><td class=\"column-3\">DECLARAMOS que nesse per\u00edodo essa casa legislativa n\u00e3o julgou a presta\u00e7\u00e3o de contas do poder EXECUTIVO<\/td><td class=\"column-4\">2022<\/td><td class=\"column-5\">As referidas presta\u00e7\u00f5es de contas de governo ainda se encontram de posse do TCM-PA para<br \/>\nan\u00e1lise e emiss\u00e3o de parecer.<\/td><td class=\"column-6\"><a href=\"https:\/\/drive.google.com\/file\/d\/1h8R7YRcIjZ0j_NPPx2LU9MLh0yzAu2Td\/view?usp=sharing\">DECLARA\u00c7\u00c3O<\/a><\/td>\n<\/tr>\n<tr class=\"row-10 even\">\n\t<td class=\"column-1\">PARECER CONJUNTO N.012\/2021 - CFO- CJLR- CMC <\/td><td class=\"column-2\">Contas Anuais de Gest\u00e3o e de Governo Exerc\u00edcio: 2016 Interessado: Prefeitura Municipal de Curion\u00f3polis Responsabilidade: Wenderson Azevedo Chamon.<\/td><td class=\"column-3\"><a href=\"https:\/\/drive.google.com\/file\/d\/1BitCat89LvPkFxcUOGmzejjte3KMKjyz\/view?usp=sharing\">ATA 13\/2021 DECIMA SESSAO ORDINARIA<\/a><\/td><td class=\"column-4\">20\/04\/2021<\/td><td class=\"column-5\">APROVADA<\/td><td class=\"column-6\"><a href=\"https:\/\/drive.google.com\/file\/d\/15Qd3bJcjv0Ot-De5z5ZvlSAYOt0HAT0y\/view?usp=sharing\">PARECER<\/a><\/td>\n<\/tr>\n<tr class=\"row-11 odd\">\n\t<td class=\"column-1\">PARECER CONJUNTO N.011\/2021 - CFO- CJLR- CMC <\/td><td class=\"column-2\">Contas Anuais de Gest\u00e3o e de Governo Exerc\u00edcio: 2015 Interessado: Prefeitura Municipal de Curion\u00f3polis Responsabilidade: Wenderson Azevedo Chamon.<\/td><td class=\"column-3\"><a href=\"https:\/\/drive.google.com\/file\/d\/1BitCat89LvPkFxcUOGmzejjte3KMKjyz\/view?usp=sharing\">ATA 13\/2021 DECIMA SESSAO ORDINARIA<\/a><\/td><td class=\"column-4\">20\/04\/2021<\/td><td class=\"column-5\">APROVADA<\/td><td class=\"column-6\"><a href=\"https:\/\/drive.google.com\/file\/d\/1bgzbhL5t3ts4FMyVo0WsmguIwc89zz5J\/view?usp=sharing\">PARECER<\/a><\/td>\n<\/tr>\n<tr class=\"row-12 even\">\n\t<td class=\"column-1\">PARECER CONJUNTO N.010\/2021 - CFO- CJLR- CMC <\/td><td class=\"column-2\">Contas Anuais de Gest\u00e3o e de Governo Exerc\u00edcio: 2014 Interessado: Prefeitura Municipal de Curion\u00f3polis Responsabilidade: Wenderson Azevedo Chamon.<\/td><td class=\"column-3\"><a href=\"https:\/\/drive.google.com\/file\/d\/1BitCat89LvPkFxcUOGmzejjte3KMKjyz\/view?usp=sharing\">ATA 13\/2021 DECIMA SESSAO ORDINARIA<\/a><\/td><td class=\"column-4\">20\/04\/2021<\/td><td class=\"column-5\">APROVADA<\/td><td class=\"column-6\"><a href=\"https:\/\/drive.google.com\/file\/d\/1Dmd-xOHcZ8eQOQdxcixDB78r34lh7K9C\/view?usp=sharing\">PARECER<\/a><\/td>\n<\/tr>\n<tr class=\"row-13 odd\">\n\t<td class=\"column-1\">-<\/td><td class=\"column-2\">-<\/td><td class=\"column-3\">DECLARAMOS que nesse per\u00edodo essa casa legislativa n\u00e3o julgou a presta\u00e7\u00e3o de contas do poder EXECUTIVO<\/td><td class=\"column-4\">2019<\/td><td class=\"column-5\">As referidas presta\u00e7\u00f5es de contas de governo ainda se encontram de posse do TCM-PA para<br \/>\nan\u00e1lise e emiss\u00e3o de parecer.<\/td><td class=\"column-6\"><\/td>\n<\/tr>\n<tr class=\"row-14 even\">\n\t<td class=\"column-1\">-<\/td><td class=\"column-2\">-<\/td><td class=\"column-3\">DECLARAMOS que nesse per\u00edodo essa casa legislativa n\u00e3o julgou a presta\u00e7\u00e3o de contas do poder EXECUTIVO<\/td><td class=\"column-4\">2020<\/td><td class=\"column-5\">As referidas presta\u00e7\u00f5es de contas de governo ainda se encontram de posse do TCM-PA para<br \/>\nan\u00e1lise e emiss\u00e3o de parecer.<\/td><td class=\"column-6\"><\/td>\n<\/tr>\n<\/tbody>\n<\/table>\n<!-- #tablepress-1 from cache -->\n","protected":false},"excerpt":{"rendered":"<p>*** No Campo de&nbsp;Pesquisa&nbsp;o cidad\u00e3o pode&nbsp;pesquisar por&nbsp;Documento,&nbsp;Ementa\/Assunto, Ata da Sess\u00e3o de Julgamento, Data, Ano e Situa\u00e7\u00e3o. *** Clicando nos campos mostrados abaixo o cidad\u00e3o pode ordenar em ordem alfab\u00e9tica ou [&hellip;]<\/p>\n","protected":false},"author":1,"featured_media":0,"parent":0,"menu_order":0,"comment_status":"closed","ping_status":"closed","template":"","meta":[],"_links":{"self":[{"href":"https:\/\/cmcurionopolis.pa.gov.br\/index.php\/wp-json\/wp\/v2\/pages\/3738"}],"collection":[{"href":"https:\/\/cmcurionopolis.pa.gov.br\/index.php\/wp-json\/wp\/v2\/pages"}],"about":[{"href":"https:\/\/cmcurionopolis.pa.gov.br\/index.php\/wp-json\/wp\/v2\/types\/page"}],"author":[{"embeddable":true,"href":"https:\/\/cmcurionopolis.pa.gov.br\/index.php\/wp-json\/wp\/v2\/users\/1"}],"replies":[{"embeddable":true,"href":"https:\/\/cmcurionopolis.pa.gov.br\/index.php\/wp-json\/wp\/v2\/comments?post=3738"}],"version-history":[{"count":10,"href":"https:\/\/cmcurionopolis.pa.gov.br\/index.php\/wp-json\/wp\/v2\/pages\/3738\/revisions"}],"predecessor-version":[{"id":6852,"href":"https:\/\/cmcurionopolis.pa.gov.br\/index.php\/wp-json\/wp\/v2\/pages\/3738\/revisions\/6852"}],"wp:attachment":[{"href":"https:\/\/cmcurionopolis.pa.gov.br\/index.php\/wp-json\/wp\/v2\/media?parent=3738"}],"curies":[{"name":"wp","href":"https:\/\/api.w.org\/{rel}","templated":true}]}}