{"id":4110,"date":"2023-07-13T11:44:58","date_gmt":"2023-07-13T14:44:58","guid":{"rendered":"https:\/\/cmcurionopolis.pa.gov.br\/?page_id=4110"},"modified":"2025-11-03T10:49:09","modified_gmt":"2025-11-03T13:49:09","slug":"atos-normativos-proprios-decretos-legislativos-e-resolucoes-vigentes","status":"publish","type":"page","link":"https:\/\/cmcurionopolis.pa.gov.br\/index.php\/atos-normativos-proprios-decretos-legislativos-e-resolucoes-vigentes\/","title":{"rendered":"Atos Normativos Pr\u00f3prios &#8211; Decretos Legislativos e Resolu\u00e7\u00f5es Vigentes"},"content":{"rendered":"\n<p>Bem-vindo \u00e0 nossa p\u00e1gina sobre Atos Normativos Pr\u00f3prio da C\u00e2mara Municipal de Curion\u00f3polis. <\/p>\n\n\n\n<p>Os Atos Normativos Pr\u00f3prios s\u00e3o regulamentos internos criados pela C\u00e2mara Municipal para estabelecer regras espec\u00edficas e diretrizes internas. Essas normas s\u00e3o desenvolvidas com o objetivo de orientar o funcionamento da organiza\u00e7\u00e3o, definir procedimentos, padr\u00f5es de conduta e responsabilidades dos colaboradores.<\/p>\n\n\n\n<p><strong><em>Ultima Atualiza\u00e7\u00e3o:  OUTUBRO 202<\/em>5<\/strong><\/p>\n\n\n\n<table id=\"tablepress-2\" class=\"tablepress tablepress-id-2\">\n<thead>\n<tr class=\"row-1 odd\">\n\t<th class=\"column-1\">Tipo e Numero do Documento<\/th><th class=\"column-2\">Ementa<\/th><th class=\"column-3\">Data do Documento<\/th><th class=\"column-4\">Arquivo<\/th>\n<\/tr>\n<\/thead>\n<tbody class=\"row-hover\">\n<tr class=\"row-2 even\">\n\t<td class=\"column-1\">RESOLU\u00c7\u00c3O N\u00ba 03\/2025-CMC<\/td><td class=\"column-2\">DISP\u00d5E SOBRE MUDAN\u00c7A DE DIA E HOR\u00c1RIO DAS SESS\u00d5ES ORDIN\u00c1RIAS DA C\u00c2MARA MUNICIPAL DE CURION\u00d3POLIS, E D\u00c1 OUTRAS PROVID\u00caNCIAS.<\/td><td class=\"column-3\">21 DE FEVEREIRO DE 2025<\/td><td class=\"column-4\"><a href=\"https:\/\/drive.google.com\/file\/d\/1U5QqP05ZywqcRTb9dv54ZNM9lL3UoqBq\/view?usp=sharing\">RESOLU\u00c7\u00c3O 03\/2025<\/a><\/td>\n<\/tr>\n<tr class=\"row-3 odd\">\n\t<td class=\"column-1\">RESOLU\u00c7\u00c3O N\u00ba 02\/2025-CMC<\/td><td class=\"column-2\">Disp\u00f5e sobre a consigna\u00e7\u00e3o em folha de pagamento dos subsidios dos vereadores da Camara Municipal de Curion\u00f3polis, Par\u00e1, e d\u00e1 outras provid\u00eancias.<\/td><td class=\"column-3\">03 DE FEVEREIRO DE 2025<\/td><td class=\"column-4\"><a href=\"https:\/\/drive.google.com\/file\/d\/162u8b2-r5PPdaTtQOiQtGaIRoxSCotvi\/view?usp=sharing\">RESOLU\u00c7\u00c3O 02\/2025<\/a><\/td>\n<\/tr>\n<tr class=\"row-4 even\">\n\t<td class=\"column-1\">RESOLU\u00c7\u00c3O N\u00ba 01\/2025-CMC<\/td><td class=\"column-2\">Disp\u00f5e sobre a consigna\u00e7\u00e3o em folha de pagamento dos subsidios dos vereadores da C\u00e2mara Municipal de Carion\u00f3polis, Par\u00e1, para fins de amortiza\u00e7\u00e3o de empr\u00e9stimos consignados.<\/td><td class=\"column-3\">03 DE FEVEREIRO DE 2025<\/td><td class=\"column-4\"><a href=\"https:\/\/drive.google.com\/file\/d\/11pAib5kjvejiM20WiEpn36kReEgA43Lg\/view?usp=sharing\">RESOLU\u00c7\u00c3O 01\/2025<\/a><\/td>\n<\/tr>\n<tr class=\"row-5 odd\">\n\t<td class=\"column-1\">DECRETO LEGISLATIVO 04\/2024<\/td><td class=\"column-2\">Disp\u00f5e sobre a Aprova\u00e7\u00e3o das Contas de Gest\u00e3o e Governo da Prefeilura Municipal de Curion\u00f3polis\/PA, referente ao Exercicio de 2022, e da outras provid\u00eancias<\/td><td class=\"column-3\">24 DE JUNHO DE 2024<\/td><td class=\"column-4\"><a href=\"https:\/\/drive.google.com\/file\/d\/1itG8LZQGftsr8mKsc1xnt3OfVwyF6_Kh\/view?usp=sharing\">DECRETO LEGISLATIVO 04\/2024<\/a><\/td>\n<\/tr>\n<tr class=\"row-6 even\">\n\t<td class=\"column-1\">DECRETO LEGISLATIVO 03\/2024<\/td><td class=\"column-2\">Disp\u00f5e sobre a Aprova\u00e7\u00e3o das Contas de Gest\u00e3o e Governo da Prefeitura Municipal de Curion\u00f3polis\/PA, referente ao Exercicio de 2021, e d\u00e1 outras provid\u00eancias.<\/td><td class=\"column-3\">24 DE JUNHO DE 2024<\/td><td class=\"column-4\"><a href=\"https:\/\/drive.google.com\/file\/d\/1Xrbj48XJ8dNTRLrW6KjrvxCN9VqB8gN2\/view?usp=sharing\">DECRETO LEGISLATIVO 03\/2024<\/a><\/td>\n<\/tr>\n<tr class=\"row-7 odd\">\n\t<td class=\"column-1\">RESOLU\u00c7\u00c3O N\u00ba 02\/2024 DE 18 de Abril 2024<\/td><td class=\"column-2\">Regulamenta a Lei Municipal N. 1.240, de 26 de maio de 2023 e a Lei Federal 14.133, de 1 de abril de 2021, que disp\u00f5e sobre Licita\u00e7\u00f5es e Contratos Administrativos, no \u00e2mbito do Municipio de Curion\u00f3polis, no Estado do Par\u00e1<\/td><td class=\"column-3\">18 DE ABRIL DE 2024<\/td><td class=\"column-4\"><a href=\"https:\/\/drive.google.com\/file\/d\/1bEpTCf9W5ZqFR4SVZ3c6lANmpOItUneh\/view?usp=sharing\">REGULAMENTA\u00c7\u00c3O DA 14.133<\/a><\/td>\n<\/tr>\n<tr class=\"row-8 even\">\n\t<td class=\"column-1\">PROMULAGA\u00c7\u00c3O DA RESOLU\u00c7\u00c3O N\u00ba 01\/2024 DE 21 de Mar\u00e7o 2024<\/td><td class=\"column-2\">Institui o T\u00edtulo \"Adelaide Molinari\" no Poder Legislativo do Munic\u00edpio de Curion\u00f3polis-PA<\/td><td class=\"column-3\">21 DE MAR\u00c7O DE 2024<\/td><td class=\"column-4\"><a href=\"https:\/\/drive.google.com\/file\/d\/1Y5kTkJkkXxaURb9vNdHvAaQkBLTXLcVG\/view?usp=sharing\">Institui o T\u00edtulo \"Adelaide Molinari\"<\/a><\/td>\n<\/tr>\n<tr class=\"row-9 odd\">\n\t<td class=\"column-1\">DECRETO LEGISLATIVO 02\/2024<\/td><td class=\"column-2\">Disp\u00f5e sobre a Reprova\u00e7\u00e3o das Contas de Gest\u00e3o e Governo da Prefeitura Municipal de Curion\u00f3polis\/PA referente ao Exerc\u00edcio de 2008 (periodo de 01\/01\/2008 a 30\/06\/2008) de responsabilidade de Sebasti\u00e3o Rodrigues de Moura, e da outras provid\u00eancias.<\/td><td class=\"column-3\">05 DE FEVEREIRO DE 2024<\/td><td class=\"column-4\"><a href=\"https:\/\/drive.google.com\/file\/d\/1X1PsPT4LmQ9upaIw9Z-0W-ihxDlbeIys\/view?usp=sharing\">DECRETO LEGISLATIVO 02\/2024<\/a><\/td>\n<\/tr>\n<tr class=\"row-10 even\">\n\t<td class=\"column-1\">DECRETO LEGISLATIVO 01\/2024 <\/td><td class=\"column-2\">Disp\u00f5e sobre a Aprova\u00e7\u00e3o das Contas de Gest\u00e3o e Governo da Prefeitura Municipal de Curon\u00f3polis\/PA referente ao Exerc\u00edcio de 2008 (periodo de 01\/07\/2008 a 31\/12\/2008) de responsabilidade de Cassiano<br \/>\nBezerra Viana, e d\u00e1 outras provid\u00eancias.<\/td><td class=\"column-3\">05 DE FEVEREIRO DE 2024<\/td><td class=\"column-4\"><a href=\"https:\/\/drive.google.com\/file\/d\/1U2Mb8TB72M9tyCfQru-WdNbhwCm9cf9E\/view?usp=sharing\">DECRETO LEGISLATIVO 01\/2024<\/a><\/td>\n<\/tr>\n<tr class=\"row-11 odd\">\n\t<td class=\"column-1\">LEI N. 1.257\/2023<\/td><td class=\"column-2\">Cria o cargo de Agente de Contrata\u00e7\u00e3o no \u00e2mbito da C\u00e2mara Municipal de Curion\u00f3polis e d\u00e1 outras provid\u00eancias<\/td><td class=\"column-3\">18 DE DEZEMBRO DE 2023<\/td><td class=\"column-4\"><a href=\"https:\/\/www.governotransparente.com.br\/transparencia\/44249588\/leismunicipais\/resultado?tipo=-1&amp;titulo=&amp;inicio=&amp;fim=&amp;ementa=cargo+de+Agente+de+Contrata%C3%A7%C3%A3o+no+%C3%A2mbito+da+C%C3%A2mara+Municipal+&amp;clean=false\">CRIA O CARGO DE AGENTE DE CONTRATA\u00c7\u00c3O <\/a><\/td>\n<\/tr>\n<tr class=\"row-12 even\">\n\t<td class=\"column-1\">RESOLU\u00c7\u00c3O 002\/2023<\/td><td class=\"column-2\">Regulamenta a Lei Geral de Prote\u00e7\u00e3o de Dados no \u00e2mbito da C\u00e2mara Municipal de Curion\u00f3polis<\/td><td class=\"column-3\">06 DE JULHO DE 2023<\/td><td class=\"column-4\"><a href=\"https:\/\/www.governotransparente.com.br\/transparencia\/documentos\/44249588\/download\/318\">REGULAMENTA\u00c7\u00c3O DA LGPD<\/a><\/td>\n<\/tr>\n<tr class=\"row-13 odd\">\n\t<td class=\"column-1\">RESOLU\u00c7\u00c3O 003\/2023<\/td><td class=\"column-2\">Regulamenta a Lei Federal N. 14.149\/2021 DE 29 DE MAR\u00c7O DE 2021<\/td><td class=\"column-3\">07 DE JULHO DE 2023<\/td><td class=\"column-4\"><a href=\"https:\/\/www.governotransparente.com.br\/transparencia\/documentos\/44249588\/download\/316\">REGULAMENTA\u00c7\u00c3O DA LEI DO GOVERNO DIGITAL<\/a><\/td>\n<\/tr>\n<tr class=\"row-14 even\">\n\t<td class=\"column-1\">RESOLU\u00c7\u00c3O N. 001\/2023<\/td><td class=\"column-2\">Disp\u00f5e sobre os Valores de Di\u00e1rias para o Exterior aos Vereadores e Servidores P\u00fablicos e d\u00e1 outras provid\u00eancias<\/td><td class=\"column-3\">29 DE JUNHO DE 2023<\/td><td class=\"column-4\"><a href=\"https:\/\/www.governotransparente.com.br\/transparencia\/documentos\/44249588\/download\/313\">Normativa sobre Di\u00e1rias Para o Exterior<\/a><\/td>\n<\/tr>\n<tr class=\"row-15 odd\">\n\t<td class=\"column-1\">PORTARIA N. 005\/2023<\/td><td class=\"column-2\">Indica o respons\u00e1vel pelo tratamento de dados pessoais no \u00e2mbito da C\u00e2mara Municipal de Curion\u00f3polis e d\u00e1 outras provid\u00eancias<\/td><td class=\"column-3\">07 DE JUNHO DE 2023<\/td><td class=\"column-4\"><a href=\"https:\/\/www.governotransparente.com.br\/transparencia\/documentos\/44249588\/download\/312\">ENCARREGADO PELO TRATAMENTO DE DADOS<\/a><\/td>\n<\/tr>\n<tr class=\"row-16 even\">\n\t<td class=\"column-1\">RESOLU\u00c7\u00c3O N. 001\/2022 <\/td><td class=\"column-2\">Modifica o art. 108, \u00a7 1\u00ba, o art. 110 e o art. 111, da Resolu\u00e7\u00e3o 003 de 25 de novembro de 2005 (Regimento Interno), bem como acrescenta os \u00a7 1\u00ba e \u00a72\u00ba ao art. 13\u00ba e d\u00e1 outras provid\u00eancias.<\/td><td class=\"column-3\">01 DE SETEMEBRO DE 2022<\/td><td class=\"column-4\"><a href=\"https:\/\/www.governotransparente.com.br\/transparencia\/documentos\/44249588\/download\/251\">RESOLU\u00c7\u00c3O N. 001\/2022<\/a><\/td>\n<\/tr>\n<tr class=\"row-17 odd\">\n\t<td class=\"column-1\">RESOLU\u00c7\u00c3O N. 001\/2021 <\/td><td class=\"column-2\">Institui a Comiss\u00e3o de inventario e avalia\u00e7\u00e3o de bens moveis, im\u00f3veis e intang\u00edveis da c\u00e2mara municipal de Curion\u00f3polis-PA<\/td><td class=\"column-3\">18 DE MAR\u00c7O DE 2021<\/td><td class=\"column-4\"><a href=\"https:\/\/www.governotransparente.com.br\/transparencia\/documentos\/44249588\/download\/95\">RESOLU\u00c7\u00c3O N. 001\/2021<\/a><\/td>\n<\/tr>\n<tr class=\"row-18 even\">\n\t<td class=\"column-1\">RESOLU\u00c7\u00c3O N. 002\/2021 <\/td><td class=\"column-2\">Institui o suprimento de fundos da c\u00e2mara municipal de Curion\u00f3polis e disp\u00f5e sobre os procedimentos administrativos a serem observados no processo de sua execu\u00e7\u00e3o<\/td><td class=\"column-3\">13 DE MAIO DE 2021<\/td><td class=\"column-4\"><a href=\"https:\/\/www.governotransparente.com.br\/transparencia\/documentos\/44249588\/download\/96\">RESOLU\u00c7\u00c3O N. 002\/2021<\/a><\/td>\n<\/tr>\n<tr class=\"row-19 odd\">\n\t<td class=\"column-1\">Lei Org\u00e2nica Municipal<\/td><td class=\"column-2\">Lei Org\u00e2nica Municipal<\/td><td class=\"column-3\">04 DE MOVEMBRO DE 2005<\/td><td class=\"column-4\"><a href=\"https:\/\/www.governotransparente.com.br\/transparencia\/subgruposinfo\/arquivos\/44249588\/172?datainfo=MTIwMjIwNTExMTAzN1BQUA%3D%3D&amp;clean=false\">Lei Org\u00e2nica Municipal<\/a><\/td>\n<\/tr>\n<tr class=\"row-20 even\">\n\t<td class=\"column-1\">RESOLU\u00c7\u00c3O N. 006\/2021<\/td><td class=\"column-2\">REGULAMENTA\u00c7\u00c3O DA LAI - Disp\u00f5e sobre o acesso p\u00fablico a informa\u00e7\u00f5es da C\u00e2mara Municipal de Curion\u00f3polis<\/td><td class=\"column-3\">19 DE OUTUBRO DE 2017<\/td><td class=\"column-4\"><a href=\"https:\/\/www.governotransparente.com.br\/transparencia\/documentosinfo\/44249588\/download\/4\">REGULAMENTA\u00c7\u00c3O DA LAI<\/a><\/td>\n<\/tr>\n<tr class=\"row-21 odd\">\n\t<td class=\"column-1\">LEI N. 1.227\/2022 <\/td><td class=\"column-2\">Disp\u00f5e sobre o plano de cargos, carreiras e vencimentos dos servidores p\u00fablicos.<\/td><td class=\"column-3\">14 DE OUTUBRO DE 2022<\/td><td class=\"column-4\"><a href=\"https:\/\/www.governotransparente.com.br\/transparencia\/documentosinfo\/44249588\/download\/1\">Legisla\u00e7\u00e3o de Pessoal<\/a><\/td>\n<\/tr>\n<tr class=\"row-22 even\">\n\t<td class=\"column-1\">RESOLU\u00c7\u00c3O N. 002\/2015<\/td><td class=\"column-2\">Fixa as Di\u00e1rias para os senhores servidores da c\u00e2mara municipal de Curion\u00f3polis para exerc\u00edcio de 2015 e d\u00e1 outras provid\u00eancias.s.<\/td><td class=\"column-3\">19 DE FEVEREIRO DE 2015<\/td><td class=\"column-4\"><a href=\"https:\/\/www.governotransparente.com.br\/transparencia\/documentos\/44249588\/download\/187\">Normativa sobre Di\u00e1rias<\/a><\/td>\n<\/tr>\n<tr class=\"row-23 odd\">\n\t<td class=\"column-1\">RESOLU\u00c7\u00c3O N\u00ba. 003\/2015 <\/td><td class=\"column-2\">REGIMENTO INTERNO CMC<\/td><td class=\"column-3\">25 DE NOVEMBRO 2005<\/td><td class=\"column-4\"><a href=\"https:\/\/www.governotransparente.com.br\/transparencia\/documentos\/44249588\/download\/258\">REGIMENTO INTERNO<\/a><\/td>\n<\/tr>\n<tr class=\"row-24 even\">\n\t<td class=\"column-1\"><\/td><td class=\"column-2\"><\/td><td class=\"column-3\"><\/td><td class=\"column-4\"><\/td>\n<\/tr>\n<\/tbody>\n<\/table>\n<!-- #tablepress-2 from cache -->\n","protected":false},"excerpt":{"rendered":"<p>Bem-vindo \u00e0 nossa p\u00e1gina sobre Atos Normativos Pr\u00f3prio da C\u00e2mara Municipal de Curion\u00f3polis. Os Atos Normativos Pr\u00f3prios s\u00e3o regulamentos internos criados pela C\u00e2mara Municipal para estabelecer regras espec\u00edficas e diretrizes [&hellip;]<\/p>\n","protected":false},"author":1,"featured_media":0,"parent":0,"menu_order":0,"comment_status":"closed","ping_status":"closed","template":"","meta":[],"_links":{"self":[{"href":"https:\/\/cmcurionopolis.pa.gov.br\/index.php\/wp-json\/wp\/v2\/pages\/4110"}],"collection":[{"href":"https:\/\/cmcurionopolis.pa.gov.br\/index.php\/wp-json\/wp\/v2\/pages"}],"about":[{"href":"https:\/\/cmcurionopolis.pa.gov.br\/index.php\/wp-json\/wp\/v2\/types\/page"}],"author":[{"embeddable":true,"href":"https:\/\/cmcurionopolis.pa.gov.br\/index.php\/wp-json\/wp\/v2\/users\/1"}],"replies":[{"embeddable":true,"href":"https:\/\/cmcurionopolis.pa.gov.br\/index.php\/wp-json\/wp\/v2\/comments?post=4110"}],"version-history":[{"count":8,"href":"https:\/\/cmcurionopolis.pa.gov.br\/index.php\/wp-json\/wp\/v2\/pages\/4110\/revisions"}],"predecessor-version":[{"id":6854,"href":"https:\/\/cmcurionopolis.pa.gov.br\/index.php\/wp-json\/wp\/v2\/pages\/4110\/revisions\/6854"}],"wp:attachment":[{"href":"https:\/\/cmcurionopolis.pa.gov.br\/index.php\/wp-json\/wp\/v2\/media?parent=4110"}],"curies":[{"name":"wp","href":"https:\/\/api.w.org\/{rel}","templated":true}]}}