{"id":4143,"date":"2023-07-13T12:50:07","date_gmt":"2023-07-13T15:50:07","guid":{"rendered":"https:\/\/cmcurionopolis.pa.gov.br\/?page_id=4143"},"modified":"2026-03-15T13:23:33","modified_gmt":"2026-03-15T16:23:33","slug":"redes-socias-oficiais-e-transmissoes-de-sessoes-ao-vivo","status":"publish","type":"page","link":"https:\/\/cmcurionopolis.pa.gov.br\/index.php\/redes-socias-oficiais-e-transmissoes-de-sessoes-ao-vivo\/","title":{"rendered":"Redes Socias oficiais e Transmiss\u00f5es de Sess\u00f5es ao Vivo"},"content":{"rendered":"\n<p>Mensagem Importante para os Cidad\u00e3os de Curion\u00f3polis! <\/p>\n\n\n\n<p>A C\u00e2mara Municipal de Curion\u00f3polis tem o prazer de convidar <strong>todos os mun\u00edcipes a acompanharem ao vivo as sess\u00f5es legislativas atrav\u00e9s do nosso Facebook.<\/strong> <\/p>\n\n\n\n<p>Aqui, voc\u00ea poder\u00e1 ficar por dentro de todas as discuss\u00f5es, vota\u00e7\u00f5es e projetos de lei em andamento, confiantes para o desenvolvimento da nossa querida cidade. <\/p>\n\n\n\n<p>N\u00e3o perca essa oportunidade de participar ativamente do processo democr\u00e1tico! <\/p>\n\n\n\n<p>Al\u00e9m disso, siga nossas redes sociais oficiais para se manter atualizado sobre os eventos e atividades da C\u00e2mara Municipal. <\/p>\n\n\n\n<p><strong>As Sess\u00f5es s\u00e3o Semanais \u00e1s Quintas Feiras.<\/strong><\/p>\n\n\n\n<p>Juntos, podemos construir uma Curion\u00f3polis ainda melhor! <\/p>\n\n\n\n<div class=\"is-layout-flex wp-block-buttons\">\n<div class=\"wp-block-button\"><a class=\"wp-block-button__link has-midnight-gradient-background has-background wp-element-button\" href=\"https:\/\/www.facebook.com\/camaramunicipaldecurionopolis\">FACEBOOK<\/a><\/div>\n\n\n\n<div class=\"wp-block-button\"><a class=\"wp-block-button__link has-white-color has-cool-to-warm-spectrum-gradient-background has-text-color has-background wp-element-button\" href=\"https:\/\/www.instagram.com\/camaramunicipaldecurionopolis\/\">INSTAGRAM<\/a><\/div>\n\n\n\n<div class=\"wp-block-button\"><a class=\"wp-block-button__link has-white-color has-blush-bordeaux-gradient-background has-text-color has-background wp-element-button\" href=\"https:\/\/www.youtube.com\/@C%C3%A2maraMunicipaldeCurion%C3%B3polis\">YOUTUBE<\/a><\/div>\n<\/div>\n","protected":false},"excerpt":{"rendered":"<p>Mensagem Importante para os Cidad\u00e3os de Curion\u00f3polis! A C\u00e2mara Municipal de Curion\u00f3polis tem o prazer de convidar todos os mun\u00edcipes a acompanharem ao vivo as sess\u00f5es legislativas atrav\u00e9s do nosso [&hellip;]<\/p>\n","protected":false},"author":1,"featured_media":0,"parent":0,"menu_order":0,"comment_status":"closed","ping_status":"closed","template":"","meta":[],"_links":{"self":[{"href":"https:\/\/cmcurionopolis.pa.gov.br\/index.php\/wp-json\/wp\/v2\/pages\/4143"}],"collection":[{"href":"https:\/\/cmcurionopolis.pa.gov.br\/index.php\/wp-json\/wp\/v2\/pages"}],"about":[{"href":"https:\/\/cmcurionopolis.pa.gov.br\/index.php\/wp-json\/wp\/v2\/types\/page"}],"author":[{"embeddable":true,"href":"https:\/\/cmcurionopolis.pa.gov.br\/index.php\/wp-json\/wp\/v2\/users\/1"}],"replies":[{"embeddable":true,"href":"https:\/\/cmcurionopolis.pa.gov.br\/index.php\/wp-json\/wp\/v2\/comments?post=4143"}],"version-history":[{"count":4,"href":"https:\/\/cmcurionopolis.pa.gov.br\/index.php\/wp-json\/wp\/v2\/pages\/4143\/revisions"}],"predecessor-version":[{"id":6963,"href":"https:\/\/cmcurionopolis.pa.gov.br\/index.php\/wp-json\/wp\/v2\/pages\/4143\/revisions\/6963"}],"wp:attachment":[{"href":"https:\/\/cmcurionopolis.pa.gov.br\/index.php\/wp-json\/wp\/v2\/media?parent=4143"}],"curies":[{"name":"wp","href":"https:\/\/api.w.org\/{rel}","templated":true}]}}