{"id":4154,"date":"2023-07-13T13:25:11","date_gmt":"2023-07-13T16:25:11","guid":{"rendered":"https:\/\/cmcurionopolis.pa.gov.br\/?page_id=4154"},"modified":"2023-07-26T19:07:40","modified_gmt":"2023-07-26T22:07:40","slug":"convenios-e-termos-de-cooperacao","status":"publish","type":"page","link":"https:\/\/cmcurionopolis.pa.gov.br\/index.php\/convenios-e-termos-de-cooperacao\/","title":{"rendered":"Conv\u00eanios e Termos de Coopera\u00e7\u00e3o"},"content":{"rendered":"\t\t<div data-elementor-type=\"wp-page\" data-elementor-id=\"4154\" class=\"elementor elementor-4154\">\n\t\t\t\t\t\t\t\t\t<section data-particle_enable=\"false\" data-particle-mobile-disabled=\"false\" class=\"elementor-section elementor-top-section elementor-element elementor-element-087995b elementor-section-stretched elementor-section-boxed elementor-section-height-default elementor-section-height-default\" data-id=\"087995b\" data-element_type=\"section\" data-settings=\"{&quot;stretch_section&quot;:&quot;section-stretched&quot;,&quot;background_background&quot;:&quot;classic&quot;}\">\n\t\t\t\t\t\t<div class=\"elementor-container elementor-column-gap-default\">\n\t\t\t\t\t<div class=\"elementor-column elementor-col-33 elementor-top-column elementor-element elementor-element-a2ccc30\" data-id=\"a2ccc30\" data-element_type=\"column\">\n\t\t\t<div class=\"elementor-widget-wrap elementor-element-populated\">\n\t\t\t\t\t\t\t\t<div class=\"elementor-element elementor-element-feb1111 elementor-widget elementor-widget-html\" data-id=\"feb1111\" data-element_type=\"widget\" data-widget_type=\"html.default\">\n\t\t\t\t<div class=\"elementor-widget-container\">\n\t\t\t<div class=\"menu-col\">\r\n\t\t<div class=\"feature-card text-center card-1\">\r\n\r\n\t\t\t<a href=\"https:\/\/cmcurionopolis.pa.gov.br\/index.php\/transferencias-voluntarias-recebidas\/\">\r\n\t\t\t\t<div class=\"align\">\r\n\t\t\t\t\t<div class=\"fas fa-file-invoice-dollar\">\r\n\t\t\t\t\t\t\t\t\t\t\t<\/div>\r\n\t\t\t\t\t<h3 class=\"card-title\">\r\n\t\t\t\t\t\tTransfer\u00eancias Volunt\u00e1rias Recebidas \t\t\t\t\t<\/h3>\r\n\r\n\t\t\t\t\t\r\n\t\t\t\t\t\t\t\t\t<\/div>\r\n\t\t\t<\/a>\r\n\r\n\t\t<\/div>\r\n\r\n\t\t<\/div>\t\t<\/div>\n\t\t\t\t<\/div>\n\t\t\t\t\t<\/div>\n\t\t<\/div>\n\t\t\t\t<div class=\"elementor-column elementor-col-33 elementor-top-column elementor-element elementor-element-7b28590\" data-id=\"7b28590\" data-element_type=\"column\">\n\t\t\t<div class=\"elementor-widget-wrap elementor-element-populated\">\n\t\t\t\t\t\t\t\t<div class=\"elementor-element elementor-element-7dc08f7 elementor-widget elementor-widget-html\" data-id=\"7dc08f7\" data-element_type=\"widget\" data-widget_type=\"html.default\">\n\t\t\t\t<div class=\"elementor-widget-container\">\n\t\t\t<div class=\"menu-col\">\r\n\t\t<div class=\"feature-card text-center card-1\">\r\n\r\n\t\t\t<a href=\"https:\/\/cmcurionopolis.pa.gov.br\/index.php\/transferencias-voluntarias-realizadas\/\">\r\n\t\t\t\t<div class=\"align\">\r\n\t\t\t\t\t<div class=\"fas fa-file-invoice-dollar\">\r\n\t\t\t\t\t\t\t\t\t\t\t<\/div>\r\n\t\t\t\t\t<h3 class=\"card-title\">\r\n\t\t\t\t\t\tTransfer\u00eancias Volunt\u00e1rias Realizadas \t\t\t\t\t<\/h3>\r\n\r\n\t\t\t\t\t\r\n\t\t\t\t\t\t\t\t\t<\/div>\r\n\t\t\t<\/a>\r\n\r\n\t\t<\/div>\r\n\r\n\t\t<\/div>\t\t<\/div>\n\t\t\t\t<\/div>\n\t\t\t\t\t<\/div>\n\t\t<\/div>\n\t\t\t\t<div class=\"elementor-column elementor-col-33 elementor-top-column elementor-element elementor-element-f1ac093\" data-id=\"f1ac093\" data-element_type=\"column\">\n\t\t\t<div class=\"elementor-widget-wrap elementor-element-populated\">\n\t\t\t\t\t\t\t\t<div class=\"elementor-element elementor-element-953fc46 elementor-widget elementor-widget-html\" data-id=\"953fc46\" data-element_type=\"widget\" data-widget_type=\"html.default\">\n\t\t\t\t<div class=\"elementor-widget-container\">\n\t\t\t<div class=\"menu-col\">\r\n\t\t<div class=\"feature-card text-center card-1\">\r\n\r\n\t\t\t<a href=\"https:\/\/cmcurionopolis.pa.gov.br\/index.php\/acordos-firmados-sem-transferencia-de-recursos-financeiros\/\">\r\n\t\t\t\t<div class=\"align\">\r\n\t\t\t\t\t<div class=\"fas fa-file-invoice-dollar\">\r\n\t\t\t\t\t\t\t\t\t\t\t<\/div>\r\n\t\t\t\t\t<h3 class=\"card-title\">\r\n\t\t\t\t\t\tAcordos Firmados sem Transfer\u00eancia de Recursos Financeiros \t\t\t\t\t<\/h3>\r\n\r\n\t\t\t\t\t\r\n\t\t\t\t\t\t\t\t\t<\/div>\r\n\t\t\t<\/a>\r\n\r\n\t\t<\/div>\r\n\r\n\t\t<\/div>\t\t<\/div>\n\t\t\t\t<\/div>\n\t\t\t\t\t<\/div>\n\t\t<\/div>\n\t\t\t\t\t\t\t<\/div>\n\t\t<\/section>\n\t\t\t\t\t\t\t<\/div>\n\t\t","protected":false},"excerpt":{"rendered":"<p>Transfer\u00eancias Volunt\u00e1rias Recebidas Transfer\u00eancias Volunt\u00e1rias Realizadas Acordos Firmados sem Transfer\u00eancia de Recursos Financeiros<\/p>\n","protected":false},"author":1,"featured_media":0,"parent":0,"menu_order":0,"comment_status":"closed","ping_status":"closed","template":"","meta":[],"_links":{"self":[{"href":"https:\/\/cmcurionopolis.pa.gov.br\/index.php\/wp-json\/wp\/v2\/pages\/4154"}],"collection":[{"href":"https:\/\/cmcurionopolis.pa.gov.br\/index.php\/wp-json\/wp\/v2\/pages"}],"about":[{"href":"https:\/\/cmcurionopolis.pa.gov.br\/index.php\/wp-json\/wp\/v2\/types\/page"}],"author":[{"embeddable":true,"href":"https:\/\/cmcurionopolis.pa.gov.br\/index.php\/wp-json\/wp\/v2\/users\/1"}],"replies":[{"embeddable":true,"href":"https:\/\/cmcurionopolis.pa.gov.br\/index.php\/wp-json\/wp\/v2\/comments?post=4154"}],"version-history":[{"count":22,"href":"https:\/\/cmcurionopolis.pa.gov.br\/index.php\/wp-json\/wp\/v2\/pages\/4154\/revisions"}],"predecessor-version":[{"id":4795,"href":"https:\/\/cmcurionopolis.pa.gov.br\/index.php\/wp-json\/wp\/v2\/pages\/4154\/revisions\/4795"}],"wp:attachment":[{"href":"https:\/\/cmcurionopolis.pa.gov.br\/index.php\/wp-json\/wp\/v2\/media?parent=4154"}],"curies":[{"name":"wp","href":"https:\/\/api.w.org\/{rel}","templated":true}]}}