{"id":4194,"date":"2023-07-13T13:50:43","date_gmt":"2023-07-13T16:50:43","guid":{"rendered":"https:\/\/cmcurionopolis.pa.gov.br\/?page_id=4194"},"modified":"2026-04-13T15:09:34","modified_gmt":"2026-04-13T18:09:34","slug":"tabela-com-o-padrao-remuneratorio-dos-cargos-e-funcoes","status":"publish","type":"page","link":"https:\/\/cmcurionopolis.pa.gov.br\/index.php\/tabela-com-o-padrao-remuneratorio-dos-cargos-e-funcoes\/","title":{"rendered":"Tabela com o padr\u00e3o remunerat\u00f3rio dos cargos e fun\u00e7\u00f5es"},"content":{"rendered":"\n<p>Bem-vindo \u00e0 nossa p\u00e1gina de tabela com o padr\u00e3o remunerat\u00f3rio das cargas e fun\u00e7\u00f5es! Aqui, voc\u00ea encontrar\u00e1 uma vis\u00e3o abrangente das remunera\u00e7\u00f5es associados a diferentes cargos e fun\u00e7\u00f5es da C\u00e2mara Municipal Curion\u00f3polis . Nossa tabela salarial \u00e9 projetada para fornecer informa\u00e7\u00f5es claras e transparentes sobre as faixas salariais, permitindo que o cidad\u00e3o compreenda a estrutura de remunera\u00e7\u00e3o da C\u00e2mara.<\/p>\n\n\n\n<p><em>*** No Campo de&nbsp;<strong>Pesquisa por texto-livre&nbsp;<\/strong>o cidad\u00e3o pode&nbsp;<strong>pesquisar por CODIGO, DESCRI\u00c7\u00c3O e VALOR DO CARGO.<\/strong><\/em><\/p>\n\n\n\n<p><em>*** Clicando nos campos mostrados abaixo o cidad\u00e3o pode ordenar em ordem alfab\u00e9tica ou num\u00e9rica a informa\u00e7\u00e3o<strong>&nbsp;por&nbsp;<em><strong>CODIGO, DESCRI\u00c7\u00c3O e VALOR DO CARGO.<\/strong><\/em><\/strong><\/em><\/p>\n\n\n\n<p><em><strong>Downlaods abaixo<\/strong><\/em>:<\/p>\n\n\n\n<div class=\"is-layout-flex wp-block-buttons has-custom-font-size has-small-font-size\">\n<div class=\"wp-block-button\"><a class=\"wp-block-button__link has-white-color has-vivid-cyan-blue-background-color has-text-color has-background wp-element-button\" href=\"https:\/\/drive.google.com\/file\/d\/1zthgvTeFPXm8a0TNlN5KiEYlf9hTSEcZ\/view?usp=sharing\">JSON<\/a><\/div>\n\n\n\n<div class=\"wp-block-button\"><a class=\"wp-block-button__link has-white-color has-vivid-green-cyan-background-color has-text-color has-background wp-element-button\" href=\"https:\/\/drive.google.com\/file\/d\/1SBMbhkky5sjlloHGFh8rg7WnFJNLenjK\/view?usp=sharing\">CSV<\/a><\/div>\n\n\n\n<div class=\"wp-block-button\"><a class=\"wp-block-button__link has-white-color has-vivid-red-background-color has-text-color has-background wp-element-button\" href=\"https:\/\/drive.google.com\/file\/d\/1_du3V6XlmMyqy_GhyW2fAyZLRhUJTxms\/view?usp=sharing\">PDF<\/a><\/div>\n\n\n\n<div class=\"wp-block-button\"><a class=\"wp-block-button__link has-white-color has-black-background-color has-text-color has-background wp-element-button\" href=\"https:\/\/drive.google.com\/file\/d\/1WpJ0zlVXWIoRzL25cFx6tUK0CULkC65v\/view?usp=sharing\">TXT<\/a><\/div>\n<\/div>\n\n\n\n<table id=\"tablepress-6\" class=\"tablepress tablepress-id-6\">\n<thead>\n<tr class=\"row-1 odd\">\n\t<th class=\"column-1\">C\u00f3digo<\/th><th class=\"column-2\">Cargo<\/th><th class=\"column-3\">Sal\u00e1rio (R$)<\/th>\n<\/tr>\n<\/thead>\n<tbody class=\"row-hover\">\n<tr class=\"row-2 even\">\n\t<td class=\"column-1\">2<\/td><td class=\"column-2\">Secret\u00e1rio<\/td><td class=\"column-3\">R$ 10.420,00<\/td>\n<\/tr>\n<tr class=\"row-3 odd\">\n\t<td class=\"column-1\">3<\/td><td class=\"column-2\">Secret\u00e1rio<\/td><td class=\"column-3\">R$ 10.420,00<\/td>\n<\/tr>\n<tr class=\"row-4 even\">\n\t<td class=\"column-1\">35<\/td><td class=\"column-2\">Agente de Contrata\u00e7\u00e3o<\/td><td class=\"column-3\">R$ 5.000,00<\/td>\n<\/tr>\n<tr class=\"row-5 odd\">\n\t<td class=\"column-1\">21<\/td><td class=\"column-2\">Assessor Legislativo<\/td><td class=\"column-3\">R$ 3.590,00<\/td>\n<\/tr>\n<tr class=\"row-6 even\">\n\t<td class=\"column-1\">9<\/td><td class=\"column-2\">Assessor Parlamentar<\/td><td class=\"column-3\">R$ 1.621,00<\/td>\n<\/tr>\n<tr class=\"row-7 odd\">\n\t<td class=\"column-1\">25<\/td><td class=\"column-2\">Assistente Legislativo<\/td><td class=\"column-3\">R$ 2.500,00<\/td>\n<\/tr>\n<tr class=\"row-8 even\">\n\t<td class=\"column-1\">11<\/td><td class=\"column-2\">Auxiliar Administrativo<\/td><td class=\"column-3\">R$ 1.621,00<\/td>\n<\/tr>\n<tr class=\"row-9 odd\">\n\t<td class=\"column-1\">31<\/td><td class=\"column-2\">Auxiliar Operacional<\/td><td class=\"column-3\">R$ 1.621,00<\/td>\n<\/tr>\n<tr class=\"row-10 even\">\n\t<td class=\"column-1\">26<\/td><td class=\"column-2\">Chefe de Gabinete Presid\u00eancia<\/td><td class=\"column-3\">R$ 5.200,00<\/td>\n<\/tr>\n<tr class=\"row-11 odd\">\n\t<td class=\"column-1\">5<\/td><td class=\"column-2\">Controlador Geral<\/td><td class=\"column-3\">R$ 5.200,00<\/td>\n<\/tr>\n<tr class=\"row-12 even\">\n\t<td class=\"column-1\">28<\/td><td class=\"column-2\">Diretor Financeiro<\/td><td class=\"column-3\">R$ 5.000,00<\/td>\n<\/tr>\n<tr class=\"row-13 odd\">\n\t<td class=\"column-1\">29<\/td><td class=\"column-2\">Diretor Legislativo<\/td><td class=\"column-3\">R$ 5.000,00<\/td>\n<\/tr>\n<tr class=\"row-14 even\">\n\t<td class=\"column-1\">17<\/td><td class=\"column-2\">Motorista<\/td><td class=\"column-3\">R$ 1.621,00<\/td>\n<\/tr>\n<tr class=\"row-15 odd\">\n\t<td class=\"column-1\">1<\/td><td class=\"column-2\">Presidente<\/td><td class=\"column-3\">R$ 10.420,00<\/td>\n<\/tr>\n<tr class=\"row-16 even\">\n\t<td class=\"column-1\">34<\/td><td class=\"column-2\">Procurador Geral Legislativo<\/td><td class=\"column-3\">R$ 9.600,00<\/td>\n<\/tr>\n<tr class=\"row-17 odd\">\n\t<td class=\"column-1\">33<\/td><td class=\"column-2\">Recep\u00e7\u00e3o<\/td><td class=\"column-3\">R$ 1.621,00<\/td>\n<\/tr>\n<tr class=\"row-18 even\">\n\t<td class=\"column-1\">27<\/td><td class=\"column-2\">Secret\u00e1rio de Apoio<\/td><td class=\"column-3\">R$ 1.621,00<\/td>\n<\/tr>\n<tr class=\"row-19 odd\">\n\t<td class=\"column-1\">8<\/td><td class=\"column-2\">Secret\u00e1rio Legislativo<\/td><td class=\"column-3\">R$ 5.000,00<\/td>\n<\/tr>\n<tr class=\"row-20 even\">\n\t<td class=\"column-1\">32<\/td><td class=\"column-2\">T\u00e9cnico Legislativo<\/td><td class=\"column-3\">R$ 2.340,00<\/td>\n<\/tr>\n<tr class=\"row-21 odd\">\n\t<td class=\"column-1\">4<\/td><td class=\"column-2\">Vereador<\/td><td class=\"column-3\">R$ 10.420,00<\/td>\n<\/tr>\n<tr class=\"row-22 even\">\n\t<td class=\"column-1\">14<\/td><td class=\"column-2\">Vigia<\/td><td class=\"column-3\">R$ 1.621,00<\/td>\n<\/tr>\n<\/tbody>\n<\/table>\n<!-- #tablepress-6 from cache -->\n","protected":false},"excerpt":{"rendered":"<p>Bem-vindo \u00e0 nossa p\u00e1gina de tabela com o padr\u00e3o remunerat\u00f3rio das cargas e fun\u00e7\u00f5es! Aqui, voc\u00ea encontrar\u00e1 uma vis\u00e3o abrangente das remunera\u00e7\u00f5es associados a diferentes cargos e fun\u00e7\u00f5es da C\u00e2mara [&hellip;]<\/p>\n","protected":false},"author":1,"featured_media":0,"parent":0,"menu_order":0,"comment_status":"closed","ping_status":"closed","template":"","meta":[],"_links":{"self":[{"href":"https:\/\/cmcurionopolis.pa.gov.br\/index.php\/wp-json\/wp\/v2\/pages\/4194"}],"collection":[{"href":"https:\/\/cmcurionopolis.pa.gov.br\/index.php\/wp-json\/wp\/v2\/pages"}],"about":[{"href":"https:\/\/cmcurionopolis.pa.gov.br\/index.php\/wp-json\/wp\/v2\/types\/page"}],"author":[{"embeddable":true,"href":"https:\/\/cmcurionopolis.pa.gov.br\/index.php\/wp-json\/wp\/v2\/users\/1"}],"replies":[{"embeddable":true,"href":"https:\/\/cmcurionopolis.pa.gov.br\/index.php\/wp-json\/wp\/v2\/comments?post=4194"}],"version-history":[{"count":4,"href":"https:\/\/cmcurionopolis.pa.gov.br\/index.php\/wp-json\/wp\/v2\/pages\/4194\/revisions"}],"predecessor-version":[{"id":7023,"href":"https:\/\/cmcurionopolis.pa.gov.br\/index.php\/wp-json\/wp\/v2\/pages\/4194\/revisions\/7023"}],"wp:attachment":[{"href":"https:\/\/cmcurionopolis.pa.gov.br\/index.php\/wp-json\/wp\/v2\/media?parent=4194"}],"curies":[{"name":"wp","href":"https:\/\/api.w.org\/{rel}","templated":true}]}}