{"id":4225,"date":"2023-07-13T14:10:03","date_gmt":"2023-07-13T17:10:03","guid":{"rendered":"https:\/\/cmcurionopolis.pa.gov.br\/?page_id=4225"},"modified":"2025-06-07T13:48:18","modified_gmt":"2025-06-07T16:48:18","slug":"concursos-e-selecoes-publicas","status":"publish","type":"page","link":"https:\/\/cmcurionopolis.pa.gov.br\/index.php\/concursos-e-selecoes-publicas\/","title":{"rendered":"Concursos e Sele\u00e7\u00f5es P\u00fablicas"},"content":{"rendered":"\n<p><em>*** No Campo de&nbsp;<strong>Pesquisa&nbsp;<\/strong>o cidad\u00e3o pode&nbsp;pesquisar por&nbsp;<strong>n\u00famero do concurso<\/strong><\/em><em><strong>,&nbsp;<\/strong><\/em><strong><em>Descri\u00e7\u00e3o, Ano e Editais.<\/em><\/strong><\/p>\n\n\n\n<p><em>*** Clicando nos campos mostrados abaixo o cidad\u00e3o pode ordenar em ordem alfab\u00e9tica ou num\u00e9rica a informa\u00e7\u00e3o sobre&nbsp;<strong>&nbsp;n\u00famero do concurso<\/strong><\/em><em><strong>,&nbsp;<\/strong><\/em><strong><em>Descri\u00e7\u00e3o, Ano e Editais.<\/em><\/strong><\/p>\n\n\n\n<p><em><strong>Download abaixo<\/strong><\/em>:<\/p>\n\n\n\n<div class=\"is-layout-flex wp-block-buttons\">\n<div class=\"wp-block-button\"><a class=\"wp-block-button__link has-white-color has-vivid-cyan-blue-background-color has-text-color has-background wp-element-button\" href=\"https:\/\/drive.google.com\/file\/d\/1SSGHpuIbG75gtDmR0U9N3z7dvoIxtDtP\/view?usp=sharing\">JSON<\/a><\/div>\n\n\n\n<div class=\"wp-block-button\"><a class=\"wp-block-button__link has-white-color has-vivid-green-cyan-background-color has-text-color has-background wp-element-button\" href=\"https:\/\/drive.google.com\/file\/d\/1NtnVtuewaKNlVZO58XLW_xOE4YHUH5xx\/view?usp=sharing\">CSV<\/a><\/div>\n<\/div>\n\n\n\n<table id=\"tablepress-9\" class=\"tablepress tablepress-id-9\">\n<thead>\n<tr class=\"row-1 odd\">\n\t<th class=\"column-1\">N\u00daMERO DO CONCURSO<\/th><th class=\"column-2\">DESCRI\u00c7\u00c3O<\/th><th class=\"column-3\">ANO<\/th><th class=\"column-4\">BAIXAR EDITAIS<\/th><th class=\"column-5\">Informa\u00e7\u00f5es adicionais sobre os demais atos dos concursos p\u00fablicos<\/th><th class=\"column-6\">SITUA\u00c7\u00c3O\/STATUS<\/th>\n<\/tr>\n<\/thead>\n<tbody class=\"row-hover\">\n<tr class=\"row-2 even\">\n\t<td class=\"column-1\">CONCURSO P\u00daBLICO 001\/2023 \u2013 CMC<\/td><td class=\"column-2\">A C\u00c2MARA MUNICIPAL DE CURION\u00d3POLIS, usando as suas atribui\u00e7\u00f5es legais, torna p\u00fablico que no per\u00edodo de 23\/01 a 22\/02\/23, estar\u00e3o abertas as inscri\u00e7\u00f5es para a realiza\u00e7\u00e3o de Concurso P\u00fablico, para provimento de 9 (nove) vagas imediatas e 2 (duas) para cadastro de reservas, de n\u00edvel fundamental, m\u00e9dio e superior<\/td><td class=\"column-3\">2025 - CHAMADA DOS APROVADOS<\/td><td class=\"column-4\"><a href=\"https:\/\/drive.google.com\/file\/d\/1GxwmjmYSP-MxsM78B9jexZB6i4kvZ6_H\/view\">EDITAL \u2013 CONCURSO P\u00daBLICO, EDITAL N\u00ba 001\/2023 \u2013 CMC<\/a><br \/>\n<br \/>\n<a href=\"https:\/\/cmcurionopolis.pa.gov.br\/index.php\/2024\/11\/19\/edital-de-concurso-publico-n-001-2024-1a-convocacao\/\">EDITAL DE CONCURSO P\u00daBLICO N. 001\/2024 \u2013 1\u00aa CONVOCA\u00c7\u00c3O<\/a><br \/>\n<br \/>\n<br \/>\n<a href=\"https:\/\/drive.google.com\/file\/d\/1wkFegb6qC0nm_Ct1BL-dI3C5g1bsPre9\/view\">EDITAL  \u2013 1\u00aa CONVOCA\u00c7\u00c3O<\/a><br \/>\n<br \/>\n<a href=\"https:\/\/drive.google.com\/file\/d\/1qqouth7IC1vcfYVHQiFeiWbuA2DBat8d\/view?usp=sharing\">EDITAL DE CONCURSO P\u00daBLICO N. 002\/2024 \u2013 2\u00aa CONVOCA\u00c7\u00c3O<\/a><br \/>\n<br \/>\n<a href=\"https:\/\/drive.google.com\/file\/d\/15emIILh6vufopk7GOzPcasVnK5CeV981\/view?usp=sharing\">EDITAL DE CONCURSO P\u00daBLICO N. 003\/2024 \u2013 SEGUNDA CHAMADA<\/a><br \/>\n<br \/>\n<br \/>\n<a href=\"https:\/\/cmcurionopolis.pa.gov.br\/index.php\/2025\/03\/07\/aviso-de-convocacao-concurso-publico-001-2025-terceira-chamada\/\">AVISO EDITAL DE CONCURSO P\u00daBLICO N. 001\/2025\u2013 3\u00aa CONVOCA\u00c7\u00c3O<\/a><br \/>\n<br \/>\n<a href=\"https:\/\/cmcurionopolis.pa.gov.br\/index.php\/2025\/03\/25\/edital-de-convocacao-de-no-002-2025concurso-publico-001-2023-quarta-chamada\/\">EDITAL DE CONCURSO P\u00daBLICO N. 002\/2025 \u2013 4\u00aa CONVOCA\u00c7\u00c3O<\/a><br \/>\n<br \/>\n<a href=\"https:\/\/drive.google.com\/file\/d\/1i66Top7VyGU9YA7S5Jdwhq1cfj4yQuTX\/view?usp=sharing\">EDITAL DE CONCURSO P\u00daBLICO N. 003\/2025 \u2013 5\u00aa CONVOCA\u00c7\u00c3O<\/a><\/td><td class=\"column-5\"><a href=\"https:\/\/agata.selecao.net.br\/informacoes\/50\/\">para mais informa\u00e7\u00f5es e o resultado sobre o concurso clique aqui<\/a><\/td><td class=\"column-6\">5\u00aa CONVOCA\u00c7\u00c3O <\/td>\n<\/tr>\n<tr class=\"row-3 odd\">\n\t<td class=\"column-1\">-<\/td><td class=\"column-2\">-<\/td><td class=\"column-3\">2025<\/td><td class=\"column-4\">N\u00e3o Houve abertura de Concurso P\u00fablico ou Sele\u00e7\u00f5es P\u00fablicas no per\u00edodo<\/td><td class=\"column-5\">-<\/td><td class=\"column-6\">-<\/td>\n<\/tr>\n<tr class=\"row-4 even\">\n\t<td class=\"column-1\">-<\/td><td class=\"column-2\">-<\/td><td class=\"column-3\">2024<\/td><td class=\"column-4\">N\u00e3o Houve abertura de Concurso P\u00fablico ou Sele\u00e7\u00f5es P\u00fablicas no per\u00edodo<\/td><td class=\"column-5\">-<\/td><td class=\"column-6\">-<\/td>\n<\/tr>\n<tr class=\"row-5 odd\">\n\t<td class=\"column-1\">CONCURSO P\u00daBLICO 001\/2023 \u2013 CMC<\/td><td class=\"column-2\">A C\u00c2MARA MUNICIPAL DE CURION\u00d3POLIS, usando as suas atribui\u00e7\u00f5es legais, torna p\u00fablico que no per\u00edodo de 23\/01 a 22\/02\/23, estar\u00e3o abertas as inscri\u00e7\u00f5es para a realiza\u00e7\u00e3o de Concurso P\u00fablico, para provimento de 9 (nove) vagas imediatas e 2 (duas) para cadastro de reservas, de n\u00edvel fundamental, m\u00e9dio e superior<\/td><td class=\"column-3\">2023<\/td><td class=\"column-4\"><a href=\"https:\/\/drive.google.com\/file\/d\/1GxwmjmYSP-MxsM78B9jexZB6i4kvZ6_H\/view\">EDITAL \u2013 CONCURSO P\u00daBLICO, EDITAL N\u00ba 001\/2023 \u2013 CMC<\/a><\/td><td class=\"column-5\"><a href=\"https:\/\/agata.selecao.net.br\/informacoes\/50\/\">para mais informa\u00e7\u00f5es e o resultado sobre o concurso clique aqui<\/a><\/td><td class=\"column-6\"><a href=\"https:\/\/drive.google.com\/file\/d\/1KcWbG-kb1pK8Pc4kB58_PM3eH5BY_NZu\/view\">SUSPENSO<\/a><\/td>\n<\/tr>\n<tr class=\"row-6 even\">\n\t<td class=\"column-1\">-<\/td><td class=\"column-2\">-<\/td><td class=\"column-3\">2022<\/td><td class=\"column-4\">N\u00e3o Houve abertura de Concurso P\u00fablico ou Sele\u00e7\u00f5es P\u00fablicas no per\u00edodo<\/td><td class=\"column-5\">-<\/td><td class=\"column-6\">-<\/td>\n<\/tr>\n<tr class=\"row-7 odd\">\n\t<td class=\"column-1\">-<\/td><td class=\"column-2\">-<\/td><td class=\"column-3\">2021<\/td><td class=\"column-4\">N\u00e3o Houve abertura de Concurso P\u00fablico ou Sele\u00e7\u00f5es P\u00fablicas no per\u00edodo<\/td><td class=\"column-5\">-<\/td><td class=\"column-6\">-<\/td>\n<\/tr>\n<tr class=\"row-8 even\">\n\t<td class=\"column-1\">-<\/td><td class=\"column-2\">-<\/td><td class=\"column-3\">2020<\/td><td class=\"column-4\">N\u00e3o Houve abertura de Concurso P\u00fablico ou Sele\u00e7\u00f5es P\u00fablicas no per\u00edodo<\/td><td class=\"column-5\">-<\/td><td class=\"column-6\">-<\/td>\n<\/tr>\n<tr class=\"row-9 odd\">\n\t<td class=\"column-1\">-<\/td><td class=\"column-2\">-<\/td><td class=\"column-3\">2019<\/td><td class=\"column-4\">N\u00e3o Houve abertura de Concurso P\u00fablico ou Sele\u00e7\u00f5es P\u00fablicas no per\u00edodo<\/td><td class=\"column-5\">-<\/td><td class=\"column-6\">-<\/td>\n<\/tr>\n<\/tbody>\n<\/table>\n<!-- #tablepress-9 from cache -->\n","protected":false},"excerpt":{"rendered":"<p>*** No Campo de&nbsp;Pesquisa&nbsp;o cidad\u00e3o pode&nbsp;pesquisar por&nbsp;n\u00famero do concurso,&nbsp;Descri\u00e7\u00e3o, Ano e Editais. *** Clicando nos campos mostrados abaixo o cidad\u00e3o pode ordenar em ordem alfab\u00e9tica ou num\u00e9rica a informa\u00e7\u00e3o sobre&nbsp;&nbsp;n\u00famero [&hellip;]<\/p>\n","protected":false},"author":1,"featured_media":0,"parent":0,"menu_order":0,"comment_status":"closed","ping_status":"closed","template":"","meta":[],"_links":{"self":[{"href":"https:\/\/cmcurionopolis.pa.gov.br\/index.php\/wp-json\/wp\/v2\/pages\/4225"}],"collection":[{"href":"https:\/\/cmcurionopolis.pa.gov.br\/index.php\/wp-json\/wp\/v2\/pages"}],"about":[{"href":"https:\/\/cmcurionopolis.pa.gov.br\/index.php\/wp-json\/wp\/v2\/types\/page"}],"author":[{"embeddable":true,"href":"https:\/\/cmcurionopolis.pa.gov.br\/index.php\/wp-json\/wp\/v2\/users\/1"}],"replies":[{"embeddable":true,"href":"https:\/\/cmcurionopolis.pa.gov.br\/index.php\/wp-json\/wp\/v2\/comments?post=4225"}],"version-history":[{"count":5,"href":"https:\/\/cmcurionopolis.pa.gov.br\/index.php\/wp-json\/wp\/v2\/pages\/4225\/revisions"}],"predecessor-version":[{"id":6490,"href":"https:\/\/cmcurionopolis.pa.gov.br\/index.php\/wp-json\/wp\/v2\/pages\/4225\/revisions\/6490"}],"wp:attachment":[{"href":"https:\/\/cmcurionopolis.pa.gov.br\/index.php\/wp-json\/wp\/v2\/media?parent=4225"}],"curies":[{"name":"wp","href":"https:\/\/api.w.org\/{rel}","templated":true}]}}