{"id":423,"date":"2021-04-12T15:49:32","date_gmt":"2021-04-12T15:49:32","guid":{"rendered":"https:\/\/cmcurionopolis.pa.gov.br\/?page_id=423"},"modified":"2021-08-20T17:28:34","modified_gmt":"2021-08-20T20:28:34","slug":"e-sic","status":"publish","type":"page","link":"https:\/\/cmcurionopolis.pa.gov.br\/index.php\/e-sic\/","title":{"rendered":"E-Sic"},"content":{"rendered":"\t\t<div data-elementor-type=\"wp-page\" data-elementor-id=\"423\" class=\"elementor elementor-423\">\n\t\t\t\t\t\t\t\t\t<section data-particle_enable=\"false\" data-particle-mobile-disabled=\"false\" class=\"elementor-section elementor-top-section elementor-element elementor-element-7255b6b elementor-section-boxed elementor-section-height-default elementor-section-height-default\" data-id=\"7255b6b\" data-element_type=\"section\">\n\t\t\t\t\t\t<div class=\"elementor-container elementor-column-gap-default\">\n\t\t\t\t\t<div class=\"elementor-column elementor-col-66 elementor-top-column elementor-element elementor-element-bc425e9\" data-id=\"bc425e9\" data-element_type=\"column\">\n\t\t\t<div class=\"elementor-widget-wrap elementor-element-populated\">\n\t\t\t\t\t\t\t\t<div class=\"elementor-element elementor-element-106afda elementor-widget elementor-widget-heading\" data-id=\"106afda\" data-element_type=\"widget\" data-widget_type=\"heading.default\">\n\t\t\t\t<div class=\"elementor-widget-container\">\n\t\t\t<h2 class=\"elementor-heading-title elementor-size-default\">Servi\u00e7o de Informa\u00e7\u00e3o ao Cidad\u00e3o - E-Sic<\/h2>\t\t<\/div>\n\t\t\t\t<\/div>\n\t\t\t\t<div class=\"elementor-element elementor-element-cda5547 elementor-widget elementor-widget-text-editor\" data-id=\"cda5547\" data-element_type=\"widget\" data-widget_type=\"text-editor.default\">\n\t\t\t\t<div class=\"elementor-widget-container\">\n\t\t\t\t\t\t\t<p><strong>Ouvidoria\/Fale Conosco<\/strong><\/p><p>Respons\u00e1vel: <strong>Magno Ara\u00fajo Santos<\/strong><\/p><p>E-mail: <strong>legislativocurionopolis@hotmail.com<\/strong><\/p><p>Fone: <strong>(94) 99136-3067<\/strong><\/p><p>Endere\u00e7o:<strong> Avenida Brasil s\/n\u00ba, Bairro Centro<\/strong><\/p><p>Cep:<strong> 68.523-000<\/strong><\/p><p>Hor\u00e1rio de Atendimento:<strong>08:00hs \u00e0s 13:00hs<\/strong><\/p><p style=\"text-align: left;\"><strong>Solicita\u00e7\u00f5es, Den\u00fancias, Sugest\u00f5es, Reclama\u00e7\u00f5es e Elogios:<\/strong><\/p>\t\t\t\t\t\t<\/div>\n\t\t\t\t<\/div>\n\t\t\t\t<div class=\"elementor-element elementor-element-3b7fdaf elementor-button-success elementor-mobile-align-center elementor-widget elementor-widget-button\" data-id=\"3b7fdaf\" data-element_type=\"widget\" data-widget_type=\"button.default\">\n\t\t\t\t<div class=\"elementor-widget-container\">\n\t\t\t\t\t<div class=\"elementor-button-wrapper\">\n\t\t\t<a href=\"https:\/\/docs.google.com\/forms\/d\/e\/1FAIpQLSeoCgJt1q_89yzYYdYMlUrhVo7aFkMeOpQhXxltqQx6NEiObw\/viewform?usp=sf_link\" class=\"elementor-button-link elementor-button elementor-size-sm\" role=\"button\">\n\t\t\t\t\t\t<span class=\"elementor-button-content-wrapper\">\n\t\t\t\t\t\t<span class=\"elementor-button-text\">Clique aqui<\/span>\n\t\t<\/span>\n\t\t\t\t\t<\/a>\n\t\t<\/div>\n\t\t\t\t<\/div>\n\t\t\t\t<\/div>\n\t\t\t\t\t<\/div>\n\t\t<\/div>\n\t\t\t\t<div class=\"elementor-column elementor-col-33 elementor-top-column elementor-element elementor-element-7ed2e76\" data-id=\"7ed2e76\" data-element_type=\"column\">\n\t\t\t<div class=\"elementor-widget-wrap\">\n\t\t\t\t\t\t\t\t\t<\/div>\n\t\t<\/div>\n\t\t\t\t\t\t\t<\/div>\n\t\t<\/section>\n\t\t\t\t\t\t\t<\/div>\n\t\t","protected":false},"excerpt":{"rendered":"<p>Servi\u00e7o de Informa\u00e7\u00e3o ao Cidad\u00e3o &#8211; E-Sic Ouvidoria\/Fale Conosco Respons\u00e1vel: Magno Ara\u00fajo Santos E-mail: legislativocurionopolis@hotmail.com Fone: (94) 99136-3067 Endere\u00e7o: Avenida Brasil s\/n\u00ba, Bairro Centro Cep: 68.523-000 Hor\u00e1rio de Atendimento:08:00hs \u00e0s [&hellip;]<\/p>\n","protected":false},"author":1,"featured_media":0,"parent":0,"menu_order":0,"comment_status":"closed","ping_status":"closed","template":"","meta":[],"_links":{"self":[{"href":"https:\/\/cmcurionopolis.pa.gov.br\/index.php\/wp-json\/wp\/v2\/pages\/423"}],"collection":[{"href":"https:\/\/cmcurionopolis.pa.gov.br\/index.php\/wp-json\/wp\/v2\/pages"}],"about":[{"href":"https:\/\/cmcurionopolis.pa.gov.br\/index.php\/wp-json\/wp\/v2\/types\/page"}],"author":[{"embeddable":true,"href":"https:\/\/cmcurionopolis.pa.gov.br\/index.php\/wp-json\/wp\/v2\/users\/1"}],"replies":[{"embeddable":true,"href":"https:\/\/cmcurionopolis.pa.gov.br\/index.php\/wp-json\/wp\/v2\/comments?post=423"}],"version-history":[{"count":29,"href":"https:\/\/cmcurionopolis.pa.gov.br\/index.php\/wp-json\/wp\/v2\/pages\/423\/revisions"}],"predecessor-version":[{"id":1281,"href":"https:\/\/cmcurionopolis.pa.gov.br\/index.php\/wp-json\/wp\/v2\/pages\/423\/revisions\/1281"}],"wp:attachment":[{"href":"https:\/\/cmcurionopolis.pa.gov.br\/index.php\/wp-json\/wp\/v2\/media?parent=423"}],"curies":[{"name":"wp","href":"https:\/\/api.w.org\/{rel}","templated":true}]}}