{"id":4235,"date":"2023-07-13T14:33:45","date_gmt":"2023-07-13T17:33:45","guid":{"rendered":"https:\/\/cmcurionopolis.pa.gov.br\/?page_id=4235"},"modified":"2026-03-15T13:42:18","modified_gmt":"2026-03-15T16:42:18","slug":"licitacoes-e-contratos","status":"publish","type":"page","link":"https:\/\/cmcurionopolis.pa.gov.br\/index.php\/licitacoes-e-contratos\/","title":{"rendered":"Licita\u00e7\u00f5es e Contratos"},"content":{"rendered":"\n<p>Bem-vindo \u00e0 nossa p\u00e1gina sobre Licita\u00e7\u00f5es e Contratos da C\u00e2mara Municipal de Curion\u00f3polis. Aqui oferecemos uma vis\u00e3o geral detalhada para ajud\u00e1-lo a compreender os principais aspectos desses processos.<\/p>\n\n\n\n<p>As licita\u00e7\u00f5es e contratos desempenham um papel crucial na aquisi\u00e7\u00e3o de bens e servi\u00e7os por entidades governamentais e empresas privadas. A licita\u00e7\u00e3o \u00e9 um procedimento que permite selecionar a proposta mais vantajosa para a administra\u00e7\u00e3o p\u00fablica ou a organiza\u00e7\u00e3o contratante, garantindo a transpar\u00eancia e a concorr\u00eancia justa entre os participantes.<\/p>\n\n\n\n<p>Nesta p\u00e1gina, voc\u00ea encontrar\u00e1 todas as informa\u00e7\u00f5es sobre as licita\u00e7\u00f5es e contratos da C\u00e2mara Municipal de Curion\u00f3polis.<\/p>\n\n\n\n<p><strong>**Obs: As licita\u00e7\u00f5es mais recentes podem ser facilmente identificadas ao observar a coluna 4, que corresponde aos dados de &#8220;autua\u00e7\u00e3o&#8221;. Nessa coluna, a Data como pode ser observado representam as licita\u00e7\u00f5es mais recentes, proporcionando uma maneira pr\u00e1tica de acompanhar e compreender a ordem cronol\u00f3gica das atividades licitat\u00f3rias. Portanto, ao analisar a planilha de licita\u00e7\u00f5es, basta verificar os valores na coluna de &#8220;autua\u00e7\u00e3o&#8221; para identificar e priorizar as licita\u00e7\u00f5es mais recentes.<\/strong><\/p>\n\n\n\n<div class=\"is-layout-flex wp-block-buttons\">\n<div class=\"wp-block-button\"><a class=\"wp-block-button__link has-white-color has-vivid-cyan-blue-to-vivid-purple-gradient-background has-text-color has-background wp-element-button\" href=\"https:\/\/www.governotransparente.com.br\/transparencia\/outrasconsultas\/44249588?datainfo=MTIwMjIwNTExMDk1MVBQUA==&amp;clean=false\">Licita\u00e7\u00f5es e Contratos 2021-2026<\/a><\/div>\n\n\n\n<div class=\"wp-block-button\"><a class=\"wp-block-button__link has-white-color has-vivid-cyan-blue-to-vivid-purple-gradient-background has-text-color has-background wp-element-button\" href=\"https:\/\/www.tcm.pa.gov.br\/mural-de-licitacoes\/?LINCEMVWLICITACOESSearch%5BNUMERO_DOCUMENTO%5D=&amp;LINCEMVWLICITACOESSearch%5BMODALIDADE_ID%5D=&amp;LINCEMVWLICITACOESSearch%5BTIPO_ID%5D=&amp;LINCEMVWLICITACOESSearch%5BOBJETO%5D=&amp;LINCEMVWLICITACOESSearch%5BDATA_ABERTURA%5D=&amp;LINCEMVWLICITACOESSearch%5BDATA_PUBLICACAO%5D=&amp;LINCEMVWLICITACOESSearch%5BID_MUNICIPIO%5D=91&amp;LINCEMVWLICITACOESSearch%5BORGAO_ID%5D=91002&amp;LINCEMVWLICITACOESSearch%5BSTATUS_ID%5D=&amp;LINCEMVWLICITACOESSearch%5BVL_REFERENCIADO%5D=&amp;LINCEMVWLICITACOESSearch%5BVL_ADJUDICADO%5D=\">Serie Hist\u00f3rica 2020<\/a><\/div>\n\n\n\n<div class=\"wp-block-button\"><a class=\"wp-block-button__link has-white-color has-vivid-cyan-blue-to-vivid-purple-gradient-background has-text-color has-background wp-element-button\" href=\"https:\/\/cmcurionopolis.pa.gov.br\/index.php\/atas-de-adesao-srp\/\"><strong>Atas de Ades\u00e3o &#8211; SRP<\/strong><\/a><\/div>\n<\/div>\n","protected":false},"excerpt":{"rendered":"<p>Bem-vindo \u00e0 nossa p\u00e1gina sobre Licita\u00e7\u00f5es e Contratos da C\u00e2mara Municipal de Curion\u00f3polis. Aqui oferecemos uma vis\u00e3o geral detalhada para ajud\u00e1-lo a compreender os principais aspectos desses processos. As licita\u00e7\u00f5es [&hellip;]<\/p>\n","protected":false},"author":1,"featured_media":0,"parent":0,"menu_order":0,"comment_status":"closed","ping_status":"closed","template":"","meta":[],"_links":{"self":[{"href":"https:\/\/cmcurionopolis.pa.gov.br\/index.php\/wp-json\/wp\/v2\/pages\/4235"}],"collection":[{"href":"https:\/\/cmcurionopolis.pa.gov.br\/index.php\/wp-json\/wp\/v2\/pages"}],"about":[{"href":"https:\/\/cmcurionopolis.pa.gov.br\/index.php\/wp-json\/wp\/v2\/types\/page"}],"author":[{"embeddable":true,"href":"https:\/\/cmcurionopolis.pa.gov.br\/index.php\/wp-json\/wp\/v2\/users\/1"}],"replies":[{"embeddable":true,"href":"https:\/\/cmcurionopolis.pa.gov.br\/index.php\/wp-json\/wp\/v2\/comments?post=4235"}],"version-history":[{"count":7,"href":"https:\/\/cmcurionopolis.pa.gov.br\/index.php\/wp-json\/wp\/v2\/pages\/4235\/revisions"}],"predecessor-version":[{"id":6974,"href":"https:\/\/cmcurionopolis.pa.gov.br\/index.php\/wp-json\/wp\/v2\/pages\/4235\/revisions\/6974"}],"wp:attachment":[{"href":"https:\/\/cmcurionopolis.pa.gov.br\/index.php\/wp-json\/wp\/v2\/media?parent=4235"}],"curies":[{"name":"wp","href":"https:\/\/api.w.org\/{rel}","templated":true}]}}