{"id":4288,"date":"2023-07-13T18:35:30","date_gmt":"2023-07-13T21:35:30","guid":{"rendered":"https:\/\/cmcurionopolis.pa.gov.br\/?page_id=4288"},"modified":"2025-06-09T09:38:25","modified_gmt":"2025-06-09T12:38:25","slug":"relatorio-anual-e-sic-ouvidoria","status":"publish","type":"page","link":"https:\/\/cmcurionopolis.pa.gov.br\/index.php\/relatorio-anual-e-sic-ouvidoria\/","title":{"rendered":"Relat\u00f3rio Anual e-SIC\/Ouvidoria"},"content":{"rendered":"\n<p>Bem-vindo \u00e0 nossa p\u00e1gina sobre o Relat\u00f3rio Anual e-SIC\/Ouvidoria! Aqui voc\u00ea encontrar\u00e1 informa\u00e7\u00f5es relevantes sobre esse relat\u00f3rio que consolida os dados e resultados do Sistema Eletr\u00f4nico de Informa\u00e7\u00f5es ao Cidad\u00e3o (e-SIC) e da Ouvidoria da C\u00e2mara Municipal de Curion\u00f3polis.<\/p>\n\n\n\n<p>O e-SIC e a Ouvidoria s\u00e3o canais essenciais de comunica\u00e7\u00e3o entre a administra\u00e7\u00e3o p\u00fablica e a popula\u00e7\u00e3o. <\/p>\n\n\n\n<p>Eles permitem que os cidad\u00e3os exer\u00e7am seu direito de acesso \u00e0 informa\u00e7\u00e3o, apresentem sugest\u00f5es, solicitem servi\u00e7os e registrem manifesta\u00e7\u00f5es relacionadas aos servi\u00e7os prestados pelo Legislativo. Iremos apresentar um panorama completo das demandas recebidas e das a\u00e7\u00f5es realizadas pela C\u00e2mara Municipal de Curion\u00f3polis em resposta \u00e0s solicita\u00e7\u00f5es e manifesta\u00e7\u00f5es dos cidad\u00e3os.<\/p>\n\n\n\n<p><em>*** No Campo de&nbsp;<strong>Pesquisa&nbsp;<\/strong>o cidad\u00e3o pode&nbsp;pesquisar por<\/em><strong><em>&nbsp;Descri\u00e7\u00e3o e Ano.<\/em><\/strong><\/p>\n\n\n\n<p><em>*** Clicando nos campos mostrados abaixo o cidad\u00e3o pode ordenar em ordem alfab\u00e9tica ou num\u00e9rica a informa\u00e7\u00e3o<strong>&nbsp;<\/strong><\/em><strong><em><strong><em><strong><em><strong><em>&nbsp;Descri\u00e7\u00e3o e Ano.<\/em><\/strong><\/em><\/strong><\/em><\/strong><\/em><\/strong><\/p>\n\n\n\n<p><strong><em>Downloads Abaixo<\/em><\/strong><\/p>\n\n\n\n<div class=\"is-layout-flex wp-block-buttons\">\n<div class=\"wp-block-button\"><a class=\"wp-block-button__link has-white-color has-vivid-cyan-blue-background-color has-text-color has-background wp-element-button\" href=\"https:\/\/drive.google.com\/file\/d\/13KvKabfs2qCyTNkgB5GpyN9ONbQEs8xj\/view?usp=sharing\">JSON<\/a><\/div>\n\n\n\n<div class=\"wp-block-button\"><a class=\"wp-block-button__link has-white-color has-vivid-green-cyan-background-color has-text-color has-background wp-element-button\" href=\"https:\/\/drive.google.com\/file\/d\/1ehB9BQPYG9OhT-QifZDoiQmRtGgufNit\/view?usp=sharing\">CSV<\/a><\/div>\n<\/div>\n\n\n\n<table id=\"tablepress-12\" class=\"tablepress tablepress-id-12\">\n<thead>\n<tr class=\"row-1 odd\">\n\t<th class=\"column-1\">DESCRI\u00c7\u00c3O<\/th><th class=\"column-2\">ANO<\/th><th class=\"column-3\">ARQUIVO<\/th>\n<\/tr>\n<\/thead>\n<tbody class=\"row-hover\">\n<tr class=\"row-2 even\">\n\t<td class=\"column-1\">Relat\u00f3rio Anual Estatistico e-SIC\/Ouvidoria<\/td><td class=\"column-2\">2024<\/td><td class=\"column-3\"><a href=\"https:\/\/www.governotransparente.com.br\/transparencia\/documentos\/44249588\/download\/694\">RELAT\u00d3RIO ANUAL DO e-SIC\/OUVIDORIA 2024<\/a><\/td>\n<\/tr>\n<tr class=\"row-3 odd\">\n\t<td class=\"column-1\">Relat\u00f3rio Anual Estatistico e-SIC\/Ouvidoria<\/td><td class=\"column-2\">2023<\/td><td class=\"column-3\"><a href=\"https:\/\/www.governotransparente.com.br\/transparencia\/documentos\/44249588\/download\/590\">RELAT\u00d3RIO ANUAL DO e-SIC\/OUVIDORIA 2023<\/a><\/td>\n<\/tr>\n<tr class=\"row-4 even\">\n\t<td class=\"column-1\">Relat\u00f3rio Anual Estatistico e-SIC\/Ouvidoria<\/td><td class=\"column-2\">2022<\/td><td class=\"column-3\"><a href=\"https:\/\/drive.google.com\/file\/d\/1Itz1q56zG15Pcj-ukxeFLhiZDkFP5Ohj\/view?usp=sharing\">RELAT\u00d3RIO ANUAL DO e-SIC\/OUVIDORIA 2022<\/a><\/td>\n<\/tr>\n<tr class=\"row-5 odd\">\n\t<td class=\"column-1\">Relat\u00f3rio Anual Estatistico e-SIC\/Ouvidoria <\/td><td class=\"column-2\">2021 - N\u00e3o Houve Relat\u00f3rio Anual E-sic\/Ouvidoria - <br \/>\n<br \/>\nDevido a migra\u00e7\u00e3o e mudan\u00e7a do site no ano de 2021\/2022 , o Sistema Antigo N\u00e3o Disponibilizava gera\u00e7\u00e3o de relat\u00f3rios<\/td><td class=\"column-3\">-<\/td>\n<\/tr>\n<tr class=\"row-6 even\">\n\t<td class=\"column-1\">-<\/td><td class=\"column-2\">2020<\/td><td class=\"column-3\">Devido a falta de Transi\u00e7\u00e3o por parte da Gest\u00e3o Anterior, n\u00e3o h\u00e1 detalhes sobre esse relat\u00f3rio.<br \/>\n<br \/>\n<\/td>\n<\/tr>\n<tr class=\"row-7 odd\">\n\t<td class=\"column-1\">-<\/td><td class=\"column-2\">2019<\/td><td class=\"column-3\">Devido a falta de Transi\u00e7\u00e3o por parte da Gest\u00e3o Anterior, n\u00e3o h\u00e1 detalhes sobre esse relat\u00f3rio.<br \/>\n<br \/>\n<\/td>\n<\/tr>\n<\/tbody>\n<\/table>\n<!-- #tablepress-12 from cache -->\n","protected":false},"excerpt":{"rendered":"<p>Bem-vindo \u00e0 nossa p\u00e1gina sobre o Relat\u00f3rio Anual e-SIC\/Ouvidoria! Aqui voc\u00ea encontrar\u00e1 informa\u00e7\u00f5es relevantes sobre esse relat\u00f3rio que consolida os dados e resultados do Sistema Eletr\u00f4nico de Informa\u00e7\u00f5es ao Cidad\u00e3o [&hellip;]<\/p>\n","protected":false},"author":1,"featured_media":0,"parent":0,"menu_order":0,"comment_status":"closed","ping_status":"closed","template":"","meta":[],"_links":{"self":[{"href":"https:\/\/cmcurionopolis.pa.gov.br\/index.php\/wp-json\/wp\/v2\/pages\/4288"}],"collection":[{"href":"https:\/\/cmcurionopolis.pa.gov.br\/index.php\/wp-json\/wp\/v2\/pages"}],"about":[{"href":"https:\/\/cmcurionopolis.pa.gov.br\/index.php\/wp-json\/wp\/v2\/types\/page"}],"author":[{"embeddable":true,"href":"https:\/\/cmcurionopolis.pa.gov.br\/index.php\/wp-json\/wp\/v2\/users\/1"}],"replies":[{"embeddable":true,"href":"https:\/\/cmcurionopolis.pa.gov.br\/index.php\/wp-json\/wp\/v2\/comments?post=4288"}],"version-history":[{"count":4,"href":"https:\/\/cmcurionopolis.pa.gov.br\/index.php\/wp-json\/wp\/v2\/pages\/4288\/revisions"}],"predecessor-version":[{"id":6528,"href":"https:\/\/cmcurionopolis.pa.gov.br\/index.php\/wp-json\/wp\/v2\/pages\/4288\/revisions\/6528"}],"wp:attachment":[{"href":"https:\/\/cmcurionopolis.pa.gov.br\/index.php\/wp-json\/wp\/v2\/media?parent=4288"}],"curies":[{"name":"wp","href":"https:\/\/api.w.org\/{rel}","templated":true}]}}