{"id":4311,"date":"2023-07-13T19:10:10","date_gmt":"2023-07-13T22:10:10","guid":{"rendered":"https:\/\/cmcurionopolis.pa.gov.br\/?page_id=4311"},"modified":"2026-03-15T17:22:37","modified_gmt":"2026-03-15T20:22:37","slug":"relacao-de-obras-paralisadas","status":"publish","type":"page","link":"https:\/\/cmcurionopolis.pa.gov.br\/index.php\/relacao-de-obras-paralisadas\/","title":{"rendered":"Rela\u00e7\u00e3o de Obras Paralisadas"},"content":{"rendered":"\n<p><em>*** No Campo de&nbsp;<strong>Pesquisa por texto-livre o<\/strong> cidad\u00e3o pode&nbsp;pesquisar por&nbsp;<\/em><strong><em>Modalidade\/Numero do Processo Licit\u00e1torio, Objeto,&nbsp;Motivo da Paralisa\u00e7\u00e3o, Respons\u00e1vel pela Inexecu\u00e7\u00e3o da Obra, Data prevista para o rein\u00edcio da sua execu\u00e7\u00e3o e Ano.<\/em><\/strong><\/p>\n\n\n\n<p><em>*** Clicando nos campos mostrados abaixo o cidad\u00e3o pode ordenar em ordem alfab\u00e9tica ou num\u00e9rica a informa\u00e7\u00e3o<strong>&nbsp;<\/strong><\/em><strong><em>Modalidade\/Numero do Processo Licit\u00e1torio, Objeto,&nbsp;Motivo da Paralisa\u00e7\u00e3o, Respons\u00e1vel pela Inexecu\u00e7\u00e3o da Obra, Data prevista para o rein\u00edcio da sua execu\u00e7\u00e3o e Ano.<\/em><\/strong><\/p>\n\n\n\n<p><strong>Downloads<\/strong><\/p>\n\n\n\n<div class=\"is-layout-flex wp-block-buttons\">\n<div class=\"wp-block-button\"><a class=\"wp-block-button__link has-white-color has-vivid-cyan-blue-background-color has-text-color has-background wp-element-button\" href=\"https:\/\/drive.google.com\/file\/d\/1n7M3ke9JlP2nMeuqPBSrFvCscfTNDLKd\/view?usp=sharing\">JSON<\/a><\/div>\n\n\n\n<div class=\"wp-block-button\"><a class=\"wp-block-button__link has-white-color has-vivid-green-cyan-background-color has-text-color has-background wp-element-button\" href=\"https:\/\/drive.google.com\/file\/d\/10mBeKfoEVYwgeeIo8urvrWfjxRW0L5D8\/view?usp=sharing\">CSV<\/a><\/div>\n<\/div>\n\n\n\n<table id=\"tablepress-14\" class=\"tablepress tablepress-id-14\">\n<thead>\n<tr class=\"row-1 odd\">\n\t<th class=\"column-1\">Modalidade\/Numero do Processo Licit\u00e1torio<\/th><th class=\"column-2\">Objeto da Obra<\/th><th class=\"column-3\">Motivo da Paralisa\u00e7\u00e3o<\/th><th class=\"column-4\">Tipo de Recurso<\/th><th class=\"column-5\">Respons\u00e1vel pela Inexecu\u00e7\u00e3o da Obra<\/th><th class=\"column-6\">Data prevista para o rein\u00edcio da sua execu\u00e7\u00e3o<\/th><th class=\"column-7\">Ano<\/th>\n<\/tr>\n<\/thead>\n<tbody class=\"row-hover\">\n<tr class=\"row-2 even\">\n\t<td class=\"column-1\"><\/td><td class=\"column-2\"><\/td><td class=\"column-3\"><\/td><td class=\"column-4\"><\/td><td class=\"column-5\"><\/td><td class=\"column-6\">N\u00e3o H\u00e1 Obras P\u00fablicas Realizadas PARALISADAS pela C\u00e2mara Municipal de Curion\u00f3polis at\u00e9 o momento nesse Per\u00edodo<\/td><td class=\"column-7\">2026<\/td>\n<\/tr>\n<tr class=\"row-3 odd\">\n\t<td class=\"column-1\"><\/td><td class=\"column-2\"><\/td><td class=\"column-3\"><\/td><td class=\"column-4\"><\/td><td class=\"column-5\"><\/td><td class=\"column-6\">N\u00e3o H\u00e1 Obras P\u00fablicas Realizadas PARALISADAS pela C\u00e2mara Municipal de Curion\u00f3polis at\u00e9 o momento nesse Per\u00edodo<\/td><td class=\"column-7\">2025<\/td>\n<\/tr>\n<tr class=\"row-4 even\">\n\t<td class=\"column-1\"><\/td><td class=\"column-2\"><\/td><td class=\"column-3\"><\/td><td class=\"column-4\"><\/td><td class=\"column-5\"><\/td><td class=\"column-6\">N\u00e3o Houve Obras P\u00fablicas Realizadas PARALISADAS pela C\u00e2mara Municipal de Curion\u00f3polis nesse Per\u00edodo<\/td><td class=\"column-7\">2024<\/td>\n<\/tr>\n<tr class=\"row-5 odd\">\n\t<td class=\"column-1\"><\/td><td class=\"column-2\"><\/td><td class=\"column-3\"><\/td><td class=\"column-4\"><\/td><td class=\"column-5\"><\/td><td class=\"column-6\">N\u00e3o Houve Obras P\u00fablicas Realizadas PARALISADAS pela C\u00e2mara Municipal de Curion\u00f3polis nesse Per\u00edodo<\/td><td class=\"column-7\">2023<\/td>\n<\/tr>\n<tr class=\"row-6 even\">\n\t<td class=\"column-1\"><\/td><td class=\"column-2\"><\/td><td class=\"column-3\"><\/td><td class=\"column-4\"><\/td><td class=\"column-5\"><\/td><td class=\"column-6\">N\u00e3o Houve Obras P\u00fablicas Realizadas PARALISADAS pela C\u00e2mara Municipal de Curion\u00f3polis nesse Per\u00edodo<\/td><td class=\"column-7\">2022<\/td>\n<\/tr>\n<tr class=\"row-7 odd\">\n\t<td class=\"column-1\"><\/td><td class=\"column-2\"><\/td><td class=\"column-3\"><\/td><td class=\"column-4\"><\/td><td class=\"column-5\"><\/td><td class=\"column-6\">N\u00e3o Houve Obras P\u00fablicas Realizadas PARALISADAS pela C\u00e2mara Municipal de Curion\u00f3polis nesse Per\u00edodo<\/td><td class=\"column-7\">2021<\/td>\n<\/tr>\n<tr class=\"row-8 even\">\n\t<td class=\"column-1\"><\/td><td class=\"column-2\"><\/td><td class=\"column-3\"><\/td><td class=\"column-4\"><\/td><td class=\"column-5\">-<\/td><td class=\"column-6\">N\u00e3o Houve Obras P\u00fablicas Realizadas PARALISADAS pela C\u00e2mara Municipal de Curion\u00f3polis nesse Per\u00edodo<\/td><td class=\"column-7\">2020<\/td>\n<\/tr>\n<tr class=\"row-9 odd\">\n\t<td class=\"column-1\">-<\/td><td class=\"column-2\">-<\/td><td class=\"column-3\">-<\/td><td class=\"column-4\"><\/td><td class=\"column-5\">-<\/td><td class=\"column-6\">N\u00e3o Houve Obras P\u00fablicas Realizadas PARALISADAS pela C\u00e2mara Municipal de Curion\u00f3polis nesse Per\u00edodo<\/td><td class=\"column-7\">2019<\/td>\n<\/tr>\n<\/tbody>\n<\/table>\n<!-- #tablepress-14 from cache -->\n","protected":false},"excerpt":{"rendered":"<p>*** No Campo de&nbsp;Pesquisa por texto-livre o cidad\u00e3o pode&nbsp;pesquisar por&nbsp;Modalidade\/Numero do Processo Licit\u00e1torio, Objeto,&nbsp;Motivo da Paralisa\u00e7\u00e3o, Respons\u00e1vel pela Inexecu\u00e7\u00e3o da Obra, Data prevista para o rein\u00edcio da sua execu\u00e7\u00e3o e [&hellip;]<\/p>\n","protected":false},"author":1,"featured_media":0,"parent":0,"menu_order":0,"comment_status":"closed","ping_status":"closed","template":"","meta":[],"_links":{"self":[{"href":"https:\/\/cmcurionopolis.pa.gov.br\/index.php\/wp-json\/wp\/v2\/pages\/4311"}],"collection":[{"href":"https:\/\/cmcurionopolis.pa.gov.br\/index.php\/wp-json\/wp\/v2\/pages"}],"about":[{"href":"https:\/\/cmcurionopolis.pa.gov.br\/index.php\/wp-json\/wp\/v2\/types\/page"}],"author":[{"embeddable":true,"href":"https:\/\/cmcurionopolis.pa.gov.br\/index.php\/wp-json\/wp\/v2\/users\/1"}],"replies":[{"embeddable":true,"href":"https:\/\/cmcurionopolis.pa.gov.br\/index.php\/wp-json\/wp\/v2\/comments?post=4311"}],"version-history":[{"count":5,"href":"https:\/\/cmcurionopolis.pa.gov.br\/index.php\/wp-json\/wp\/v2\/pages\/4311\/revisions"}],"predecessor-version":[{"id":6983,"href":"https:\/\/cmcurionopolis.pa.gov.br\/index.php\/wp-json\/wp\/v2\/pages\/4311\/revisions\/6983"}],"wp:attachment":[{"href":"https:\/\/cmcurionopolis.pa.gov.br\/index.php\/wp-json\/wp\/v2\/media?parent=4311"}],"curies":[{"name":"wp","href":"https:\/\/api.w.org\/{rel}","templated":true}]}}