{"id":4331,"date":"2023-07-13T19:27:53","date_gmt":"2023-07-13T22:27:53","guid":{"rendered":"https:\/\/cmcurionopolis.pa.gov.br\/?page_id=4331"},"modified":"2025-06-09T13:50:32","modified_gmt":"2025-06-09T16:50:32","slug":"relatorio-de-gestao","status":"publish","type":"page","link":"https:\/\/cmcurionopolis.pa.gov.br\/index.php\/relatorio-de-gestao\/","title":{"rendered":"Relat\u00f3rio de Gest\u00e3o"},"content":{"rendered":"\n<p>Bem-vindo \u00e0 nossa p\u00e1gina sobre o Relat\u00f3rio de Gest\u00e3o da C\u00e2mara Municipal de Curion\u00f3polis! Aqui voc\u00ea encontrar\u00e1 informa\u00e7\u00f5es relevantes sobre esse importante documento que tem como objetivo apresentar os resultados realizadas pela administra\u00e7\u00e3o legislativa municipal.<\/p>\n\n\n\n<p><em>*** No Campo de&nbsp;<strong>Pesquisa&nbsp;<\/strong>o cidad\u00e3o pode&nbsp;pesquisar por<\/em><strong><em>&nbsp;Descri\u00e7\u00e3o e Ano .<\/em><\/strong><\/p>\n\n\n\n<p><em>*** Clicando nos campos mostrados abaixo o cidad\u00e3o pode ordenar em ordem alfab\u00e9tica ou num\u00e9rica a informa\u00e7\u00e3o<strong>&nbsp;<\/strong><\/em><strong><em>Descri\u00e7\u00e3o e Ano<\/em><\/strong>.<\/p>\n\n\n\n<p><em><strong>Downloads:<\/strong><\/em><\/p>\n\n\n\n<div class=\"is-layout-flex wp-block-buttons\">\n<div class=\"wp-block-button\"><a class=\"wp-block-button__link has-white-color has-vivid-cyan-blue-background-color has-text-color has-background wp-element-button\" href=\"https:\/\/drive.google.com\/file\/d\/13MOv2Y0jfzUB1-Mn3jyoClZKfTQjxqA5\/view?usp=sharing\">JSON<\/a><\/div>\n\n\n\n<div class=\"wp-block-button\"><a class=\"wp-block-button__link has-white-color has-vivid-green-cyan-background-color has-text-color has-background wp-element-button\" href=\"https:\/\/drive.google.com\/file\/d\/1f70CvouVaaMBTIHSdRKA8W0s_i-aJAWg\/view?usp=sharing\">CSV<\/a><\/div>\n<\/div>\n\n\n\n<table id=\"tablepress-16\" class=\"tablepress tablepress-id-16\">\n<thead>\n<tr class=\"row-1 odd\">\n\t<th class=\"column-1\">DESCRI\u00c7\u00c3O<\/th><th class=\"column-2\">ANO<\/th><th class=\"column-3\"><\/th>\n<\/tr>\n<\/thead>\n<tbody class=\"row-hover\">\n<tr class=\"row-2 even\">\n\t<td class=\"column-1\">Relat\u00f3rio anual do Controle Interno 2024<\/td><td class=\"column-2\">2024<\/td><td class=\"column-3\"><a href=\"https:\/\/www.governotransparente.com.br\/transparencia\/documentos\/44249588\/download\/697\">RELAT\u00d3RIO ANUAL DE GEST\u00c3O 2024<\/a><\/td>\n<\/tr>\n<tr class=\"row-3 odd\">\n\t<td class=\"column-1\">Relat\u00f3rio anual do Controle Interno 2023<\/td><td class=\"column-2\">2023<\/td><td class=\"column-3\"><a href=\"https:\/\/www.governotransparente.com.br\/transparencia\/documentos\/44249588\/download\/567\">RELAT\u00d3RIO ANUAL DE GEST\u00c3O 2023<\/a><\/td>\n<\/tr>\n<tr class=\"row-4 even\">\n\t<td class=\"column-1\">Relat\u00f3rio anual do Controle Interno 2022<\/td><td class=\"column-2\">2022<\/td><td class=\"column-3\"><a href=\"https:\/\/www.governotransparente.com.br\/transparencia\/documentos\/44249588\/download\/286\">RELAT\u00d3RIO ANUAL DE GEST\u00c3O 2022<\/a><\/td>\n<\/tr>\n<tr class=\"row-5 odd\">\n\t<td class=\"column-1\">Relat\u00f3rio anual do Controle Interno 2021<\/td><td class=\"column-2\">2021<\/td><td class=\"column-3\"><a href=\"https:\/\/www.governotransparente.com.br\/transparencia\/documentos\/44249588\/download\/68\">RELAT\u00d3RIO ANUAL DE GEST\u00c3O 2021<\/a><\/td>\n<\/tr>\n<tr class=\"row-6 even\">\n\t<td class=\"column-1\">OF\u00cdCIO 01.2021 Relat\u00f3rio anual CI 2020 - TCM<\/td><td class=\"column-2\">2020<\/td><td class=\"column-3\"><a href=\"https:\/\/www.governotransparente.com.br\/transparencia\/documentos\/44249588\/download\/67\">RELAT\u00d3RIO ANUAL DE GEST\u00c3O 2020<\/a><\/td>\n<\/tr>\n<tr class=\"row-7 odd\">\n\t<td class=\"column-1\">Relat\u00f3rio anual do Controle Interno 2019<\/td><td class=\"column-2\">2019<\/td><td class=\"column-3\">Devido a Falta de Transi\u00e7\u00e3o por parte da Gest\u00e3o Anterior n\u00e3o h\u00e1 dados sobre o relat\u00f3rio em quest\u00e3o<\/td>\n<\/tr>\n<\/tbody>\n<\/table>\n<!-- #tablepress-16 from cache -->\n","protected":false},"excerpt":{"rendered":"<p>Bem-vindo \u00e0 nossa p\u00e1gina sobre o Relat\u00f3rio de Gest\u00e3o da C\u00e2mara Municipal de Curion\u00f3polis! Aqui voc\u00ea encontrar\u00e1 informa\u00e7\u00f5es relevantes sobre esse importante documento que tem como objetivo apresentar os resultados [&hellip;]<\/p>\n","protected":false},"author":1,"featured_media":0,"parent":0,"menu_order":0,"comment_status":"closed","ping_status":"closed","template":"","meta":[],"_links":{"self":[{"href":"https:\/\/cmcurionopolis.pa.gov.br\/index.php\/wp-json\/wp\/v2\/pages\/4331"}],"collection":[{"href":"https:\/\/cmcurionopolis.pa.gov.br\/index.php\/wp-json\/wp\/v2\/pages"}],"about":[{"href":"https:\/\/cmcurionopolis.pa.gov.br\/index.php\/wp-json\/wp\/v2\/types\/page"}],"author":[{"embeddable":true,"href":"https:\/\/cmcurionopolis.pa.gov.br\/index.php\/wp-json\/wp\/v2\/users\/1"}],"replies":[{"embeddable":true,"href":"https:\/\/cmcurionopolis.pa.gov.br\/index.php\/wp-json\/wp\/v2\/comments?post=4331"}],"version-history":[{"count":4,"href":"https:\/\/cmcurionopolis.pa.gov.br\/index.php\/wp-json\/wp\/v2\/pages\/4331\/revisions"}],"predecessor-version":[{"id":6545,"href":"https:\/\/cmcurionopolis.pa.gov.br\/index.php\/wp-json\/wp\/v2\/pages\/4331\/revisions\/6545"}],"wp:attachment":[{"href":"https:\/\/cmcurionopolis.pa.gov.br\/index.php\/wp-json\/wp\/v2\/media?parent=4331"}],"curies":[{"name":"wp","href":"https:\/\/api.w.org\/{rel}","templated":true}]}}