{"id":4341,"date":"2023-07-13T19:51:03","date_gmt":"2023-07-13T22:51:03","guid":{"rendered":"https:\/\/cmcurionopolis.pa.gov.br\/?page_id=4341"},"modified":"2026-03-15T17:57:45","modified_gmt":"2026-03-15T20:57:45","slug":"julgamento-das-contas-pelo-tribunal-de-contas-tcm-pa","status":"publish","type":"page","link":"https:\/\/cmcurionopolis.pa.gov.br\/index.php\/julgamento-das-contas-pelo-tribunal-de-contas-tcm-pa\/","title":{"rendered":"Julgamento das contas pelo Tribunal de Contas \u2013 TCM-PA"},"content":{"rendered":"\n<p><em>*** No Campo de&nbsp;<strong>Pesquisa&nbsp;<\/strong>o cidad\u00e3o pode&nbsp;pesquisar por&nbsp;<\/em><strong><em>Documento,&nbsp;Ementa\/Assunto, Data e Ano.<\/em><\/strong><\/p>\n\n\n\n<p><em>*** Clicando nos campos mostrados abaixo o cidad\u00e3o pode ordenar em ordem alfab\u00e9tica ou num\u00e9rica a informa\u00e7\u00e3o<strong>&nbsp;<\/strong><\/em><strong><em>Documento,&nbsp;Ementa\/Assunto, Data e Ano.<\/em><\/strong>.<\/p>\n\n\n\n<p><\/p>\n\n\n\n<p><em><strong>Downloads abaixo<\/strong><\/em>:<\/p>\n\n\n\n<div class=\"is-layout-flex wp-block-buttons\">\n<div class=\"wp-block-button\"><a class=\"wp-block-button__link has-white-color has-vivid-cyan-blue-background-color has-text-color has-background wp-element-button\" href=\"https:\/\/drive.google.com\/file\/d\/1zmpvZJ9zwkOaa31VluDhHzjOSs63xc0x\/view?usp=sharing\">JSON<\/a><\/div>\n\n\n\n<div class=\"wp-block-button\"><a class=\"wp-block-button__link has-white-color has-vivid-green-cyan-background-color has-text-color has-background wp-element-button\" href=\"https:\/\/drive.google.com\/file\/d\/1GUnLO2h98RI54TbamI1HUHBiu6nBF5z5\/view?usp=sharing\">CSV<\/a><\/div>\n<\/div>\n\n\n\n<table id=\"tablepress-17\" class=\"tablepress tablepress-id-17\">\n<thead>\n<tr class=\"row-1 odd\">\n\t<th class=\"column-1\">Documento<\/th><th class=\"column-2\">Ementa\/Assunto<\/th><th class=\"column-3\">Data do Documento<\/th><th class=\"column-4\">Arquivo<\/th>\n<\/tr>\n<\/thead>\n<tbody class=\"row-hover\">\n<tr class=\"row-2 even\">\n\t<td class=\"column-1\"><\/td><td class=\"column-2\">PRESTA\u00c7\u00c3O DE CONTAS DE GOVERNO. CAM\u00c2RA MUNICIPAL DE<br \/>\nCURION\u00d3POLIS. EXERC\u00cdCIO DE 2026<\/td><td class=\"column-3\">Exercicio 2026 ainda em Vig\u00eancia<\/td><td class=\"column-4\">INDISPON\u00cdVEL<\/td>\n<\/tr>\n<tr class=\"row-3 odd\">\n\t<td class=\"column-1\">-<\/td><td class=\"column-2\">PRESTA\u00c7\u00c3O DE CONTAS DE GOVERNO. CAM\u00c2RA MUNICIPAL DE<br \/>\nCURION\u00d3POLIS. EXERC\u00cdCIO DE 2025<\/td><td class=\"column-3\">Aprecia\u00e7\u00e3o das Contas ainda est\u00e1 pendente pelo Tribunal de Contas<\/td><td class=\"column-4\">INDISPON\u00cdVEL<\/td>\n<\/tr>\n<tr class=\"row-4 even\">\n\t<td class=\"column-1\">-<\/td><td class=\"column-2\">PRESTA\u00c7\u00c3O DE CONTAS DE GOVERNO. CAM\u00c2RA MUNICIPAL DE<br \/>\nCURION\u00d3POLIS. EXERC\u00cdCIO DE 2024<\/td><td class=\"column-3\">Aprecia\u00e7\u00e3o das Contas ainda consta como \"PENDENTE\" pelo Tribunal de Contas<\/td><td class=\"column-4\">INDISPON\u00cdVEL<\/td>\n<\/tr>\n<tr class=\"row-5 odd\">\n\t<td class=\"column-1\">AC\u00d3RD\u00c3O N\u00ba 48.164<\/td><td class=\"column-2\">PRESTA\u00c7\u00c3O DE CONTAS COM INCID\u00caNCIA DE PRESCRI\u00c7\u00c3O QUINQUENAL. EXERC\u00cdCIOS DE 2015 A 2018. C\u00c2MARA MUNICIPAL DE CURION\u00d3POLIS. EXERC\u00cdCIO FINANCEIRO DE 2017. ARQUIVAMENTO. DECIS\u00c3O UN\u00c2NIME<\/td><td class=\"column-3\">18\/09\/2025<\/td><td class=\"column-4\"><a href=\"https:\/\/drive.google.com\/file\/d\/1RffrMqzcKHutVFnDlpWIS6ggrQu3QATJ\/view?usp=drive_link\">PARECER <\/a><\/td>\n<\/tr>\n<tr class=\"row-6 even\">\n\t<td class=\"column-1\">AC\u00d3RD\u00c3O N\u00ba 45.908<\/td><td class=\"column-2\">PRESTA\u00c7\u00c3O DE CONTAS. C\u00c2MARA MUNICIPAL DE CURION\u00d3POLIS. EXERC\u00cdCIO FINANCEIRO DE 2018. CONTAS JULGADAS IRREGULARES. IMPUTA\u00c7\u00c3O DE D\u00c9BITO. PRESCRI\u00c7\u00c3O DAS PRETENS\u00d5ES SANCIONAT\u00d3RIAS. DECIS\u00c3O UNANIME<\/td><td class=\"column-3\">21\/11\/2024<\/td><td class=\"column-4\"><a href=\"https:\/\/drive.google.com\/file\/d\/1r0MOggK5aQGFSLlDus2qwLz__VlSxMkg\/view?usp=sharing\">PARECER <\/a><\/td>\n<\/tr>\n<tr class=\"row-7 odd\">\n\t<td class=\"column-1\">AC\u00d3RD\u00c3O No 45.442<\/td><td class=\"column-2\">PRESTA\u00c7\u00c3O DE CONTAS. C\u00c2MARA MUNICIPAL DE CURION\u00d3POLIS. EXERC\u00cdCIO DE<br \/>\n2023. REMESSA INTEMPESTIVA DOS RGF\u2019S DO 1o QUADRIMESTRE. INTEMPESTIVIDADE NAS<br \/>\nREMESSAS MENSAIS DOS ARQUIVOS CONT\u00c1BEIS DE JANEIRO E JUNHO, E DOS ARQUIVOS DA<br \/>\nFOLHA DE PAGAMENTO DE JUNHO. N\u00c3O CUMPRIMENTO NA INTEGRALIDADE DOS PONTOS DE<br \/>\nCONTROLE ESTABELECIDOS NA MATRIZ DE FISCALIZA\u00c7\u00c3O DA TRANSPAR\u00caNCIA P\u00daBLICA<br \/>\nMUNICIPAL. MULTAS. CONTAS JULGADAS REGULARES, COM RESSALVAS. EXPEDI\u00c7\u00c3O DE<br \/>\nALVAR\u00c1 DE QUITA\u00c7\u00c3O.<\/td><td class=\"column-3\">09\/09\/2024<\/td><td class=\"column-4\"><a href=\"https:\/\/drive.google.com\/drive\/folders\/1cIaEl18lDi5EC_uJ4rm_gY88Ve1fqD4p\">PARECER<\/a><\/td>\n<\/tr>\n<tr class=\"row-8 even\">\n\t<td class=\"column-1\">AC\u00d3RD\u00c3O N\u00ba 44.071<\/td><td class=\"column-2\">PRESTA\u00c7\u00c3O DE CONTAS. C\u00c2MARA MUNICIPAL DE CURION\u00d3POLIS. EXERC\u00cdCIO 2022<\/td><td class=\"column-3\">07\/02\/2024<\/td><td class=\"column-4\"><a href=\"https:\/\/drive.google.com\/file\/d\/16vaed0XDW_iTtvNpD3Um2PiVm1UBIiKf\/view?usp=sharing\">PARECER<\/a><\/td>\n<\/tr>\n<tr class=\"row-9 odd\">\n\t<td class=\"column-1\"><\/td><td class=\"column-2\">N\u00c3O HOUVE PRESTA\u00c7\u00c3O DE CONTAS. C\u00c2MARA MUNICIPAL DE CURION\u00d3POLIS NO ANO 2023<\/td><td class=\"column-3\">2023<\/td><td class=\"column-4\"><\/td>\n<\/tr>\n<tr class=\"row-10 even\">\n\t<td class=\"column-1\">AC\u00d3RD\u00c3O N. 41.373<\/td><td class=\"column-2\">PRESTA\u00c7\u00c3O DE CONTAS. C\u00c2MARA MUNICIPAL DE CURION\u00d3POLIS. EXERC\u00cdCIO 2021<\/td><td class=\"column-3\">28\/09\/2022<\/td><td class=\"column-4\"><a href=\"https:\/\/drive.google.com\/file\/d\/1BIrD7g22bJBSNCTIMiHpFgLpl3_RFiGM\/view?usp=sharing\">PARECER<\/a><\/td>\n<\/tr>\n<tr class=\"row-11 odd\">\n\t<td class=\"column-1\">AC\u00d3RD\u00c3O N\u00ba 40.330<\/td><td class=\"column-2\">PRESTA\u00c7\u00c3O DE CONTAS. <br \/>\nEXERC\u00cdCIO DE 2020. ORDENADOR RAIMUNDO NONATO HOLANDA DA SILVA. <br \/>\nPER\u00cdODOS DE 1\u00ba\/01\/2020 A 16\/03\/2020 E 18\/07\/2020 A 31\/12\/2020. REVELIA. <br \/>\nEXIST\u00caNCIA DE FALHAS FORMAIS. DESCUMPRIMENTO \u00c0 LEI DE LICITA\u00c7\u00d5ES <br \/>\nN\u00ba 8.666\/1993. CONTAS IRREGULARES. MULTAS. DETERMINA\u00c7\u00d5ES. PAULO <br \/>\nHIGINO DA SILVA. PER\u00cdODO DE 17\/03\/2020 A 17\/07\/2020. REVELIA. <br \/>\nEXIST\u00caNCIA DE FALHAS FORMAIS. DESCUMPRIMENTO \u00c0 LEI DE LICITA\u00c7\u00d5ES <br \/>\nN\u00ba 8.666\/1993. CONTAS IRREGULARES. MULTAS. DETERMINA\u00c7\u00d5ES<br \/>\n<\/td><td class=\"column-3\">06\/04\/2022<\/td><td class=\"column-4\"><a href=\"https:\/\/drive.google.com\/file\/d\/1ReV4dV6xPyK30O3mtpv5ebIpZX1Oam21\/view?usp=sharing\">PARECER<\/a><\/td>\n<\/tr>\n<tr class=\"row-12 even\">\n\t<td class=\"column-1\">-<\/td><td class=\"column-2\">N\u00c3O HOUVE PRESTA\u00c7\u00c3O DE CONTAS. C\u00c2MARA MUNICIPAL DE CURION\u00d3POLIS NO ANO 2021<\/td><td class=\"column-3\">2021<\/td><td class=\"column-4\">INDISPON\u00cdVEL<\/td>\n<\/tr>\n<tr class=\"row-13 odd\">\n\t<td class=\"column-1\">-<\/td><td class=\"column-2\">N\u00c3O HOUVE PRESTA\u00c7\u00c3O DE CONTAS. C\u00c2MARA MUNICIPAL DE CURION\u00d3POLIS. NO ANO 2020<\/td><td class=\"column-3\">2020<\/td><td class=\"column-4\">INDISPON\u00cdVEL<\/td>\n<\/tr>\n<tr class=\"row-14 even\">\n\t<td class=\"column-1\">AC\u00d3RD\u00c3O N\u00ba 27.382<\/td><td class=\"column-2\">PRESTA\u00c7\u00c3O DE CONTAS. C\u00c2MARA MUNICIPAL DE CURION\u00d3POLIS. EXERC\u00cdCIO 2013<\/td><td class=\"column-3\">13\/08\/2015<\/td><td class=\"column-4\"><a href=\"https:\/\/drive.google.com\/file\/d\/1IbOQ_7IZtRT-bvMd-JcAbQysxM1ZN6VU\/view?usp=sharing\">PARECER<\/a><\/td>\n<\/tr>\n<\/tbody>\n<\/table>\n<!-- #tablepress-17 from cache -->\n","protected":false},"excerpt":{"rendered":"<p>*** No Campo de&nbsp;Pesquisa&nbsp;o cidad\u00e3o pode&nbsp;pesquisar por&nbsp;Documento,&nbsp;Ementa\/Assunto, Data e Ano. *** Clicando nos campos mostrados abaixo o cidad\u00e3o pode ordenar em ordem alfab\u00e9tica ou num\u00e9rica a informa\u00e7\u00e3o&nbsp;Documento,&nbsp;Ementa\/Assunto, Data e Ano.. [&hellip;]<\/p>\n","protected":false},"author":1,"featured_media":0,"parent":0,"menu_order":0,"comment_status":"closed","ping_status":"closed","template":"","meta":[],"_links":{"self":[{"href":"https:\/\/cmcurionopolis.pa.gov.br\/index.php\/wp-json\/wp\/v2\/pages\/4341"}],"collection":[{"href":"https:\/\/cmcurionopolis.pa.gov.br\/index.php\/wp-json\/wp\/v2\/pages"}],"about":[{"href":"https:\/\/cmcurionopolis.pa.gov.br\/index.php\/wp-json\/wp\/v2\/types\/page"}],"author":[{"embeddable":true,"href":"https:\/\/cmcurionopolis.pa.gov.br\/index.php\/wp-json\/wp\/v2\/users\/1"}],"replies":[{"embeddable":true,"href":"https:\/\/cmcurionopolis.pa.gov.br\/index.php\/wp-json\/wp\/v2\/comments?post=4341"}],"version-history":[{"count":7,"href":"https:\/\/cmcurionopolis.pa.gov.br\/index.php\/wp-json\/wp\/v2\/pages\/4341\/revisions"}],"predecessor-version":[{"id":6988,"href":"https:\/\/cmcurionopolis.pa.gov.br\/index.php\/wp-json\/wp\/v2\/pages\/4341\/revisions\/6988"}],"wp:attachment":[{"href":"https:\/\/cmcurionopolis.pa.gov.br\/index.php\/wp-json\/wp\/v2\/media?parent=4341"}],"curies":[{"name":"wp","href":"https:\/\/api.w.org\/{rel}","templated":true}]}}