{"id":4351,"date":"2023-07-13T20:22:12","date_gmt":"2023-07-13T23:22:12","guid":{"rendered":"https:\/\/cmcurionopolis.pa.gov.br\/?page_id=4351"},"modified":"2023-07-13T20:22:13","modified_gmt":"2023-07-13T23:22:13","slug":"relatorio-de-gestao-fiscal-rgf","status":"publish","type":"page","link":"https:\/\/cmcurionopolis.pa.gov.br\/index.php\/relatorio-de-gestao-fiscal-rgf\/","title":{"rendered":"Relat\u00f3rio de Gest\u00e3o Fiscal (RGF)"},"content":{"rendered":"\n<p><em>*** No Campo de&nbsp;<strong>Pesquisa&nbsp;<\/strong>o cidad\u00e3o pode&nbsp;pesquisar por<\/em><strong><em>&nbsp;Documento,&nbsp;Descri\u00e7\u00e3o e Ano.<\/em><\/strong><\/p>\n\n\n\n<p><em>*** Clicando nos campos mostrados abaixo o cidad\u00e3o pode ordenar em ordem alfab\u00e9tica ou num\u00e9rica a informa\u00e7\u00e3o<strong>\u00a0<\/strong><\/em><strong><em><strong><em><strong><em>Documento,\u00a0Descri\u00e7\u00e3o e Ano<\/em><\/strong><\/em><\/strong><\/em><\/strong>.<\/p>\n\n\n\n<table id=\"tablepress-18\" class=\"tablepress tablepress-id-18\">\n<thead>\n<tr class=\"row-1 odd\">\n\t<th class=\"column-1\">Documento<\/th><th class=\"column-2\">Descri\u00e7\u00e3o<\/th><th class=\"column-3\">Ano<\/th><th class=\"column-4\">Arquivo<\/th>\n<\/tr>\n<\/thead>\n<tbody class=\"row-hover\">\n<tr class=\"row-2 even\">\n\t<td class=\"column-1\">Relat\u00f3rio de Gest\u00e3o Fiscal (RGF) 2025<\/td><td class=\"column-2\">2\u00ba QUADRIMESTRE<\/td><td class=\"column-3\">2025<\/td><td class=\"column-4\"><a href=\"https:\/\/drive.google.com\/file\/d\/1jUmjNiAomfe9ipzbDUHkgkV0DlZkW6c-\/view?usp=sharing\">Relat\u00f3rio de Gest\u00e3o Fiscal (RGF) 2\u00ba QUADRI. 2025<\/a><\/td>\n<\/tr>\n<tr class=\"row-3 odd\">\n\t<td class=\"column-1\">Relat\u00f3rio de Gest\u00e3o Fiscal (RGF) 2025<\/td><td class=\"column-2\">1\u00ba QUADRIMESTRE<\/td><td class=\"column-3\">2025<\/td><td class=\"column-4\"><a href=\"https:\/\/www.governotransparente.com.br\/transparencia\/documentosinfo\/44249588\/download\/94\/RGF1%C2%BAQUADRIMESTRE2025.PDF\">Relat\u00f3rio de Gest\u00e3o Fiscal (RGF) 1\u00ba QUADRI. 2025<\/a><\/td>\n<\/tr>\n<tr class=\"row-4 even\">\n\t<td class=\"column-1\">Relat\u00f3rio de Gest\u00e3o Fiscal (RGF) 2024<\/td><td class=\"column-2\">3\u00ba QUADRIMESTRE<\/td><td class=\"column-3\">2024<\/td><td class=\"column-4\"><a href=\"https:\/\/www.governotransparente.com.br\/transparencia\/documentosinfo\/44249588\/download\/93\/RGF3QUADRIMESTRE2024.PDF\">Relat\u00f3rio de Gest\u00e3o Fiscal (RGF) 3\u00ba QUADRI. 2024<\/a><\/td>\n<\/tr>\n<tr class=\"row-5 odd\">\n\t<td class=\"column-1\">Relat\u00f3rio de Gest\u00e3o Fiscal (RGF) 2024<\/td><td class=\"column-2\">2\u00ba QUADRIMESTRE<\/td><td class=\"column-3\">2024<\/td><td class=\"column-4\"><a href=\"https:\/\/www.governotransparente.com.br\/transparencia\/documentosinfo\/44249588\/download\/83\/R.G.F%202%C2%BA%20QUADRIMESTRE%202024.pdf\">Relat\u00f3rio de Gest\u00e3o Fiscal (RGF) 2\u00ba QUADRI. 2024<\/a><\/td>\n<\/tr>\n<tr class=\"row-6 even\">\n\t<td class=\"column-1\">Relat\u00f3rio de Gest\u00e3o Fiscal (RGF) 2024<\/td><td class=\"column-2\">1\u00ba QUADRIMESTRE<\/td><td class=\"column-3\">2024<\/td><td class=\"column-4\"><a href=\"https:\/\/www.governotransparente.com.br\/transparencia\/documentosinfo\/44249588\/download\/77\/R.G.F%201%20QUADRIMESTRE%202024%20-%20CAMARA.pdf\">Relat\u00f3rio de Gest\u00e3o Fiscal (RGF)  1\u00ba QUADRI. 2024<\/a><\/td>\n<\/tr>\n<tr class=\"row-7 odd\">\n\t<td class=\"column-1\">Relat\u00f3rio de Gest\u00e3o Fiscal (RGF) 2023<\/td><td class=\"column-2\">3\u00ba QUADRIMESTRE<\/td><td class=\"column-3\">2023<\/td><td class=\"column-4\"><a href=\"https:\/\/www.governotransparente.com.br\/transparencia\/documentosinfo\/44249588\/download\/71\/RGF%20CAMARA%20(1).pdf\">Relat\u00f3rio de Gest\u00e3o Fiscal (RGF)  3\u00ba QUADRI. 2023<\/a><\/td>\n<\/tr>\n<tr class=\"row-8 even\">\n\t<td class=\"column-1\">Relat\u00f3rio de Gest\u00e3o Fiscal (RGF) 2023<\/td><td class=\"column-2\">2\u00ba QUADRIMESTRE<\/td><td class=\"column-3\">2023<\/td><td class=\"column-4\"><a href=\"https:\/\/www.governotransparente.com.br\/transparencia\/documentosinfo\/44249588\/download\/63\/ilovepdf_merged.pdf\">Relat\u00f3rio de Gest\u00e3o Fiscal (RGF)  2\u00ba QUADRI. 2023<\/a><\/td>\n<\/tr>\n<tr class=\"row-9 odd\">\n\t<td class=\"column-1\">Relat\u00f3rio de Gest\u00e3o Fiscal (RGF) 2023<\/td><td class=\"column-2\">1\u00ba QUADRIMESTRE<\/td><td class=\"column-3\">2023<\/td><td class=\"column-4\"><a href=\"https:\/\/www.governotransparente.com.br\/transparencia\/documentosinfo\/44249588\/download\/51\/RGF%201%20QUADRIMESTRE%20COMPLETO.pdf\">Relat\u00f3rio de Gest\u00e3o Fiscal (RGF)  1\u00ba QUADRI. 2023<\/a><\/td>\n<\/tr>\n<tr class=\"row-10 even\">\n\t<td class=\"column-1\">Relat\u00f3rio de Gest\u00e3o Fiscal (RGF) 2022<\/td><td class=\"column-2\">1\u00ba QUADRIMESTRE<\/td><td class=\"column-3\">2022<\/td><td class=\"column-4\"><a href=\"https:\/\/www.governotransparente.com.br\/transparencia\/documentosinfo\/44249588\/download\/33\/RGF%201%20QUARIMESTRE%202022%20CAMARA.pdf\">Relat\u00f3rio de Gest\u00e3o Fiscal (RGF)  1\u00ba QUADRI. 2022<\/a><\/td>\n<\/tr>\n<tr class=\"row-11 odd\">\n\t<td class=\"column-1\">Relat\u00f3rio de Gest\u00e3o Fiscal (RGF) 2022<\/td><td class=\"column-2\">2\u00ba QUADRIMESTRE<\/td><td class=\"column-3\">2022<\/td><td class=\"column-4\"><a href=\"https:\/\/www.governotransparente.com.br\/transparencia\/documentosinfo\/44249588\/download\/39\/RGF%202%20QUADRIMESTRE%202022%20ass.pdf\">Relat\u00f3rio de Gest\u00e3o Fiscal (RGF)  2\u00ba QUADRI. 2022<\/a><\/td>\n<\/tr>\n<tr class=\"row-12 even\">\n\t<td class=\"column-1\">Relat\u00f3rio de Gest\u00e3o Fiscal (RGF) 2022<\/td><td class=\"column-2\">3\u00ba QUADRIMESTRE<\/td><td class=\"column-3\">2022<\/td><td class=\"column-4\"><a href=\"https:\/\/www.governotransparente.com.br\/transparencia\/documentosinfo\/44249588\/download\/45\/RGF%20%203%20QUADRIMESTRE%202022.pdf\">Relat\u00f3rio de Gest\u00e3o Fiscal (RGF)  3\u00ba QUADRI. 2022<\/a><\/td>\n<\/tr>\n<tr class=\"row-13 odd\">\n\t<td class=\"column-1\">Relat\u00f3rio de Gest\u00e3o Fiscal (RGF) 2021<\/td><td class=\"column-2\">1\u00ba QUADRIMESTRE<\/td><td class=\"column-3\">2021<\/td><td class=\"column-4\"><a href=\"https:\/\/www.governotransparente.com.br\/transparencia\/documentosinfo\/44249588\/download\/13\/RGF%201%20QUADRIMESTRE.PDF\">Relat\u00f3rio de Gest\u00e3o Fiscal (RGF)  1\u00ba QUADRI. 2021<\/a><\/td>\n<\/tr>\n<tr class=\"row-14 even\">\n\t<td class=\"column-1\">Relat\u00f3rio de Gest\u00e3o Fiscal (RGF) 2021<\/td><td class=\"column-2\">2\u00ba QUADRIMESTRE<\/td><td class=\"column-3\">2021<\/td><td class=\"column-4\"><a href=\"https:\/\/www.governotransparente.com.br\/transparencia\/documentosinfo\/44249588\/download\/14\/RGF%202%20QUADRIMESTRE.PDF\">Relat\u00f3rio de Gest\u00e3o Fiscal (RGF)  2\u00ba QUADRI. 2021<\/a><\/td>\n<\/tr>\n<tr class=\"row-15 odd\">\n\t<td class=\"column-1\">Relat\u00f3rio de Gest\u00e3o Fiscal (RGF) 2021<\/td><td class=\"column-2\">3\u00ba QUADRIMESTRE<\/td><td class=\"column-3\">2021<\/td><td class=\"column-4\"><a href=\"https:\/\/www.governotransparente.com.br\/transparencia\/documentosinfo\/44249588\/download\/15\/RGF%203%20QUADRIMESTRE%202021.pdf\">Relat\u00f3rio de Gest\u00e3o Fiscal (RGF)  3\u00ba QUADRI. 2021<\/a><\/td>\n<\/tr>\n<tr class=\"row-16 even\">\n\t<td class=\"column-1\">Relat\u00f3rio de Gest\u00e3o Fiscal (RGF) 2020<\/td><td class=\"column-2\">- R.G.F 1\u00ba QUADRIMESTRE DE 2020<br \/>\n- R.G.F 2\u00ba QUADRIMESTRE DE 2020<br \/>\n- R.G.F 3\u00ba QUADRIMESTRE DE 2020<\/td><td class=\"column-3\">2020<\/td><td class=\"column-4\"><a href=\"https:\/\/www.governotransparente.com.br\/transparencia\/documentosinfo\/44249588\/download\/60\/RGF%202020%20COMPLETO.pdf\">Relat\u00f3rio de Gest\u00e3o Fiscal (RGF) COMPLETO 2020<\/a><\/td>\n<\/tr>\n<tr class=\"row-17 odd\">\n\t<td class=\"column-1\">Relat\u00f3rio de Gest\u00e3o Fiscal (RGF) 2019<\/td><td class=\"column-2\">- R.G.F 1\u00ba QUADRIMESTRE DE 2019<br \/>\n- R.G.F 2\u00ba QUADRIMESTRE DE 2019<br \/>\n- R.G.F 3\u00ba QUADRIMESTRE DE 2019<\/td><td class=\"column-3\">2019<\/td><td class=\"column-4\"><a href=\"https:\/\/www.governotransparente.com.br\/transparencia\/documentosinfo\/44249588\/download\/59\/RGF%202019%20COMPLETO.pdf\">Relat\u00f3rio de Gest\u00e3o Fiscal (RGF) COMPLETO 2019<\/a><\/td>\n<\/tr>\n<\/tbody>\n<\/table>\n<!-- #tablepress-18 from cache -->\n","protected":false},"excerpt":{"rendered":"<p>*** No Campo de&nbsp;Pesquisa&nbsp;o cidad\u00e3o pode&nbsp;pesquisar por&nbsp;Documento,&nbsp;Descri\u00e7\u00e3o e Ano. *** Clicando nos campos mostrados abaixo o cidad\u00e3o pode ordenar em ordem alfab\u00e9tica ou num\u00e9rica a informa\u00e7\u00e3o\u00a0Documento,\u00a0Descri\u00e7\u00e3o e Ano.<\/p>\n","protected":false},"author":1,"featured_media":0,"parent":0,"menu_order":0,"comment_status":"closed","ping_status":"closed","template":"","meta":[],"_links":{"self":[{"href":"https:\/\/cmcurionopolis.pa.gov.br\/index.php\/wp-json\/wp\/v2\/pages\/4351"}],"collection":[{"href":"https:\/\/cmcurionopolis.pa.gov.br\/index.php\/wp-json\/wp\/v2\/pages"}],"about":[{"href":"https:\/\/cmcurionopolis.pa.gov.br\/index.php\/wp-json\/wp\/v2\/types\/page"}],"author":[{"embeddable":true,"href":"https:\/\/cmcurionopolis.pa.gov.br\/index.php\/wp-json\/wp\/v2\/users\/1"}],"replies":[{"embeddable":true,"href":"https:\/\/cmcurionopolis.pa.gov.br\/index.php\/wp-json\/wp\/v2\/comments?post=4351"}],"version-history":[{"count":1,"href":"https:\/\/cmcurionopolis.pa.gov.br\/index.php\/wp-json\/wp\/v2\/pages\/4351\/revisions"}],"predecessor-version":[{"id":4354,"href":"https:\/\/cmcurionopolis.pa.gov.br\/index.php\/wp-json\/wp\/v2\/pages\/4351\/revisions\/4354"}],"wp:attachment":[{"href":"https:\/\/cmcurionopolis.pa.gov.br\/index.php\/wp-json\/wp\/v2\/media?parent=4351"}],"curies":[{"name":"wp","href":"https:\/\/api.w.org\/{rel}","templated":true}]}}