{"id":4364,"date":"2023-07-13T20:37:33","date_gmt":"2023-07-13T23:37:33","guid":{"rendered":"https:\/\/cmcurionopolis.pa.gov.br\/?page_id=4364"},"modified":"2023-07-13T20:37:34","modified_gmt":"2023-07-13T23:37:34","slug":"e-sic-prazos-de-resposta-ao-cidadao","status":"publish","type":"page","link":"https:\/\/cmcurionopolis.pa.gov.br\/index.php\/e-sic-prazos-de-resposta-ao-cidadao\/","title":{"rendered":"E-SIC \u2013 Prazos de resposta ao cidad\u00e3o"},"content":{"rendered":"\n<p>A\u00a0<a href=\"http:\/\/www.planalto.gov.br\/ccivil_03\/_ato2011-2014\/2011\/lei\/l12527.htm\">Lei Federal n\u00ba 12.527\/2011<\/a>, regulamentada no \u00e2mbito da C\u00e2mara Municipal de Curion\u00f3polis atrav\u00e9s do(a) <a href=\"https:\/\/www.governotransparente.com.br\/transparencia\/documentosinfo\/44249588\/download\/4\/REESOLU%C3%87%C3%83O-LAI.pdf\">Resolu\u00e7\u00e3o N. 006-2021-CMC de 19 de Outubro de 2017<\/a>, garante ao cidad\u00e3o o direito constitucional de acesso \u00e0s informa\u00e7\u00f5es p\u00fablicas.<br><br><br><strong>Prazos:<\/strong><br><br><strong>Pedido de informa\u00e7\u00e3o:<\/strong>\u00a0O prazo para resposta \u00e9 de 20 dias, a contar da data em que o pedido foi registrado. O prazo pode ser prorrogado por 10 dias, mediante justificativa.<br><br><strong>Recurso:<\/strong>\u00a0O cidad\u00e3o tem 10 dias, a contar da data em que a solicita\u00e7\u00e3o foi encerrada, para enviar uma reclama\u00e7\u00e3o. O prazo para a resposta do recurso \u00e9 de\u00a0<strong>10<\/strong>\u00a0dias.<\/p>\n\n\n\n<p><em><strong>Caso o cidad\u00e3o queira solicitar a informa\u00e7\u00e3o pela internet (requerimento eletr\u00f4nico), clique no bot\u00e3o abaixo<\/strong><\/em><\/p>\n\n\n\n<div class=\"is-layout-flex wp-block-buttons\">\n<div class=\"wp-block-button\"><a class=\"wp-block-button__link has-white-color has-vivid-cyan-blue-to-vivid-purple-gradient-background has-text-color has-background wp-element-button\" href=\"https:\/\/www.gdic.com.br\/modulo\/esic\/login\/4424588\"><strong>Pedidos de informa\u00e7\u00e3o de forma eletr\u00f4nica (e\u00adSIC)<\/strong><\/a><\/div>\n<\/div>\n","protected":false},"excerpt":{"rendered":"<p>A\u00a0Lei Federal n\u00ba 12.527\/2011, regulamentada no \u00e2mbito da C\u00e2mara Municipal de Curion\u00f3polis atrav\u00e9s do(a) Resolu\u00e7\u00e3o N. 006-2021-CMC de 19 de Outubro de 2017, garante ao cidad\u00e3o o direito constitucional de [&hellip;]<\/p>\n","protected":false},"author":1,"featured_media":0,"parent":0,"menu_order":0,"comment_status":"closed","ping_status":"closed","template":"","meta":[],"_links":{"self":[{"href":"https:\/\/cmcurionopolis.pa.gov.br\/index.php\/wp-json\/wp\/v2\/pages\/4364"}],"collection":[{"href":"https:\/\/cmcurionopolis.pa.gov.br\/index.php\/wp-json\/wp\/v2\/pages"}],"about":[{"href":"https:\/\/cmcurionopolis.pa.gov.br\/index.php\/wp-json\/wp\/v2\/types\/page"}],"author":[{"embeddable":true,"href":"https:\/\/cmcurionopolis.pa.gov.br\/index.php\/wp-json\/wp\/v2\/users\/1"}],"replies":[{"embeddable":true,"href":"https:\/\/cmcurionopolis.pa.gov.br\/index.php\/wp-json\/wp\/v2\/comments?post=4364"}],"version-history":[{"count":1,"href":"https:\/\/cmcurionopolis.pa.gov.br\/index.php\/wp-json\/wp\/v2\/pages\/4364\/revisions"}],"predecessor-version":[{"id":4368,"href":"https:\/\/cmcurionopolis.pa.gov.br\/index.php\/wp-json\/wp\/v2\/pages\/4364\/revisions\/4368"}],"wp:attachment":[{"href":"https:\/\/cmcurionopolis.pa.gov.br\/index.php\/wp-json\/wp\/v2\/media?parent=4364"}],"curies":[{"name":"wp","href":"https:\/\/api.w.org\/{rel}","templated":true}]}}