{"id":4370,"date":"2023-07-13T20:47:04","date_gmt":"2023-07-13T23:47:04","guid":{"rendered":"https:\/\/cmcurionopolis.pa.gov.br\/?page_id=4370"},"modified":"2025-03-03T13:59:30","modified_gmt":"2025-03-03T16:59:30","slug":"autoridades-para-o-exame-dos-pedidos-sic","status":"publish","type":"page","link":"https:\/\/cmcurionopolis.pa.gov.br\/index.php\/autoridades-para-o-exame-dos-pedidos-sic\/","title":{"rendered":"Autoridades para o exame dos pedidos \u2013 SIC"},"content":{"rendered":"\n<p>Em atendimento \u00e0 A&nbsp;<a href=\"http:\/\/www.planalto.gov.br\/ccivil_03\/_ato2011-2014\/2011\/lei\/l12527.htm\">Lei Federal n\u00ba 12.527\/2011<\/a>, regulamentada no \u00e2mbito da C\u00e2mara Municipal de Curion\u00f3polis atrav\u00e9s do(a)&nbsp;<a href=\"https:\/\/www.governotransparente.com.br\/transparencia\/documentosinfo\/44249588\/download\/4\/REESOLU%C3%87%C3%83O-LAI.pdf\">Resolu\u00e7\u00e3o N. 006-2021-CMC de 19 de Outubro de 2017<\/a>, que garante ao cidad\u00e3o o direito constitucional de acesso \u00e0s informa\u00e7\u00f5es p\u00fablicas, a C\u00e2mara Municipal de Curion\u00f3polis Par\u00e1. Segue a Lista de autoridades competentes para o exame dos pedidos solicitados pelo cidad\u00e3o.<\/p>\n\n\n\n<p><strong>Gabinete do Presidente<\/strong>:  ADALBERTO NUNES DA SILVA<\/p>\n\n\n\n<p><strong>Controladoria Geral do Legislativo<\/strong>: LAURA CAROLINA OLIVEIRA PINTO NASCIMENTO<\/p>\n\n\n\n<p><strong>Procuradoria Geral do Legislativo:<\/strong> Fernando Patroc\u00ednio Silva<\/p>\n\n\n\n<p>1\u00ba <strong>Secretaria <\/strong>: Josiel de Oliveira Barbosa<\/p>\n\n\n\n<p>2\u00ba <strong>Secretario <\/strong>: Edilei Maria Lopes<\/p>\n\n\n\n<p><strong>Vereadores:<\/strong><\/p>\n\n\n\n<p>&#8211;\u00a0Adriana Gomes da Silva\u00a0<br>&#8211; Alberto Junior Araujo Lopes\u00a0<br>&#8211; Wilame Pedroza Santos\u00a0<br>&#8211; Magno Ara\u00fajo Santos\u00a0<br>&#8211; Jocenilde Oliveira da Silva\u00a0<br>&#8211; Paulo Higino<br>&#8211; Alexandre Pereira dos Santos (VEREADOR LICENCIADO)<br>&#8211; Josiel de Oliveira Barbosa\u00a0<br>&#8211; Marly Serafin dos Anjos<br>&#8211; Francisco Aderbal de Oliveira<br>&#8211; Edilei Maria Lopes<br>&#8211; Junior da Mariona<\/p>\n\n\n\n<p><\/p>\n\n\n\n<p><em><strong>Caso o cidad\u00e3o queira solicitar a informa\u00e7\u00e3o pela internet (requerimento eletr\u00f4nico), clique no bot\u00e3o abaixo<\/strong><\/em>.<\/p>\n\n\n\n<div class=\"is-layout-flex wp-block-buttons\">\n<div class=\"wp-block-button\"><a class=\"wp-block-button__link has-white-color has-vivid-cyan-blue-to-vivid-purple-gradient-background has-text-color has-background wp-element-button\" href=\"https:\/\/www.gdic.com.br\/modulo\/esic\/login\/4424588\"><strong>Pedidos de informa\u00e7\u00e3o de forma eletr\u00f4nica (e\u00adSIC)<\/strong><\/a><\/div>\n<\/div>\n","protected":false},"excerpt":{"rendered":"<p>Em atendimento \u00e0 A&nbsp;Lei Federal n\u00ba 12.527\/2011, regulamentada no \u00e2mbito da C\u00e2mara Municipal de Curion\u00f3polis atrav\u00e9s do(a)&nbsp;Resolu\u00e7\u00e3o N. 006-2021-CMC de 19 de Outubro de 2017, que garante ao cidad\u00e3o o [&hellip;]<\/p>\n","protected":false},"author":1,"featured_media":0,"parent":0,"menu_order":0,"comment_status":"closed","ping_status":"closed","template":"","meta":[],"_links":{"self":[{"href":"https:\/\/cmcurionopolis.pa.gov.br\/index.php\/wp-json\/wp\/v2\/pages\/4370"}],"collection":[{"href":"https:\/\/cmcurionopolis.pa.gov.br\/index.php\/wp-json\/wp\/v2\/pages"}],"about":[{"href":"https:\/\/cmcurionopolis.pa.gov.br\/index.php\/wp-json\/wp\/v2\/types\/page"}],"author":[{"embeddable":true,"href":"https:\/\/cmcurionopolis.pa.gov.br\/index.php\/wp-json\/wp\/v2\/users\/1"}],"replies":[{"embeddable":true,"href":"https:\/\/cmcurionopolis.pa.gov.br\/index.php\/wp-json\/wp\/v2\/comments?post=4370"}],"version-history":[{"count":3,"href":"https:\/\/cmcurionopolis.pa.gov.br\/index.php\/wp-json\/wp\/v2\/pages\/4370\/revisions"}],"predecessor-version":[{"id":6342,"href":"https:\/\/cmcurionopolis.pa.gov.br\/index.php\/wp-json\/wp\/v2\/pages\/4370\/revisions\/6342"}],"wp:attachment":[{"href":"https:\/\/cmcurionopolis.pa.gov.br\/index.php\/wp-json\/wp\/v2\/media?parent=4370"}],"curies":[{"name":"wp","href":"https:\/\/api.w.org\/{rel}","templated":true}]}}