{"id":4382,"date":"2023-07-13T20:54:00","date_gmt":"2023-07-13T23:54:00","guid":{"rendered":"https:\/\/cmcurionopolis.pa.gov.br\/?page_id=4382"},"modified":"2026-03-15T18:39:32","modified_gmt":"2026-03-15T21:39:32","slug":"documentos-classificados-como-sigilosos","status":"publish","type":"page","link":"https:\/\/cmcurionopolis.pa.gov.br\/index.php\/documentos-classificados-como-sigilosos\/","title":{"rendered":"Documentos classificados como sigilosos"},"content":{"rendered":"\n<p><em>*** No Campo de&nbsp;<strong>Pesquisa&nbsp;<\/strong>o cidad\u00e3o pode&nbsp;pesquisar por<\/em><strong><em>&nbsp;Assunto da Informa\u00e7\u00e3o,&nbsp;Categoria<\/em><\/strong>,&nbsp;<strong><em>Dispositivo legal que fundamenta, Prazo de sigilo e Ano.<\/em><\/strong><\/p>\n\n\n\n<p><em>*** Clicando nos campos mostrados abaixo o cidad\u00e3o pode ordenar em ordem alfab\u00e9tica ou num\u00e9rica a informa\u00e7\u00e3o<strong>&nbsp;<\/strong><\/em><strong><em>por&nbsp;Assunto da Informa\u00e7\u00e3o,&nbsp;Categoria,&nbsp;Dispositivo legal que fundamenta, Prazo de sigilo e Ano<\/em>.<\/strong><\/p>\n\n\n\n<p><em><strong>Download abaixo:<\/strong><\/em><\/p>\n\n\n\n<div class=\"is-layout-flex wp-block-buttons\">\n<div class=\"wp-block-button\"><a class=\"wp-block-button__link has-white-color has-vivid-cyan-blue-background-color has-text-color has-background wp-element-button\" href=\"https:\/\/drive.google.com\/file\/d\/1lEH6XKw2JK_QhojfuRY4FFRDIjUj1CeG\/view?usp=sharing\">JSON<\/a><\/div>\n\n\n\n<div class=\"wp-block-button\"><a class=\"wp-block-button__link has-white-color has-vivid-green-cyan-background-color has-text-color has-background wp-element-button\" href=\"https:\/\/drive.google.com\/file\/d\/1aZQvRXgbpjqV__Ra3XS4EwJ_OWZPuP_w\/view?usp=sharing\">CSV<\/a><\/div>\n<\/div>\n\n\n\n<table id=\"tablepress-19\" class=\"tablepress tablepress-id-19\">\n<thead>\n<tr class=\"row-1 odd\">\n\t<th class=\"column-1\">Assunto da Informa\u00e7\u00e3o<\/th><th class=\"column-2\">Categoria<\/th><th class=\"column-3\">Dispositivo legal que fundamenta a classifica\u00e7\u00e3o<\/th><th class=\"column-4\">Prazo de sigilo<\/th><th class=\"column-5\">Ano<\/th>\n<\/tr>\n<\/thead>\n<tbody class=\"row-hover\">\n<tr class=\"row-2 even\">\n\t<td class=\"column-1\">-<\/td><td class=\"column-2\">-<\/td><td class=\"column-3\">-<\/td><td class=\"column-4\">N\u00e3o h\u00e1 documentos classificados como sigilosos na C\u00e2mara de curion\u00f3polis nesse per\u00edodo<\/td><td class=\"column-5\">2026<\/td>\n<\/tr>\n<tr class=\"row-3 odd\">\n\t<td class=\"column-1\">-<\/td><td class=\"column-2\">-<\/td><td class=\"column-3\">-<\/td><td class=\"column-4\">N\u00e3o h\u00e1 documentos classificados como sigilosos na C\u00e2mara de curion\u00f3polis nesse per\u00edodo<\/td><td class=\"column-5\">2025<\/td>\n<\/tr>\n<tr class=\"row-4 even\">\n\t<td class=\"column-1\">-<\/td><td class=\"column-2\">-<\/td><td class=\"column-3\">-<\/td><td class=\"column-4\">N\u00e3o h\u00e1 documentos classificados como sigilosos na C\u00e2mara de curion\u00f3polis nesse per\u00edodo<\/td><td class=\"column-5\">2024<\/td>\n<\/tr>\n<tr class=\"row-5 odd\">\n\t<td class=\"column-1\">-<\/td><td class=\"column-2\">-<\/td><td class=\"column-3\">-<\/td><td class=\"column-4\">N\u00e3o h\u00e1 documentos classificados como sigilosos na C\u00e2mara de curion\u00f3polis nesse per\u00edodo<\/td><td class=\"column-5\">2023<\/td>\n<\/tr>\n<tr class=\"row-6 even\">\n\t<td class=\"column-1\">-<\/td><td class=\"column-2\">-<\/td><td class=\"column-3\">-<\/td><td class=\"column-4\">N\u00e3o h\u00e1 documentos classificados como sigilosos na C\u00e2mara de curion\u00f3polis nesse per\u00edodo<\/td><td class=\"column-5\">2022<\/td>\n<\/tr>\n<tr class=\"row-7 odd\">\n\t<td class=\"column-1\">-<\/td><td class=\"column-2\">-<\/td><td class=\"column-3\">-<\/td><td class=\"column-4\">N\u00e3o h\u00e1 documentos classificados como sigilosos na C\u00e2mara de curion\u00f3polis nesse per\u00edodo<\/td><td class=\"column-5\">2021<\/td>\n<\/tr>\n<tr class=\"row-8 even\">\n\t<td class=\"column-1\">-<\/td><td class=\"column-2\">-<\/td><td class=\"column-3\">-<\/td><td class=\"column-4\">N\u00e3o h\u00e1 documentos classificados como sigilosos na C\u00e2mara de curion\u00f3polis nesse per\u00edodo<\/td><td class=\"column-5\">2020<\/td>\n<\/tr>\n<tr class=\"row-9 odd\">\n\t<td class=\"column-1\">-<\/td><td class=\"column-2\">-<\/td><td class=\"column-3\">-<\/td><td class=\"column-4\">N\u00e3o h\u00e1 documentos classificados como sigilosos na C\u00e2mara de curion\u00f3polis nesse per\u00edodo<\/td><td class=\"column-5\">2019<\/td>\n<\/tr>\n<\/tbody>\n<\/table>\n\n","protected":false},"excerpt":{"rendered":"<p>*** No Campo de&nbsp;Pesquisa&nbsp;o cidad\u00e3o pode&nbsp;pesquisar por&nbsp;Assunto da Informa\u00e7\u00e3o,&nbsp;Categoria,&nbsp;Dispositivo legal que fundamenta, Prazo de sigilo e Ano. *** Clicando nos campos mostrados abaixo o cidad\u00e3o pode ordenar em ordem alfab\u00e9tica [&hellip;]<\/p>\n","protected":false},"author":1,"featured_media":0,"parent":0,"menu_order":0,"comment_status":"closed","ping_status":"closed","template":"","meta":[],"_links":{"self":[{"href":"https:\/\/cmcurionopolis.pa.gov.br\/index.php\/wp-json\/wp\/v2\/pages\/4382"}],"collection":[{"href":"https:\/\/cmcurionopolis.pa.gov.br\/index.php\/wp-json\/wp\/v2\/pages"}],"about":[{"href":"https:\/\/cmcurionopolis.pa.gov.br\/index.php\/wp-json\/wp\/v2\/types\/page"}],"author":[{"embeddable":true,"href":"https:\/\/cmcurionopolis.pa.gov.br\/index.php\/wp-json\/wp\/v2\/users\/1"}],"replies":[{"embeddable":true,"href":"https:\/\/cmcurionopolis.pa.gov.br\/index.php\/wp-json\/wp\/v2\/comments?post=4382"}],"version-history":[{"count":6,"href":"https:\/\/cmcurionopolis.pa.gov.br\/index.php\/wp-json\/wp\/v2\/pages\/4382\/revisions"}],"predecessor-version":[{"id":6990,"href":"https:\/\/cmcurionopolis.pa.gov.br\/index.php\/wp-json\/wp\/v2\/pages\/4382\/revisions\/6990"}],"wp:attachment":[{"href":"https:\/\/cmcurionopolis.pa.gov.br\/index.php\/wp-json\/wp\/v2\/media?parent=4382"}],"curies":[{"name":"wp","href":"https:\/\/api.w.org\/{rel}","templated":true}]}}