{"id":4392,"date":"2023-07-13T20:56:12","date_gmt":"2023-07-13T23:56:12","guid":{"rendered":"https:\/\/cmcurionopolis.pa.gov.br\/?page_id=4392"},"modified":"2026-03-15T18:41:05","modified_gmt":"2026-03-15T21:41:05","slug":"documentos-sigilosos-secretos-desclassificados","status":"publish","type":"page","link":"https:\/\/cmcurionopolis.pa.gov.br\/index.php\/documentos-sigilosos-secretos-desclassificados\/","title":{"rendered":"Documentos sigilosos\/secretos desclassificados"},"content":{"rendered":"\n<p><em>*** No Campo de&nbsp;<strong>Pesquisa&nbsp;<\/strong>o cidad\u00e3o pode&nbsp;pesquisar por<\/em><strong><em>&nbsp;Assunto da Informa\u00e7\u00e3o,&nbsp;Categoria<\/em><\/strong>,&nbsp;<strong><em>Dispositivo legal que fundamenta, Prazo de sigilo e Ano.<\/em><\/strong><\/p>\n\n\n\n<p><em>*** Clicando nos campos mostrados abaixo o cidad\u00e3o pode ordenar em ordem alfab\u00e9tica ou num\u00e9rica a informa\u00e7\u00e3o<strong>&nbsp;<\/strong><\/em><strong><em>por&nbsp;Assunto da Informa\u00e7\u00e3o,&nbsp;Categoria,&nbsp;Dispositivo legal que fundamenta, Prazo de sigilo e Ano<\/em>.<\/strong><\/p>\n\n\n\n<p><strong><em>Downloads abaixo<\/em><\/strong><\/p>\n\n\n\n<div class=\"is-layout-flex wp-block-buttons\">\n<div class=\"wp-block-button\"><a class=\"wp-block-button__link has-white-color has-vivid-cyan-blue-background-color has-text-color has-background wp-element-button\" href=\"https:\/\/drive.google.com\/file\/d\/1lZ83rAxW9GV5Kd43GY_iIkcEZoYSw5Ys\/view?usp=sharing\">JSON<\/a><\/div>\n\n\n\n<div class=\"wp-block-button\"><a class=\"wp-block-button__link has-white-color has-vivid-green-cyan-background-color has-text-color has-background wp-element-button\" href=\"https:\/\/drive.google.com\/file\/d\/1lwm171eQYh3pbnFFGDRajMFassF7XAar\/view?usp=sharing\">CSV<\/a><\/div>\n<\/div>\n\n\n\n<table id=\"tablepress-20\" class=\"tablepress tablepress-id-20\">\n<thead>\n<tr class=\"row-1 odd\">\n\t<th class=\"column-1\">Assunto da Informa\u00e7\u00e3o<\/th><th class=\"column-2\">Categoria<\/th><th class=\"column-3\">Dispositivo legal que fundamenta a classifica\u00e7\u00e3o<\/th><th class=\"column-4\">Prazo de sigilo<\/th><th class=\"column-5\">Documento sigiloso disponivel<\/th><th class=\"column-6\">Ano<\/th>\n<\/tr>\n<\/thead>\n<tbody class=\"row-hover\">\n<tr class=\"row-2 even\">\n\t<td class=\"column-1\">-<\/td><td class=\"column-2\">-<\/td><td class=\"column-3\">-<\/td><td class=\"column-4\">-<\/td><td class=\"column-5\">N\u00e3o h\u00e1 documentos sigilosos\/secretos desclassificados na c\u00e2mara de Curion\u00f3polis nesse per\u00edodo<\/td><td class=\"column-6\">2026<\/td>\n<\/tr>\n<tr class=\"row-3 odd\">\n\t<td class=\"column-1\">-<\/td><td class=\"column-2\">-<\/td><td class=\"column-3\">-<\/td><td class=\"column-4\">-<\/td><td class=\"column-5\">N\u00e3o h\u00e1 documentos sigilosos\/secretos desclassificados na c\u00e2mara de Curion\u00f3polis nesse per\u00edodo<\/td><td class=\"column-6\">2025<\/td>\n<\/tr>\n<tr class=\"row-4 even\">\n\t<td class=\"column-1\">-<\/td><td class=\"column-2\">-<\/td><td class=\"column-3\">-<\/td><td class=\"column-4\">-<\/td><td class=\"column-5\">N\u00e3o h\u00e1 documentos sigilosos\/secretos desclassificados na c\u00e2mara de Curion\u00f3polis nesse per\u00edodo<\/td><td class=\"column-6\">2024<\/td>\n<\/tr>\n<tr class=\"row-5 odd\">\n\t<td class=\"column-1\">-<\/td><td class=\"column-2\">-<\/td><td class=\"column-3\">-<\/td><td class=\"column-4\">-<\/td><td class=\"column-5\">N\u00e3o h\u00e1 documentos sigilosos\/secretos desclassificados na c\u00e2mara de Curion\u00f3polis nesse per\u00edodo<\/td><td class=\"column-6\">2023<\/td>\n<\/tr>\n<tr class=\"row-6 even\">\n\t<td class=\"column-1\">-<\/td><td class=\"column-2\">-<\/td><td class=\"column-3\">-<\/td><td class=\"column-4\">-<\/td><td class=\"column-5\">N\u00e3o h\u00e1 documentos sigilosos\/secretos desclassificados na c\u00e2mara de Curion\u00f3polis nesse per\u00edodo<\/td><td class=\"column-6\">2022<\/td>\n<\/tr>\n<tr class=\"row-7 odd\">\n\t<td class=\"column-1\">-<\/td><td class=\"column-2\">-<\/td><td class=\"column-3\">-<\/td><td class=\"column-4\">-<\/td><td class=\"column-5\">N\u00e3o h\u00e1 documentos sigilosos\/secretos desclassificados na c\u00e2mara de Curion\u00f3polis nesse per\u00edodo<\/td><td class=\"column-6\">2021<\/td>\n<\/tr>\n<tr class=\"row-8 even\">\n\t<td class=\"column-1\">-<\/td><td class=\"column-2\">-<\/td><td class=\"column-3\">-<\/td><td class=\"column-4\">-<\/td><td class=\"column-5\">N\u00e3o h\u00e1 documentos sigilosos\/secretos desclassificados na c\u00e2mara de Curion\u00f3polis nesse per\u00edodo<\/td><td class=\"column-6\">2020<\/td>\n<\/tr>\n<tr class=\"row-9 odd\">\n\t<td class=\"column-1\">-<\/td><td class=\"column-2\">-<\/td><td class=\"column-3\">-<\/td><td class=\"column-4\">-<\/td><td class=\"column-5\">N\u00e3o h\u00e1 documentos sigilosos\/secretos desclassificados na c\u00e2mara de Curion\u00f3polis nesse per\u00edodo<\/td><td class=\"column-6\">2019<\/td>\n<\/tr>\n<\/tbody>\n<\/table>\n<!-- #tablepress-20 from cache -->\n","protected":false},"excerpt":{"rendered":"<p>*** No Campo de&nbsp;Pesquisa&nbsp;o cidad\u00e3o pode&nbsp;pesquisar por&nbsp;Assunto da Informa\u00e7\u00e3o,&nbsp;Categoria,&nbsp;Dispositivo legal que fundamenta, Prazo de sigilo e Ano. *** Clicando nos campos mostrados abaixo o cidad\u00e3o pode ordenar em ordem alfab\u00e9tica [&hellip;]<\/p>\n","protected":false},"author":1,"featured_media":0,"parent":0,"menu_order":0,"comment_status":"closed","ping_status":"closed","template":"","meta":[],"_links":{"self":[{"href":"https:\/\/cmcurionopolis.pa.gov.br\/index.php\/wp-json\/wp\/v2\/pages\/4392"}],"collection":[{"href":"https:\/\/cmcurionopolis.pa.gov.br\/index.php\/wp-json\/wp\/v2\/pages"}],"about":[{"href":"https:\/\/cmcurionopolis.pa.gov.br\/index.php\/wp-json\/wp\/v2\/types\/page"}],"author":[{"embeddable":true,"href":"https:\/\/cmcurionopolis.pa.gov.br\/index.php\/wp-json\/wp\/v2\/users\/1"}],"replies":[{"embeddable":true,"href":"https:\/\/cmcurionopolis.pa.gov.br\/index.php\/wp-json\/wp\/v2\/comments?post=4392"}],"version-history":[{"count":6,"href":"https:\/\/cmcurionopolis.pa.gov.br\/index.php\/wp-json\/wp\/v2\/pages\/4392\/revisions"}],"predecessor-version":[{"id":6992,"href":"https:\/\/cmcurionopolis.pa.gov.br\/index.php\/wp-json\/wp\/v2\/pages\/4392\/revisions\/6992"}],"wp:attachment":[{"href":"https:\/\/cmcurionopolis.pa.gov.br\/index.php\/wp-json\/wp\/v2\/media?parent=4392"}],"curies":[{"name":"wp","href":"https:\/\/api.w.org\/{rel}","templated":true}]}}