{"id":4415,"date":"2023-07-14T16:22:12","date_gmt":"2023-07-14T19:22:12","guid":{"rendered":"https:\/\/cmcurionopolis.pa.gov.br\/?page_id=4415"},"modified":"2023-07-14T16:22:13","modified_gmt":"2023-07-14T19:22:13","slug":"direitos-do-titular-dos-dados","status":"publish","type":"page","link":"https:\/\/cmcurionopolis.pa.gov.br\/index.php\/direitos-do-titular-dos-dados\/","title":{"rendered":"Direitos do Titular dos Dados"},"content":{"rendered":"\n<p><strong>Acessar, corrigir, eliminar dados, e outros. Conhecer seus direitos, garantidos pela LGPD, \u00e9 o primeiro passo para poder exerc\u00ea-los.<\/strong><\/p>\n\n\n\n<p>Sabia que voc\u00ea pode pedir para acessar dados seus que estejam em uso por uma organiza\u00e7\u00e3o? Ou que voc\u00ea pode solicitar que certos dados pessoais sejam eliminados? Ou ainda que pode realizar a portabilidade de seus dados de um fornecedor de servi\u00e7os para outro? A Lei Geral de Prote\u00e7\u00e3o de Dados Pessoais (LGPD) assegura diferentes direitos a voc\u00ea cidad\u00e3o, brasileiro ou n\u00e3o, que esteja no Brasil. Afinal, os dados s\u00e3o seus, logo os direitos t\u00eam que ser em prol de voc\u00ea. \u00c9 importante conhecer, desde j\u00e1, esses direitos para poder exerc\u00ea-los a partir de agosto do pr\u00f3ximo ano, quando a LGPD entra em vigor e passa a valer efetivamente no pa\u00eds.<\/p>\n\n\n\n<p>Voc\u00ea, cidad\u00e3o (via pedido expresso, e que deve ser atendido com rapidez), tem o direito de:<\/p>\n\n\n\n<figure class=\"wp-block-image\"><img decoding=\"async\" src=\"https:\/\/www.cnmp.mp.br\/portal\/images\/noticias\/2020\/setembro\/Picture1.png\" alt=\"Gr\u00e1fico de op\u00e7\u00f5es\"\/><\/figure>\n","protected":false},"excerpt":{"rendered":"<p>Acessar, corrigir, eliminar dados, e outros. Conhecer seus direitos, garantidos pela LGPD, \u00e9 o primeiro passo para poder exerc\u00ea-los. Sabia que voc\u00ea pode pedir para acessar dados seus que estejam [&hellip;]<\/p>\n","protected":false},"author":1,"featured_media":0,"parent":0,"menu_order":0,"comment_status":"closed","ping_status":"closed","template":"","meta":[],"_links":{"self":[{"href":"https:\/\/cmcurionopolis.pa.gov.br\/index.php\/wp-json\/wp\/v2\/pages\/4415"}],"collection":[{"href":"https:\/\/cmcurionopolis.pa.gov.br\/index.php\/wp-json\/wp\/v2\/pages"}],"about":[{"href":"https:\/\/cmcurionopolis.pa.gov.br\/index.php\/wp-json\/wp\/v2\/types\/page"}],"author":[{"embeddable":true,"href":"https:\/\/cmcurionopolis.pa.gov.br\/index.php\/wp-json\/wp\/v2\/users\/1"}],"replies":[{"embeddable":true,"href":"https:\/\/cmcurionopolis.pa.gov.br\/index.php\/wp-json\/wp\/v2\/comments?post=4415"}],"version-history":[{"count":1,"href":"https:\/\/cmcurionopolis.pa.gov.br\/index.php\/wp-json\/wp\/v2\/pages\/4415\/revisions"}],"predecessor-version":[{"id":4416,"href":"https:\/\/cmcurionopolis.pa.gov.br\/index.php\/wp-json\/wp\/v2\/pages\/4415\/revisions\/4416"}],"wp:attachment":[{"href":"https:\/\/cmcurionopolis.pa.gov.br\/index.php\/wp-json\/wp\/v2\/media?parent=4415"}],"curies":[{"name":"wp","href":"https:\/\/api.w.org\/{rel}","templated":true}]}}