{"id":4430,"date":"2023-07-14T16:28:07","date_gmt":"2023-07-14T19:28:07","guid":{"rendered":"https:\/\/cmcurionopolis.pa.gov.br\/?page_id=4430"},"modified":"2025-06-09T09:47:24","modified_gmt":"2025-06-09T12:47:24","slug":"encarregado-pelo-tratamento-de-dados","status":"publish","type":"page","link":"https:\/\/cmcurionopolis.pa.gov.br\/index.php\/encarregado-pelo-tratamento-de-dados\/","title":{"rendered":"Encarregado pelo Tratamento de Dados"},"content":{"rendered":"\n<p>O Encarregado pelo Tratamento de Dados \u00e9 a \u201cpessoa indicada pelo controlador e operador para atuar como canal de comunica\u00e7\u00e3o entre o controlador, os titulares dos dados e a Autoridade Nacional de Prote\u00e7\u00e3o de Dados (ANPD)\u201d, conforme preconiza o art. 5\u00ba, inciso VIII, da&nbsp;<a href=\"http:\/\/www.planalto.gov.br\/ccivil_03\/_ato2015-2018\/2018\/lei\/L13709compilado.htm\">Lei n\u00ba 13.709\/2018<\/a>&nbsp;(Lei Geral de Prote\u00e7\u00e3o de Dados Pessoais \u2013 LGPD).<\/p>\n\n\n\n<p>Suas atividades, definidas pelo art. 41, \u00a72\u00ba, da mesma norma, consistem em:<\/p>\n\n\n\n<p>\u201cI \u2013 aceitar reclama\u00e7\u00f5es e comunica\u00e7\u00f5es dos titulares, prestar esclarecimentos e adotar provid\u00eancias;<\/p>\n\n\n\n<p>II \u2013 receber comunica\u00e7\u00f5es da autoridade nacional e adotar provid\u00eancias;<\/p>\n\n\n\n<p>III \u2013 orientar os funcion\u00e1rios e os contratados da entidade a respeito das pr\u00e1ticas a serem tomadas em rela\u00e7\u00e3o \u00e0 prote\u00e7\u00e3o de dados pessoais; e<\/p>\n\n\n\n<p>IV \u2013 executar as demais atribui\u00e7\u00f5es determinadas pelo controlador ou estabelecidas em normas complementares.\u201d<\/p>\n\n\n\n<p>No \u00e2mbito da Prefeitura Municipal de Curion\u00f3polis, o Encarregado pelo Tratamento de Dados Pessoais, designado atrav\u00e9s da <a href=\"https:\/\/www.governotransparente.com.br\/transparencia\/documentos\/44249588\/download\/312\">PORTARIA N. 005\/2023 DE 07 DE JUNHO DE 2023<\/a> e seus contatos, em atendimento ao art. 41, \u00a71\u00ba, da LGPD, s\u00e3o:<\/p>\n\n\n\n<figure class=\"wp-block-table\"><table><tbody><tr><td><strong>Nome:<\/strong><\/td><td>Adalberto Nunes da Silva<\/td><\/tr><tr><td><strong>Cargo:<\/strong><\/td><td>Chefe de Gabinete da Presid\u00eancia<\/td><\/tr><tr><td><strong>Email:<\/strong><\/td><td>encarregadolgpd@cmcurionopolis.pa.gov.br<\/td><\/tr><tr><td>Telefone<\/td><td>94 9 8422-2758<\/td><\/tr><\/tbody><\/table><\/figure>\n","protected":false},"excerpt":{"rendered":"<p>O Encarregado pelo Tratamento de Dados \u00e9 a \u201cpessoa indicada pelo controlador e operador para atuar como canal de comunica\u00e7\u00e3o entre o controlador, os titulares dos dados e a Autoridade [&hellip;]<\/p>\n","protected":false},"author":1,"featured_media":0,"parent":0,"menu_order":0,"comment_status":"closed","ping_status":"closed","template":"","meta":[],"_links":{"self":[{"href":"https:\/\/cmcurionopolis.pa.gov.br\/index.php\/wp-json\/wp\/v2\/pages\/4430"}],"collection":[{"href":"https:\/\/cmcurionopolis.pa.gov.br\/index.php\/wp-json\/wp\/v2\/pages"}],"about":[{"href":"https:\/\/cmcurionopolis.pa.gov.br\/index.php\/wp-json\/wp\/v2\/types\/page"}],"author":[{"embeddable":true,"href":"https:\/\/cmcurionopolis.pa.gov.br\/index.php\/wp-json\/wp\/v2\/users\/1"}],"replies":[{"embeddable":true,"href":"https:\/\/cmcurionopolis.pa.gov.br\/index.php\/wp-json\/wp\/v2\/comments?post=4430"}],"version-history":[{"count":3,"href":"https:\/\/cmcurionopolis.pa.gov.br\/index.php\/wp-json\/wp\/v2\/pages\/4430\/revisions"}],"predecessor-version":[{"id":6529,"href":"https:\/\/cmcurionopolis.pa.gov.br\/index.php\/wp-json\/wp\/v2\/pages\/4430\/revisions\/6529"}],"wp:attachment":[{"href":"https:\/\/cmcurionopolis.pa.gov.br\/index.php\/wp-json\/wp\/v2\/media?parent=4430"}],"curies":[{"name":"wp","href":"https:\/\/api.w.org\/{rel}","templated":true}]}}