{"id":4438,"date":"2023-07-14T16:32:49","date_gmt":"2023-07-14T19:32:49","guid":{"rendered":"https:\/\/cmcurionopolis.pa.gov.br\/?page_id=4438"},"modified":"2023-07-14T16:32:50","modified_gmt":"2023-07-14T19:32:50","slug":"canal-do-cidadao-lgpd","status":"publish","type":"page","link":"https:\/\/cmcurionopolis.pa.gov.br\/index.php\/canal-do-cidadao-lgpd\/","title":{"rendered":"CANAL DO CIDAD\u00c3O LGPD"},"content":{"rendered":"\n<p>Para exercer os seus direitos previstos na Lei Geral de Prote\u00e7\u00e3o de Dados, voc\u00ea deve enviar uma mensagem \u00e0 Ouvidoria.<\/p>\n\n\n\n<p>No campo \u201cDescri\u00e7\u00e3o da manifesta\u00e7\u00e3o\u201d, preencha o direito a ser exercido, nesse caso \u201cRequerimento de acesso a dados pessoais\u201d; indique o que voc\u00ea deseja. O prazo de resposta \u00e9 de&nbsp;(o&nbsp;acesso simplificado em at\u00e9 2 dias \u00fateis e acesso completo at\u00e9 15 dias \u00fateis, podendo ser prorrogado) e indique se deseja impresso mediante pagamento de custos de impress\u00e3o ou digital;<\/p>\n\n\n\n<p><strong>IMPORTANTE!!<\/strong><\/p>\n\n\n\n<p>Um documento de identifica\u00e7\u00e3o com foto \u00e9 necess\u00e1rio para garantir que o direito a ser exercido seja mediante requerimento do pr\u00f3prio titular ou representante legalmente constitu\u00eddo conforme preconiza o \u00a7 3\u00ba do artigo 18 da LGPD (<a href=\"http:\/\/legislacao.planalto.gov.br\/legisla\/legislacao.nsf\/Viw_Identificacao\/lei%2013.709-2018?OpenDocument\">Lei n\u00ba 13.709, de 14 de Agosto de 2018<\/a><strong>).<\/strong><\/p>\n\n\n\n<div class=\"is-layout-flex wp-block-buttons\">\n<div class=\"wp-block-button\"><a class=\"wp-block-button__link has-white-color has-vivid-cyan-blue-to-vivid-purple-gradient-background has-text-color has-background wp-element-button\" href=\"https:\/\/www.gdic.com.br\/modulo\/ouvidoria\/login\/4424588\">Canal do Cidad\u00e3o<\/a><\/div>\n<\/div>\n","protected":false},"excerpt":{"rendered":"<p>Para exercer os seus direitos previstos na Lei Geral de Prote\u00e7\u00e3o de Dados, voc\u00ea deve enviar uma mensagem \u00e0 Ouvidoria. No campo \u201cDescri\u00e7\u00e3o da manifesta\u00e7\u00e3o\u201d, preencha o direito a ser [&hellip;]<\/p>\n","protected":false},"author":1,"featured_media":0,"parent":0,"menu_order":0,"comment_status":"closed","ping_status":"closed","template":"","meta":[],"_links":{"self":[{"href":"https:\/\/cmcurionopolis.pa.gov.br\/index.php\/wp-json\/wp\/v2\/pages\/4438"}],"collection":[{"href":"https:\/\/cmcurionopolis.pa.gov.br\/index.php\/wp-json\/wp\/v2\/pages"}],"about":[{"href":"https:\/\/cmcurionopolis.pa.gov.br\/index.php\/wp-json\/wp\/v2\/types\/page"}],"author":[{"embeddable":true,"href":"https:\/\/cmcurionopolis.pa.gov.br\/index.php\/wp-json\/wp\/v2\/users\/1"}],"replies":[{"embeddable":true,"href":"https:\/\/cmcurionopolis.pa.gov.br\/index.php\/wp-json\/wp\/v2\/comments?post=4438"}],"version-history":[{"count":1,"href":"https:\/\/cmcurionopolis.pa.gov.br\/index.php\/wp-json\/wp\/v2\/pages\/4438\/revisions"}],"predecessor-version":[{"id":4439,"href":"https:\/\/cmcurionopolis.pa.gov.br\/index.php\/wp-json\/wp\/v2\/pages\/4438\/revisions\/4439"}],"wp:attachment":[{"href":"https:\/\/cmcurionopolis.pa.gov.br\/index.php\/wp-json\/wp\/v2\/media?parent=4438"}],"curies":[{"name":"wp","href":"https:\/\/api.w.org\/{rel}","templated":true}]}}