{"id":4657,"date":"2023-07-19T17:27:30","date_gmt":"2023-07-19T20:27:30","guid":{"rendered":"https:\/\/cmcurionopolis.pa.gov.br\/?page_id=4657"},"modified":"2023-07-26T19:05:31","modified_gmt":"2023-07-26T22:05:31","slug":"atividades-legilativas","status":"publish","type":"page","link":"https:\/\/cmcurionopolis.pa.gov.br\/index.php\/atividades-legilativas\/","title":{"rendered":"Atividades Legislativas"},"content":{"rendered":"\t\t<div data-elementor-type=\"wp-page\" data-elementor-id=\"4657\" class=\"elementor elementor-4657\">\n\t\t\t\t\t\t\t\t\t<section data-particle_enable=\"false\" data-particle-mobile-disabled=\"false\" class=\"elementor-section elementor-top-section elementor-element elementor-element-c6253f5 elementor-section-stretched elementor-section-boxed elementor-section-height-default elementor-section-height-default\" data-id=\"c6253f5\" data-element_type=\"section\" data-settings=\"{&quot;stretch_section&quot;:&quot;section-stretched&quot;,&quot;background_background&quot;:&quot;classic&quot;}\">\n\t\t\t\t\t\t<div class=\"elementor-container elementor-column-gap-default\">\n\t\t\t\t\t<div class=\"elementor-column elementor-col-20 elementor-top-column elementor-element elementor-element-2b1b8f7\" data-id=\"2b1b8f7\" data-element_type=\"column\">\n\t\t\t<div class=\"elementor-widget-wrap elementor-element-populated\">\n\t\t\t\t\t\t\t\t<div class=\"elementor-element elementor-element-e5ed66d elementor-widget elementor-widget-html\" data-id=\"e5ed66d\" data-element_type=\"widget\" data-widget_type=\"html.default\">\n\t\t\t\t<div class=\"elementor-widget-container\">\n\t\t\t<div class=\"menu-col\">\r\n\t\t<div class=\"feature-card text-center card-1\">\r\n\r\n\t\t\t<a href=\"https:\/\/cmcurionopolis.pa.gov.br\/index.php\/projetos-de-lei\/\">\r\n\t\t\t\t<div class=\"align\">\r\n\t\t\t\t\t<div class=\"fas fa-file-invoice-dollar\">\r\n\t\t\t\t\t\t\t\t\t\t\t<\/div>\r\n\t\t\t\t\t<h3 class=\"card-title\">\r\n\t\t\t\t\t\tProjetos de Lei \t\t\t\t\t<\/h3>\r\n\r\n\t\t\t\t\t\r\n\t\t\t\t\t\t\t\t\t<\/div>\r\n\t\t\t<\/a>\r\n\r\n\t\t<\/div>\r\n\r\n\t\t<\/div>\t\t<\/div>\n\t\t\t\t<\/div>\n\t\t\t\t\t<\/div>\n\t\t<\/div>\n\t\t\t\t<div class=\"elementor-column elementor-col-20 elementor-top-column elementor-element elementor-element-187e968\" data-id=\"187e968\" data-element_type=\"column\">\n\t\t\t<div class=\"elementor-widget-wrap elementor-element-populated\">\n\t\t\t\t\t\t\t\t<div class=\"elementor-element elementor-element-e109bf4 elementor-widget elementor-widget-html\" data-id=\"e109bf4\" data-element_type=\"widget\" data-widget_type=\"html.default\">\n\t\t\t\t<div class=\"elementor-widget-container\">\n\t\t\t<div class=\"menu-col\">\r\n\t\t<div class=\"feature-card text-center card-1\">\r\n\r\n\t\t\t<a href=\"https:\/\/cmcurionopolis.pa.gov.br\/index.php\/pautas-de-sessao-plenarias\/\">\r\n\t\t\t\t<div class=\"align\">\r\n\t\t\t\t\t<div class=\"fas fa-file-invoice-dollar\">\r\n\t\t\t\t\t\t\t\t\t\t\t<\/div>\r\n\t\t\t\t\t<h3 class=\"card-title\">\r\n\t\t\t\t\t\tPautas das sess\u00f5es plen\u00e1rias\t\t\t\t<\/h3>\r\n\r\n\t\t\t\t\t\r\n\t\t\t\t\t\t\t\t\t<\/div>\r\n\t\t\t<\/a>\r\n\r\n\t\t<\/div>\r\n\r\n\t\t<\/div>\t\t<\/div>\n\t\t\t\t<\/div>\n\t\t\t\t\t<\/div>\n\t\t<\/div>\n\t\t\t\t<div class=\"elementor-column elementor-col-20 elementor-top-column elementor-element elementor-element-637911d\" data-id=\"637911d\" data-element_type=\"column\">\n\t\t\t<div class=\"elementor-widget-wrap elementor-element-populated\">\n\t\t\t\t\t\t\t\t<div class=\"elementor-element elementor-element-f23e71d elementor-widget elementor-widget-html\" data-id=\"f23e71d\" data-element_type=\"widget\" data-widget_type=\"html.default\">\n\t\t\t\t<div class=\"elementor-widget-container\">\n\t\t\t<div class=\"menu-col\">\r\n\t\t<div class=\"feature-card text-center card-1\">\r\n\r\n\t\t\t<a href=\"https:\/\/cmcurionopolis.pa.gov.br\/index.php\/atas-de-sessao-e-lista-de-presenca-dos-parlamentares\/\">\r\n\t\t\t\t<div class=\"align\">\r\n\t\t\t\t\t<div class=\"fas fa-file-invoice-dollar\">\r\n\t\t\t\t\t\t\t\t\t\t\t<\/div>\r\n\t\t\t\t\t<h3 class=\"card-title\">\r\n\t\t\t\t\t\tAtas de Sess\u00e3o \t\t\t\t\t<\/h3>\r\n\r\n\t\t\t\t\t\r\n\t\t\t\t\t\t\t\t\t<\/div>\r\n\t\t\t<\/a>\r\n\r\n\t\t<\/div>\r\n\r\n\t\t<\/div>\t\t<\/div>\n\t\t\t\t<\/div>\n\t\t\t\t\t<\/div>\n\t\t<\/div>\n\t\t\t\t<div class=\"elementor-column elementor-col-20 elementor-top-column elementor-element elementor-element-a7ef00a\" data-id=\"a7ef00a\" data-element_type=\"column\">\n\t\t\t<div class=\"elementor-widget-wrap elementor-element-populated\">\n\t\t\t\t\t\t\t\t<div class=\"elementor-element elementor-element-1997a94 elementor-widget elementor-widget-html\" data-id=\"1997a94\" data-element_type=\"widget\" data-widget_type=\"html.default\">\n\t\t\t\t<div class=\"elementor-widget-container\">\n\t\t\t<div class=\"menu-col\">\r\n\t\t<div class=\"feature-card text-center card-1\">\r\n\r\n\t\t\t<a href=\"https:\/\/cmcurionopolis.pa.gov.br\/index.php\/requerimentos-parlamentares\/\">\r\n\t\t\t\t<div class=\"align\">\r\n\t\t\t\t\t<div class=\"fas fa-file-invoice-dollar\">\r\n\t\t\t\t\t\t\t\t\t\t\t<\/div>\r\n\t\t\t\t\t<h3 class=\"card-title\">\r\n\t\t\t\t\t\tRequerimentos Parlamentares\t\t\t\t\t<\/h3>\r\n\r\n\t\t\t\t\t\r\n\t\t\t\t\t\t\t\t\t<\/div>\r\n\t\t\t<\/a>\r\n\r\n\t\t<\/div>\r\n\r\n\t\t<\/div>\t\t<\/div>\n\t\t\t\t<\/div>\n\t\t\t\t\t<\/div>\n\t\t<\/div>\n\t\t\t\t<div class=\"elementor-column elementor-col-20 elementor-top-column elementor-element elementor-element-4a0a3ea\" data-id=\"4a0a3ea\" data-element_type=\"column\">\n\t\t\t<div class=\"elementor-widget-wrap elementor-element-populated\">\n\t\t\t\t\t\t\t\t<div class=\"elementor-element elementor-element-04204b7 elementor-widget elementor-widget-html\" data-id=\"04204b7\" data-element_type=\"widget\" data-widget_type=\"html.default\">\n\t\t\t\t<div class=\"elementor-widget-container\">\n\t\t\t<div class=\"menu-col\">\r\n\t\t<div class=\"feature-card text-center card-1\">\r\n\r\n\t\t\t<a href=\"https:\/\/cmcurionopolis.pa.gov.br\/index.php\/indicacoes-parlamentares\/\">\r\n\t\t\t\t<div class=\"align\">\r\n\t\t\t\t\t<div class=\"fas fa-file-invoice-dollar\">\r\n\t\t\t\t\t\t\t\t\t\t\t<\/div>\r\n\t\t\t\t\t<h3 class=\"card-title\">\r\n\t\t\t\t\t\tIndica\u00e7\u00f5es Parlamentares \t\t\t\t\t<\/h3>\r\n\r\n\t\t\t\t\t\r\n\t\t\t\t\t\t\t\t\t<\/div>\r\n\t\t\t<\/a>\r\n\r\n\t\t<\/div>\r\n\r\n\t\t<\/div>\t\t<\/div>\n\t\t\t\t<\/div>\n\t\t\t\t\t<\/div>\n\t\t<\/div>\n\t\t\t\t\t\t\t<\/div>\n\t\t<\/section>\n\t\t\t\t\t\t\t<\/div>\n\t\t","protected":false},"excerpt":{"rendered":"<p>Projetos de Lei Pautas das sess\u00f5es plen\u00e1rias Atas de Sess\u00e3o Requerimentos Parlamentares Indica\u00e7\u00f5es Parlamentares<\/p>\n","protected":false},"author":1,"featured_media":0,"parent":0,"menu_order":0,"comment_status":"closed","ping_status":"closed","template":"","meta":[],"_links":{"self":[{"href":"https:\/\/cmcurionopolis.pa.gov.br\/index.php\/wp-json\/wp\/v2\/pages\/4657"}],"collection":[{"href":"https:\/\/cmcurionopolis.pa.gov.br\/index.php\/wp-json\/wp\/v2\/pages"}],"about":[{"href":"https:\/\/cmcurionopolis.pa.gov.br\/index.php\/wp-json\/wp\/v2\/types\/page"}],"author":[{"embeddable":true,"href":"https:\/\/cmcurionopolis.pa.gov.br\/index.php\/wp-json\/wp\/v2\/users\/1"}],"replies":[{"embeddable":true,"href":"https:\/\/cmcurionopolis.pa.gov.br\/index.php\/wp-json\/wp\/v2\/comments?post=4657"}],"version-history":[{"count":26,"href":"https:\/\/cmcurionopolis.pa.gov.br\/index.php\/wp-json\/wp\/v2\/pages\/4657\/revisions"}],"predecessor-version":[{"id":4792,"href":"https:\/\/cmcurionopolis.pa.gov.br\/index.php\/wp-json\/wp\/v2\/pages\/4657\/revisions\/4792"}],"wp:attachment":[{"href":"https:\/\/cmcurionopolis.pa.gov.br\/index.php\/wp-json\/wp\/v2\/media?parent=4657"}],"curies":[{"name":"wp","href":"https:\/\/api.w.org\/{rel}","templated":true}]}}