{"id":4715,"date":"2023-07-20T15:37:55","date_gmt":"2023-07-20T18:37:55","guid":{"rendered":"https:\/\/cmcurionopolis.pa.gov.br\/?page_id=4715"},"modified":"2026-03-15T19:47:44","modified_gmt":"2026-03-15T22:47:44","slug":"regulamentacao-de-gastos-parlamentares","status":"publish","type":"page","link":"https:\/\/cmcurionopolis.pa.gov.br\/index.php\/regulamentacao-de-gastos-parlamentares\/","title":{"rendered":"Regulamenta\u00e7\u00e3o de Gastos Parlamentares"},"content":{"rendered":"\n<p>A regulamenta\u00e7\u00e3o de gastos parlamentares \u00e9 um conjunto de normas e regras protegidas para controlar e fiscalizar os recursos financeiros utilizados pelos parlamentares em suas atividades legislativas. Essas regulamenta\u00e7\u00f5es t\u00eam o objetivo de promover a transpar\u00eancia, a responsabilidade e o uso adequado dos recursos p\u00fablicos.<\/p>\n\n\n\n<p><em>*** No Campo de&nbsp;<strong>Pesquisa por texto livre&nbsp;<\/strong>o cidad\u00e3o pode&nbsp;<strong>pesquisar por Numero da Lei<\/strong><\/em><strong><em>, Ementa e Ano<\/em><\/strong>.<\/p>\n\n\n\n<p><em>*** Clicando nos campos mostrados abaixo o cidad\u00e3o pode ordenar em ordem alfab\u00e9tica ou num\u00e9rica a informa\u00e7\u00e3o<strong>&nbsp;por&nbsp;<\/strong><\/em><strong><em><em><strong>Numero da Lei<\/strong><\/em><strong><em>, Ementa e Ano<\/em><\/strong><\/em><\/strong>.<\/p>\n\n\n\n<p><strong><em>Download abaixo:<\/em><\/strong><\/p>\n\n\n\n<div class=\"is-layout-flex wp-block-buttons\">\n<div class=\"wp-block-button\"><a class=\"wp-block-button__link has-white-color has-vivid-cyan-blue-background-color has-text-color has-background wp-element-button\" href=\"https:\/\/drive.google.com\/file\/d\/12MeUKmGN4Mr5cDdVn88t4mIHkeIduVlo\/view?usp=sharing\">JSON<\/a><\/div>\n\n\n\n<div class=\"wp-block-button\"><a class=\"wp-block-button__link has-white-color has-vivid-green-cyan-background-color has-text-color has-background wp-element-button\" href=\"https:\/\/drive.google.com\/file\/d\/1lnfw3VfzaNnoKxqXFvr21WkQR6vWSI1u\/view?usp=sharing\">CSV<\/a><\/div>\n<\/div>\n\n\n\n<table id=\"tablepress-26\" class=\"tablepress tablepress-id-26\">\n<thead>\n<tr class=\"row-1 odd\">\n\t<th class=\"column-1\">Numero da Lei<\/th><th class=\"column-2\">Ementa<\/th><th class=\"column-3\">Ano<\/th><th class=\"column-4\">Arquivo<\/th>\n<\/tr>\n<\/thead>\n<tbody class=\"row-hover\">\n<tr class=\"row-2 even\">\n\t<td class=\"column-1\">-<\/td><td class=\"column-2\">DECLARARAMOS que que nesta C\u00e2mara Municipal<br \/>\nn\u00e3o existe legisla\u00e7\u00e3o relacionada a gastos com parlamentares.<\/td><td class=\"column-3\">2026<\/td><td class=\"column-4\"><\/td>\n<\/tr>\n<tr class=\"row-3 odd\">\n\t<td class=\"column-1\">-<\/td><td class=\"column-2\">DECLARARAMOS que que nesta C\u00e2mara Municipal<br \/>\nn\u00e3o existe legisla\u00e7\u00e3o relacionada a gastos com parlamentares.<\/td><td class=\"column-3\">2025<\/td><td class=\"column-4\"><\/td>\n<\/tr>\n<tr class=\"row-4 even\">\n\t<td class=\"column-1\">-<\/td><td class=\"column-2\">DECLARARAMOS que que nesta C\u00e2mara Municipal<br \/>\nn\u00e3o existe legisla\u00e7\u00e3o relacionada a gastos com parlamentares.<\/td><td class=\"column-3\">2024<\/td><td class=\"column-4\"><\/td>\n<\/tr>\n<tr class=\"row-5 odd\">\n\t<td class=\"column-1\">-<\/td><td class=\"column-2\">DECLARARAMOS que que nesta C\u00e2mara Municipal<br \/>\nn\u00e3o existe legisla\u00e7\u00e3o relacionada a gastos com parlamentares.<\/td><td class=\"column-3\">2023<\/td><td class=\"column-4\"><\/td>\n<\/tr>\n<tr class=\"row-6 even\">\n\t<td class=\"column-1\">-<\/td><td class=\"column-2\">DECLARARAMOS que que nesta C\u00e2mara Municipal<br \/>\r\nn\u00e3o existe legisla\u00e7\u00e3o relacionada a gastos com parlamentares.<\/td><td class=\"column-3\">2022<\/td><td class=\"column-4\"><\/td>\n<\/tr>\n<tr class=\"row-7 odd\">\n\t<td class=\"column-1\">-<\/td><td class=\"column-2\">DECLARARAMOS que que nesta C\u00e2mara Municipal<br \/>\nn\u00e3o existe legisla\u00e7\u00e3o relacionada a gastos com parlamentares.<\/td><td class=\"column-3\">2021<\/td><td class=\"column-4\">-<\/td>\n<\/tr>\n<tr class=\"row-8 even\">\n\t<td class=\"column-1\">-<\/td><td class=\"column-2\">DECLARARAMOS que que nesta C\u00e2mara Municipal<br \/>\r\nn\u00e3o existe legisla\u00e7\u00e3o relacionada a gastos com parlamentares.<\/td><td class=\"column-3\">2020<\/td><td class=\"column-4\">-<\/td>\n<\/tr>\n<tr class=\"row-9 odd\">\n\t<td class=\"column-1\">-<\/td><td class=\"column-2\">DECLARARAMOS que que nesta C\u00e2mara Municipal<br \/>\r\nn\u00e3o existe legisla\u00e7\u00e3o relacionada a gastos com parlamentares.<\/td><td class=\"column-3\">2019<\/td><td class=\"column-4\">-<\/td>\n<\/tr>\n<\/tbody>\n<\/table>\n<!-- #tablepress-26 from cache -->\n","protected":false},"excerpt":{"rendered":"<p>A regulamenta\u00e7\u00e3o de gastos parlamentares \u00e9 um conjunto de normas e regras protegidas para controlar e fiscalizar os recursos financeiros utilizados pelos parlamentares em suas atividades legislativas. Essas regulamenta\u00e7\u00f5es t\u00eam [&hellip;]<\/p>\n","protected":false},"author":1,"featured_media":0,"parent":0,"menu_order":0,"comment_status":"closed","ping_status":"closed","template":"","meta":[],"_links":{"self":[{"href":"https:\/\/cmcurionopolis.pa.gov.br\/index.php\/wp-json\/wp\/v2\/pages\/4715"}],"collection":[{"href":"https:\/\/cmcurionopolis.pa.gov.br\/index.php\/wp-json\/wp\/v2\/pages"}],"about":[{"href":"https:\/\/cmcurionopolis.pa.gov.br\/index.php\/wp-json\/wp\/v2\/types\/page"}],"author":[{"embeddable":true,"href":"https:\/\/cmcurionopolis.pa.gov.br\/index.php\/wp-json\/wp\/v2\/users\/1"}],"replies":[{"embeddable":true,"href":"https:\/\/cmcurionopolis.pa.gov.br\/index.php\/wp-json\/wp\/v2\/comments?post=4715"}],"version-history":[{"count":5,"href":"https:\/\/cmcurionopolis.pa.gov.br\/index.php\/wp-json\/wp\/v2\/pages\/4715\/revisions"}],"predecessor-version":[{"id":7011,"href":"https:\/\/cmcurionopolis.pa.gov.br\/index.php\/wp-json\/wp\/v2\/pages\/4715\/revisions\/7011"}],"wp:attachment":[{"href":"https:\/\/cmcurionopolis.pa.gov.br\/index.php\/wp-json\/wp\/v2\/media?parent=4715"}],"curies":[{"name":"wp","href":"https:\/\/api.w.org\/{rel}","templated":true}]}}