{"id":4726,"date":"2023-07-20T15:57:28","date_gmt":"2023-07-20T18:57:28","guid":{"rendered":"https:\/\/cmcurionopolis.pa.gov.br\/?page_id=4726"},"modified":"2025-06-09T22:40:28","modified_gmt":"2025-06-10T01:40:28","slug":"cotas-da-atividade-parlamentar-verbas-indenizatoria","status":"publish","type":"page","link":"https:\/\/cmcurionopolis.pa.gov.br\/index.php\/cotas-da-atividade-parlamentar-verbas-indenizatoria\/","title":{"rendered":"Cotas da atividade Parlamentar\/Verbas Indenizat\u00f3ria"},"content":{"rendered":"\n<p>Na C\u00e2mara Municipal de Curion\u00f3polis, n\u00e3o existem cotas\/verbas para atividade para cada parlamentar. Todos os gastos relacionados a essa C\u00e2mara Municipal s\u00e3o encaminhados diretamente pelo \u00f3rg\u00e3o legislativo. Isso significa que n\u00e3o h\u00e1 uma quantia fixa destinada a cada parlamentar para custear despesas como viagens, alimenta\u00e7\u00e3o ou materiais de trabalho.<\/p>\n\n\n\n<p>Nesse cen\u00e1rio, os gastos parlamentares s\u00e3o gerenciados e controlados pela pr\u00f3pria institui\u00e7\u00e3o da C\u00e2mara Municipal de Curion\u00f3polis. <\/p>\n\n\n\n<p>Esse modelo de gest\u00e3o refor\u00e7a o compromisso com a responsabilidade fiscal e a efici\u00eancia na utiliza\u00e7\u00e3o dos recursos destinados ao trabalho parlamentar. Todo o or\u00e7amento da C\u00e2mara \u00e9 gerido de forma conjunta, e os gastos s\u00e3o detalhados em relat\u00f3rios p\u00fablicos disponibilizados atrav\u00e9s das Despesas P\u00fablicas da C\u00e2mara Municipal, que o cidad\u00e3o pode acessar atrav\u00e9s <a href=\"https:\/\/www.governotransparente.com.br\/transparencia\/despesas\/opcoes\/44249588?datainfo=MTIwMjIwNTExMDk1MVBQUA==&amp;clean=false\">desse link <\/a>.<\/p>\n\n\n\n<p><em>*** No Campo de&nbsp;<strong>Pesquisa por texto livre&nbsp;<\/strong>o cidad\u00e3o pode&nbsp;<strong>pesquisar por Parlamentar<\/strong><\/em><strong><em>, Valor e Motivo do Gasto e Ano<\/em><\/strong>.<\/p>\n\n\n\n<p><em>*** Clicando nos campos mostrados abaixo o cidad\u00e3o pode ordenar em ordem alfab\u00e9tica ou num\u00e9rica a informa\u00e7\u00e3o<strong>&nbsp;por&nbsp;<\/strong><\/em><strong><em><strong><em><strong>Parlamentar<\/strong><\/em><strong><em>, Valor e Motivo do Gasto e Ano<\/em><\/strong>.<\/strong><\/em><\/strong><\/p>\n\n\n\n<p><strong><em>Download abaixo:<\/em><\/strong><\/p>\n\n\n\n<div class=\"is-layout-flex wp-block-buttons\">\n<div class=\"wp-block-button\"><a class=\"wp-block-button__link has-white-color has-vivid-cyan-blue-background-color has-text-color has-background wp-element-button\" href=\"https:\/\/drive.google.com\/file\/d\/1kaeTYGZT14crpyrV-2tQdUEbSWmVW1mM\/view?usp=sharing\">JSON<\/a><\/div>\n\n\n\n<div class=\"wp-block-button\"><a class=\"wp-block-button__link has-white-color has-vivid-green-cyan-background-color has-text-color has-background wp-element-button\" href=\"https:\/\/drive.google.com\/file\/d\/1A2nJhUZUjI3vt_HamRNp5FW7sFNXBnnZ\/view?usp=sharing\">CSV<\/a><\/div>\n<\/div>\n\n\n\n<table id=\"tablepress-27\" class=\"tablepress tablepress-id-27\">\n<thead>\n<tr class=\"row-1 odd\">\n\t<th class=\"column-1\">Parlamentar<\/th><th class=\"column-2\">Valor e Motivo do Gasto<\/th><th class=\"column-3\">Data <\/th><th class=\"column-4\">Arquivo<\/th>\n<\/tr>\n<\/thead>\n<tbody class=\"row-hover\">\n<tr class=\"row-2 even\">\n\t<td class=\"column-1\">-<\/td><td class=\"column-2\">DECLARAMOS que que nesta C\u00e2mara Municipal n\u00e3o existem verbas<br \/>\nindenizat\u00f3rias para parlamentares e servidores, nem t\u00e3o pouco cotas para atividades parlamentares nesse per\u00edodo<\/td><td class=\"column-3\">2025<\/td><td class=\"column-4\"><a href=\"https:\/\/www.governotransparente.com.br\/transparencia\/documentos\/44249588\/download\/710\">DECLARA\u00c7\u00c3O DE N\u00c3O EXIST\u00caNCIA DE COTAS\/VERBAS PARLAMENTARES<\/a><\/td>\n<\/tr>\n<tr class=\"row-3 odd\">\n\t<td class=\"column-1\">-<\/td><td class=\"column-2\">DECLARAMOS que que nesta C\u00e2mara Municipal n\u00e3o existem verbas<br \/>\nindenizat\u00f3rias para parlamentares e servidores, nem t\u00e3o pouco cotas para atividades parlamentares nesse per\u00edodo<\/td><td class=\"column-3\">2024<\/td><td class=\"column-4\"><a href=\"https:\/\/www.governotransparente.com.br\/transparencia\/documentos\/44249588\/download\/558\">DECLARA\u00c7\u00c3O DE N\u00c3O EXIST\u00caNCIA DE COTAS\/VERBAS PARLAMENTARES<\/a><\/td>\n<\/tr>\n<tr class=\"row-4 even\">\n\t<td class=\"column-1\">-<\/td><td class=\"column-2\">DECLARAMOS que que nesta C\u00e2mara Municipal n\u00e3o existem verbas<br \/>\nindenizat\u00f3rias para parlamentares e servidores, nem t\u00e3o pouco cotas para atividades parlamentares nesse per\u00edodo<\/td><td class=\"column-3\">2023<\/td><td class=\"column-4\"><a href=\"https:\/\/www.governotransparente.com.br\/transparencia\/documentos\/44249588\/download\/291\">DECLARA\u00c7\u00c3O DE N\u00c3O EXIST\u00caNCIA DE COTAS\/VERBAS PARLAMENTARES<\/a><\/td>\n<\/tr>\n<tr class=\"row-5 odd\">\n\t<td class=\"column-1\">-<\/td><td class=\"column-2\">DECLARAMOS que que nesta C\u00e2mara Municipal n\u00e3o existem verbas<br \/>\r\nindenizat\u00f3rias para parlamentares e servidores, nem t\u00e3o pouco cotas para atividades parlamentares nesse per\u00edodo<\/td><td class=\"column-3\">2022<\/td><td class=\"column-4\"><a href=\"https:\/\/www.governotransparente.com.br\/transparencia\/documentos\/44249588\/download\/235\">DECLARA\u00c7\u00c3O DE N\u00c3O EXIST\u00caNCIA DE COTAS\/VERBAS PARLAMENTARES<\/a><\/td>\n<\/tr>\n<tr class=\"row-6 even\">\n\t<td class=\"column-1\">-<\/td><td class=\"column-2\">DECLARAMOS que que nesta C\u00e2mara Municipal n\u00e3o existem verbas<br \/>\r\nindenizat\u00f3rias para parlamentares e servidores, nem t\u00e3o pouco cotas para atividades parlamentares nesse per\u00edodo<\/td><td class=\"column-3\">2021<\/td><td class=\"column-4\">-<\/td>\n<\/tr>\n<tr class=\"row-7 odd\">\n\t<td class=\"column-1\">-<\/td><td class=\"column-2\">DECLARAMOS que que nesta C\u00e2mara Municipal n\u00e3o existem verbas<br \/>\r\nindenizat\u00f3rias para parlamentares e servidores, nem t\u00e3o pouco cotas para atividades parlamentares nesse per\u00edodo<\/td><td class=\"column-3\">2020<\/td><td class=\"column-4\">-<\/td>\n<\/tr>\n<tr class=\"row-8 even\">\n\t<td class=\"column-1\">-<\/td><td class=\"column-2\">DECLARAMOS que que nesta C\u00e2mara Municipal n\u00e3o existem verbas<br \/>\nindenizat\u00f3rias para parlamentares e servidores, nem t\u00e3o pouco cotas para atividades parlamentares nesse per\u00edodo<\/td><td class=\"column-3\">2019<\/td><td class=\"column-4\">-<\/td>\n<\/tr>\n<\/tbody>\n<\/table>\n<!-- #tablepress-27 from cache -->\n","protected":false},"excerpt":{"rendered":"<p>Na C\u00e2mara Municipal de Curion\u00f3polis, n\u00e3o existem cotas\/verbas para atividade para cada parlamentar. Todos os gastos relacionados a essa C\u00e2mara Municipal s\u00e3o encaminhados diretamente pelo \u00f3rg\u00e3o legislativo. Isso significa que [&hellip;]<\/p>\n","protected":false},"author":1,"featured_media":0,"parent":0,"menu_order":0,"comment_status":"closed","ping_status":"closed","template":"","meta":[],"_links":{"self":[{"href":"https:\/\/cmcurionopolis.pa.gov.br\/index.php\/wp-json\/wp\/v2\/pages\/4726"}],"collection":[{"href":"https:\/\/cmcurionopolis.pa.gov.br\/index.php\/wp-json\/wp\/v2\/pages"}],"about":[{"href":"https:\/\/cmcurionopolis.pa.gov.br\/index.php\/wp-json\/wp\/v2\/types\/page"}],"author":[{"embeddable":true,"href":"https:\/\/cmcurionopolis.pa.gov.br\/index.php\/wp-json\/wp\/v2\/users\/1"}],"replies":[{"embeddable":true,"href":"https:\/\/cmcurionopolis.pa.gov.br\/index.php\/wp-json\/wp\/v2\/comments?post=4726"}],"version-history":[{"count":4,"href":"https:\/\/cmcurionopolis.pa.gov.br\/index.php\/wp-json\/wp\/v2\/pages\/4726\/revisions"}],"predecessor-version":[{"id":6594,"href":"https:\/\/cmcurionopolis.pa.gov.br\/index.php\/wp-json\/wp\/v2\/pages\/4726\/revisions\/6594"}],"wp:attachment":[{"href":"https:\/\/cmcurionopolis.pa.gov.br\/index.php\/wp-json\/wp\/v2\/media?parent=4726"}],"curies":[{"name":"wp","href":"https:\/\/api.w.org\/{rel}","templated":true}]}}