{"id":4742,"date":"2023-07-20T17:42:31","date_gmt":"2023-07-20T20:42:31","guid":{"rendered":"https:\/\/cmcurionopolis.pa.gov.br\/?page_id=4742"},"modified":"2023-07-20T17:42:32","modified_gmt":"2023-07-20T20:42:32","slug":"relatorio-anual-de-pesquisa-de-satisfacao","status":"publish","type":"page","link":"https:\/\/cmcurionopolis.pa.gov.br\/index.php\/relatorio-anual-de-pesquisa-de-satisfacao\/","title":{"rendered":"Relat\u00f3rio Anual de Pesquisa de Satisfa\u00e7\u00e3o"},"content":{"rendered":"\n<p>Bem-vindo \u00e0 nossa p\u00e1gina sobre o Relat\u00f3rio Anual de Pesquisa de Satisfa\u00e7\u00e3o da C\u00e2mara Municipal de Curion\u00f3polis! Aqui voc\u00ea encontrar\u00e1 informa\u00e7\u00f5es relevantes sobre os resultados e insights obtidos por meio dessa pesquisa, que tem como objetivo avaliar a satisfa\u00e7\u00e3o dos cidad\u00e3os em rela\u00e7\u00e3o aos servi\u00e7os e pol\u00edticas p\u00fablicas oferecidos pela administra\u00e7\u00e3o municipal.<\/p>\n\n\n\n<p>A pesquisa de satisfa\u00e7\u00e3o \u00e9 uma ferramenta essencial para que a gest\u00e3o municipal possa entender as necessidades, expectativas e percep\u00e7\u00f5es dos cidad\u00e3os em rela\u00e7\u00e3o aos servi\u00e7os e projetos implementados. Nesta p\u00e1gina, vamos explorar os principais aspectos relacionados ao Relat\u00f3rio Anual de Pesquisa de Satisfa\u00e7\u00e3o do Munic\u00edpio, incluindo sua import\u00e2ncia, metodologia e an\u00e1lise dos resultados.<\/p>\n\n\n\n<p>O relat\u00f3rio anual consolida os dados coletados ao longo de um per\u00edodo e oferece uma vis\u00e3o completa da satisfa\u00e7\u00e3o dos cidad\u00e3os em rela\u00e7\u00e3o a diferentes \u00e1reas. Ele fornece uma base s\u00f3lida para a tomada de decis\u00f5es estrat\u00e9gicas e a melhoria cont\u00ednua dos servi\u00e7os p\u00fablicos.<\/p>\n\n\n\n<p><em>*** No Campo de&nbsp;<strong>Pesquisa&nbsp;<\/strong>o cidad\u00e3o pode&nbsp;pesquisar por<\/em><strong><em>&nbsp;Descri\u00e7\u00e3o e Ano.<\/em><\/strong><\/p>\n\n\n\n<p><em>*** Clicando nos campos mostrados abaixo o cidad\u00e3o pode ordenar em ordem alfab\u00e9tica ou num\u00e9rica a informa\u00e7\u00e3o<strong>\u00a0<\/strong><\/em><strong><em><strong><em><strong><em>Descri\u00e7\u00e3o e Ano<\/em><\/strong><\/em><\/strong><\/em><\/strong>.<\/p>\n\n\n\n<table id=\"tablepress-30\" class=\"tablepress tablepress-id-30\">\n<thead>\n<tr class=\"row-1 odd\">\n\t<th class=\"column-1\">DESCRI\u00c7\u00c3O<\/th><th class=\"column-2\">ANO<\/th><th class=\"column-3\">ARQUIVO<\/th>\n<\/tr>\n<\/thead>\n<tbody class=\"row-hover\">\n<tr class=\"row-2 even\">\n\t<td class=\"column-1\">Relat\u00f3rio Anual de Pesquisa de Satisfa\u00e7\u00e3o<\/td><td class=\"column-2\">2024<\/td><td class=\"column-3\"><a href=\"https:\/\/drive.google.com\/file\/d\/15LAqJ6D2w6m5qd2cAya9Y2Zwywdw0APw\/view?usp=sharing\">PESQUISA ANUAL DE SATISFA\u00c7\u00c3O 2024<\/a><\/td>\n<\/tr>\n<tr class=\"row-3 odd\">\n\t<td class=\"column-1\">Relat\u00f3rio Anual de Pesquisa de Satisfa\u00e7\u00e3o<\/td><td class=\"column-2\">2023<\/td><td class=\"column-3\"><a href=\"https:\/\/drive.google.com\/file\/d\/16cb610HIrA788YybB4mKUKjEADVqLwwv\/view?usp=sharing\">PESQUISA ANUAL DE SATISFA\u00c7\u00c3O 2023<\/a><\/td>\n<\/tr>\n<tr class=\"row-4 even\">\n\t<td class=\"column-1\">Relat\u00f3rio Anual de Pesquisa de Satisfa\u00e7\u00e3o<\/td><td class=\"column-2\">2022<\/td><td class=\"column-3\"><a href=\"https:\/\/drive.google.com\/file\/d\/1Po3OKTxDfnrpFiem4fvFVQ33YX_99Twk\/view?usp=sharing\">PESQUISA ANUAL DE SATISFA\u00c7\u00c3O 2022<\/a><\/td>\n<\/tr>\n<tr class=\"row-5 odd\">\n\t<td class=\"column-1\"><\/td><td class=\"column-2\">2021<\/td><td class=\"column-3\">N\u00e3o houve Pesquisa de Satisfa\u00e7\u00e3o nesse Per\u00edodo<\/td>\n<\/tr>\n<tr class=\"row-6 even\">\n\t<td class=\"column-1\">-<\/td><td class=\"column-2\">2020<\/td><td class=\"column-3\">Devido a falta de Transi\u00e7\u00e3o por parte da Gest\u00e3o Anterior, n\u00e3o h\u00e1 detalhes sobre esse relat\u00f3rio.<br \/>\n<br \/>\n<\/td>\n<\/tr>\n<tr class=\"row-7 odd\">\n\t<td class=\"column-1\">-<\/td><td class=\"column-2\">2019<\/td><td class=\"column-3\">Devido a falta de Transi\u00e7\u00e3o por parte da Gest\u00e3o Anterior, n\u00e3o h\u00e1 detalhes sobre esse relat\u00f3rio.<br \/>\n<\/td>\n<\/tr>\n<\/tbody>\n<\/table>\n<!-- #tablepress-30 from cache -->\n","protected":false},"excerpt":{"rendered":"<p>Bem-vindo \u00e0 nossa p\u00e1gina sobre o Relat\u00f3rio Anual de Pesquisa de Satisfa\u00e7\u00e3o da C\u00e2mara Municipal de Curion\u00f3polis! Aqui voc\u00ea encontrar\u00e1 informa\u00e7\u00f5es relevantes sobre os resultados e insights obtidos por meio [&hellip;]<\/p>\n","protected":false},"author":1,"featured_media":0,"parent":0,"menu_order":0,"comment_status":"closed","ping_status":"closed","template":"","meta":[],"_links":{"self":[{"href":"https:\/\/cmcurionopolis.pa.gov.br\/index.php\/wp-json\/wp\/v2\/pages\/4742"}],"collection":[{"href":"https:\/\/cmcurionopolis.pa.gov.br\/index.php\/wp-json\/wp\/v2\/pages"}],"about":[{"href":"https:\/\/cmcurionopolis.pa.gov.br\/index.php\/wp-json\/wp\/v2\/types\/page"}],"author":[{"embeddable":true,"href":"https:\/\/cmcurionopolis.pa.gov.br\/index.php\/wp-json\/wp\/v2\/users\/1"}],"replies":[{"embeddable":true,"href":"https:\/\/cmcurionopolis.pa.gov.br\/index.php\/wp-json\/wp\/v2\/comments?post=4742"}],"version-history":[{"count":1,"href":"https:\/\/cmcurionopolis.pa.gov.br\/index.php\/wp-json\/wp\/v2\/pages\/4742\/revisions"}],"predecessor-version":[{"id":4745,"href":"https:\/\/cmcurionopolis.pa.gov.br\/index.php\/wp-json\/wp\/v2\/pages\/4742\/revisions\/4745"}],"wp:attachment":[{"href":"https:\/\/cmcurionopolis.pa.gov.br\/index.php\/wp-json\/wp\/v2\/media?parent=4742"}],"curies":[{"name":"wp","href":"https:\/\/api.w.org\/{rel}","templated":true}]}}