{"id":4929,"date":"2023-07-27T20:27:47","date_gmt":"2023-07-27T23:27:47","guid":{"rendered":"https:\/\/cmcurionopolis.pa.gov.br\/?page_id=4929"},"modified":"2026-03-15T15:25:19","modified_gmt":"2026-03-15T18:25:19","slug":"contratos-e-seus-respectivos-aditivos","status":"publish","type":"page","link":"https:\/\/cmcurionopolis.pa.gov.br\/index.php\/contratos-e-seus-respectivos-aditivos\/","title":{"rendered":"Contratos e seus respectivos Aditivos"},"content":{"rendered":"\n<p>Nossa p\u00e1gina de Contratos e Aditivos \u00e9 dedicada a fornecer informa\u00e7\u00f5es claras e precisas sobre os acordos apoiados entre nossa institui\u00e7\u00e3o\/empresa e seus parceiros. Valorizamos a transpar\u00eancia e conformeamente analisado e elaborado de acordo com a legisla\u00e7\u00e3o em vigor.<\/p>\n\n\n\n<p>Neste espa\u00e7o, voc\u00ea encontrar\u00e1 uma lista completa de todos os contratos celebrados, bem como os respectivos aditivos realizados ao longo do tempo.<\/p>\n\n\n\n<p><strong>**Obs: Os Contratos mais recentes podem ser facilmente identificadas ao observar a coluna 3, que corresponde aos dados de \u201cInicio da Vig\u00eancia\u201d. Nessa coluna, a Data como pode ser observado representam os contratos mais recentes, proporcionando uma maneira pr\u00e1tica de acompanhar e compreender a ordem cronol\u00f3gica das atividades licitat\u00f3rias. Portanto, ao analisar a planilha de licita\u00e7\u00f5es, basta verificar os valores na coluna de \u201cInicio da Vig\u00eancia\u201d para identificar e priorizar os contratos mais recentes.<\/strong><\/p>\n\n\n\n<div class=\"is-layout-flex wp-block-buttons\">\n<div class=\"wp-block-button\"><a class=\"wp-block-button__link has-white-color has-luminous-dusk-gradient-background has-text-color has-background wp-element-button\" href=\"https:\/\/www.governotransparente.com.br\/acessoinfo\/44249588\/consultarcontratoaditivo?inicio=01%2F01%2F2025&amp;fim=31%2F12%2F2025&amp;contr=&amp;ano=5&amp;credor=-1&amp;clean=false&amp;datainfo=MTIwMjUwNjA3MTkwN1BQUA%3D%3D\">Contratos \/ Aditivos Serie Hist\u00f3rica Atual 2021-2026<\/a><\/div>\n\n\n\n<div class=\"wp-block-button\"><a class=\"wp-block-button__link has-white-color has-luminous-dusk-gradient-background has-text-color has-background wp-element-button\" href=\"https:\/\/www.tcm.pa.gov.br\/mural-de-licitacoes\/?LINCEMVWLICITACOESSearch%5BNUMERO_DOCUMENTO%5D=&amp;LINCEMVWLICITACOESSearch%5BMODALIDADE_ID%5D=&amp;LINCEMVWLICITACOESSearch%5BTIPO_ID%5D=&amp;LINCEMVWLICITACOESSearch%5BOBJETO%5D=&amp;LINCEMVWLICITACOESSearch%5BDATA_ABERTURA%5D=&amp;LINCEMVWLICITACOESSearch%5BDATA_PUBLICACAO%5D=&amp;LINCEMVWLICITACOESSearch%5BID_MUNICIPIO%5D=91&amp;LINCEMVWLICITACOESSearch%5BORGAO_ID%5D=91002&amp;LINCEMVWLICITACOESSearch%5BSTATUS_ID%5D=&amp;LINCEMVWLICITACOESSearch%5BVL_REFERENCIADO%5D=&amp;LINCEMVWLICITACOESSearch%5BVL_ADJUDICADO%5D=\">Serie Hist\u00f3rica 2020<\/a><\/div>\n<\/div>\n","protected":false},"excerpt":{"rendered":"<p>Nossa p\u00e1gina de Contratos e Aditivos \u00e9 dedicada a fornecer informa\u00e7\u00f5es claras e precisas sobre os acordos apoiados entre nossa institui\u00e7\u00e3o\/empresa e seus parceiros. Valorizamos a transpar\u00eancia e conformeamente analisado [&hellip;]<\/p>\n","protected":false},"author":1,"featured_media":0,"parent":0,"menu_order":0,"comment_status":"closed","ping_status":"closed","template":"","meta":[],"_links":{"self":[{"href":"https:\/\/cmcurionopolis.pa.gov.br\/index.php\/wp-json\/wp\/v2\/pages\/4929"}],"collection":[{"href":"https:\/\/cmcurionopolis.pa.gov.br\/index.php\/wp-json\/wp\/v2\/pages"}],"about":[{"href":"https:\/\/cmcurionopolis.pa.gov.br\/index.php\/wp-json\/wp\/v2\/types\/page"}],"author":[{"embeddable":true,"href":"https:\/\/cmcurionopolis.pa.gov.br\/index.php\/wp-json\/wp\/v2\/users\/1"}],"replies":[{"embeddable":true,"href":"https:\/\/cmcurionopolis.pa.gov.br\/index.php\/wp-json\/wp\/v2\/comments?post=4929"}],"version-history":[{"count":6,"href":"https:\/\/cmcurionopolis.pa.gov.br\/index.php\/wp-json\/wp\/v2\/pages\/4929\/revisions"}],"predecessor-version":[{"id":6978,"href":"https:\/\/cmcurionopolis.pa.gov.br\/index.php\/wp-json\/wp\/v2\/pages\/4929\/revisions\/6978"}],"wp:attachment":[{"href":"https:\/\/cmcurionopolis.pa.gov.br\/index.php\/wp-json\/wp\/v2\/media?parent=4929"}],"curies":[{"name":"wp","href":"https:\/\/api.w.org\/{rel}","templated":true}]}}