{"id":569,"date":"2021-04-12T20:02:43","date_gmt":"2021-04-12T20:02:43","guid":{"rendered":"https:\/\/cmcurionopolis.pa.gov.br\/?page_id=569"},"modified":"2025-06-06T10:00:57","modified_gmt":"2025-06-06T13:00:57","slug":"comissoes","status":"publish","type":"page","link":"https:\/\/cmcurionopolis.pa.gov.br\/index.php\/comissoes\/","title":{"rendered":"Comiss\u00f5es"},"content":{"rendered":"\t\t<div data-elementor-type=\"wp-page\" data-elementor-id=\"569\" class=\"elementor elementor-569\">\n\t\t\t\t\t\t\t\t\t<section data-particle_enable=\"false\" data-particle-mobile-disabled=\"false\" class=\"elementor-section elementor-top-section elementor-element elementor-element-3f9c7d0 elementor-section-boxed elementor-section-height-default elementor-section-height-default\" data-id=\"3f9c7d0\" data-element_type=\"section\">\n\t\t\t\t\t\t<div class=\"elementor-container elementor-column-gap-default\">\n\t\t\t\t\t<div class=\"elementor-column elementor-col-66 elementor-top-column elementor-element elementor-element-ffcc849\" data-id=\"ffcc849\" data-element_type=\"column\">\n\t\t\t<div class=\"elementor-widget-wrap elementor-element-populated\">\n\t\t\t\t\t\t\t\t<div class=\"elementor-element elementor-element-4dff662 elementor-widget elementor-widget-heading\" data-id=\"4dff662\" data-element_type=\"widget\" data-widget_type=\"heading.default\">\n\t\t\t\t<div class=\"elementor-widget-container\">\n\t\t\t<h2 class=\"elementor-heading-title elementor-size-medium\"><br><b>Compet\u00eancia:<\/b> As Comiss\u00f5es podem ser permanentes ou tempor\u00e1rias. S\u00e3o elas que analisam as proposi\u00e7\u00f5es tecnicamente, estudando a viabilidade de cada uma, isto \u00e9, verificando se est\u00e3o dentro das regras constitucionais e\/ou t\u00e9cnicas.<br>\nAs tempor\u00e1rias servem para tratar de assuntos diversos, por tempo determinado ou s\u00e3o de investiga\u00e7\u00e3o, mais conhecidas por CEI, Comiss\u00e3o Especial de Inqu\u00e9rito.\n<\/h2>\t\t<\/div>\n\t\t\t\t<\/div>\n\t\t\t\t<div class=\"elementor-element elementor-element-973008d elementor-widget elementor-widget-text-editor\" data-id=\"973008d\" data-element_type=\"widget\" data-widget_type=\"text-editor.default\">\n\t\t\t\t<div class=\"elementor-widget-container\">\n\t\t\t\t\t\t\t<h4><img decoding=\"async\" loading=\"lazy\" src=\"https:\/\/cmcurionopolis.pa.gov.br\/wp-content\/uploads\/2021\/04\/1.jpg\" alt=\"\" width=\"543\" height=\"80\"><\/h4>\n<p style=\"text-align: left;\">Presidente: <strong>JOCENILDE OLIVEIRA DA SILVA<\/strong><\/p>\n<p style=\"text-align: left;\">Relator:<strong>&nbsp;FRANCISCO ADERBAL DE OLIVEIRA<\/strong><\/p>\n<p style=\"text-align: left;\">Membro: <strong>JOSIEL DE OLIVEIRA BARBOZA<\/strong><\/p>\n<p><\/p>\n<h4><img decoding=\"async\" loading=\"lazy\" src=\"https:\/\/cmcurionopolis.pa.gov.br\/wp-content\/uploads\/2021\/04\/2.jpg\" alt=\"\" width=\"543\" height=\"81\"><\/h4>\n<p>Presidente: <strong>FRANCISCO ADERBAL DE OLIVEIRA<\/strong><\/p>\n<p>Relator: <b>JOSIEL DE OLIVEIRA BARBOZA<\/b><\/p>\n<p>Membro: <strong>ALBERTO JUNIOR ARA\u00daJO LOPES<\/strong><\/p>\n<p><\/p>\n<h4><img decoding=\"async\" loading=\"lazy\" src=\"https:\/\/cmcurionopolis.pa.gov.br\/wp-content\/uploads\/2021\/04\/3.jpg\" alt=\"\" width=\"543\" height=\"81\"><\/h4>\n<p style=\"text-align: left;\">Presidente: <strong>WILAME PEDROZA<\/strong><\/p>\n<p style=\"text-align: left;\">Relator: <strong>PAULO HIGINO DA SILVA<\/strong><\/p>\n<p style=\"text-align: left;\">Membro: <strong>MARLY SERAFIM DOS ANJOS<\/strong><\/p>\n<p><\/p>\n<h4><img decoding=\"async\" loading=\"lazy\" src=\"https:\/\/cmcurionopolis.pa.gov.br\/wp-content\/uploads\/2021\/04\/4.jpg\" alt=\"\" width=\"543\" height=\"81\"><\/h4>\n<p style=\"text-align: left;\">Presidente: <strong>JOSIEL DE OLIVIERA BARBOZA<\/strong><\/p>\n<p style=\"text-align: left;\">Relatora: <strong>JOCENILDE OLIVEIRA DA SILVA<\/strong><\/p>\n<p style=\"text-align: left;\">Membro: <strong>WILAME PEDROZA&nbsp;<\/strong><\/p>\n<p><\/p>\n<h4><img decoding=\"async\" loading=\"lazy\" src=\"https:\/\/cmcurionopolis.pa.gov.br\/wp-content\/uploads\/2021\/04\/5.jpg\" alt=\"\" width=\"543\" height=\"81\"><\/h4>\n<p style=\"text-align: left;\">Presidente:. <strong>MARLY SERAFIN DOS ANJOS<\/strong><\/p>\n<p style=\"text-align: left;\">Relator: <strong>ADRIANA GOMES<\/strong><\/p>\n<p style=\"text-align: left;\">Membro: <strong>PAULO HIGINO DA SILVA<\/strong><\/p>\n<p><\/p>\n<h4><img decoding=\"async\" loading=\"lazy\" src=\"https:\/\/cmcurionopolis.pa.gov.br\/wp-content\/uploads\/2021\/04\/6.jpg\" alt=\"\" width=\"543\" height=\"81\"><\/h4>\n<p style=\"text-align: left;\">Presidente: <strong>EDILEI MARIA LOPES<\/strong><\/p>\n<p style=\"text-align: left;\">Relator: <strong>ALBERTO JUNIOR ARAUJO LOPES<\/strong><\/p>\n<p style=\"text-align: left;\">Membro: <strong>ADRIANA GOMES<\/strong><\/p>\n<p><\/p>\n<h4><img decoding=\"async\" loading=\"lazy\" src=\"https:\/\/cmcurionopolis.pa.gov.br\/wp-content\/uploads\/2021\/04\/7.jpg\" alt=\"\" width=\"543\" height=\"81\"><\/h4>\n<p style=\"text-align: left;\">Presidente: <strong>PAULO HIGINO DA SILVA<\/strong><\/p>\n<p style=\"text-align: left;\">Relator: <b>MARLY SERRAFIM DOS ANJOS<\/b><\/p>\n<p style=\"text-align: left;\">Membro: <strong>EDILEI MARIA LOPES<\/strong><\/p>\n<p><\/p>\n<h4><img decoding=\"async\" loading=\"lazy\" src=\"https:\/\/cmcurionopolis.pa.gov.br\/wp-content\/uploads\/2021\/04\/8.jpg\" alt=\"\" width=\"543\" height=\"81\"><\/h4>\n<p style=\"text-align: left;\">Presidente: <strong>ALBERTO JUNIOR ARAUJO LOPES<\/strong><\/p>\n<p style=\"text-align: left;\">Relator: <strong>EDIMAR PEREIRA DA SILVA<\/strong><\/p>\n<p style=\"text-align: left;\">Membro: <strong>FRANCISCO ADERBAL<\/strong><\/p>\n<p><\/p>\n<h4><img decoding=\"async\" loading=\"lazy\" src=\"https:\/\/cmcurionopolis.pa.gov.br\/wp-content\/uploads\/2021\/04\/9.jpg\" alt=\"\" width=\"543\" height=\"81\"><\/h4>\n<p style=\"text-align: left;\">Presidente: <strong>ADRIANA GOMES DA SILVA<\/strong><\/p>\n<p style=\"text-align: left;\">Relator: <strong>WILAME PEDROZA<\/strong><\/p>\n<p style=\"text-align: left;\">Membro:&nbsp;<span style=\"font-weight: bolder; font-size: 1rem;\">EDIMAR PEREIRA DA SILVA<\/span><\/p>\t\t\t\t\t\t<\/div>\n\t\t\t\t<\/div>\n\t\t\t\t\t<\/div>\n\t\t<\/div>\n\t\t\t\t<div class=\"elementor-column elementor-col-33 elementor-top-column elementor-element elementor-element-2e6dfdd\" data-id=\"2e6dfdd\" data-element_type=\"column\">\n\t\t\t<div class=\"elementor-widget-wrap\">\n\t\t\t\t\t\t\t\t\t<\/div>\n\t\t<\/div>\n\t\t\t\t\t\t\t<\/div>\n\t\t<\/section>\n\t\t\t\t\t\t\t<\/div>\n\t\t","protected":false},"excerpt":{"rendered":"<p>Compet\u00eancia: As Comiss\u00f5es podem ser permanentes ou tempor\u00e1rias. S\u00e3o elas que analisam as proposi\u00e7\u00f5es tecnicamente, estudando a viabilidade de cada uma, isto \u00e9, verificando se est\u00e3o dentro das regras constitucionais [&hellip;]<\/p>\n","protected":false},"author":1,"featured_media":0,"parent":0,"menu_order":0,"comment_status":"closed","ping_status":"closed","template":"","meta":[],"_links":{"self":[{"href":"https:\/\/cmcurionopolis.pa.gov.br\/index.php\/wp-json\/wp\/v2\/pages\/569"}],"collection":[{"href":"https:\/\/cmcurionopolis.pa.gov.br\/index.php\/wp-json\/wp\/v2\/pages"}],"about":[{"href":"https:\/\/cmcurionopolis.pa.gov.br\/index.php\/wp-json\/wp\/v2\/types\/page"}],"author":[{"embeddable":true,"href":"https:\/\/cmcurionopolis.pa.gov.br\/index.php\/wp-json\/wp\/v2\/users\/1"}],"replies":[{"embeddable":true,"href":"https:\/\/cmcurionopolis.pa.gov.br\/index.php\/wp-json\/wp\/v2\/comments?post=569"}],"version-history":[{"count":55,"href":"https:\/\/cmcurionopolis.pa.gov.br\/index.php\/wp-json\/wp\/v2\/pages\/569\/revisions"}],"predecessor-version":[{"id":6420,"href":"https:\/\/cmcurionopolis.pa.gov.br\/index.php\/wp-json\/wp\/v2\/pages\/569\/revisions\/6420"}],"wp:attachment":[{"href":"https:\/\/cmcurionopolis.pa.gov.br\/index.php\/wp-json\/wp\/v2\/media?parent=569"}],"curies":[{"name":"wp","href":"https:\/\/api.w.org\/{rel}","templated":true}]}}