{"id":6027,"date":"2024-11-21T16:24:44","date_gmt":"2024-11-21T19:24:44","guid":{"rendered":"https:\/\/cmcurionopolis.pa.gov.br\/?page_id=6027"},"modified":"2024-11-21T16:24:45","modified_gmt":"2024-11-21T19:24:45","slug":"planejamento-orcamentario-e-financeiro","status":"publish","type":"page","link":"https:\/\/cmcurionopolis.pa.gov.br\/index.php\/planejamento-orcamentario-e-financeiro\/","title":{"rendered":"Planejamento Or\u00e7ament\u00e1rio e Financeiro"},"content":{"rendered":"\n<p>Uma gest\u00e3o p\u00fablica eficiente e transparente \u00e9 essencial para o desenvolvimento de Curion\u00f3polis. Nesse contexto, o Planejamento Or\u00e7ament\u00e1rio e Financeiro desempenha um papel estrat\u00e9gico na defini\u00e7\u00e3o e execu\u00e7\u00e3o de pol\u00edticas p\u00fablicas. Por meio do <strong>Plano Plurianual (PPA)<\/strong> , da <strong>Lei de Diretrizes Or\u00e7ament\u00e1rias (LDO)<\/strong> e da <strong>Lei Or\u00e7ament\u00e1ria Anual (LOA)<\/strong> , a C\u00e2mara Municipal garante que as prioridades da popula\u00e7\u00e3o sejam transformadas em a\u00e7\u00f5es concretas, homologadas \u00e0s metas de curto, m\u00e9dio e longo prazo.<\/p>\n\n\n\n<p><\/p>\n\n\n\n<table id=\"tablepress-32\" class=\"tablepress tablepress-id-32\">\n<thead>\n<tr class=\"row-1 odd\">\n\t<th class=\"column-1\">ITEM<\/th><th class=\"column-2\">DESCRI\u00c7\u00c3O<\/th><th class=\"column-3\">DOCUMENTO\/LINK<\/th>\n<\/tr>\n<\/thead>\n<tbody class=\"row-hover\">\n<tr class=\"row-2 even\">\n\t<td class=\"column-1\">A<\/td><td class=\"column-2\">Plano Plurianual (PPA) 2022-2025<\/td><td class=\"column-3\"><a href=\"https:\/\/www.governotransparente.com.br\/transparencia\/subgruposinfo\/arquivos\/44249588\/67?datainfo=MTIwMjIwNTExMDk1MVBQUA%3D%3D&amp;clean=false\">Plano Plurianual (PPA) <\/a><\/td>\n<\/tr>\n<tr class=\"row-3 odd\">\n\t<td class=\"column-1\">B<\/td><td class=\"column-2\">Lei Or\u00e7amentaria Anual (LOA) (2025)<\/td><td class=\"column-3\"><a href=\"https:\/\/www.governotransparente.com.br\/transparencia\/documentosinfo\/44249588\/download\/85\/LEI%20MUNICIPAL%20N%C2%BA%201269%20DE%2023%20DE%20DEZEMBRO%20DE%202024.pdf\">LOA 2025 E SEUS ANEXOS<\/a><\/td>\n<\/tr>\n<tr class=\"row-4 even\">\n\t<td class=\"column-1\">C<\/td><td class=\"column-2\">Lei de Diretrizes Or\u00e7ament\u00e1rias (LDO) (2025)<\/td><td class=\"column-3\"><a href=\"https:\/\/www.governotransparente.com.br\/transparencia\/documentosinfo\/44249588\/download\/84\/Lei%20Municipal%20de%20N%C2%BA%201.262%20-%20LDO%20Exerc%C3%ADcio%20de%202025%20(1).pdf\">LDO 2025 E SEUS ANEXOS<\/a><\/td>\n<\/tr>\n<\/tbody>\n<\/table>\n\n","protected":false},"excerpt":{"rendered":"<p>Uma gest\u00e3o p\u00fablica eficiente e transparente \u00e9 essencial para o desenvolvimento de Curion\u00f3polis. Nesse contexto, o Planejamento Or\u00e7ament\u00e1rio e Financeiro desempenha um papel estrat\u00e9gico na defini\u00e7\u00e3o e execu\u00e7\u00e3o de pol\u00edticas [&hellip;]<\/p>\n","protected":false},"author":1,"featured_media":0,"parent":0,"menu_order":0,"comment_status":"closed","ping_status":"closed","template":"","meta":[],"_links":{"self":[{"href":"https:\/\/cmcurionopolis.pa.gov.br\/index.php\/wp-json\/wp\/v2\/pages\/6027"}],"collection":[{"href":"https:\/\/cmcurionopolis.pa.gov.br\/index.php\/wp-json\/wp\/v2\/pages"}],"about":[{"href":"https:\/\/cmcurionopolis.pa.gov.br\/index.php\/wp-json\/wp\/v2\/types\/page"}],"author":[{"embeddable":true,"href":"https:\/\/cmcurionopolis.pa.gov.br\/index.php\/wp-json\/wp\/v2\/users\/1"}],"replies":[{"embeddable":true,"href":"https:\/\/cmcurionopolis.pa.gov.br\/index.php\/wp-json\/wp\/v2\/comments?post=6027"}],"version-history":[{"count":1,"href":"https:\/\/cmcurionopolis.pa.gov.br\/index.php\/wp-json\/wp\/v2\/pages\/6027\/revisions"}],"predecessor-version":[{"id":6030,"href":"https:\/\/cmcurionopolis.pa.gov.br\/index.php\/wp-json\/wp\/v2\/pages\/6027\/revisions\/6030"}],"wp:attachment":[{"href":"https:\/\/cmcurionopolis.pa.gov.br\/index.php\/wp-json\/wp\/v2\/media?parent=6027"}],"curies":[{"name":"wp","href":"https:\/\/api.w.org\/{rel}","templated":true}]}}