{"id":6050,"date":"2024-11-22T10:46:49","date_gmt":"2024-11-22T13:46:49","guid":{"rendered":"https:\/\/cmcurionopolis.pa.gov.br\/?page_id=6050"},"modified":"2024-11-22T10:46:49","modified_gmt":"2024-11-22T13:46:49","slug":"gestao-patrimonial","status":"publish","type":"page","link":"https:\/\/cmcurionopolis.pa.gov.br\/index.php\/gestao-patrimonial\/","title":{"rendered":"<strong>Gest\u00e3o Patrimonial<\/strong>"},"content":{"rendered":"\n<p>Aqui voc\u00ea encontra dados sobre o invent\u00e1rio patrimonial, situa\u00e7\u00e3o dos bens p\u00fablicos, relat\u00f3rios de manuten\u00e7\u00e3o, e outros registros que refletem o zelo pela preserva\u00e7\u00e3o do patrim\u00f4nio p\u00fablico. Essa presta\u00e7\u00e3o de contas fortalece o compromisso com a efici\u00eancia administrativa e a correta utiliza\u00e7\u00e3o de recursos, garantindo uma transi\u00e7\u00e3o de governo organizada e sem descontinuidade nos servi\u00e7os prestados \u00e0 popula\u00e7\u00e3o.<\/p>\n\n\n\n<p>Nosso compromisso \u00e9 com a clareza e a responsabilidade, refor\u00e7ando a confian\u00e7a no trabalho da C\u00e2mara Municipal como guardi\u00e3 dos interesses p\u00fablicos de Curion\u00f3polis.<\/p>\n\n\n\n<table id=\"tablepress-33\" class=\"tablepress tablepress-id-33\">\n<thead>\n<tr class=\"row-1 odd\">\n\t<th class=\"column-1\">ITEM<\/th><th class=\"column-2\">DESCRI\u00c7\u00c3O<\/th><th class=\"column-3\">DOCUMENTO\/LINK<\/th>\n<\/tr>\n<\/thead>\n<tbody class=\"row-hover\">\n<tr class=\"row-2 even\">\n\t<td class=\"column-1\">A<\/td><td class=\"column-2\">Invent\u00e1rio patrimonial dos bens m\u00f3veis, im\u00f3veis e intang\u00edveis do exerc\u00edcio do ano anterior ao ano de transi\u00e7\u00e3o do mandato, juntamente com as aquisi\u00e7\u00f5es, incorpora\u00e7\u00f5es e baixas do exerc\u00edcio de 2024<\/td><td class=\"column-3\"><a href=\"https:\/\/drive.google.com\/file\/d\/1SGsVTL41fNd8rHTsxsxlPCa_fzVFU2ZU\/view?usp=sharing\">RELAT\u00d3RIO PATRIMONIAL DE BENS M\u00d3VEIS CONSOLIDADO 2024 <\/a><br \/>\n<br \/>\n<a href=\"https:\/\/drive.google.com\/file\/d\/1ReDVs-o53jvnv_qZdyTr76vxc_GYZlgX\/view?usp=sharing\">RELAT\u00d3RIO PATRIMONIAL DE BENS IM\u00d3VEIS CONSOLIDADO 2024<\/a><\/td>\n<\/tr>\n<tr class=\"row-3 odd\">\n\t<td class=\"column-1\">B<\/td><td class=\"column-2\">Invent\u00e1rio de materiais de consumo em estoques, levantados no m\u00eas antecedente \u00e0 transi\u00e7\u00e3o do mandato ou durante seu curso, observando o estabelecido no inciso III do art. 106, da Lei Federal n\u00ba 4.320\/64<\/td><td class=\"column-3\"><a href=\"https:\/\/drive.google.com\/file\/d\/1JFD6NwXpKalsabb5g-cEenFCt0xn7ig4\/view?usp=sharing\">Invent\u00e1rio de materiais de consumo em estoques<\/a><\/td>\n<\/tr>\n<tr class=\"row-4 even\">\n\t<td class=\"column-1\">C<\/td><td class=\"column-2\">Rela\u00e7\u00e3o dos cr\u00e9ditos a receber a curto e longo prazo<\/td><td class=\"column-3\"><a href=\"https:\/\/drive.google.com\/file\/d\/1pG14NqTm6RV2AvY6ppO8dG4Fc1Zhsjps\/view?usp=sharing\">Rela\u00e7\u00e3o dos cr\u00e9ditos a receber a curto e longo prazo<\/a><\/td>\n<\/tr>\n<\/tbody>\n<\/table>\n\n","protected":false},"excerpt":{"rendered":"<p>Aqui voc\u00ea encontra dados sobre o invent\u00e1rio patrimonial, situa\u00e7\u00e3o dos bens p\u00fablicos, relat\u00f3rios de manuten\u00e7\u00e3o, e outros registros que refletem o zelo pela preserva\u00e7\u00e3o do patrim\u00f4nio p\u00fablico. Essa presta\u00e7\u00e3o de [&hellip;]<\/p>\n","protected":false},"author":1,"featured_media":0,"parent":0,"menu_order":0,"comment_status":"closed","ping_status":"closed","template":"","meta":[],"_links":{"self":[{"href":"https:\/\/cmcurionopolis.pa.gov.br\/index.php\/wp-json\/wp\/v2\/pages\/6050"}],"collection":[{"href":"https:\/\/cmcurionopolis.pa.gov.br\/index.php\/wp-json\/wp\/v2\/pages"}],"about":[{"href":"https:\/\/cmcurionopolis.pa.gov.br\/index.php\/wp-json\/wp\/v2\/types\/page"}],"author":[{"embeddable":true,"href":"https:\/\/cmcurionopolis.pa.gov.br\/index.php\/wp-json\/wp\/v2\/users\/1"}],"replies":[{"embeddable":true,"href":"https:\/\/cmcurionopolis.pa.gov.br\/index.php\/wp-json\/wp\/v2\/comments?post=6050"}],"version-history":[{"count":1,"href":"https:\/\/cmcurionopolis.pa.gov.br\/index.php\/wp-json\/wp\/v2\/pages\/6050\/revisions"}],"predecessor-version":[{"id":6051,"href":"https:\/\/cmcurionopolis.pa.gov.br\/index.php\/wp-json\/wp\/v2\/pages\/6050\/revisions\/6051"}],"wp:attachment":[{"href":"https:\/\/cmcurionopolis.pa.gov.br\/index.php\/wp-json\/wp\/v2\/media?parent=6050"}],"curies":[{"name":"wp","href":"https:\/\/api.w.org\/{rel}","templated":true}]}}