{"id":6058,"date":"2024-11-22T10:57:57","date_gmt":"2024-11-22T13:57:57","guid":{"rendered":"https:\/\/cmcurionopolis.pa.gov.br\/?page_id=6058"},"modified":"2024-11-22T10:57:58","modified_gmt":"2024-11-22T13:57:58","slug":"gestao-de-pessoas-e-previdenciaria","status":"publish","type":"page","link":"https:\/\/cmcurionopolis.pa.gov.br\/index.php\/gestao-de-pessoas-e-previdenciaria\/","title":{"rendered":"<strong>Gest\u00e3o de Pessoas e Previdenci\u00e1ria<\/strong>"},"content":{"rendered":"\n<p>Bem-vindo \u00e0 p\u00e1gina oficial de informa\u00e7\u00f5es sobre a <strong>Gest\u00e3o de Pessoas e Previdenci\u00e1ria<\/strong> da C\u00e2mara Municipal de Curion\u00f3polis, elaborada em conformidade com as diretrizes do <strong>Tribunal de Contas dos Munic\u00edpios (TCM)<\/strong> atrav\u00e9s da <strong>Instru\u00e7\u00e3o Normativa 04\/2024<\/strong> , de 18 de junho de 2024.<\/p>\n\n\n\n<p>Esta sec\u00e7\u00e3o tem como objetivo garantir a transpar\u00eancia, a organiza\u00e7\u00e3o e o cumprimento das obriga\u00e7\u00f5es legais durante o processo de transi\u00e7\u00e3o de governo para o per\u00edodo de 2024\/2025. Aqui voc\u00ea encontrar\u00e1 documentos, relat\u00f3rios e orienta\u00e7\u00f5es referentes \u00e0 gest\u00e3o de pessoal, previd\u00eancia e todas as informa\u00e7\u00f5es necess\u00e1rias para garantir uma transi\u00e7\u00e3o eficiente e respons\u00e1vel, em benef\u00edcio da continuidade administrativa e do bom funcionamento da C\u00e2mara Municipal.<\/p>\n\n\n\n<p>Nosso compromisso \u00e9 com a presta\u00e7\u00e3o de contas claras e acess\u00edveis, alinhadas aos princ\u00edpios da legalidade e da responsabilidade p\u00fablica. Explore os conte\u00fados dispon\u00edveis e entre em contato em caso de d\u00favidas ou obriga\u00e7\u00f5es adicionais.<\/p>\n\n\n\n<table id=\"tablepress-34\" class=\"tablepress tablepress-id-34\">\n<thead>\n<tr class=\"row-1 odd\">\n\t<th class=\"column-1\">ITEM<\/th><th class=\"column-2\">DESCRI\u00c7\u00c3O<\/th><th class=\"column-3\">DOCUMENTO\/LINK<\/th>\n<\/tr>\n<\/thead>\n<tbody class=\"row-hover\">\n<tr class=\"row-2 even\">\n\t<td class=\"column-1\">A<\/td><td class=\"column-2\">a) Rela\u00e7\u00e3o do quadro de servidores existentes no m\u00eas antecedente \u00e0 transmiss\u00e3o do mandato, discriminando nome, cargo\/fun\u00e7\u00e3o, lota\u00e7\u00e3o e remunera\u00e7\u00e3o, abrangendo, necessariamente:<br \/>\na.1) Servidores est\u00e1veis e n\u00e3o efetivos, nos termos do art. 19 do ADCT\/CF88; <br \/>\na.2) Servidores efetivos admitidos mediante concurso p\u00fablico; <br \/>\na.3) Servidores lotados em cargos de provimento em comiss\u00e3o;<br \/>\na.4) Servidores contratados por prazo determinado; e, <br \/>\na.5) Servidores cedidos e os recebidos em cess\u00e3o.<br \/>\n<\/td><td class=\"column-3\"><a href=\"http:\/\/www.rpmsolucoes.com.br\/wc\/transparenciarh.aspx?idCNPJ=22938708000120\">Quadro de Servidores<\/a><\/td>\n<\/tr>\n<tr class=\"row-3 odd\">\n\t<td class=\"column-1\">B<\/td><td class=\"column-2\">Eventual rela\u00e7\u00e3o das folhas de pagamento n\u00e3o quitadas no exerc\u00edcio findo, inclu\u00eddas as relativas ao d\u00e9cimo terceiro sal\u00e1rio<\/td><td class=\"column-3\"><a href=\"https:\/\/drive.google.com\/file\/d\/1KyBk71NsJPzIYZK7gRAVmrgxxy6QknJw\/view?usp=sharing\">Eventual rela\u00e7\u00e3o das folhas de pagamento n\u00e3o quitadas <\/a><\/td>\n<\/tr>\n<tr class=\"row-4 even\">\n\t<td class=\"column-1\">C<\/td><td class=\"column-2\">Comprovante de que a Administra\u00e7\u00e3o se encontra regular, quanto aos repasses devidos ao regime de previd\u00eancia, geral e pr\u00f3prio ou, se for o caso, dos processos de parcelamento de d\u00e9bitos previdenci\u00e1rios em curso;<\/td><td class=\"column-3\"><\/td>\n<\/tr>\n<tr class=\"row-5 odd\">\n\t<td class=\"column-1\">D<\/td><td class=\"column-2\">Rela\u00e7\u00e3o nominal de servidores aposentados e de pensionistas, vinculados ao regime pr\u00f3prio de previd\u00eancia, nos munic\u00edpios onde houver<\/td><td class=\"column-3\"><a href=\"http:\/\/www.rpmsolucoes.com.br\/wc\/transparenciarh.aspx?idCNPJ=22938708000120\">Quadro de Servidores Aposentados e de Pensionista<\/a><\/td>\n<\/tr>\n<tr class=\"row-6 even\">\n\t<td class=\"column-1\">E<\/td><td class=\"column-2\">Rela\u00e7\u00e3o dos concursos p\u00fablicos, processos seletivos p\u00fablicos ou processos seletivos simplificados vigentes e\/ou os que estejam em andamento<\/td><td class=\"column-3\"><a href=\"https:\/\/cmcurionopolis.pa.gov.br\/index.php\/concursos-e-selecoes-publicas\/\">Concursos e Sele\u00e7\u00f5es P\u00fablicas<\/a><\/td>\n<\/tr>\n<\/tbody>\n<\/table>\n<!-- #tablepress-34 from cache -->\n","protected":false},"excerpt":{"rendered":"<p>Bem-vindo \u00e0 p\u00e1gina oficial de informa\u00e7\u00f5es sobre a Gest\u00e3o de Pessoas e Previdenci\u00e1ria da C\u00e2mara Municipal de Curion\u00f3polis, elaborada em conformidade com as diretrizes do Tribunal de Contas dos Munic\u00edpios [&hellip;]<\/p>\n","protected":false},"author":1,"featured_media":0,"parent":0,"menu_order":0,"comment_status":"closed","ping_status":"closed","template":"","meta":[],"_links":{"self":[{"href":"https:\/\/cmcurionopolis.pa.gov.br\/index.php\/wp-json\/wp\/v2\/pages\/6058"}],"collection":[{"href":"https:\/\/cmcurionopolis.pa.gov.br\/index.php\/wp-json\/wp\/v2\/pages"}],"about":[{"href":"https:\/\/cmcurionopolis.pa.gov.br\/index.php\/wp-json\/wp\/v2\/types\/page"}],"author":[{"embeddable":true,"href":"https:\/\/cmcurionopolis.pa.gov.br\/index.php\/wp-json\/wp\/v2\/users\/1"}],"replies":[{"embeddable":true,"href":"https:\/\/cmcurionopolis.pa.gov.br\/index.php\/wp-json\/wp\/v2\/comments?post=6058"}],"version-history":[{"count":1,"href":"https:\/\/cmcurionopolis.pa.gov.br\/index.php\/wp-json\/wp\/v2\/pages\/6058\/revisions"}],"predecessor-version":[{"id":6059,"href":"https:\/\/cmcurionopolis.pa.gov.br\/index.php\/wp-json\/wp\/v2\/pages\/6058\/revisions\/6059"}],"wp:attachment":[{"href":"https:\/\/cmcurionopolis.pa.gov.br\/index.php\/wp-json\/wp\/v2\/media?parent=6058"}],"curies":[{"name":"wp","href":"https:\/\/api.w.org\/{rel}","templated":true}]}}