{"id":6063,"date":"2024-11-22T11:07:33","date_gmt":"2024-11-22T14:07:33","guid":{"rendered":"https:\/\/cmcurionopolis.pa.gov.br\/?page_id=6063"},"modified":"2024-11-22T11:07:33","modified_gmt":"2024-11-22T14:07:33","slug":"gestao-administrativa","status":"publish","type":"page","link":"https:\/\/cmcurionopolis.pa.gov.br\/index.php\/gestao-administrativa\/","title":{"rendered":"Gest\u00e3o Administrativa"},"content":{"rendered":"\n<p>A C\u00e2mara Municipal de Curion\u00f3polis apresenta nesta p\u00e1gina as informa\u00e7\u00f5es essenciais sobre o processo de transi\u00e7\u00e3o de governo para o exerc\u00edcio 2024\/2025. Em conformidade com a <strong>Instru\u00e7\u00e3o Normativa n\u00ba 04\/2024<\/strong> , publicada em 18 de junho de 2024 pelo Tribunal de Contas dos Munic\u00edpios (TCM), este espa\u00e7o busca garantir a transpar\u00eancia e a legalidade na presta\u00e7\u00e3o de contas e na continuidade administrativa.<\/p>\n\n\n\n<p>Aqui voc\u00ea encontrar\u00e1 documentos, relat\u00f3rios e orienta\u00e7\u00f5es relacionados \u00e0 gest\u00e3o administrativa, oferecendo acesso a dados relevantes para que a transi\u00e7\u00e3o ocorra de forma eficiente e respons\u00e1vel, garantindo o cumprimento dos princ\u00edpios da administra\u00e7\u00e3o p\u00fablica.<\/p>\n\n\n\n<table id=\"tablepress-36\" class=\"tablepress tablepress-id-36\">\n<thead>\n<tr class=\"row-1 odd\">\n\t<th class=\"column-1\">ITEM<\/th><th class=\"column-2\">DESCRI\u00c7\u00c3O<\/th><th class=\"column-3\">DOCUMENTO\/LINK<\/th>\n<\/tr>\n<\/thead>\n<tbody class=\"row-hover\">\n<tr class=\"row-2 even\">\n\t<td class=\"column-1\">A<\/td><td class=\"column-2\">Rela\u00e7\u00e3o dos procedimentos licitat\u00f3rios em curso, o que inclui as dispensas e inexigibilidades<\/td><td class=\"column-3\"><a href=\"https:\/\/cmcurionopolis.pa.gov.br\/index.php\/licitacoes-e-contratos\/\">Rela\u00e7\u00e3o dos procedimentos Licitat\u00f3rios <\/a><\/td>\n<\/tr>\n<tr class=\"row-3 odd\">\n\t<td class=\"column-1\">B<\/td><td class=\"column-2\">Rela\u00e7\u00e3o dos contratos administrativos em execu\u00e7\u00e3o, incluindo termos aditivos, com destaque para aqueles de natureza continuada e os que tiverem sua vig\u00eancia expirada em at\u00e9 90 (noventa) dias, a contar da posse do eleito<\/td><td class=\"column-3\"><a href=\"https:\/\/cmcurionopolis.pa.gov.br\/index.php\/contratos-e-seus-respectivos-aditivos\/\">Contratos e seus respectivos Aditivos<\/a><\/td>\n<\/tr>\n<tr class=\"row-4 even\">\n\t<td class=\"column-1\">C<\/td><td class=\"column-2\">Rela\u00e7\u00e3o das Atas de Registro de Pre\u00e7os gerenciadas e vigentes<\/td><td class=\"column-3\"><a href=\"https:\/\/cmcurionopolis.pa.gov.br\/index.php\/licitacoes-e-contratos\/\">Rela\u00e7\u00e3o de Atas de Registro de Pre\u00e7os<\/a><\/td>\n<\/tr>\n<tr class=\"row-5 odd\">\n\t<td class=\"column-1\">D<\/td><td class=\"column-2\">Rela\u00e7\u00e3o dos conv\u00eanios, termos de parceria, contratos de gest\u00e3o, concess\u00e3o e permiss\u00e3o ou instrumentos cong\u00eaneres vigentes<\/td><td class=\"column-3\"><a href=\"https:\/\/cmcurionopolis.pa.gov.br\/index.php\/convenios-e-termos-de-cooperacao\/\">Conv\u00eanios e Termos de Coopera\u00e7\u00e3o<\/a><\/td>\n<\/tr>\n<tr class=\"row-6 even\">\n\t<td class=\"column-1\">E<\/td><td class=\"column-2\">Processos de Tomada de Contas Especial instaurados no exerc\u00edcio findo e nos 03 (tr\u00eas) anteriores;<\/td><td class=\"column-3\"><a href=\"https:\/\/drive.google.com\/file\/d\/188Fjc9Xw2iNqfuywqxaKom8ewuNIvWqf\/view?usp=sharing\">Processos de Tomada de Contas Especial instaurados<\/a><\/td>\n<\/tr>\n<tr class=\"row-7 odd\">\n\t<td class=\"column-1\">F<\/td><td class=\"column-2\">Rela\u00e7\u00e3o de obras e servi\u00e7os de engenharia em execu\u00e7\u00e3o, em atraso e\/ou paralisados, com a indica\u00e7\u00e3o da(s) fonte(s) de recurso(s); detalhamentos relacionados ao objeto e da empresa respons\u00e1vel pela execu\u00e7\u00e3o\/contrato, bem como esclarecimentos relacionados ao atraso e\/ou paraliza\u00e7\u00e3o dos mesmos servi\u00e7os.<\/td><td class=\"column-3\"><a href=\"https:\/\/cmcurionopolis.pa.gov.br\/index.php\/projeto-e-execucao-de-obras-publicas\/\">Rela\u00e7\u00e3o de Obras e Servi\u00e7os de Engenharia em Execu\u00e7\u00e3o<\/a><br \/>\n<br \/>\n<a href=\"https:\/\/cmcurionopolis.pa.gov.br\/index.php\/relacao-de-obras-paralisadas\/\">Rela\u00e7\u00e3o de Obras Paralizadas<\/a><\/td>\n<\/tr>\n<tr class=\"row-8 even\">\n\t<td class=\"column-1\">G<\/td><td class=\"column-2\">Informa\u00e7\u00f5es referentes \u00e0s a\u00e7\u00f5es judiciais em andamento, nas quais a Administra\u00e7\u00e3o \u00e9 parte (c\u00edveis, trabalhistas, dentre outras), bem como aquelas que se encontrarem em fase de cumprimento de senten\u00e7a;<\/td><td class=\"column-3\"><a href=\"https:\/\/drive.google.com\/file\/d\/1TF87mLNyC56eaP8BSv-bSJS1FzUAVUBU\/view?usp=sharing\">Informa\u00e7\u00f5es referentes \u00e0s a\u00e7\u00f5es judiciais em andamento<\/a><\/td>\n<\/tr>\n<tr class=\"row-9 odd\">\n\t<td class=\"column-1\">H<\/td><td class=\"column-2\">C\u00f3pias dos comprovantes de entrega de informa\u00e7\u00f5es \u00e0 Receita Federal do Brasil - RFB, tais como: DCTF, DIRF, DIPJ, dentre outras;<\/td><td class=\"column-3\"><a href=\"https:\/\/drive.google.com\/file\/d\/1zltL81LArSZt3MdxMFOnWz2KeH-BFvJa\/view?usp=sharing\">C\u00f3pias dos comprovantes de entrega de informa\u00e7\u00f5es \u00e0 Receita Federal do Brasil 1<\/a><br \/>\n<br \/>\n<a href=\"https:\/\/drive.google.com\/file\/d\/1vENHhE5mTQ_cvxpDjHiVultyhM1Heeuf\/view?usp=sharing\">C\u00f3pias dos comprovantes de entrega de informa\u00e7\u00f5es \u00e0 Receita Federal do Brasil 2<\/a><\/td>\n<\/tr>\n<tr class=\"row-10 even\">\n\t<td class=\"column-1\">I<\/td><td class=\"column-2\">Termos de Ajuste de Gest\u00e3o, eventualmente firmados com o Tribunal de Contas dos Munic\u00edpios do Estado do Par\u00e1.<\/td><td class=\"column-3\"><a href=\"https:\/\/drive.google.com\/file\/d\/1FmvC2lrFZqH1iIxkSEgu1ovdB-kgiTfQ\/view?usp=sharing\">Termos de Ajuste de Gest\u00e3o<\/a><\/td>\n<\/tr>\n<\/tbody>\n<\/table>\n\n","protected":false},"excerpt":{"rendered":"<p>A C\u00e2mara Municipal de Curion\u00f3polis apresenta nesta p\u00e1gina as informa\u00e7\u00f5es essenciais sobre o processo de transi\u00e7\u00e3o de governo para o exerc\u00edcio 2024\/2025. Em conformidade com a Instru\u00e7\u00e3o Normativa n\u00ba 04\/2024 [&hellip;]<\/p>\n","protected":false},"author":1,"featured_media":0,"parent":0,"menu_order":0,"comment_status":"closed","ping_status":"closed","template":"","meta":[],"_links":{"self":[{"href":"https:\/\/cmcurionopolis.pa.gov.br\/index.php\/wp-json\/wp\/v2\/pages\/6063"}],"collection":[{"href":"https:\/\/cmcurionopolis.pa.gov.br\/index.php\/wp-json\/wp\/v2\/pages"}],"about":[{"href":"https:\/\/cmcurionopolis.pa.gov.br\/index.php\/wp-json\/wp\/v2\/types\/page"}],"author":[{"embeddable":true,"href":"https:\/\/cmcurionopolis.pa.gov.br\/index.php\/wp-json\/wp\/v2\/users\/1"}],"replies":[{"embeddable":true,"href":"https:\/\/cmcurionopolis.pa.gov.br\/index.php\/wp-json\/wp\/v2\/comments?post=6063"}],"version-history":[{"count":1,"href":"https:\/\/cmcurionopolis.pa.gov.br\/index.php\/wp-json\/wp\/v2\/pages\/6063\/revisions"}],"predecessor-version":[{"id":6067,"href":"https:\/\/cmcurionopolis.pa.gov.br\/index.php\/wp-json\/wp\/v2\/pages\/6063\/revisions\/6067"}],"wp:attachment":[{"href":"https:\/\/cmcurionopolis.pa.gov.br\/index.php\/wp-json\/wp\/v2\/media?parent=6063"}],"curies":[{"name":"wp","href":"https:\/\/api.w.org\/{rel}","templated":true}]}}