{"id":6076,"date":"2024-11-25T11:10:20","date_gmt":"2024-11-25T14:10:20","guid":{"rendered":"https:\/\/cmcurionopolis.pa.gov.br\/?page_id=6076"},"modified":"2024-11-25T11:10:21","modified_gmt":"2024-11-25T14:10:21","slug":"gestao-da-tecnologia-da-informacao","status":"publish","type":"page","link":"https:\/\/cmcurionopolis.pa.gov.br\/index.php\/gestao-da-tecnologia-da-informacao\/","title":{"rendered":"<strong>Gest\u00e3o da Tecnologia da Informa\u00e7\u00e3o<\/strong>"},"content":{"rendered":"\n<p>A C\u00e2mara Municipal de Curion\u00f3polis refor\u00e7a seu compromisso com a transpar\u00eancia e a moderniza\u00e7\u00e3o da administra\u00e7\u00e3o p\u00fablica por meio da implementa\u00e7\u00e3o de pr\u00e1ticas de Gest\u00e3o da Tecnologia da Informa\u00e7\u00e3o (TI) durante a transi\u00e7\u00e3o de governo 2024\/2025. Em cumprimento \u00e0 Instru\u00e7\u00e3o Normativa n\u00ba 04\/2024, emitida pelo Tribunal de Contas dos Munic\u00edpios no dia 18 de junho de 2024, esta iniciativa visa garantir a continuidade administrativa, a seguran\u00e7a de dados e o acesso eficiente \u00e0s informa\u00e7\u00f5es.<\/p>\n\n\n\n<p>O objetivo \u00e9 promover uma transi\u00e7\u00e3o alinhada aos princ\u00edpios da efici\u00eancia e da governan\u00e7a digital, contribuindo para uma gest\u00e3o p\u00fablica cada vez mais respons\u00e1vel e acess\u00edvel.<\/p>\n\n\n\n<table id=\"tablepress-37\" class=\"tablepress tablepress-id-37\">\n<thead>\n<tr class=\"row-1 odd\">\n\t<th class=\"column-1\">ITEM<\/th><th class=\"column-2\">DESCRI\u00c7\u00c3O<\/th><th class=\"column-3\">DOCUMENTO\/LINK<\/th>\n<\/tr>\n<\/thead>\n<tbody class=\"row-hover\">\n<tr class=\"row-2 even\">\n\t<td class=\"column-1\">A<\/td><td class=\"column-2\">Rela\u00e7\u00e3o dos programas (softwares) utilizados pela administra\u00e7\u00e3o p\u00fablica, destacadamente: <br \/>\na.1) Portal da Transpar\u00eancia P\u00fablica;<br \/>\na.2) Contabilidade;<br \/>\na.3) Gest\u00e3o de Pessoas;<br \/>\na.4) Controle Patrimonial;<br \/>\na.5) Controle de Arrecada\u00e7\u00e3o Pr\u00f3pria Municipal;<br \/>\na.6) Sistema de Licita\u00e7\u00f5es.<br \/>\n<\/td><td class=\"column-3\"><a href=\"https:\/\/drive.google.com\/file\/d\/1ssv2x1C8CBCtv4RXgK9w7BPX6K3IttTv\/view?usp=sharing\">Rela\u00e7\u00e3o dos programas (softwares) utilizados pela administra\u00e7\u00e3o p\u00fablica<\/a><\/td>\n<\/tr>\n<tr class=\"row-3 odd\">\n\t<td class=\"column-1\">B<\/td><td class=\"column-2\">Rela\u00e7\u00e3o de usu\u00e1rios e senhas, visando a sua atualiza\u00e7\u00e3o a partir de 01 de janeiro de 2025. <\/td><td class=\"column-3\"><a href=\"https:\/\/drive.google.com\/file\/d\/1ms9qVdNguEEJT2y8MgBHlRAB1WgmQ67_\/view?usp=sharing\">Rela\u00e7\u00e3o de usu\u00e1rios e senhas<\/a><\/td>\n<\/tr>\n<tr class=\"row-4 even\">\n\t<td class=\"column-1\">C<\/td><td class=\"column-2\">Rela\u00e7\u00e3o de contratos vinculados a gest\u00e3o de tecnologia da informa\u00e7\u00e3o, fazendo constar, pelo menos, os seguintes dados:<br \/>\nc.1) N\u00famero do contrato;<br \/>\nc.2) Empresa contratada;<br \/>\nc.3) Objeto;<br \/>\nc.4) Prazo de vig\u00eancia.<\/td><td class=\"column-3\"><a href=\"https:\/\/drive.google.com\/file\/d\/1gafgClF2NITkWj6sfaLRWemxU8ZWrqRv\/view?usp=sharing\">Rela\u00e7\u00e3o de contratos vinculados a gest\u00e3o de tecnologia da informa\u00e7\u00e3<\/a><\/td>\n<\/tr>\n<\/tbody>\n<\/table>\n<!-- #tablepress-37 from cache -->\n","protected":false},"excerpt":{"rendered":"<p>A C\u00e2mara Municipal de Curion\u00f3polis refor\u00e7a seu compromisso com a transpar\u00eancia e a moderniza\u00e7\u00e3o da administra\u00e7\u00e3o p\u00fablica por meio da implementa\u00e7\u00e3o de pr\u00e1ticas de Gest\u00e3o da Tecnologia da Informa\u00e7\u00e3o (TI) [&hellip;]<\/p>\n","protected":false},"author":1,"featured_media":0,"parent":0,"menu_order":0,"comment_status":"closed","ping_status":"closed","template":"","meta":[],"_links":{"self":[{"href":"https:\/\/cmcurionopolis.pa.gov.br\/index.php\/wp-json\/wp\/v2\/pages\/6076"}],"collection":[{"href":"https:\/\/cmcurionopolis.pa.gov.br\/index.php\/wp-json\/wp\/v2\/pages"}],"about":[{"href":"https:\/\/cmcurionopolis.pa.gov.br\/index.php\/wp-json\/wp\/v2\/types\/page"}],"author":[{"embeddable":true,"href":"https:\/\/cmcurionopolis.pa.gov.br\/index.php\/wp-json\/wp\/v2\/users\/1"}],"replies":[{"embeddable":true,"href":"https:\/\/cmcurionopolis.pa.gov.br\/index.php\/wp-json\/wp\/v2\/comments?post=6076"}],"version-history":[{"count":1,"href":"https:\/\/cmcurionopolis.pa.gov.br\/index.php\/wp-json\/wp\/v2\/pages\/6076\/revisions"}],"predecessor-version":[{"id":6077,"href":"https:\/\/cmcurionopolis.pa.gov.br\/index.php\/wp-json\/wp\/v2\/pages\/6076\/revisions\/6077"}],"wp:attachment":[{"href":"https:\/\/cmcurionopolis.pa.gov.br\/index.php\/wp-json\/wp\/v2\/media?parent=6076"}],"curies":[{"name":"wp","href":"https:\/\/api.w.org\/{rel}","templated":true}]}}