{"id":6084,"date":"2024-11-25T11:25:48","date_gmt":"2024-11-25T14:25:48","guid":{"rendered":"https:\/\/cmcurionopolis.pa.gov.br\/?page_id=6084"},"modified":"2024-11-25T11:25:49","modified_gmt":"2024-11-25T14:25:49","slug":"gestao-juridica-das-procuradorias-e-assessorias","status":"publish","type":"page","link":"https:\/\/cmcurionopolis.pa.gov.br\/index.php\/gestao-juridica-das-procuradorias-e-assessorias\/","title":{"rendered":"<strong>Gest\u00e3o Jur\u00eddica das Procuradorias e Assessorias<\/strong>"},"content":{"rendered":"\n<p>Em cumprimento \u00e0 <strong>Instru\u00e7\u00e3o Normativa n\u00ba 04\/2024<\/strong> , emitida pelo Tribunal de Contas dos Munic\u00edpios em <strong>18 de junho de 2024<\/strong> , esta plataforma re\u00fane as informa\u00e7\u00f5es e documentos essenciais exigidos para uma transi\u00e7\u00e3o governamental. Esse procedimento \u00e9 necess\u00e1rio para garantir que a nova administra\u00e7\u00e3o receba todas as condi\u00e7\u00f5es para a continuidade das pol\u00edticas p\u00fablicas e da gest\u00e3o respons\u00e1vel dos recursos.<\/p>\n\n\n\n<p>Aqui, voc\u00ea encontrar\u00e1 orienta\u00e7\u00f5es, relat\u00f3rios, pareceres jur\u00eddicos e outros documentos que refletem a atua\u00e7\u00e3o das procura\u00e7\u00f5es e assessorias jur\u00eddicas no apoio \u00e0 transi\u00e7\u00e3o governamental, alinhados \u00e0s normas e \u00e0s exig\u00eancias legais aplic\u00e1veis. Essa iniciativa refor\u00e7a o compromisso da C\u00e2mara Municipal de Curion\u00f3polis com a \u00e9tica, a responsabilidade p\u00fablica e a transpar\u00eancia administrativa.<\/p>\n\n\n\n<table id=\"tablepress-38\" class=\"tablepress tablepress-id-38\">\n<thead>\n<tr class=\"row-1 odd\">\n\t<th class=\"column-1\">ITEM<\/th><th class=\"column-2\">DESCRI\u00c7\u00c3O<\/th><th class=\"column-3\">DOCUMENTO\/LINK<\/th>\n<\/tr>\n<\/thead>\n<tbody class=\"row-hover\">\n<tr class=\"row-2 even\">\n\t<td class=\"column-1\">A<\/td><td class=\"column-2\">Rela\u00e7\u00e3o nominal de Procuradores, Assessores e\/ou escrit\u00f3rios terceirizados com v\u00ednculo contratual estabelecido at\u00e9 31\/12\/2024 ou que se estenda \u00e0 2025<\/td><td class=\"column-3\"><a href=\"https:\/\/drive.google.com\/file\/d\/1jKqNxPZrQsyPxdVlCUBRGnvOA-DShRzD\/view?usp=sharing\">Rela\u00e7\u00e3o nominal de Procuradores, Assessores e\/ou escrit\u00f3rios terceirizados<\/a><\/td>\n<\/tr>\n<tr class=\"row-3 odd\">\n\t<td class=\"column-1\">B<\/td><td class=\"column-2\">C\u00f3pias dos Contratos de assessoramento jur\u00eddico, defesa judicial ou equivalentes, quando houver.<\/td><td class=\"column-3\"><a href=\"https:\/\/drive.google.com\/file\/d\/1jKqNxPZrQsyPxdVlCUBRGnvOA-DShRzD\/view?usp=sharing\">C\u00f3pias dos Contratos de assessoramento jur\u00eddico<\/a><\/td>\n<\/tr>\n<tr class=\"row-4 even\">\n\t<td class=\"column-1\">C<\/td><td class=\"column-2\">Rela\u00e7\u00e3o detalhada das a\u00e7\u00f5es judiciais em tramita\u00e7\u00e3o, inclusive em fase de cumprimento de senten\u00e7a, contendo as seguintes informa\u00e7\u00f5es: <br \/>\nc.1) N\u00famero do processo;<br \/>\nc.2) \u00d3rg\u00e3o Judicial (Tribunal, Comarca e Vara);<br \/>\nc.3) Natureza da A\u00e7\u00e3o;<br \/>\nc.4) Partes e procuradores;<br \/>\nc.5) Valor da causa;<br \/>\nc.6) Fase processual<\/td><td class=\"column-3\"><a href=\"https:\/\/drive.google.com\/file\/d\/1BbQIxkut9p2BoTvxQJ1AgJvVbPd_yhCa\/view?usp=sharing\">Rela\u00e7\u00e3o detalhada das a\u00e7\u00f5es judiciais em tramita\u00e7\u00e3o<\/a><\/td>\n<\/tr>\n<tr class=\"row-5 odd\">\n\t<td class=\"column-1\">D<\/td><td class=\"column-2\">Rela\u00e7\u00e3o dos procedimentos de apura\u00e7\u00e3o (Not\u00edcia de Fato, Inqu\u00e9rito Civil e\/ou Procedimento Preparat\u00f3rio) e\/ou de Termo de Ajustamento de Conduta (TAG), em tramita\u00e7\u00e3o ou execu\u00e7\u00e3o perante o Minist\u00e9rio P\u00fablico Estadual ou Minist\u00e9rio P\u00fablico Federal, contendo as seguintes informa\u00e7\u00f5es:<br \/>\nd.1) N\u00famero do processo\/procedimento;<br \/>\nd.2) Promotoria ou Procuradoria vinculada;<br \/>\nd.3) Partes e procuradores;<br \/>\nd.5) Objeto da apura\u00e7\u00e3o.<br \/>\n<\/td><td class=\"column-3\"><a href=\"https:\/\/drive.google.com\/file\/d\/1FmvC2lrFZqH1iIxkSEgu1ovdB-kgiTfQ\/view?usp=sharing\">Rela\u00e7\u00e3o dos procedimentos de apura\u00e7\u00e3o (Not\u00edcia de Fato, Inqu\u00e9rito Civil e\/ou Procedimento Preparat\u00f3rio) e\/ou de Termo de Ajustamento de Conduta (TAG)<\/a><\/td>\n<\/tr>\n<\/tbody>\n<\/table>\n\n","protected":false},"excerpt":{"rendered":"<p>Em cumprimento \u00e0 Instru\u00e7\u00e3o Normativa n\u00ba 04\/2024 , emitida pelo Tribunal de Contas dos Munic\u00edpios em 18 de junho de 2024 , esta plataforma re\u00fane as informa\u00e7\u00f5es e documentos essenciais [&hellip;]<\/p>\n","protected":false},"author":1,"featured_media":0,"parent":0,"menu_order":0,"comment_status":"closed","ping_status":"closed","template":"","meta":[],"_links":{"self":[{"href":"https:\/\/cmcurionopolis.pa.gov.br\/index.php\/wp-json\/wp\/v2\/pages\/6084"}],"collection":[{"href":"https:\/\/cmcurionopolis.pa.gov.br\/index.php\/wp-json\/wp\/v2\/pages"}],"about":[{"href":"https:\/\/cmcurionopolis.pa.gov.br\/index.php\/wp-json\/wp\/v2\/types\/page"}],"author":[{"embeddable":true,"href":"https:\/\/cmcurionopolis.pa.gov.br\/index.php\/wp-json\/wp\/v2\/users\/1"}],"replies":[{"embeddable":true,"href":"https:\/\/cmcurionopolis.pa.gov.br\/index.php\/wp-json\/wp\/v2\/comments?post=6084"}],"version-history":[{"count":1,"href":"https:\/\/cmcurionopolis.pa.gov.br\/index.php\/wp-json\/wp\/v2\/pages\/6084\/revisions"}],"predecessor-version":[{"id":6087,"href":"https:\/\/cmcurionopolis.pa.gov.br\/index.php\/wp-json\/wp\/v2\/pages\/6084\/revisions\/6087"}],"wp:attachment":[{"href":"https:\/\/cmcurionopolis.pa.gov.br\/index.php\/wp-json\/wp\/v2\/media?parent=6084"}],"curies":[{"name":"wp","href":"https:\/\/api.w.org\/{rel}","templated":true}]}}