{"id":637,"date":"2021-04-19T14:32:43","date_gmt":"2021-04-19T14:32:43","guid":{"rendered":"https:\/\/cmcurionopolis.pa.gov.br\/?page_id=637"},"modified":"2025-03-03T12:01:29","modified_gmt":"2025-03-03T15:01:29","slug":"estrutura-administrativa","status":"publish","type":"page","link":"https:\/\/cmcurionopolis.pa.gov.br\/index.php\/estrutura-administrativa\/","title":{"rendered":"Estrutura Administrativa"},"content":{"rendered":"\t\t<div data-elementor-type=\"wp-page\" data-elementor-id=\"637\" class=\"elementor elementor-637\">\n\t\t\t\t\t\t\t\t\t<section data-particle_enable=\"false\" data-particle-mobile-disabled=\"false\" class=\"elementor-section elementor-top-section elementor-element elementor-element-fe989ce elementor-section-boxed elementor-section-height-default elementor-section-height-default\" data-id=\"fe989ce\" data-element_type=\"section\">\n\t\t\t\t\t\t<div class=\"elementor-container elementor-column-gap-default\">\n\t\t\t\t\t<div class=\"elementor-column elementor-col-66 elementor-top-column elementor-element elementor-element-f902246\" data-id=\"f902246\" data-element_type=\"column\">\n\t\t\t<div class=\"elementor-widget-wrap elementor-element-populated\">\n\t\t\t\t\t\t\t\t<div class=\"elementor-element elementor-element-4cd0e17 elementor-widget elementor-widget-text-editor\" data-id=\"4cd0e17\" data-element_type=\"widget\" data-widget_type=\"text-editor.default\">\n\t\t\t\t<div class=\"elementor-widget-container\">\n\t\t\t\t\t\t\t<p><!-- wp:paragraph --><\/p>\n<p>PRESIDENTE DA C\u00c2MARA MUNICIPAL:<\/p>\n<p><strong>VER. MAGNO ARA\u00daJO SANTOS<\/strong><\/p>\n<p><!-- \/wp:paragraph --> <!-- wp:paragraph --><\/p>\n<p>1\u00ba SECRET\u00c1RIO DA C\u00c2MARA MUNICIPAL:<\/p>\n<p><strong>VER. JOSIEL OLIVEIRA BARBOSA<\/strong><\/p>\n<p><!-- \/wp:paragraph --> <!-- wp:paragraph --><\/p>\n<p>2\u00aa SECRET\u00c1RIA DA C\u00c2MARA MUNICIPAL DE CURION\u00d3POLIS:<\/p>\n<p><strong>VER. EDILEI MARIA LOPES<\/strong><\/p>\n<hr \/>\n<p><!-- \/wp:paragraph --> <!-- wp:paragraph --><\/p>\n<p>DIRETOR LEGISLATIVO \u2013<strong> JOS\u00c9 VANDERLEI BARBOSA<\/strong><\/p>\n<p><!-- \/wp:paragraph --> <!-- wp:paragraph --><\/p>\n<p>DIRETORA FINANCEIRA \u2013 <strong>ANA LUCIA HONORATO DE SOUSA<\/strong><\/p>\n<p><!-- \/wp:paragraph --> <!-- wp:paragraph --><\/p>\n<p>CONTROLE INTERNO \u2013 <strong>LAURA CAROLINA OLIVEIRA PINTO NASCIMENTO<\/strong><\/p>\n<p><!-- \/wp:paragraph --> <!-- wp:paragraph --><\/p>\n<p><span style=\"color: var( --e-global-color-text ); font-family: var( --e-global-typography-text-font-family ), Sans-serif; font-size: 1rem;\">P<\/span><span style=\"color: var( --e-global-color-text ); font-family: var( --e-global-typography-text-font-family ), Sans-serif; font-size: 1rem;\">ROCURADORA GERAL DO LEGISLATIVO<\/span>\u00a0\u2013 <strong>FERNANDO PATROCIO SILVA<\/strong><\/p>\n<p><!-- \/wp:paragraph --> <!-- wp:paragraph --><\/p>\n<p>ASSESSOR CONT\u00c1BIL \u2013<strong> JONAS BARROS SOUSA<\/strong><\/p>\n<p><!-- \/wp:paragraph --><\/p>\t\t\t\t\t\t<\/div>\n\t\t\t\t<\/div>\n\t\t\t\t\t<\/div>\n\t\t<\/div>\n\t\t\t\t<div class=\"elementor-column elementor-col-33 elementor-top-column elementor-element elementor-element-0ab2b41\" data-id=\"0ab2b41\" data-element_type=\"column\">\n\t\t\t<div class=\"elementor-widget-wrap\">\n\t\t\t\t\t\t\t\t\t<\/div>\n\t\t<\/div>\n\t\t\t\t\t\t\t<\/div>\n\t\t<\/section>\n\t\t\t\t\t\t\t<\/div>\n\t\t","protected":false},"excerpt":{"rendered":"<p>PRESIDENTE DA C\u00c2MARA MUNICIPAL: VER. MAGNO ARA\u00daJO SANTOS 1\u00ba SECRET\u00c1RIO DA C\u00c2MARA MUNICIPAL: VER. JOSIEL OLIVEIRA BARBOSA 2\u00aa SECRET\u00c1RIA DA C\u00c2MARA MUNICIPAL DE CURION\u00d3POLIS: VER. EDILEI MARIA LOPES DIRETOR LEGISLATIVO [&hellip;]<\/p>\n","protected":false},"author":1,"featured_media":0,"parent":0,"menu_order":0,"comment_status":"closed","ping_status":"closed","template":"","meta":[],"_links":{"self":[{"href":"https:\/\/cmcurionopolis.pa.gov.br\/index.php\/wp-json\/wp\/v2\/pages\/637"}],"collection":[{"href":"https:\/\/cmcurionopolis.pa.gov.br\/index.php\/wp-json\/wp\/v2\/pages"}],"about":[{"href":"https:\/\/cmcurionopolis.pa.gov.br\/index.php\/wp-json\/wp\/v2\/types\/page"}],"author":[{"embeddable":true,"href":"https:\/\/cmcurionopolis.pa.gov.br\/index.php\/wp-json\/wp\/v2\/users\/1"}],"replies":[{"embeddable":true,"href":"https:\/\/cmcurionopolis.pa.gov.br\/index.php\/wp-json\/wp\/v2\/comments?post=637"}],"version-history":[{"count":17,"href":"https:\/\/cmcurionopolis.pa.gov.br\/index.php\/wp-json\/wp\/v2\/pages\/637\/revisions"}],"predecessor-version":[{"id":6309,"href":"https:\/\/cmcurionopolis.pa.gov.br\/index.php\/wp-json\/wp\/v2\/pages\/637\/revisions\/6309"}],"wp:attachment":[{"href":"https:\/\/cmcurionopolis.pa.gov.br\/index.php\/wp-json\/wp\/v2\/media?parent=637"}],"curies":[{"name":"wp","href":"https:\/\/api.w.org\/{rel}","templated":true}]}}