{"id":6596,"date":"2025-06-10T11:41:03","date_gmt":"2025-06-10T14:41:03","guid":{"rendered":"https:\/\/cmcurionopolis.pa.gov.br\/?page_id=6596"},"modified":"2025-06-18T16:34:18","modified_gmt":"2025-06-18T19:34:18","slug":"atas-de-adesao-srp","status":"publish","type":"page","link":"https:\/\/cmcurionopolis.pa.gov.br\/index.php\/atas-de-adesao-srp\/","title":{"rendered":"ATAS DE ADES\u00c3O \u2013 (SRP)"},"content":{"rendered":"\n<p>Nesta p\u00e1gina, disponibilizamos de forma transparente todas as Atas de Ades\u00e3o ao Sistema de Registro de Pre\u00e7os (SRP) firmadas pela C\u00e2mara Municipal de Curion\u00f3polis. As atas refletem a participa\u00e7\u00e3o do legislativo municipal em registros de pre\u00e7os originados por outros \u00f3rg\u00e3os ou entidades, conforme prev\u00ea a legisla\u00e7\u00e3o vigente. Aqui, o cidad\u00e3o pode consultar os documentos completos, acompanhar as contrata\u00e7\u00f5es realizadas por meio dessas ades\u00f5es e verificar a legalidade e economicidade dos processos.<\/p>\n\n\n\n<div class=\"is-layout-flex wp-block-buttons\">\n<div class=\"wp-block-button\"><a class=\"wp-block-button__link has-white-color has-vivid-cyan-blue-background-color has-text-color has-background wp-element-button\" href=\"https:\/\/drive.google.com\/file\/d\/1jqceNyUoH6wUJzOUnYZthrb6-fZz645a\/view?usp=sharing\">JSON<\/a><\/div>\n\n\n\n<div class=\"wp-block-button\"><a class=\"wp-block-button__link has-white-color has-vivid-green-cyan-background-color has-text-color has-background wp-element-button\" href=\"https:\/\/drive.google.com\/file\/d\/1QVXP8pGV0K9F_zK6jMOQFiM8bkUdgRu1\/view?usp=sharing\">CSV<\/a><\/div>\n<\/div>\n\n\n\n<div class=\"is-layout-flex wp-block-buttons\"><\/div>\n\n\n\n<table id=\"tablepress-41\" class=\"tablepress tablepress-id-41\">\n<thead>\n<tr class=\"row-1 odd\">\n\t<th class=\"column-1\">Processo<\/th><th class=\"column-2\">Objeto<\/th><th class=\"column-3\">Abertura<\/th><th class=\"column-4\">Autua\u00e7\u00e3o<\/th><th class=\"column-5\">Empresa\/CNPJ<\/th><th class=\"column-6\">Valor<\/th><th class=\"column-7\">DETALHES<\/th>\n<\/tr>\n<\/thead>\n<tbody class=\"row-hover\">\n<tr class=\"row-2 even\">\n\t<td class=\"column-1\"><\/td><td class=\"column-2\">DECLARAMOS QUE AT\u00c9 O ATUAL MOMENTO DE 2025 N\u00c3O HOUVE NENHUMA ADES\u00c3O A NENHUMA ATA NESTA C\u00c2MARA <\/td><td class=\"column-3\">2025<\/td><td class=\"column-4\"><\/td><td class=\"column-5\"><\/td><td class=\"column-6\"><\/td><td class=\"column-7\"><\/td>\n<\/tr>\n<tr class=\"row-3 odd\">\n\t<td class=\"column-1\"><\/td><td class=\"column-2\"><a href=\"https:\/\/drive.google.com\/file\/d\/1BPqX9B9WeKrU23NVbA_qe2QF9i4cOXz6\/view?usp=sharing\">DECLARA\u00c7\u00c3O QUE N\u00c3O HOUVE ADES\u00c3O A ATA NO ANO 2024<\/a><\/td><td class=\"column-3\">2024<\/td><td class=\"column-4\"><\/td><td class=\"column-5\"><\/td><td class=\"column-6\"><\/td><td class=\"column-7\"><\/td>\n<\/tr>\n<tr class=\"row-4 even\">\n\t<td class=\"column-1\"><\/td><td class=\"column-2\"><a href=\"https:\/\/drive.google.com\/file\/d\/1M5ZjRZaTqQAeugpP1ajvwl3ut45DwVon\/view?usp=sharing\">DECLARA\u00c7\u00c3O QUE N\u00c3O HOUVE ADES\u00c3O A ATA NO ANO 2023<\/a><\/td><td class=\"column-3\">2023<\/td><td class=\"column-4\"><\/td><td class=\"column-5\"><\/td><td class=\"column-6\"><\/td><td class=\"column-7\"><\/td>\n<\/tr>\n<tr class=\"row-5 odd\">\n\t<td class=\"column-1\">01\/2022-005<\/td><td class=\"column-2\">LOCA\u00c7\u00c3O CAMIONETE E VE\u00cdCULOS LEVES DE PASSEIOS PARA A DISPOSI\u00c7\u00c3O DA C\u00c2MARA MUNICIPAL DE CURION\u00d3POLIS<\/td><td class=\"column-3\">14\/04\/2022\t<\/td><td class=\"column-4\">14\/04\/2022<\/td><td class=\"column-5\">W. R. M. SAGA CONSTRUCOES LTDA07.464.193\/0001-80<\/td><td class=\"column-6\">156.792,00<\/td><td class=\"column-7\"><a href=\"https:\/\/www.governotransparente.com.br\/transparencia\/44249588\/licitacao\/detalhe?codigo=01\/2022-005&amp;clean=false\">DETALHES DA LICITA\u00c7\u00c3O<\/a><\/td>\n<\/tr>\n<tr class=\"row-6 even\">\n\t<td class=\"column-1\"><\/td><td class=\"column-2\"><a href=\"https:\/\/drive.google.com\/file\/d\/1aMzrFU-fXTULZZPG6XtRWPLNZeGICi2i\/view?usp=sharing\">DECLARA\u00c7\u00c3O QUE N\u00c3O HOUVE ADES\u00c3O A ATA NO ANO 2021<\/a><\/td><td class=\"column-3\">2021<\/td><td class=\"column-4\"><\/td><td class=\"column-5\"><\/td><td class=\"column-6\"><\/td><td class=\"column-7\"><\/td>\n<\/tr>\n<\/tbody>\n<\/table>\n<!-- #tablepress-41 from cache -->\n","protected":false},"excerpt":{"rendered":"<p>Nesta p\u00e1gina, disponibilizamos de forma transparente todas as Atas de Ades\u00e3o ao Sistema de Registro de Pre\u00e7os (SRP) firmadas pela C\u00e2mara Municipal de Curion\u00f3polis. As atas refletem a participa\u00e7\u00e3o do [&hellip;]<\/p>\n","protected":false},"author":1,"featured_media":0,"parent":0,"menu_order":0,"comment_status":"closed","ping_status":"closed","template":"","meta":[],"_links":{"self":[{"href":"https:\/\/cmcurionopolis.pa.gov.br\/index.php\/wp-json\/wp\/v2\/pages\/6596"}],"collection":[{"href":"https:\/\/cmcurionopolis.pa.gov.br\/index.php\/wp-json\/wp\/v2\/pages"}],"about":[{"href":"https:\/\/cmcurionopolis.pa.gov.br\/index.php\/wp-json\/wp\/v2\/types\/page"}],"author":[{"embeddable":true,"href":"https:\/\/cmcurionopolis.pa.gov.br\/index.php\/wp-json\/wp\/v2\/users\/1"}],"replies":[{"embeddable":true,"href":"https:\/\/cmcurionopolis.pa.gov.br\/index.php\/wp-json\/wp\/v2\/comments?post=6596"}],"version-history":[{"count":2,"href":"https:\/\/cmcurionopolis.pa.gov.br\/index.php\/wp-json\/wp\/v2\/pages\/6596\/revisions"}],"predecessor-version":[{"id":6617,"href":"https:\/\/cmcurionopolis.pa.gov.br\/index.php\/wp-json\/wp\/v2\/pages\/6596\/revisions\/6617"}],"wp:attachment":[{"href":"https:\/\/cmcurionopolis.pa.gov.br\/index.php\/wp-json\/wp\/v2\/media?parent=6596"}],"curies":[{"name":"wp","href":"https:\/\/api.w.org\/{rel}","templated":true}]}}